{"id":8481,"date":"2024-10-01T09:17:29","date_gmt":"2024-10-01T13:17:29","guid":{"rendered":"https:\/\/blogs.dickinson.edu\/glossen\/?page_id=8481"},"modified":"2024-11-08T04:01:39","modified_gmt":"2024-11-08T09:01:39","slug":"kerstin-hensel-und-ihr-werk","status":"publish","type":"page","link":"https:\/\/blogs.dickinson.edu\/glossen\/glossen-51-current-issue\/kerstin-hensel-und-ihr-werk\/","title":{"rendered":"Kerstin Hensel und ihr Werk"},"content":{"rendered":"<p><a href=\"#Bio\">Biografisches zu Kerstin Hensel<\/a><br \/>\n<a href=\"#Primaer\">Prim\u00e4rliteratur von Kerstin Hensel<\/a><br \/>\n<a href=\"#Sekundaer\">Sekund\u00e4rliteratur zu Kerstin Hensel und ihrem Werk<\/a><\/p>\n<h3><strong><a id=\"Bio\"><\/a>Biografisches zu Kerstin Hensel<\/strong><\/h3>\n<p>Kerstin Hensel wurde am 29. Mai 1961 in Karl-Marx-Stadt, heute Chemnitz, geboren. Sie machte eine Ausbildung zur Krankenschwester und begann 1983 ihr Studium am ber\u00fchmten Institut f\u00fcr Literatur in Leipzig. Zudem arbeitete sie auch am Leipziger Theater. Seit 1987 ist sie freiberufliche Schriftstellerin und erhielt 1988 einen Lehrauftrag an der Hochschule f\u00fcr Schauspielkunst Ernst Busch in Berlin. Zum Zeitpunkt des Mauerfalls war Kerstin Hensel 28 Jahre alt.<\/p>\n<p>Kerstin Hensel lebt heute in Berlin und hat seit 2001 eine Professur f\u00fcr Deutsche Verssprache an der genannten Schauspielschule, die sie sich mit Ines Geipel teilt. Seit 2005 ist Kerstin Hensel Mitglied der S\u00e4chsischen Akademie der K\u00fcnste, seit 2012 Vizedirektorin der Sektion Literatur in der Akademie f\u00fcr K\u00fcnste Berlin. Sie ist ebenfalls Mitglied der Schriftstellervereinigung PEN-Zentrum Deutschland.<\/p>\n<p>Nach verschiedenen Gedichtb\u00e4nden ver\u00f6ffentlichte sie 1989 ihre ersten Erz\u00e4hlungen, <em>Hallimasch<\/em>. Es folgte 1991 die Erz\u00e4hlung <em>Ulriche und K\u00fchleborn<\/em> sowie im gleichen Jahr der Roman <em>Auditorium panopticum<\/em>. Mit ihrem Roman erfolgte zugleich der Wechsel vom Luchterhand Literaturverlag (Frankfurt am Main) zum Mitteldeutschen Verlag in Halle an der Saale. 1993 erschien die Textsammlung <em>Angestaut<\/em>, die im Schatten der gleichj\u00e4hrig erschienenen Erz\u00e4hlung <em>Im Schlauch<\/em> stand, welche erstmals im Suhrkamp-Verlag erschien. Im gleichen Verlag erschien 1994 dann die Erz\u00e4hlung <em>Tanz am Kanal<\/em>, woraufhin es zu einem weiteren Verlagswechsel kam: Die Erz\u00e4hlungen <em>Neunerlei<\/em> im Jahre 1997 und der Roman <em>Gipshut<\/em> im Jahre 1999 wurden im Gustav-Kiepenheuer-Verlag publiziert. W\u00e4hrend der 1990er-Jahre erschienen zudem diverse Gedichtb\u00e4nde, Theaterst\u00fccke und H\u00f6rspiele von Hensel, etwa 1999 das Theaterst\u00fcck <em>Hy\u00e4nen<\/em>.<\/p>\n<p>Nach 2000 kehrte Hensel zu Luchterhand zur\u00fcck, wo ihre bisher letzten drei Romane erschienen: 2003 <em>Im Spinnhaus<\/em>, gefolgt von <em>Falscher Hase<\/em> im Jahre 2005 und <em>L\u00e4rchenau <\/em>2008. Weiterhin erschienen seit dem Jahr 2000 Gedichtb\u00e4nde, Theaterst\u00fccke und H\u00f6rspiele. 2011 ver\u00f6ffentlichte Hensel ihr erstes Kinderbuch <em>Scholli Ochsenfrosch<\/em>, 2013 folgte das Bilderbuch <em>Der Bauer schiebt den Trecker<\/em>.<\/p>\n<h3><a id=\"Primaer\"><\/a>Prim\u00e4rliteratur von Kerstin Hensel<\/h3>\n<p><em>Anspann.<\/em> H\u00f6rspiel, Regie: Achim Scholz, 1985<\/p>\n<p><em>Poesiealbum 222.<\/em> Gedichte, Berlin: Verlag Neues Leben, 1986.<\/p>\n<p><em>Die lange Stra\u00dfe.<\/em> H\u00f6rspiel, Regie: Achim Scholz, 1988.<\/p>\n<p><em>Stilleben mit Zukunft<\/em>. Gedichte,Halle: Mitteldeutscher Verlag, 1988.<\/p>\n<p><em>Stinopel.<\/em> Erz\u00e4hlung, Illustrtion: Reinhard Minkewitz, Leipzig: Eigenverlag,1988.<\/p>\n<p><em>Max und Moritz.<\/em> H\u00f6rspiel, Regie: Barbara Plensat,1989.<\/p>\n<p><em>Leb wohl, Joseph.<\/em> Spielfilm, Regie: Andreas Kleinert, 1989.<\/p>\n<p><em>Erste Allemande.<\/em> Libretto, Musik: Friedrich Schenker, 1989.<\/p>\n<p><em>Hallimasch.<\/em> Erz\u00e4hlungen, Ill.: K.G. Hirsch, Halle: Mitteldeutscher Verlag, 1989.<\/p>\n<p><em>Schlaraffenzucht.<\/em> Gedichte, Frankfurt am Main: Luchterhandverlag, 1990.<\/p>\n<p><em>Teufel und Soldat.<\/em> H\u00f6rspiel, Regie: Gerda Zschiedrisch, 1991.<\/p>\n<p><em>Marie und Marie.<\/em> H\u00f6rspiel, Regie: Karlheinz Liefers, 1991.<\/p>\n<p><em>Ulriche und K\u00fchleborn.<\/em> Erz\u00e4hlung, Frankfurt am Main: Gutenbergpresse, 1991.<\/p>\n<p><em>Ab triff Fr\u00e4ulein Jungfer!<\/em> Liebesgedichte, Berlin: Edition Balance, 1991.<\/p>\n<p><em>Auditorium panopticum. <\/em>Roman, Halle: Mitteldeutscher Verlag, 1991.<\/p>\n<p><em>Bagatellen.<\/em> Gedichte, Ill: K.G.Hirsch, Leipzig: Gutenbergpresse, 1992.<\/p>\n<p><em>Angestaut.<\/em> Gedichte und Essays, Halle: Mitteldeutscher Verlag, 1993<\/p>\n<p><em>Kahlku\u00df.<\/em> Gedichte, Ill: K.G.Hirsch, Rudolstadt: Burgart Presse Rudolstadt, 1993.<\/p>\n<p><em>Diana! Gespr\u00e4ch mit Elke Erb.<\/em> Ill.: K.Woisnitza, Berlin: Kontext Verlag, 1993.<\/p>\n<p><em>Im Schlauch.<\/em> Erz\u00e4hlung, Frankfurt am Main: Suhrkamp Verlag, 1993.<\/p>\n<p><em>Augenpfad.<\/em> Erz\u00e4hlung, Ill.: Angela Hampel, Gotha: Edition Balance, 1994.<\/p>\n<p><em>Tanz am Kanal. <\/em>Erz\u00e4hlung, Frankfurt am Main: Suhrkamp Verlag, 1994.<\/p>\n<p><em>Der Kontrolleur.<\/em> Spielfilm, Regie: Stefan Trampe, 1995.<\/p>\n<p><em>Alias mandelstam.<\/em> Radio-Oper, Musik: Friedrich Schenker, 1995.<\/p>\n<p><em>Freisto\u00df<\/em>. Gedichte, Ill: U.K. K\u00f6hler, Leipzig: Connewitzer Verlag, 1995.<\/p>\n<p><em>Die Gespenster der Lavant.<\/em> Text u. Regie, Feature DR Kultur, 1996.<\/p>\n<p><em>Klistier.<\/em> Theaterst\u00fcck, Regie: Corinna Bethge, Nationaltheater Mannheim, 1997.<\/p>\n<p><em>Vollksfest by B\u00fcrgerbr\u00e4u. <\/em>Gedichte, Ill: Oleschinski, Berlin: Mariannenpresse, 1997.<\/p>\n<p><em>Neunerlei.<\/em> Erz\u00e4hlungen, Leipzig: Gustav Kiepenheuer Verlag, 1997.<\/p>\n<p><em>Hy\u00e4nen.<\/em> Theaterst\u00fcck, Regie: Silvia Armbruster, Theater Ingolstadt, 1999.<\/p>\n<p><em>Der Tappeinerweg.<\/em> Erz\u00e4hlung, Dresden: Verlag Die Scheune, 1999.<\/p>\n<p><em>Alles war so, alles war anders.<\/em> Erz\u00e4hlungen m. Fotos von Thomas Billhardt, Leipzig: Gustav Kiepenheuer Verlag, 1999.<\/p>\n<p><em>Gipshut.<\/em> Roman, Leipzig: Gustav Kiepenheuer Verlag, 1999.<\/p>\n<p><em>M\u00fcllers Kuh M\u00fcllers Kinder.<\/em> Theaterst\u00fcck, Regie: Kai Festersen, Theater Greifswald, 2000.<\/p>\n<p><em>Der Fensterputzer.<\/em> H\u00f6rspiel, Regie: Barbara Plensat, 2000.<\/p>\n<p><em>Preu\u00dfisch Blau.<\/em> Theaterst\u00fcck, Regie: Rainer Flath, Staatstheater Cottbus, 2001.<\/p>\n<p><em>Atzenk\u00f6fls T\u00f6chter.<\/em> Theaterst\u00fcck, Regie: Hansj\u00f6rg Utzerath, Theater Ingolstadt, 2001.<\/p>\n<p><em>Bahnhof verstehen.<\/em> Gedichte, M\u00fcnchen: Luchterhand Literaturverlag, 2001.<\/p>\n<p><em>Sprach Heil Schule.<\/em> Gedichte, Aschersleben: Verlag Un art ig, 2002.<\/p>\n<p><em>Im Spinnhaus.<\/em> Roman, M\u00fcnchen: Luchterhand Literaturverlag, 2003.<\/p>\n<p><em>Kalka<\/em>. Theaterst\u00fcck, Regie: Olga Wildgruber, Theater Bielefeld, 2005.<\/p>\n<p><em>Falscher Hase.<\/em> Roman, M\u00fcnchen: Luchterhand Literaturverlag, 2005.<\/p>\n<p><em>Eisenbahnen fallen von den Br\u00fccken.<\/em> Feature, Regie: K.H. Epkes, 2006.<\/p>\n<p><em>Das s\u00e4chsische Manchester.<\/em> Feature MDR, 2007.<\/p>\n<p><em>Alle Wetter.<\/em> Gedichte, M\u00fcnchen: Luchterhand Literaturverlag, 2008.<\/p>\n<p><em>L\u00e4rchenau<\/em>. Roman, M\u00fcnchen: Luchterhand Literaturverlag, 2008.<\/p>\n<p><em>Ich will das rote Sefchen k\u00fcssen.<\/em> Theaterst\u00fcck, aufgef\u00fchrt mit Studierenden der Abt. Puppenspiel der Hfs Berlin, 2009.<\/p>\n<p><em>Sch\u00f6ne Weide Land.<\/em> Poesiefilm mit Studierenden der Hochschule f\u00fcr Schauspielkunst,<\/p>\n<p>Kamera: Dennis Pauls, 2009.<\/p>\n<p><em>Scholli Ochsenfrosch<\/em>. Kinderbuch, Ill.: Matthias Lehmann, Leipzig: leiv-Verlag, 2011.<\/p>\n<p><em>Federspiel.<\/em> Drei Liebesnovellen, M\u00fcnchen: Luchterhand Literaturverlag, 2012.<\/p>\n<p><em>Das gefallene Fest.<\/em> Gedichte und Denkzettel, Poetenladen Leipzig, 2012.<\/p>\n<p><em>Geisterstunde.<\/em> Poesiefilm, Kamera: Dennis Pauls, 2012.<\/p>\n<p><em>Wie es braust und dampft und spr\u00fchet.<\/em> Feature zum Thema Badekultur, SWR, Regie: Gerwig Epkes, 2013.<\/p>\n<p><em>Der Bauer schiebt den Trecker.<\/em> Bilderbuch, Ill.: Cleo-Petra Kurze, Leipzig: leiv-verlag, 2013.<\/p>\n<p><em>Das verspielte Papier.<\/em> Essay, M\u00fcnchen: Luchterhand Literaturverlag, 2014.<\/p>\n<p><em>Volker Braun zum 75.<\/em> Feauture, MDR, Regie: W. Rindfleisch, 2014.<\/p>\n<p><em>Das Licht von Zauche<\/em>. Erz\u00e4hlungen mit Illustrationen von Angela Hampel, Edition Ornament, Jena, 2015.<\/p>\n<p><em>Schleuderfigur.<\/em> Gedichte; M\u00fcnchen: Luchterhand Literaturverlag, 2016.<\/p>\n<p><em>Ophelia steigt aus.<\/em> ein musikalisch-literarisches Programm. Musik: Annette Wizisla, 2017.<\/p>\n<p><em>Wachet recht auff!<\/em> Oratorium zu Luther. Musik: Ralf Hoyer, 2017.<\/p>\n<p><em>Regenbeins Farben. <\/em>M\u00fcnchen: Luchterhand Literaturverlag, 2020.<\/p>\n<p><em>Schmoren im Paradies. Eine kulinarische Erz\u00e4hlung.<\/em> Roman von Carola Wiemers und Kerstin Hensel. Quintus: Berlin 2020<\/p>\n<h3><a id=\"Sekundaer\"><\/a><strong>Sekund\u00e4rliteratur zu Kerstin Hensel und <em>Tanz am Kanal<\/em><\/strong><\/h3>\n<p><strong>Berger<\/strong>, J\u00fcrgen. \u201eVon der Euter- zur Tellerw\u00e4scherin. Eine sehr lebenstaugliche Heldin in Kerstin Hensels Erz\u00e4hlung <em>Tanz am Kanal<\/em>\u201c. In: <em>Deutsche Literatur <\/em><em>1994 Jahres\u00fcberblick<\/em>. Stuttgart: Reclam, 1995, S. 165-167<strong>.<\/strong><\/p>\n<p><strong>Berger<\/strong>, J\u00fcrgen. \u201eEuterwaschen, Tellerwaschen\u201c. In: <em>Badische Zeitung<\/em>, Nr. 23, 28.01.1995, S. 4.<\/p>\n<p><strong>Bormann<\/strong>, Alexander von. \u201eGestaute Zeit, gebremstes Leben. Kerstin Hensels sarkastische Erz\u00e4hlung <em>Tanz am Kanal<\/em>\u201c. In: <em>Frankfurter Rundschau<\/em>, 01.10.1994.<\/p>\n<p><strong>Dahlke<\/strong>, Birgit. \u201eGespr\u00e4ch mit Kerstin Hensel\u201c. In: <em>Deutsche B\u00fccher<\/em>, 2 (1993), S. 81-99<\/p>\n<p><strong>Dahlke,<\/strong> Birgit. <em>Papierboot. Autorinnen aus der DDR \u2013 inoffiziell publiziert.<\/em> W\u00fcrzburg: K\u00f6nigshauen und Neumann, 1997.<\/p>\n<p><strong>Dahlke<\/strong>, Birgit. \u201eDer langsame Blick, der gute Text: Gespr\u00e4ch mit Kerstin Hensel.\u201c In: <em>Neue deutsche Literatur<\/em>, 48, H. 4 (2000), S. 41-53.<\/p>\n<p><strong>Ecker,<\/strong> Hans-Peter. \u201eHensel, Kerstin: <em>Tanz am Kanal<\/em>\u201c [Rezension], In: <em>Passauer Pegasus<\/em>, H. 24 (1994), S. 151-152.<\/p>\n<p><strong>G\u00f6ckeritz,<\/strong> Daniela. <em>Analyse des Heimatkonzepts in Kerstin Hensels Erz\u00e4hlungen \u201eIm Schlauch\u201c und \u201eTanz am Kanal<\/em>\u201c. M\u00fcnchen: GRIN Verlag, 2016.<\/p>\n<p><strong>Grub<\/strong>, Frank Thomas. \u201e\u201aDa h\u00f6rt sich denn doch de Weltjeschichte uff!\u2018 \u2013 Zeitdarstellung und Zeitgenossenschaft im erz\u00e4hlerischen Werk von Kerstin Hensel.\u201c In: <em>Zur Darstellung von Zeitgeschichte in deutschsprachiger Gegenwartsliteratur<\/em>. Hg. Linda Karlsson Hammarfelt, Edgar Platen, Petra Platen. M\u00fcnchen: Iudicium, 2018, S. 30-50.<\/p>\n<p><strong>Hammer<\/strong>, Klaus. \u201eGespr\u00e4ch mit Kerstin Hensel.\u201c In: <em>Weimarer Beitr\u00e4ge<\/em>, 37 (1991), S. 93-110.<\/p>\n<p><strong>Hannssmann<\/strong>, Margarete. \u201eHoffnungsvoll ohne Hoffnung. Kerstin Hensels Erz\u00e4hlung <em>Tanz am Kanal<\/em>\u201c. In: <em>Freitag<\/em>, Nr. 48, 25.11.1994.<\/p>\n<p><strong>Heinemann, <\/strong>Anna-Maria. <em>Stra\u00dfenszenen \u2013 Obdachlosigkeit in der deutschsprachigen Literatur des 20. Jahrhunderts<\/em>. Marburg: Tectum Verlag, 2011.<\/p>\n<p><strong>Hensel,<\/strong> Kerstin. <em>Stasi als Thema in der Literatur &#8211; Lesung aus den Gedichten: Auditorium Panopticum, Tanz am Kanal<\/em>, Vortrag vom 29.95.2002, T\u00fcbingen: ZDV Universit\u00e4t T\u00fcbingen.<\/p>\n<p><strong>Hinck<\/strong>, Walter. \u201eSimplizissima unter der Br\u00fccke. Kerstin Hensels Schelmenerz\u00e4hlung <em>Tanz am Kanal<\/em>.\u201c <em>FAZ, <\/em>2 Nov. 1994, S. 36.<\/p>\n<p><strong>Hosek<\/strong>, Jennifer Ruth. \u201eDancing the (Un)State(d): Narrative Ambiguity in Kerstin Hensel\u2019s <em>Tanz am Kanal.<\/em>\u201c In: \u00a0<em>Kerstin Hensel<\/em>. Hg. Beth Linklater und Birgit Dahlke. Cardiff: University of Wales Press, 2002. S. 107-19.<\/p>\n<p><strong>Jakobs<\/strong>, Karl-Heinz. \u201eIm Gespr\u00e4ch mit Kerstin Hensel, Autorin unserer morgigen Sonntagsgeschichte. Mein Thema ist die Dummheit \u2013 die gibt es auch heute nicht zu knapp\u201c. In<em>: Neues Deutschland<\/em>, 23.01.1993.<\/p>\n<p><strong>Kasle, <\/strong>Alisa. \u201eEveryday Stories of Hope and Despair in Eastern Germany: Kerstin Hensel and Ingo Schulze Write about Life after the Wende\u201c. In:\u00a0 <em>Textual Responses to German Unification. Processing Literature and Social Change in Literature and Film<\/em>. Hg. Carol Anne Costabile-Heming, Rachel J. Halverson, Kristie Foell. Berlin; New York: De Gruyter, 2001, S. 131-149.<\/p>\n<p><strong>Kalt Wilson, <\/strong>Ulrike.<em> East German Literature after the Wende. <\/em><em>Kerstin Hensel, Angela <\/em><em>Krau\u00df, and the \u201aWeiterschreiben\u2018 of GDR-Literature.<\/em> Dissertation, Department of Germanic Languages and Literatures, University of Virginia, 2011.<\/p>\n<p><strong>Karnik,\u00a0<\/strong>Thomas, Jana Reisch und Sarah Wilms. \u201eKerstin Hensel\u201c.\u00a0<em>LiterariKon<\/em>. <a href=\"https:\/\/www.uni-due.de\/literarikon\/hensel.php\" target=\"_blank\" rel=\"noopener\">https:\/\/www.uni-due.de\/literarikon\/hensel.php<\/a> (abgerufen am 09.10.2024)<\/p>\n<p><strong>Karnik<\/strong>,\u00a0Thomas, Jana Reisch und Sarah Wilms. \u201e<em>Tanz am Kanal<\/em>\u201c.\u00a0LiterariKon. <a href=\"https:\/\/www.uni-due.de\/literarikon\/hensel_werkcharakteristika#tanz\" target=\"_blank\" rel=\"noopener\">https:\/\/www.uni-due.de\/literarikon\/hensel_werkcharakteristika#tanz<\/a> (abgerufen am 09.10.2024)<\/p>\n<p><strong>Kaufmann,<\/strong> Eva. \u201eVioline statt Dackel. Kerstin Hensel, <em>Tanz am Kanal<\/em>\u201c. In: <em>Aussichtsreiche Randfiguren<\/em>. Neubrandenburg: Federchen Verl., 2000, S. 163-164.<\/p>\n<p><strong>Kennedy<\/strong>, Ellie. <em>Genre Trouble. The Performative Picaresque and Female Identity in Contemporary Austrian and German Women&#8217;s Narrative<\/em>. Kingston, Ont., Queen&#8217;s Univ., Diss., 2004.<\/p>\n<p><strong>Kraft<\/strong>, Thomas. \u201eDie adlige Pennerin. Ein Kampf um Freiraum: Kerstin Hensels fesselnde Erz\u00e4hlung\u201c. In: <em>Der Tagesspiegel<\/em>, Nr. 15070, 23.10.1994.<\/p>\n<p><strong>K\u00f6hler, <\/strong>Astrid. \u201eHensel, Kerstin\u201c. In: <em>Killy Literaturlexikon<\/em>. Band 5, 2. vollst\u00e4ndig \u00fcberarbeitete Auflage, Berlin: De Gruyter, 2012, S. 277-278.<\/p>\n<p><strong>K\u00f6hler<\/strong>, Astrid. <em>Br\u00fcckenschl\u00e4ge, DDR-Autoren vor und nach der Wiedervereinigung.<\/em> G\u00f6ttingen: Vandenhoeck &amp; Ruprecht, 2007.<\/p>\n<p><strong>Korte, <\/strong>Hermann. \u201eKerstin Hensel\u201c. In: <em>Munzinger Online\/KLG \u2013 Kritisches Lexikon zur deutschsprachigen Gegenwartsliteratur<\/em>, <a href=\"https:\/\/online.munzinger.de\/document\/16000000624\">https:\/\/online.munzinger.de\/document\/16000000624<\/a> (abgerufen am 09.10.2024)<\/p>\n<p><strong>Laabs<\/strong>, Joochen. \u201e<em>Tanz am Kanal<\/em> von Kerstin Hensel. Ziellauf der W\u00f6rter\u201c. In: <em>Neues Deutschland<\/em>, 05.-9.10.1994.<\/p>\n<p><strong>Lange<\/strong>, Sigrid. \u201eTopografische Irritationen. Frauenliteratur nach dem Ende der DDR\u201c. In: <em>Colloquia Germanica<\/em>, 27 (1994), S. 255-274.<\/p>\n<p><strong>Langner<\/strong>, Beatrix. \u201eDie B\u00fc\u00dferin von Leibnitz\u201c. In: <em>Berliner Zeitung<\/em>, Nr. 232, 04.10.1994, S. 36.<\/p>\n<p><strong>Leonhardt<\/strong>, Rudolf Walter. \u201eKerstin Hensels <em>Tanz am Kanal<\/em>. Wo man \u201an\u00fcsch\u2018 sagt.\u201c In: <em>Die Zeit<\/em>, 7 Oktober 1994, S. 8<a href=\"https:\/\/www.zeit.de\/1994\/41\/wo-man-nuesch-sagt\"> https:\/\/www.zeit.de\/1994\/41\/wo-man-nuesch-sagt<\/a> (abgerufen am 09.10.2024).<\/p>\n<p><strong>Mabee,<\/strong> Barbara. \u201e\u201aWem dient ich? dient ich nicht\/Dem eignen Schwein\u2018: Ost-West Kontraste, Erinnerungsspuren und Identit\u00e4tssuche in Kerstin Hensels Lyrik und Erz\u00e4hlungen nach der Wende\u201c. In: <em>Glossen<\/em>, H. 15 (2002) <a href=\"http:\/\/www2.dickinson.edu\/glossen\/heft15\/mabee.html\">http:\/\/www2.dickinson.edu\/glossen\/heft15\/mabee.html<\/a> (abgerufen am 09.10.2024).<\/p>\n<p><strong>Marven, <\/strong>Lyn. <em>Body and Narrative in Contemporary Literatures in German. <\/em><em>Herta M\u00fcller, Libuse Monikov\u00e1, Kerstin Hensel.<\/em> Oxford: Oxford University Press, 2005.<\/p>\n<p><strong>Marven, <\/strong>Lyn. \u201e\u201aNur manchmal mu\u00dften sie laut und unverhofft lachen\u2018. Kerstin Hensel\u2019s Use of M\u00e4rchen\u201c. In: <em>Pushing at Boundaries<\/em>. Hg. Heike Bartel. Amsterdam u.a.: Rodopi, 2006, S. 135-149.<\/p>\n<p><strong>Nause<\/strong>, Tanja. <em>Inszenierungen von Naivit\u00e4t. Tendenzen und Auswirkungen einer Erz\u00e4hlstrategie der Nachwendeliteratur.<\/em> Leipzig: Leipziger Universit\u00e4tsverlag, 2002.<\/p>\n<p><strong>Niederhoff<\/strong>, Oliver. <em>Die Darstellung der deutschen Wende in \u201eUnter dem Namen Norma\u201c von Brigitte Burmeister und \u201eTanz am Kanal\u201c von Kerstin Hensel<\/em>. Hochschulschrift, M.A., Christian-Albrechts-Universit\u00e4t zu Kiel, 1999.<\/p>\n<p><strong>Nottscheid,<\/strong> Mirko. \u201eHensel, Kerstin: <em>Tanz am Kanal<\/em>\u201c [Rezension]. In: <em>Focus on Literature<\/em>, Cincinnati, Ohio: Focus on Literatur, H. 2, Nr. 2 (1995), S. 204-207. Online verf\u00fcgbar: <a href=\"https:\/\/journals.uc.edu\/index.php\/fogs\/article\/view\/121\">https:\/\/journals.uc.edu\/index.php\/fogs\/article\/view\/121<\/a> (abgerufen am 09.10.20).<\/p>\n<p><strong>Nottscheid,<\/strong> Mirko. \u201e\u201aKeiner wei\u00df mehr meinen Namen &#8230;\u2018. Lesarten zu Kerstin Hensels Buch <em>Tanz am Kanal<\/em>\u201c. In: <em>Reflexionen in Texten \u2013 Bilder vom Menschen<\/em>. Hg. Konstanze G\u00f6rres-Ohde. M\u00fcnster u.a.: Lit, 1997, S. 92-96.<\/p>\n<p><strong>Paver, <\/strong>Chloe. \u201eDown and Out in the New Germany: Urban Homelessness in Post-\u2018Wende\u2019 Fiction\u201c. In:\u00a0<em>Cityscapes and Countryside in Contemporary German Literature<\/em>. Hg. Julian Preece und Osman Durrani. Oxford; Bern; Berlin (u.a.): Lang, 2004, S. 45-66.<\/p>\n<p><strong>Ring<\/strong>, Annie. \u201eKerstin Hensel\u2019s insecure borders &#8211; shame and the surface of subject and city in <em>Tanz am Kanal<\/em>\u201c. In: <em>German Life and Letters<\/em>, H. 63, Nr. 4 (2010), S. 504-520.<\/p>\n<p><strong>Ring, <\/strong>Annie. <em>After the Stasi: Collaboration and the Struggle for Sovereign Subjectivity in the Writing of German Unification<\/em>. London: Bloomsbury Publishing, 2015.<\/p>\n<p><strong>Sch\u00f6neich<\/strong>, Juliane. \u201eWiderstand und Wiederholung. Kerstin Hensels <em>Tanz am Kanal<\/em>\u201c. In: <em>Literatur ohne Land? Schreibstrategien einer DDR-Literatur im vereinten Deutschland<\/em>. Hg. Mirjam Meuser. Eschborn: Fwpf, 2014, S. 393-405.<\/p>\n<p><strong>Sheedy,<\/strong> Melissa. \u201eFeminine Paradigms and Fairy-Tale Transformations in the Works of Kerstin Hensel\u201c. In: <em>Protest und Verweigerung- neue Tendenzen in der deutschen Literatur seit 1989<\/em>. Hg. Hans Adler und Sonja E. Klocke. Paderborn: Wilhelm Fink, 2019, S. 157-17.<\/p>\n<p><strong>Sich<\/strong>, Daniel. \u201eDie DDR als Absurdit\u00e4tenshow &#8212; Vom Schreiben nach der Wende<em>\u201c.<\/em>\u00a0<em>Glossen: Eine internationale zweisprachige Publikation zu Literatur, Film, und Kunst in den Deutschsprachigen L\u00e4ndern nach 1945.<\/em> 21 (2005) https:\/\/www2.dickinson.edu\/glossen\/heft21\/absurditaeten.html (abgerufen am 23.10.24).<\/p>\n<p><strong>Skare,<\/strong> Roswitha. \u201eIdentit\u00e4tskonstrukte in Texten junger ostdeutscher Autoren nach 1989\/90. Zu Kerstin Hensel: <em>Tanz am Kanal<\/em>\u201c, In: <em>Nordlit,<\/em> H. 16 (2004), S. 95-112.<\/p>\n<p><strong>Steingr\u00f6ver<\/strong>, Reinhild. \u201e\u201aNot Fate \u2013 Just History\u2018: Stories and Histories in <em>Tanz am Kanal <\/em>and <em>Gipshut\u201c.<\/em> In: <em>Kerstin Hensel<\/em>. Hg. Beth Linklater und Birgit Dahlke. Cardiff: University of Wales Press, 2002. S. 91-106.<\/p>\n<p><strong>Von Hallberg,<\/strong> Robert. \u201eKerstin Hensel\u201c. In: <em>Literary Intellectuals and the Dissolution of the State Professionalism and Conformity in the GDR<\/em>. Hg. Robert von Hallberg und Kenneth J. Northcott. Chicago [u.a.]: Univ. of Chicago Press, 1996, S. 208-212.<\/p>\n<p><strong>Walser, <\/strong>Angelika. <em>Schuld und Schuldbew\u00e4ltigung in der Wendeliteratur. Ein Dialogversuch zwischen Theologie und Literatur.<\/em> Mainz: Matthias-Gr\u00fcnewald-Verlag, 2000.<\/p>\n","protected":false},"excerpt":{"rendered":"<p>Biografisches zu Kerstin Hensel Prim\u00e4rliteratur von Kerstin Hensel Sekund\u00e4rliteratur zu Kerstin Hensel und ihrem Werk Biografisches zu Kerstin Hensel Kerstin Hensel wurde am 29. Mai 1961 in Karl-Marx-Stadt, heute Chemnitz, geboren. Sie machte eine Ausbildung zur Krankenschwester und begann 1983 ihr Studium am ber\u00fchmten Institut f\u00fcr Literatur in Leipzig. Zudem arbeitete sie auch am Leipziger [&hellip;]<\/p>\n","protected":false},"author":282,"featured_media":0,"parent":8403,"menu_order":0,"comment_status":"closed","ping_status":"closed","template":"","meta":{"footnotes":""},"class_list":["post-8481","page","type-page","status-publish","hentry"],"_links":{"self":[{"href":"https:\/\/blogs.dickinson.edu\/glossen\/wp-json\/wp\/v2\/pages\/8481","targetHints":{"allow":["GET"]}}],"collection":[{"href":"https:\/\/blogs.dickinson.edu\/glossen\/wp-json\/wp\/v2\/pages"}],"about":[{"href":"https:\/\/blogs.dickinson.edu\/glossen\/wp-json\/wp\/v2\/types\/page"}],"author":[{"embeddable":true,"href":"https:\/\/blogs.dickinson.edu\/glossen\/wp-json\/wp\/v2\/users\/282"}],"replies":[{"embeddable":true,"href":"https:\/\/blogs.dickinson.edu\/glossen\/wp-json\/wp\/v2\/comments?post=8481"}],"version-history":[{"count":0,"href":"https:\/\/blogs.dickinson.edu\/glossen\/wp-json\/wp\/v2\/pages\/8481\/revisions"}],"up":[{"embeddable":true,"href":"https:\/\/blogs.dickinson.edu\/glossen\/wp-json\/wp\/v2\/pages\/8403"}],"wp:attachment":[{"href":"https:\/\/blogs.dickinson.edu\/glossen\/wp-json\/wp\/v2\/media?parent=8481"}],"curies":[{"name":"wp","href":"https:\/\/api.w.org\/{rel}","templated":true}]}}