{"id":262,"date":"2018-05-25T14:26:19","date_gmt":"2018-05-25T14:26:19","guid":{"rendered":"http:\/\/blogs.dickinson.edu\/helwegm\/?page_id=262"},"modified":"2024-05-17T08:16:08","modified_gmt":"2024-05-17T12:16:08","slug":"articles-for-general-audiences","status":"publish","type":"page","link":"https:\/\/blogs.dickinson.edu\/helwegm\/articles-for-general-audiences\/","title":{"rendered":"Articles for General Audiences"},"content":{"rendered":"<p><strong><a href=\"https:\/\/theconversation.com\/what-americans-can-learn-from-danish-masculinity-221548\">&#8220;What Americans can learn from Danish masculinity&#8221;<\/a> in <em>The Conversation, January 31, 2024.<\/em><\/strong><\/p>\n<ul>\n<li>Interviewed in a Danish national newspaper: International forsker er ikke i tvivl: Danske m\u00e6nd er bl\u00f8de som sm\u00f8r [International researcher is not in doubt: Danish men are soft as butter]. <a href=\"https:\/\/blogs.dickinson.edu\/helwegm\/files\/2024\/03\/International-forsker-er-ikke-i-tvivl_-Danske-maend-er-blode-som-smor-\u2013-og-det-skal-vi-vaere-glade-for.pdf\">Berlingske<\/a>, February 18, 2024.<\/li>\n<li>Translated to <a href=\"https:\/\/videnskab.dk\/kultur-samfund\/kong-frederiks-taarer-vakte-opsigt-i-udlandet-hvad-kan-verden-laere-af-dansk-maskulinitet\/\">Danish<\/a>.<\/li>\n<\/ul>\n<hr \/>\n<p><strong><a href=\"https:\/\/theconversation.com\/how-to-deal-with-holiday-stress-danish-style-195522\">&#8220;How to deal with holiday stress, Danish-style&#8221;<\/a> in <em>The Conversation, December 6, 2022.<\/em><\/strong><\/p>\n<ul>\n<li>Reprinted in multiple sources including CNN. Also translated to <a href=\"https:\/\/videnskab.dk\/forskerzonen\/kultur-samfund\/to-klassiske-danske-udtryk-kan-vaere-noeglen-til-at-haandtere-julens-stress\">Danish<\/a>.<\/li>\n<\/ul>\n<hr \/>\n<p><strong><a href=\"https:\/\/theconversation.com\/as-the-pandemic-rages-the-us-could-use-a-little-bit-more-samfundssind-150804\" target=\"_blank\" rel=\"noopener noreferrer\">&#8220;As the Pandemic Rages, the US Could Use a Little Bit More &#8216;Samfundssind&#8217; &#8221; <\/a>in <em>The Conversation, December 2020<\/em><\/strong><\/p>\n<ul>\n<li>Reprinted in <a href=\"https:\/\/www.usnews.com\/news\/best-countries\/articles\/2020-12-04\/denmark-has-a-word-to-help-deal-with-pandemic-stress\" target=\"_blank\" rel=\"noopener noreferrer\">US News and World Report<\/a> (among others)<\/li>\n<li>Translated to <a href=\"https:\/\/videnskab.dk\/forskerzonen\/kultur-samfund\/dansk-forsker-i-usa-amerikanerne-kunne-godt-bruge-lidt-mere-samfundssind-under\" target=\"_blank\" rel=\"noopener noreferrer\">Danish<\/a> in Videnskab.dk<\/li>\n<li>Interviewed on Danish National Radio, Dec 19, 2020<\/li>\n<\/ul>\n<hr \/>\n<p><strong><a href=\"https:\/\/theconversation.com\/in-battling-the-coronavirus-will-optimistic-bias-be-our-undoing-134476\" target=\"_blank\" rel=\"noopener noreferrer\">&#8220;In Battling the Coronavirus, Will &#8216;Optimistic Bias&#8217; be our Undoing?&#8221;<\/a> in\u00a0<em>The Conversation, March 2020<\/em><\/strong><\/p>\n<ul>\n<li><a href=\"https:\/\/videnskab.dk\/kultur-samfund\/er-optimisme-bias-vores-svage-punkt-i-kampen-mod-covid-19\" target=\"_blank\" rel=\"noopener noreferrer\">Reprinted in Videnskab.dk (in Danish)<\/a><\/li>\n<li><a href=\"https:\/\/www.witf.org\/2020\/03\/30\/the-coronavirus-on-smart-talk-monday-learning-at-home-partnerships-upmc-drive-through-testing-sites-and-why-some-dont-feel-at-risk-from-covid-19\/\" target=\"_blank\" rel=\"noopener noreferrer\">Live interview on PA&#8217;s Cumberland Valley Radio: WITF SmartTalk (35:12 &#8211; end)<\/a><\/li>\n<li><a href=\"https:\/\/www.wpr.org\/psychology-and-coronavirus-how-our-optimistic-bias-may-be-affecting-our-response\" target=\"_blank\" rel=\"noopener noreferrer\">Listen online through Wisconsin Public Radio, April 6, 2020<\/a><\/li>\n<li><a href=\"https:\/\/www.wpr.org\/revisiting-optimism-bias-point-pandemic\" target=\"_blank\" rel=\"noopener noreferrer\">Live interview on Wisconsin Public Radio, January 4, 2021<\/a><\/li>\n<\/ul>\n<hr \/>\n<p><strong><a href=\"https:\/\/theconversation.com\/a-danish-word-the-world-needs-to-combat-stress-pyt-112216\" target=\"_blank\" rel=\"noopener noreferrer\">&#8220;A Danish Word the World Needs to Combat Stress: Pyt&#8221;<\/a> in\u00a0<em>The Conversation, February 2019<\/em><\/strong><\/p>\n<ul>\n<li><a href=\"https:\/\/videnskab.dk\/kultur-samfund\/sig-pyt-og-forebyg-stress\" target=\"_blank\" rel=\"noopener noreferrer\">Reprinted in Videnskab.dk (in Danish)<\/a><\/li>\n<li><a href=\"https:\/\/www.lanacion.com.ar\/lifestyle\/pyt-palabra-danesa-mundo-necesita-nid2258098\" target=\"_blank\" rel=\"noopener noreferrer\">Discussed in an article in La Nacion &#8211; An Argentinian daily newspaper (in Spanish)<\/a><\/li>\n<li>Reprinted in the <a href=\"https:\/\/www.washingtonpost.com\/national\/health-science\/angry-worried-stressed-out-just-say-pyt\/2019\/03\/01\/9e180c1e-3ac7-11e9-a06c-3ec8ed509d15_story.html?utm_term=.fd8af60a6529\" target=\"_blank\" rel=\"noopener noreferrer\">Washington Post<\/a> and\u00a0<a href=\"https:\/\/edition.cnn.com\/2019\/03\/13\/health\/pyt-stress-happiness-partner\/index.html\" target=\"_blank\" rel=\"noopener noreferrer\">CNN<\/a><\/li>\n<li><a href=\"https:\/\/www.facebook.com\/watch\/?v=2246387685635142\" target=\"_blank\" rel=\"noopener noreferrer\">View video online through the World Economic Forum<\/a><\/li>\n<li>Live interview on Danish national TV: DR Aftenshowet (See image below)<\/li>\n<li>Live interview on Danish national Radio\u00a0<em>Kulturen p\u00e5 P1 &#8220;Pyt some eksportvare&#8221;<\/em><\/li>\n<li><a href=\"https:\/\/www.mixcloud.com\/aftenklubben\/husk-at-sige-pyt-med-marie-helweg-larsen\/\" target=\"_blank\" rel=\"noopener noreferrer\">Listen in Danish on Radio Nova, live interview<\/a><\/li>\n<li><a href=\"http:\/\/nyheder.tv2.dk\/udland\/2019-03-05-foerst-tog-hygge-verden-med-storm-nu-skal-den-laere-at-sige-pyt?fbclid=IwAR3eGcKkCWvCMW6T23dNPnyIoFNs_45Q-6m347tqXZQ3EXqwB7SQvsAWgqc\" target=\"_blank\" rel=\"noopener noreferrer\">Discussed in the Danish TV2 News<\/a><\/li>\n<li><a href=\"https:\/\/www.berlingske.dk\/kultur\/foerst-laerte-vi-verden-at-hygge-nu-skal-et-nyt-ord-haeve-verdens?fbclid=IwAR2agplm7EHYUmThmYOioPnifq10tEWkpoemm2aUnEBbEfXQK3MnV9ANLCs\" target=\"_blank\" rel=\"noopener noreferrer\">Discussed in the national Danish paper\u00a0<em>Berlingske<\/em><\/a><\/li>\n<\/ul>\n<div id=\"attachment_305\" style=\"width: 610px\" class=\"wp-caption aligncenter\"><a href=\"https:\/\/www.dr.dk\/tv\/se\/aftenshowet-9\/aftenshowet-11\/aftenshowet-2019-03-06#!\/\" rel=\"attachment wp-att-305\"><img loading=\"lazy\" decoding=\"async\" aria-describedby=\"caption-attachment-305\" class=\"wp-image-305\" src=\"http:\/\/blogs.dickinson.edu\/helwegm\/files\/2019\/04\/DR-Aftenshowet-300x173.jpg\" alt=\"\" width=\"600\" height=\"347\" srcset=\"https:\/\/blogs.dickinson.edu\/helwegm\/files\/2019\/04\/DR-Aftenshowet-300x173.jpg 300w, https:\/\/blogs.dickinson.edu\/helwegm\/files\/2019\/04\/DR-Aftenshowet-768x444.jpg 768w, https:\/\/blogs.dickinson.edu\/helwegm\/files\/2019\/04\/DR-Aftenshowet-500x289.jpg 500w, https:\/\/blogs.dickinson.edu\/helwegm\/files\/2019\/04\/DR-Aftenshowet.jpg 980w\" sizes=\"auto, (max-width: 600px) 100vw, 600px\" \/><\/a><p id=\"caption-attachment-305\" class=\"wp-caption-text\">Danish national television interview: DR Aftenshowet<\/p><\/div>\n<div id=\"attachment_306\" style=\"width: 610px\" class=\"wp-caption aligncenter\"><img loading=\"lazy\" decoding=\"async\" aria-describedby=\"caption-attachment-306\" class=\"wp-image-306\" src=\"http:\/\/blogs.dickinson.edu\/helwegm\/files\/2019\/04\/MHL_TV2-screen-shot_edited-300x169.jpg\" alt=\"\" width=\"600\" height=\"337\" srcset=\"https:\/\/blogs.dickinson.edu\/helwegm\/files\/2019\/04\/MHL_TV2-screen-shot_edited-300x169.jpg 300w, https:\/\/blogs.dickinson.edu\/helwegm\/files\/2019\/04\/MHL_TV2-screen-shot_edited-768x432.jpg 768w, https:\/\/blogs.dickinson.edu\/helwegm\/files\/2019\/04\/MHL_TV2-screen-shot_edited-1024x576.jpg 1024w, https:\/\/blogs.dickinson.edu\/helwegm\/files\/2019\/04\/MHL_TV2-screen-shot_edited-500x281.jpg 500w\" sizes=\"auto, (max-width: 600px) 100vw, 600px\" \/><p id=\"caption-attachment-306\" class=\"wp-caption-text\">Interviewed live on Danish national television: TV2 News<\/p><\/div>\n<p>&nbsp;<\/p>\n<p>&nbsp;<\/p>\n<hr \/>\n<p><strong><a href=\"https:\/\/theconversation.com\/why-denmark-dominates-the-world-happiness-report-rankings-year-after-year-93542\" target=\"_blank\" rel=\"noopener noreferrer\">&#8220;Why Denmark Dominates the World Happiness Report Rankings Year After Year&#8221;<\/a>\u00a0in\u00a0<em>The Conversation, March 2018<\/em><\/strong><\/p>\n<ul>\n<li><strong><a href=\"https:\/\/videnskab.dk\/kultur-samfund\/derfor-dominerer-danmark-listen-over-verdens-lykkeligste-folkefaerd-aar-efter-aar\" target=\"_blank\" rel=\"noopener noreferrer\">Danish Translation <\/a>and\u00a0<\/strong><a href=\"https:\/\/www.newsweekjapan.jp\/stories\/world\/2018\/03\/post-9828.php\" target=\"_blank\" rel=\"noopener noreferrer\"><strong>Japanese Tr<\/strong>anslation<\/a><\/li>\n<li style=\"text-align: left\">Reprinted in <a href=\"https:\/\/www.newsweek.com\/denmark-happy-world-happiness-report-opinion-859096\">Newsweek<\/a> and <a href=\"https:\/\/www.cnbc.com\/2018\/04\/16\/why-denmark-dominates-the-world-happiness-report-rankings-year-after-year.html\">CNBC<\/a> (among others)<\/li>\n<li>\u201cWant To Be Happier? Try A Little Hygge.\u201d Radio interview <a href=\"https:\/\/www.wpr.org\/want-be-happier-try-little-hygge\">Wisconsin Public Radio<\/a>, April 10, 2018.<\/li>\n<li>\u201cWhy we need more hygge.\u201d Radio interview <a href=\"http:\/\/www.byuradio.org\/episode\/21621761-da05-4e9b-90be-ca4967e05519?playhead=1060&amp;autoplay=true%E2%80%8B\">BYU Radio, <\/a>March 29, 2018.<\/li>\n<li>\u201cWhy Danes are happy.\u201d Radio interview <a href=\"http:\/\/www.iheartradio.ca\/cjad\/site-search-local-7.15195981?searchField=denmark\">CJAD 800 Radio<\/a>, March 27, 2018.<\/li>\n<li>\u201cHygge and happy.\u201d Radio interview <u><a href=\"https:\/\/www.wnhnfm.org\/the-attitude-w-arnie-arnesen\">WNHN-FM\u2019s\u00a0The Attitude<\/a><\/u>in Concord, NH. (begins at 11:50), March 21, 2018.<\/li>\n<li style=\"text-align: left\">&#8220;Hygge&#8221;. Listen online through <a href=\"https:\/\/www.insidehighered.com\/audio\/2018\/05\/15\/hygge\" target=\"_blank\" rel=\"noopener noreferrer\"><em>The Academic Minute.<\/em><\/a><\/li>\n<\/ul>\n","protected":false},"excerpt":{"rendered":"<p>&#8220;What Americans can learn from Danish masculinity&#8221; in The Conversation, January 31, 2024. Interviewed in a Danish national newspaper: International forsker er ikke i tvivl: Danske m\u00e6nd er bl\u00f8de som sm\u00f8r [International researcher&#8230;<\/p>\n","protected":false},"author":3538,"featured_media":0,"parent":0,"menu_order":0,"comment_status":"closed","ping_status":"closed","template":"","meta":{"footnotes":""},"class_list":["post-262","page","type-page","status-publish","hentry","post"],"_links":{"self":[{"href":"https:\/\/blogs.dickinson.edu\/helwegm\/wp-json\/wp\/v2\/pages\/262","targetHints":{"allow":["GET"]}}],"collection":[{"href":"https:\/\/blogs.dickinson.edu\/helwegm\/wp-json\/wp\/v2\/pages"}],"about":[{"href":"https:\/\/blogs.dickinson.edu\/helwegm\/wp-json\/wp\/v2\/types\/page"}],"author":[{"embeddable":true,"href":"https:\/\/blogs.dickinson.edu\/helwegm\/wp-json\/wp\/v2\/users\/3538"}],"replies":[{"embeddable":true,"href":"https:\/\/blogs.dickinson.edu\/helwegm\/wp-json\/wp\/v2\/comments?post=262"}],"version-history":[{"count":0,"href":"https:\/\/blogs.dickinson.edu\/helwegm\/wp-json\/wp\/v2\/pages\/262\/revisions"}],"wp:attachment":[{"href":"https:\/\/blogs.dickinson.edu\/helwegm\/wp-json\/wp\/v2\/media?parent=262"}],"curies":[{"name":"wp","href":"https:\/\/api.w.org\/{rel}","templated":true}]}}