{"id":107,"date":"2018-04-19T03:18:08","date_gmt":"2018-04-19T03:18:08","guid":{"rendered":"http:\/\/blogs.dickinson.edu\/huarpes-y-agua\/?page_id=107"},"modified":"2018-05-01T16:34:41","modified_gmt":"2018-05-01T20:34:41","slug":"historia-de-los-huarpes","status":"publish","type":"page","link":"https:\/\/blogs.dickinson.edu\/huarpes-y-agua\/es\/historia-de-los-huarpes\/","title":{"rendered":"Historia de los Huarpes"},"content":{"rendered":"<p><span style=\"font-weight: 400\">La comunidad Huarpe es una comunidad ind\u00edgena nativa de Mendoza Capital, donde el sistema de riego construidos por ellos todav\u00eda es utilizado. Invasores europeos forzaron a la comunidad a asentarse en Lavalle durante la llamada Conquista del Desierto. Lavalle se encuentra aproximadamente a una hora de la ciudad de Mendoza y muchos miembros de la comunidad contin\u00faan viviendo all\u00ed. \u00a0<\/span><\/p>\n<p><span style=\"font-weight: 400\">Los invasores cometieron atrocidades en contra de las comunidades ind\u00edgenas, pueblos originarios, que incluyen violaci\u00f3n, asesinatos, y la esclavitud. Los invasores tambi\u00e9n forzaron a los pueblos originarios a aceptar la religion catolica como suya, negando sus culturas y creencias aut\u00f3ctonas. Tambi\u00e9n, los invasores les impusieron su educaci\u00f3n y pr\u00e1cticas, a la vez que los discriminaban y oprim\u00edan consider\u00e1ndolos ciudadanos de segunda clase.<\/span><\/p>\n<p><span style=\"font-weight: 400\">La Argentina ha intentado desde sus or\u00edgenes construirse bajo el mito de una naci\u00f3n blanca y europea. El ejemplo m\u00e1s reciente proviene del presidente actual Mauricio Macri quien en el Forum econ\u00f3mico en Davos, Suiza enfrente de una audiencia internacional dijo que \u201c \u201cYo creo que la asociaci\u00f3n entre el Mercosur y la Uni\u00f3n Europea es natural porque en Sudam\u00e9rica todos somos descendientes de europeos\u201d, demostrando de este modo el desd\u00e9n que desde el poder sufren las comunidades ind\u00edgenas. Existen en la Argentina casi 18 comunidades ind\u00edgenas, las cuales representan dos por ciento de los 43 millones de habitantes del pa\u00eds, sin embargo, estas son siempre invisibilizadas por los gobiernos oficiales. <\/span><\/p>\n","protected":false},"excerpt":{"rendered":"<p>La comunidad Huarpe es una comunidad ind\u00edgena nativa de Mendoza Capital, donde el sistema de riego construidos por ellos todav\u00eda es utilizado. Invasores europeos forzaron a la comunidad a asentarse en Lavalle durante la llamada Conquista del Desierto. Lavalle se encuentra aproximadamente a una hora de la ciudad de Mendoza y muchos miembros de la [&hellip;]<\/p>\n","protected":false},"author":2601,"featured_media":0,"parent":0,"menu_order":0,"comment_status":"closed","ping_status":"closed","template":"","meta":{"footnotes":""},"class_list":["post-107","page","type-page","status-publish","hentry"],"_links":{"self":[{"href":"https:\/\/blogs.dickinson.edu\/huarpes-y-agua\/wp-json\/wp\/v2\/pages\/107","targetHints":{"allow":["GET"]}}],"collection":[{"href":"https:\/\/blogs.dickinson.edu\/huarpes-y-agua\/wp-json\/wp\/v2\/pages"}],"about":[{"href":"https:\/\/blogs.dickinson.edu\/huarpes-y-agua\/wp-json\/wp\/v2\/types\/page"}],"author":[{"embeddable":true,"href":"https:\/\/blogs.dickinson.edu\/huarpes-y-agua\/wp-json\/wp\/v2\/users\/2601"}],"replies":[{"embeddable":true,"href":"https:\/\/blogs.dickinson.edu\/huarpes-y-agua\/wp-json\/wp\/v2\/comments?post=107"}],"version-history":[{"count":0,"href":"https:\/\/blogs.dickinson.edu\/huarpes-y-agua\/wp-json\/wp\/v2\/pages\/107\/revisions"}],"wp:attachment":[{"href":"https:\/\/blogs.dickinson.edu\/huarpes-y-agua\/wp-json\/wp\/v2\/media?parent=107"}],"curies":[{"name":"wp","href":"https:\/\/api.w.org\/{rel}","templated":true}]}}