{"id":110,"date":"2018-04-19T02:47:33","date_gmt":"2018-04-19T02:47:33","guid":{"rendered":"http:\/\/blogs.dickinson.edu\/huarpes-y-agua\/?page_id=110"},"modified":"2018-05-01T16:33:57","modified_gmt":"2018-05-01T20:33:57","slug":"principal","status":"publish","type":"page","link":"https:\/\/blogs.dickinson.edu\/huarpes-y-agua\/es\/","title":{"rendered":"Principal"},"content":{"rendered":"<p><span style=\"font-weight: 400\">De donde proviene el agua que utilizas diariamente? Es agua potable? Tienes agua suficiente?<\/span><\/p>\n<p><span style=\"font-weight: 400\"> Las respuestas a estas preguntas var\u00edan entre las distintas personas alrededor del mundo. En este sitio exploramos las respuestas a estas preguntas por parte de ocho personas pertenecientes a la comunidad Huarpe en Mendoza, Argentina. Es posible imaginar que algo tan simple y necesario como el agua ser\u00eda un tema simple. Sin embargo, para esta comunidad el agua adquiere tintes pol\u00edticos, econ\u00f3micos, \u00a0raciales, y medio ambientales. Asi como tambien identitarios, el agua o mejor dicho la falta de \u00e9sta afecta tambi\u00e9n su identidad cultural. Estas historias hablan de las luchas por la igualdad y los desaf\u00edos a los que se enfrentan diariamente en relaci\u00f3n a la falta de agua. <\/span><\/p>\n","protected":false},"excerpt":{"rendered":"<p>De donde proviene el agua que utilizas diariamente? Es agua potable? Tienes agua suficiente? Las respuestas a estas preguntas var\u00edan entre las distintas personas alrededor del mundo. En este sitio exploramos las respuestas a estas preguntas por parte de ocho personas pertenecientes a la comunidad Huarpe en Mendoza, Argentina. Es posible imaginar que algo tan [&hellip;]<\/p>\n","protected":false},"author":2601,"featured_media":0,"parent":0,"menu_order":0,"comment_status":"closed","ping_status":"closed","template":"","meta":{"footnotes":""},"class_list":["post-110","page","type-page","status-publish","hentry"],"_links":{"self":[{"href":"https:\/\/blogs.dickinson.edu\/huarpes-y-agua\/wp-json\/wp\/v2\/pages\/110","targetHints":{"allow":["GET"]}}],"collection":[{"href":"https:\/\/blogs.dickinson.edu\/huarpes-y-agua\/wp-json\/wp\/v2\/pages"}],"about":[{"href":"https:\/\/blogs.dickinson.edu\/huarpes-y-agua\/wp-json\/wp\/v2\/types\/page"}],"author":[{"embeddable":true,"href":"https:\/\/blogs.dickinson.edu\/huarpes-y-agua\/wp-json\/wp\/v2\/users\/2601"}],"replies":[{"embeddable":true,"href":"https:\/\/blogs.dickinson.edu\/huarpes-y-agua\/wp-json\/wp\/v2\/comments?post=110"}],"version-history":[{"count":0,"href":"https:\/\/blogs.dickinson.edu\/huarpes-y-agua\/wp-json\/wp\/v2\/pages\/110\/revisions"}],"wp:attachment":[{"href":"https:\/\/blogs.dickinson.edu\/huarpes-y-agua\/wp-json\/wp\/v2\/media?parent=110"}],"curies":[{"name":"wp","href":"https:\/\/api.w.org\/{rel}","templated":true}]}}