{"id":123,"date":"2018-04-19T00:10:38","date_gmt":"2018-04-19T00:10:38","guid":{"rendered":"http:\/\/blogs.dickinson.edu\/huarpes-y-agua\/?page_id=123"},"modified":"2018-05-09T15:24:15","modified_gmt":"2018-05-09T19:24:15","slug":"arsenico","status":"publish","type":"page","link":"https:\/\/blogs.dickinson.edu\/huarpes-y-agua\/es\/arsenico\/","title":{"rendered":"Ars\u00e9nico"},"content":{"rendered":"<p>En la regi\u00f3n de Lavalle, el agua del suelo es naturalmente salada y contiene ars\u00e9nico, lo que significa que el agua de pozo no es apta para beber. Despu\u00e9s de la construcci\u00f3n de la presa, los que viv\u00edan en la comunidad ten\u00edan que beber agua del pozo o comprar agua embotellada. En 2016, m\u00e1s de 10 a\u00f1os despu\u00e9s de la construcci\u00f3n de la represa, el gobierno construy\u00f3 un acueducto para llevar agua a la regi\u00f3n. Sin embargo, los problemas persisten.<\/p>\n<h5>Acueducto<\/h5>\n<p>El problema m\u00e1s ir\u00f3nico es que el agua que trae el acueducto todav\u00eda contiene ars\u00e9nico. Algunas personas, sostienen que el gobierno les dijo que filtraran el ars\u00e9nico, pero cuando la comunidad pregunt\u00f3 qu\u00e9 hacer con el ars\u00e9nico que era filtrado, la respuesta oficial fue la de verter el ars\u00e9nico en los pozos. Hacer esto solo agrava el problema en cuesti\u00f3n.<\/p>\n<p>Los Huarpes que viven en Lavalle est\u00e1n diseminados por varias comunidades y aquellos que est\u00e1n m\u00e1s lejos del acueducto encuentran que a menudo solo tienen agua de ocho a diez d\u00edas del mes, aunque paguen una tarifa fija de $150 pesos.<\/p>\n<h5>Efectos en la Salud<\/h5>\n<p>Informaci\u00f3n sobre los efectos de consumir ars\u00e9nico en peque\u00f1as dosis por una extensi\u00f3n de tiempo pueden encontrarse <a href=\"https:\/\/www.ncbi.nlm.nih.gov\/pmc\/articles\/PMC3083674\/\">aqu\u00ed<\/a>. Esta hiperv\u00ednculo es un estudio cient\u00edfico que se llev\u00f3 a cabo en los Estados Unidos. El umbral en los Estados Unidos para la concentraci\u00f3n de ars\u00e9nico en el agua es de 10 \u03bcg\/L, sin embargo, los estudios sugieren que la exposici\u00f3n cr\u00f3nica a niveles incluso inferiores a 10 \u03bcg\/L puede ser perjudicial.<\/p>\n<p>Se estima que 40 millones de estadounidenses tienen mayor riesgo de contraer diversas enfermedades debido a su exposici\u00f3n al ars\u00e9nico del agua que consumen. El estudio encuentra que &#8220;la exposici\u00f3n de bajo nivel a largo plazo al ars\u00e9nico se correlacion\u00f3 significativamente con puntajes m\u00e1s bajos en cognici\u00f3n global, velocidad de procesamiento y memoria inmediata&#8221;. Los detrimentos en la funci\u00f3n cognitiva mostrados por el estudio se consideran factores de riesgo para la enfermedad de Alzheimer, una enfermedad cruel en la que los pacientes pierden memoria que hasta la fecha no tiene cura.<\/p>\n","protected":false},"excerpt":{"rendered":"<p>En la regi\u00f3n de Lavalle, el agua del suelo es naturalmente salada y contiene ars\u00e9nico, lo que significa que el agua de pozo no es apta para beber. Despu\u00e9s de la construcci\u00f3n de la presa, los que viv\u00edan en la comunidad ten\u00edan que beber agua del pozo o comprar agua embotellada. En 2016, m\u00e1s de [&hellip;]<\/p>\n","protected":false},"author":2601,"featured_media":0,"parent":0,"menu_order":0,"comment_status":"closed","ping_status":"closed","template":"","meta":{"footnotes":""},"class_list":["post-123","page","type-page","status-publish","hentry"],"_links":{"self":[{"href":"https:\/\/blogs.dickinson.edu\/huarpes-y-agua\/wp-json\/wp\/v2\/pages\/123","targetHints":{"allow":["GET"]}}],"collection":[{"href":"https:\/\/blogs.dickinson.edu\/huarpes-y-agua\/wp-json\/wp\/v2\/pages"}],"about":[{"href":"https:\/\/blogs.dickinson.edu\/huarpes-y-agua\/wp-json\/wp\/v2\/types\/page"}],"author":[{"embeddable":true,"href":"https:\/\/blogs.dickinson.edu\/huarpes-y-agua\/wp-json\/wp\/v2\/users\/2601"}],"replies":[{"embeddable":true,"href":"https:\/\/blogs.dickinson.edu\/huarpes-y-agua\/wp-json\/wp\/v2\/comments?post=123"}],"version-history":[{"count":0,"href":"https:\/\/blogs.dickinson.edu\/huarpes-y-agua\/wp-json\/wp\/v2\/pages\/123\/revisions"}],"wp:attachment":[{"href":"https:\/\/blogs.dickinson.edu\/huarpes-y-agua\/wp-json\/wp\/v2\/media?parent=123"}],"curies":[{"name":"wp","href":"https:\/\/api.w.org\/{rel}","templated":true}]}}