{"id":126,"date":"2018-04-19T02:22:04","date_gmt":"2018-04-19T02:22:04","guid":{"rendered":"http:\/\/blogs.dickinson.edu\/huarpes-y-agua\/?page_id=126"},"modified":"2018-05-09T14:10:02","modified_gmt":"2018-05-09T18:10:02","slug":"angela-2","status":"publish","type":"page","link":"https:\/\/blogs.dickinson.edu\/huarpes-y-agua\/es\/angela-2\/","title":{"rendered":"Angela"},"content":{"rendered":"<p><span style=\"font-weight: 400\">Angela naci\u00f3 en 1969 y termin\u00f3 la escuela primaria. Hoy en d\u00eda trabaja como enfermera en una peque\u00f1a oficina medica en Asunci\u00f3n. Angela es tambi\u00e9n una artesana y trabaja la lana creando artesan\u00edas para vender. Cuando llegamos a Asunci\u00f3n, en b\u00fasqueda del activista y dirigente Huarpe Diego Barros, nos detuvimos en esta oficina para pedir direcciones y ah\u00ed conocimos a Angela. Ella quiso saber m\u00e1s el motivo por el que quer\u00edamos entrevistar a Diego y mostr\u00f3 inter\u00e9s en compartir su historia. <\/span><\/p>\n<p><span style=\"font-weight: 400\">Durante nuestra entrevista ella comparti\u00f3 la historia de<\/span><span style=\"font-weight: 400\"><br \/>\n<\/span><span style=\"font-weight: 400\">su vida, y se mostr\u00f3 preocupada por la rapidez con que su cultura estaba cambiando. Por ejemplo, Angela cont\u00f3 como en el pasado, las fiestas duraban varios d\u00edas y todos los miembros de la comunidad se juntaban para celebrar. En relaci\u00f3n al problema del agua, \u00c1ngela habl\u00f3 sobre la extensa magnitud del problema que la p\u00e9rdida del agua con la sequia del rio a causa de la construcci\u00f3n del dique Potrerillos. Debido a la sequ\u00eda de la zona, los Huarpes perdieron la capacidad de cultivar alimentos, perdiendo de ese modo su sustento de vida.<\/span><\/p>\n<blockquote><p>\u201cTenemos agua para tomar pero el tema del agua ac\u00e1 en Lavalle es que toda el agua tiene ars\u00e9nico. Y el ars\u00e9nico es una sustancia que te va da\u00f1ando much\u00edsimo sin que te des cuenta\u201d<\/p>\n<p>\u2013 Angela, 2018<\/p><\/blockquote>\n<div class=\"wp-playlist wp-audio-playlist wp-playlist-light\">\n\t\t\t<div class=\"wp-playlist-current-item\"><\/div>\n\t\t<audio controls=\"controls\" preload=\"none\" width=\"607\"\n\t\t\t><\/audio>\n\t<div class=\"wp-playlist-next\"><\/div>\n\t<div class=\"wp-playlist-prev\"><\/div>\n\t<noscript>\n\t<ol>\n\t\t<li><a href='https:\/\/blogs.dickinson.edu\/huarpes-y-agua\/files\/2018\/05\/Angela20180116-115948-2.m4a'>Angela20180116-115948-2<\/a><\/li>\t<\/ol>\n\t<\/noscript>\n\t<script type=\"application\/json\" class=\"wp-playlist-script\">{\"type\":\"audio\",\"tracklist\":false,\"tracknumbers\":true,\"images\":false,\"artists\":false,\"tracks\":[{\"src\":\"https:\/\/blogs.dickinson.edu\/huarpes-y-agua\/files\/2018\/05\/Angela20180116-115948-2.m4a\",\"type\":\"audio\/mpeg\",\"title\":\"\",\"caption\":\"\",\"description\":\"\",\"meta\":{\"length_formatted\":\"44:01\"},\"image\":{\"src\":\"https:\/\/blogs.dickinson.edu\/huarpes-y-agua\/wp-includes\/images\/media\/audio.svg\",\"width\":48,\"height\":64},\"thumb\":{\"src\":\"https:\/\/blogs.dickinson.edu\/huarpes-y-agua\/wp-includes\/images\/media\/audio.svg\",\"width\":48,\"height\":64}}]}<\/script>\n<\/div>\n\t\n","protected":false},"excerpt":{"rendered":"<p>Angela naci\u00f3 en 1969 y termin\u00f3 la escuela primaria. Hoy en d\u00eda trabaja como enfermera en una peque\u00f1a oficina medica en Asunci\u00f3n. Angela es tambi\u00e9n una artesana y trabaja la lana creando artesan\u00edas para vender. Cuando llegamos a Asunci\u00f3n, en b\u00fasqueda del activista y dirigente Huarpe Diego Barros, nos detuvimos en esta oficina para pedir [&hellip;]<\/p>\n","protected":false},"author":2601,"featured_media":0,"parent":0,"menu_order":0,"comment_status":"closed","ping_status":"closed","template":"","meta":{"footnotes":""},"class_list":["post-126","page","type-page","status-publish","hentry"],"_links":{"self":[{"href":"https:\/\/blogs.dickinson.edu\/huarpes-y-agua\/wp-json\/wp\/v2\/pages\/126","targetHints":{"allow":["GET"]}}],"collection":[{"href":"https:\/\/blogs.dickinson.edu\/huarpes-y-agua\/wp-json\/wp\/v2\/pages"}],"about":[{"href":"https:\/\/blogs.dickinson.edu\/huarpes-y-agua\/wp-json\/wp\/v2\/types\/page"}],"author":[{"embeddable":true,"href":"https:\/\/blogs.dickinson.edu\/huarpes-y-agua\/wp-json\/wp\/v2\/users\/2601"}],"replies":[{"embeddable":true,"href":"https:\/\/blogs.dickinson.edu\/huarpes-y-agua\/wp-json\/wp\/v2\/comments?post=126"}],"version-history":[{"count":0,"href":"https:\/\/blogs.dickinson.edu\/huarpes-y-agua\/wp-json\/wp\/v2\/pages\/126\/revisions"}],"wp:attachment":[{"href":"https:\/\/blogs.dickinson.edu\/huarpes-y-agua\/wp-json\/wp\/v2\/media?parent=126"}],"curies":[{"name":"wp","href":"https:\/\/api.w.org\/{rel}","templated":true}]}}