{"id":130,"date":"2018-04-19T02:21:13","date_gmt":"2018-04-19T02:21:13","guid":{"rendered":"http:\/\/blogs.dickinson.edu\/huarpes-y-agua\/?page_id=130"},"modified":"2018-05-09T14:28:07","modified_gmt":"2018-05-09T18:28:07","slug":"antonia-2","status":"publish","type":"page","link":"https:\/\/blogs.dickinson.edu\/huarpes-y-agua\/es\/antonia-2\/","title":{"rendered":"Antonia"},"content":{"rendered":"<p><span style=\"font-weight: 400\">Antonia naci\u00f3 en Asunci\u00f3n al igual que sus padres y abuelos. Como miembro de esta comunidad Antonia estableci\u00f3 con su identidad Huarpe una relaci\u00f3n ambivalente. Por un lado, se sent\u00eda y se siente muy orgullosa de pertenecer a este pueblo. Pero por otro lado, ella y su familia muchas veces han tenido que suprimir su identidad para evitar de este modo ser discriminados por \u00a0la sociedad y el Estado. Durante una reuni\u00f3n con el gobierno ella denunci\u00f3 la realidad y los problemas sociales a los que se enfrentan los Huarpes. Reclamo que fue recibido con enojo por parte del gobierno. Frente a esta discriminaci\u00f3n Antonia decide no rendirse y luchar por el reconocimiento de su gente. <\/span><\/p>\n<p><span style=\"font-weight: 400\">A trav\u00e9s del testimonio de Antonia aprend\u00ed que la palabra \u201chuarpe\u201d muchas veces hab\u00eda sido utilizada como un insulto, para referirse a una persona de poco estatus social por ser ind\u00edgena. Muchas personas hablaron de esta realidad y de c\u00f3mo la palabra \u201cindio\u201d cargaba con una gran connotaci\u00f3n negativa como sin\u00f3nimo de ignorancia y pobreza. En relaci\u00f3n con la problem\u00e1tica del agua, Antonia corroboro lo que ya muchos otros hab\u00edan enunciado acerca del impacto negativo y las consecuencias nefastas que la sequia del rio tuvo para la comunidad huarpe. <\/span><\/p>\n<blockquote><p>\u201cAntes no nos reconoc\u00edamos como Huarpes, porque hab\u00eda mucho miedo, mucha persecuci\u00f3n. Uno nunca dec\u00eda que era Huarpe, incluso los antepasados nos dec\u00edan que no digamos que \u00e9ramos Huarpes. Es m\u00e1s hoy, a veces se instala que si sos Huarpe sos distinto\u201d<\/p><\/blockquote>\n<div class=\"wp-playlist wp-audio-playlist wp-playlist-light\">\n\t\t\t<div class=\"wp-playlist-current-item\"><\/div>\n\t\t<audio controls=\"controls\" preload=\"none\" width=\"607\"\n\t\t\t><\/audio>\n\t<div class=\"wp-playlist-next\"><\/div>\n\t<div class=\"wp-playlist-prev\"><\/div>\n\t<noscript>\n\t<ol>\n\t\t<li><a href='https:\/\/blogs.dickinson.edu\/huarpes-y-agua\/files\/2018\/05\/Antonia-1.m4a'>Antonia-1<\/a><\/li>\t<\/ol>\n\t<\/noscript>\n\t<script type=\"application\/json\" class=\"wp-playlist-script\">{\"type\":\"audio\",\"tracklist\":false,\"tracknumbers\":true,\"images\":false,\"artists\":false,\"tracks\":[{\"src\":\"https:\/\/blogs.dickinson.edu\/huarpes-y-agua\/files\/2018\/05\/Antonia-1.m4a\",\"type\":\"audio\/mpeg\",\"title\":\"\",\"caption\":\"\",\"description\":\"\",\"meta\":{\"length_formatted\":\"48:15\"},\"image\":{\"src\":\"https:\/\/blogs.dickinson.edu\/huarpes-y-agua\/wp-includes\/images\/media\/audio.svg\",\"width\":48,\"height\":64},\"thumb\":{\"src\":\"https:\/\/blogs.dickinson.edu\/huarpes-y-agua\/wp-includes\/images\/media\/audio.svg\",\"width\":48,\"height\":64}}]}<\/script>\n<\/div>\n\t\n","protected":false},"excerpt":{"rendered":"<p>Antonia naci\u00f3 en Asunci\u00f3n al igual que sus padres y abuelos. Como miembro de esta comunidad Antonia estableci\u00f3 con su identidad Huarpe una relaci\u00f3n ambivalente. Por un lado, se sent\u00eda y se siente muy orgullosa de pertenecer a este pueblo. Pero por otro lado, ella y su familia muchas veces han tenido que suprimir su [&hellip;]<\/p>\n","protected":false},"author":2601,"featured_media":0,"parent":0,"menu_order":0,"comment_status":"closed","ping_status":"closed","template":"","meta":{"footnotes":""},"class_list":["post-130","page","type-page","status-publish","hentry"],"_links":{"self":[{"href":"https:\/\/blogs.dickinson.edu\/huarpes-y-agua\/wp-json\/wp\/v2\/pages\/130","targetHints":{"allow":["GET"]}}],"collection":[{"href":"https:\/\/blogs.dickinson.edu\/huarpes-y-agua\/wp-json\/wp\/v2\/pages"}],"about":[{"href":"https:\/\/blogs.dickinson.edu\/huarpes-y-agua\/wp-json\/wp\/v2\/types\/page"}],"author":[{"embeddable":true,"href":"https:\/\/blogs.dickinson.edu\/huarpes-y-agua\/wp-json\/wp\/v2\/users\/2601"}],"replies":[{"embeddable":true,"href":"https:\/\/blogs.dickinson.edu\/huarpes-y-agua\/wp-json\/wp\/v2\/comments?post=130"}],"version-history":[{"count":0,"href":"https:\/\/blogs.dickinson.edu\/huarpes-y-agua\/wp-json\/wp\/v2\/pages\/130\/revisions"}],"wp:attachment":[{"href":"https:\/\/blogs.dickinson.edu\/huarpes-y-agua\/wp-json\/wp\/v2\/media?parent=130"}],"curies":[{"name":"wp","href":"https:\/\/api.w.org\/{rel}","templated":true}]}}