{"id":138,"date":"2018-04-19T02:21:34","date_gmt":"2018-04-19T02:21:34","guid":{"rendered":"http:\/\/blogs.dickinson.edu\/huarpes-y-agua\/?page_id=138"},"modified":"2018-05-09T15:29:15","modified_gmt":"2018-05-09T19:29:15","slug":"deolinda-2","status":"publish","type":"page","link":"https:\/\/blogs.dickinson.edu\/huarpes-y-agua\/es\/deolinda-2\/","title":{"rendered":"Deolinda"},"content":{"rendered":"<p><span style=\"font-weight: 400\">Nacida dentro de la comunidad Huarpe, Deolinda se siente muy orgullosa de sus ra\u00edces Huarpes. Artesana de lana y cuero, Deolinda es amiga del dirigente y activista Huarpe Diego Barros, como lo son la gran mayor\u00eda de los miembros de la comunidad. Su casa se sit\u00faa en una esquina, y es la primera casa que uno ve cuando entra la comunidad. Deolinda me cont\u00f3 sobre su vida, en la puerta de su casa mientras los perros y gallinas se paseaban libremente por su jard\u00edn. Deolinda es una activista que organiza a las mujeres de las distintas comunidades Huarpes para concientizar sobre la violencia de g\u00e9nero. Un tema que, lamentablemente, no cuenta que conoce muy de cerca. <\/span><\/p>\n<blockquote><p>\u201cSi no llueve no tenemos agua.\u201d<\/p><\/blockquote>\n<div class=\"wp-playlist wp-audio-playlist wp-playlist-light\">\n\t\t\t<div class=\"wp-playlist-current-item\"><\/div>\n\t\t<audio controls=\"controls\" preload=\"none\" width=\"607\"\n\t\t\t><\/audio>\n\t<div class=\"wp-playlist-next\"><\/div>\n\t<div class=\"wp-playlist-prev\"><\/div>\n\t<noscript>\n\t<ol>\n\t\t<li><a href='https:\/\/blogs.dickinson.edu\/huarpes-y-agua\/files\/2018\/05\/Deolinda-2.m4a'>Deolinda-2<\/a><\/li>\t<\/ol>\n\t<\/noscript>\n\t<script type=\"application\/json\" class=\"wp-playlist-script\">{\"type\":\"audio\",\"tracklist\":false,\"tracknumbers\":true,\"images\":false,\"artists\":false,\"tracks\":[{\"src\":\"https:\/\/blogs.dickinson.edu\/huarpes-y-agua\/files\/2018\/05\/Deolinda-2.m4a\",\"type\":\"audio\/mpeg\",\"title\":\"\",\"caption\":\"\",\"description\":\"\",\"meta\":{\"length_formatted\":\"23:57\"},\"image\":{\"src\":\"https:\/\/blogs.dickinson.edu\/huarpes-y-agua\/wp-includes\/images\/media\/audio.svg\",\"width\":48,\"height\":64},\"thumb\":{\"src\":\"https:\/\/blogs.dickinson.edu\/huarpes-y-agua\/wp-includes\/images\/media\/audio.svg\",\"width\":48,\"height\":64}}]}<\/script>\n<\/div>\n\t\n","protected":false},"excerpt":{"rendered":"<p>Nacida dentro de la comunidad Huarpe, Deolinda se siente muy orgullosa de sus ra\u00edces Huarpes. Artesana de lana y cuero, Deolinda es amiga del dirigente y activista Huarpe Diego Barros, como lo son la gran mayor\u00eda de los miembros de la comunidad. Su casa se sit\u00faa en una esquina, y es la primera casa que [&hellip;]<\/p>\n","protected":false},"author":2601,"featured_media":0,"parent":0,"menu_order":0,"comment_status":"closed","ping_status":"closed","template":"","meta":{"footnotes":""},"class_list":["post-138","page","type-page","status-publish","hentry"],"_links":{"self":[{"href":"https:\/\/blogs.dickinson.edu\/huarpes-y-agua\/wp-json\/wp\/v2\/pages\/138","targetHints":{"allow":["GET"]}}],"collection":[{"href":"https:\/\/blogs.dickinson.edu\/huarpes-y-agua\/wp-json\/wp\/v2\/pages"}],"about":[{"href":"https:\/\/blogs.dickinson.edu\/huarpes-y-agua\/wp-json\/wp\/v2\/types\/page"}],"author":[{"embeddable":true,"href":"https:\/\/blogs.dickinson.edu\/huarpes-y-agua\/wp-json\/wp\/v2\/users\/2601"}],"replies":[{"embeddable":true,"href":"https:\/\/blogs.dickinson.edu\/huarpes-y-agua\/wp-json\/wp\/v2\/comments?post=138"}],"version-history":[{"count":0,"href":"https:\/\/blogs.dickinson.edu\/huarpes-y-agua\/wp-json\/wp\/v2\/pages\/138\/revisions"}],"wp:attachment":[{"href":"https:\/\/blogs.dickinson.edu\/huarpes-y-agua\/wp-json\/wp\/v2\/media?parent=138"}],"curies":[{"name":"wp","href":"https:\/\/api.w.org\/{rel}","templated":true}]}}