{"id":159,"date":"2018-04-19T14:56:34","date_gmt":"2018-04-19T14:56:34","guid":{"rendered":"http:\/\/blogs.dickinson.edu\/huarpes-y-agua\/?page_id=159"},"modified":"2018-05-09T15:30:42","modified_gmt":"2018-05-09T19:30:42","slug":"metodologia","status":"publish","type":"page","link":"https:\/\/blogs.dickinson.edu\/huarpes-y-agua\/es\/metodologia\/","title":{"rendered":"Metodolog\u00eda"},"content":{"rendered":"<p><span style=\"font-weight: 400\">Soy una estudiante norteamericana de los Estados Unidos. En agosto del 2016 vine a Mendoza para estudiar por un semestre de intercambio. Fue durante este periodo que aprend\u00ed sobre la comunidad Huarpe y sus dificultades en relaci\u00f3n con el agua. El problema me interes\u00f3 porque de inmediato vi semejanzas a lo que estaba ocurriendo en ese momento en mi pa\u00eds con el Dakota Access Pipeline. Quise aprender m\u00e1s sobre la situaci\u00f3n y busque informaci\u00f3n en art\u00edculos y peri\u00f3dicos pero casi no encontr\u00e9 historias personales de huarpes. Pregunte a amigos y conocidos de Mendoza para poder saber mas de esta comunidad y me di cuenta que a pesar de vivir en la misma provincia las personas de Mendoza sab\u00edan muy poco de la poblaci\u00f3n huarpe. <\/span><\/p>\n<p><span style=\"font-weight: 400\">Al volver a los Estados Unidos, solicit\u00e9 a una beca para regresar a Argentina. Logr\u00e9 conseguir una beca y pude volver a Mendoza en enero del 2018. Gracias a la generosidad y amabilidad de las personas que conoc\u00ed durante mi primera estad\u00eda en Mendoza, pude conectarme con miembros de la comunidad Huarpe. <\/span><\/p>\n<p><span style=\"font-weight: 400\">Antes de salir para Mendoza y como parte de la solicitud para mi beca, cree un cuestionario para entrevistar a personas de la comunidad Huarpe. Fue muy llamativo para mi el inter\u00e9s que tuvieron muchas personas de las comunidad de participar de este proyecto y de compartir sus experiencias y pensamientos conmigo. Para cada entrevista expliqu\u00e9 qui\u00e9n era, el proyecto que estaba haciendo, y c\u00f3mo me interes\u00e9 en el tema, y pedi permiso para compartir sus historias en este sitio web. Yo grab\u00e9 las entrevistas y las escuch\u00e9 una y otras vez mientras hac\u00eda este sitio. <\/span><\/p>\n","protected":false},"excerpt":{"rendered":"<p>Soy una estudiante norteamericana de los Estados Unidos. En agosto del 2016 vine a Mendoza para estudiar por un semestre de intercambio. Fue durante este periodo que aprend\u00ed sobre la comunidad Huarpe y sus dificultades en relaci\u00f3n con el agua. El problema me interes\u00f3 porque de inmediato vi semejanzas a lo que estaba ocurriendo en [&hellip;]<\/p>\n","protected":false},"author":2601,"featured_media":0,"parent":0,"menu_order":0,"comment_status":"closed","ping_status":"closed","template":"","meta":{"footnotes":""},"class_list":["post-159","page","type-page","status-publish","hentry"],"_links":{"self":[{"href":"https:\/\/blogs.dickinson.edu\/huarpes-y-agua\/wp-json\/wp\/v2\/pages\/159","targetHints":{"allow":["GET"]}}],"collection":[{"href":"https:\/\/blogs.dickinson.edu\/huarpes-y-agua\/wp-json\/wp\/v2\/pages"}],"about":[{"href":"https:\/\/blogs.dickinson.edu\/huarpes-y-agua\/wp-json\/wp\/v2\/types\/page"}],"author":[{"embeddable":true,"href":"https:\/\/blogs.dickinson.edu\/huarpes-y-agua\/wp-json\/wp\/v2\/users\/2601"}],"replies":[{"embeddable":true,"href":"https:\/\/blogs.dickinson.edu\/huarpes-y-agua\/wp-json\/wp\/v2\/comments?post=159"}],"version-history":[{"count":0,"href":"https:\/\/blogs.dickinson.edu\/huarpes-y-agua\/wp-json\/wp\/v2\/pages\/159\/revisions"}],"wp:attachment":[{"href":"https:\/\/blogs.dickinson.edu\/huarpes-y-agua\/wp-json\/wp\/v2\/media?parent=159"}],"curies":[{"name":"wp","href":"https:\/\/api.w.org\/{rel}","templated":true}]}}