{"id":165,"date":"2018-04-19T02:20:37","date_gmt":"2018-04-19T02:20:37","guid":{"rendered":"http:\/\/blogs.dickinson.edu\/huarpes-y-agua\/?page_id=165"},"modified":"2018-05-09T14:40:22","modified_gmt":"2018-05-09T18:40:22","slug":"soledad-2","status":"publish","type":"page","link":"https:\/\/blogs.dickinson.edu\/huarpes-y-agua\/es\/soledad-2\/","title":{"rendered":"Soledad"},"content":{"rendered":"<p><span style=\"font-weight: 400\">Soledad naci\u00f3 en Lavalle en 1991, lugar donde creci\u00f3 y donde a\u00fan reside. Durante su ni\u00f1ez, Soledad asisti\u00f3 a la escuela albergue en Asuncion, un pueblo Huarpe relativamente cerca de lo suyo. Aunque no tan cerca, por lo que Soledad y otros ni\u00f1os Huarpes se ve\u00edan obligados a vivir en la escuela. Desde los seis a\u00f1os, Soledad se acostumbr\u00f3 a pasar nueve d\u00edas en la escuela, y cinco en la casa. Recuerda la escuela con nostalgia y cari\u00f1o, sobre todo los juegos con los compa\u00f1eros, y las danzas folcl\u00f3ricas que aprend\u00eda en la escuela. <\/span><\/p>\n<p><span style=\"font-weight: 400\">Soledad habl\u00f3 sobre las injusticias sufridas a lo largo de la historia por el pueblo Huarpe, el cual antes de que el gobierno reconociera su derecho a las tierras ocupadas por ellos desde que los espa\u00f1oles se los empujaron all\u00ed, deb\u00eda someterse a aquellos que ven\u00edan a apropiarse de las tierras y que explotaban a los Huarpes oblig\u00e1ndolos a trabajar por una bolsa de harina y una bolsa de papas. Con respecto al agua, reconoce que el cambio clim\u00e1tico, la falta de lluvias que afecta el \u00e1rea donde ella reside ha dificultado el cultivo de alimentos para consumo. Soledad sabe de la sequia del rio Mendoza por las historias contadas por su padre, m\u00e1s recientemente Soledad aprendi\u00f3 m\u00e1s cuando visit\u00f3 los diques en una clase sobre hidr\u00e1ulica en la universidad.<\/span><\/p>\n<blockquote><p>\u201cLos hac\u00edan trabajar por una bolsa de harina; esto cambio cuando se formaron las comunidades.\u201d<\/p><\/blockquote>\n<div class=\"wp-playlist wp-audio-playlist wp-playlist-light\">\n\t\t\t<div class=\"wp-playlist-current-item\"><\/div>\n\t\t<audio controls=\"controls\" preload=\"none\" width=\"607\"\n\t\t\t><\/audio>\n\t<div class=\"wp-playlist-next\"><\/div>\n\t<div class=\"wp-playlist-prev\"><\/div>\n\t<noscript>\n\t<ol>\n\t\t<li><a href='https:\/\/blogs.dickinson.edu\/huarpes-y-agua\/files\/2018\/05\/Soledad-1.m4a'>Soledad-1<\/a><\/li>\t<\/ol>\n\t<\/noscript>\n\t<script type=\"application\/json\" class=\"wp-playlist-script\">{\"type\":\"audio\",\"tracklist\":false,\"tracknumbers\":true,\"images\":false,\"artists\":false,\"tracks\":[{\"src\":\"https:\/\/blogs.dickinson.edu\/huarpes-y-agua\/files\/2018\/05\/Soledad-1.m4a\",\"type\":\"audio\/mpeg\",\"title\":\"\",\"caption\":\"\",\"description\":\"Soledad\",\"meta\":{\"length_formatted\":\"26:10\"},\"image\":{\"src\":\"https:\/\/blogs.dickinson.edu\/huarpes-y-agua\/wp-includes\/images\/media\/audio.svg\",\"width\":48,\"height\":64},\"thumb\":{\"src\":\"https:\/\/blogs.dickinson.edu\/huarpes-y-agua\/wp-includes\/images\/media\/audio.svg\",\"width\":48,\"height\":64}}]}<\/script>\n<\/div>\n\t\n","protected":false},"excerpt":{"rendered":"<p>Soledad naci\u00f3 en Lavalle en 1991, lugar donde creci\u00f3 y donde a\u00fan reside. Durante su ni\u00f1ez, Soledad asisti\u00f3 a la escuela albergue en Asuncion, un pueblo Huarpe relativamente cerca de lo suyo. Aunque no tan cerca, por lo que Soledad y otros ni\u00f1os Huarpes se ve\u00edan obligados a vivir en la escuela. Desde los seis [&hellip;]<\/p>\n","protected":false},"author":2601,"featured_media":0,"parent":0,"menu_order":0,"comment_status":"closed","ping_status":"closed","template":"","meta":{"footnotes":""},"class_list":["post-165","page","type-page","status-publish","hentry"],"_links":{"self":[{"href":"https:\/\/blogs.dickinson.edu\/huarpes-y-agua\/wp-json\/wp\/v2\/pages\/165","targetHints":{"allow":["GET"]}}],"collection":[{"href":"https:\/\/blogs.dickinson.edu\/huarpes-y-agua\/wp-json\/wp\/v2\/pages"}],"about":[{"href":"https:\/\/blogs.dickinson.edu\/huarpes-y-agua\/wp-json\/wp\/v2\/types\/page"}],"author":[{"embeddable":true,"href":"https:\/\/blogs.dickinson.edu\/huarpes-y-agua\/wp-json\/wp\/v2\/users\/2601"}],"replies":[{"embeddable":true,"href":"https:\/\/blogs.dickinson.edu\/huarpes-y-agua\/wp-json\/wp\/v2\/comments?post=165"}],"version-history":[{"count":0,"href":"https:\/\/blogs.dickinson.edu\/huarpes-y-agua\/wp-json\/wp\/v2\/pages\/165\/revisions"}],"wp:attachment":[{"href":"https:\/\/blogs.dickinson.edu\/huarpes-y-agua\/wp-json\/wp\/v2\/media?parent=165"}],"curies":[{"name":"wp","href":"https:\/\/api.w.org\/{rel}","templated":true}]}}