{"id":168,"date":"2018-04-19T00:16:02","date_gmt":"2018-04-19T00:16:02","guid":{"rendered":"http:\/\/blogs.dickinson.edu\/huarpes-y-agua\/?page_id=168"},"modified":"2018-05-09T15:17:29","modified_gmt":"2018-05-09T19:17:29","slug":"el-dique-potrerillos","status":"publish","type":"page","link":"https:\/\/blogs.dickinson.edu\/huarpes-y-agua\/es\/el-dique-potrerillos\/","title":{"rendered":"El Dique Potrerillos"},"content":{"rendered":"<p>La represa de Potrerillos crea una enorme reserva de agua en las estribaciones de los Andes. Cuando termin\u00f3 la construcci\u00f3n en 2003, caus\u00f3 la sequedad del r\u00edo Mendoza y la Laguna de Rosario. La construcci\u00f3n de la presa fue iniciada por el gobierno en un intento de mejorar el acceso al agua para quienes viven en la ciudad. Sin embargo, la comunidad Huarpe que vive en Lavalle, que se ve perjudicada por la represa, no fue consultada ni indemnizada.<\/p>\n<h5>Agricultura y pesca<\/h5>\n<p>La agricultura ha sido un recurso econ\u00f3mico fundamental para la comunidad, as\u00ed como una herramienta clave en la cr\u00eda de ganado. Despu\u00e9s de la construcci\u00f3n de la represa, muchas personas hablaron del cambio en el clima que hizo que el \u00e1rea ya no fuera adecuada para el cultivo. El trigo fue uno de los principales cultivos cultivados en el \u00e1rea. El gobierno amenaza a las personas con multas para aquellos que intenten usar el agua contaminada con ars\u00e9nico del acuaducto para regar cultivos o ganado.<\/p>\n<p>Laguna de Rosario fue una importante fuente de alimentos para las comunidades Huarpe que viven muy cerca de la laguna. Varios participantes expresaron que el gobierno afirm\u00f3 que dejar\u00eda pasar suficiente agua m\u00e1s all\u00e1 de la presa para mantener suficiente la vida acu\u00e1tica y de los peces, pero esto ha permanecido en gran parte incierto.<\/p>\n<h5>Ganado<\/h5>\n<p>La comunidad Huarpe es conocida por su cultivo de cabras o chivos. El r\u00edo era una importante fuente de agua para sus animales; Un entrevistado explic\u00f3 que dejaban salir a las cabras por la ma\u00f1ana para ir al r\u00edo y recogerlas por la noche. Mucha gente coment\u00f3 sobre la muerte de las cabras con la desaparici\u00f3n del r\u00edo.<\/p>\n<h5>Artesan\u00eda<\/h5>\n<p>La artesan\u00eda com\u00fan en esta regi\u00f3n est\u00e1 hecha con lana, lana y cuero, y cuero solo. Sin el ganado, las materias primas son mucho m\u00e1s dif\u00edciles de conseguir. Los artesanos hac\u00edan pulseras, cinturones, bolsos, frazadas y otros productos. Los animales eran utilizados en su totalidad para hacer estas artesanias por medio de las cuales la comunidad obtenia su sustento.<\/p>\n","protected":false},"excerpt":{"rendered":"<p>La represa de Potrerillos crea una enorme reserva de agua en las estribaciones de los Andes. Cuando termin\u00f3 la construcci\u00f3n en 2003, caus\u00f3 la sequedad del r\u00edo Mendoza y la Laguna de Rosario. La construcci\u00f3n de la presa fue iniciada por el gobierno en un intento de mejorar el acceso al agua para quienes viven [&hellip;]<\/p>\n","protected":false},"author":2601,"featured_media":0,"parent":0,"menu_order":0,"comment_status":"closed","ping_status":"closed","template":"","meta":{"footnotes":""},"class_list":["post-168","page","type-page","status-publish","hentry"],"_links":{"self":[{"href":"https:\/\/blogs.dickinson.edu\/huarpes-y-agua\/wp-json\/wp\/v2\/pages\/168","targetHints":{"allow":["GET"]}}],"collection":[{"href":"https:\/\/blogs.dickinson.edu\/huarpes-y-agua\/wp-json\/wp\/v2\/pages"}],"about":[{"href":"https:\/\/blogs.dickinson.edu\/huarpes-y-agua\/wp-json\/wp\/v2\/types\/page"}],"author":[{"embeddable":true,"href":"https:\/\/blogs.dickinson.edu\/huarpes-y-agua\/wp-json\/wp\/v2\/users\/2601"}],"replies":[{"embeddable":true,"href":"https:\/\/blogs.dickinson.edu\/huarpes-y-agua\/wp-json\/wp\/v2\/comments?post=168"}],"version-history":[{"count":0,"href":"https:\/\/blogs.dickinson.edu\/huarpes-y-agua\/wp-json\/wp\/v2\/pages\/168\/revisions"}],"wp:attachment":[{"href":"https:\/\/blogs.dickinson.edu\/huarpes-y-agua\/wp-json\/wp\/v2\/media?parent=168"}],"curies":[{"name":"wp","href":"https:\/\/api.w.org\/{rel}","templated":true}]}}