{"id":52,"date":"2018-04-19T02:20:28","date_gmt":"2018-04-19T02:20:28","guid":{"rendered":"http:\/\/blogs.dickinson.edu\/huarpes-y-agua\/?page_id=52"},"modified":"2018-05-09T14:33:10","modified_gmt":"2018-05-09T18:33:10","slug":"diego","status":"publish","type":"page","link":"https:\/\/blogs.dickinson.edu\/huarpes-y-agua\/diego\/","title":{"rendered":"Diego"},"content":{"rendered":"<p><span style=\"font-weight: 400\">Diego Barros is the President of the Huarpe community as well as a smaller of 11 communities that form this, called Asunci\u00f3n. \u00a0When we sat down together, and he asked me what I wanted to know. I told him \u201canything there is to know about water in your community\u201d. \u00a0For the next two hours, he spoke of a multitude of problems including the loss of their economic prosperity with the loss of the river, the government&#8217;s attempts to persuade the community they could dump the arsenic filtered out of their water back into their wells, and the irony of the government promoting hand washing when there wasn\u2019t even enough water to drink. \u00a0His dedication to activism for his community was inspiring, and his vast knowledge on the subject was impressive.<\/span><\/p>\n<blockquote><p>\u201cNosotros hoy tenemos un problema grave, muy grave sobre el tema del agua \u2026 A ra\u00edz de la creaci\u00f3n del dique se nos corta el agua durante 15 a\u00f1os, entonces hay una sequ\u00eda muy grande que nos afecta en la producci\u00f3n ganadera y huerta\u201d<\/p>\n<p>&#8220;Today we have a serious problem, a very serious one concerning water &#8230; As a result of the creation of the dam our water has been cut off for 15 years, because of this, there is a pervasive drought that affects the livestock and farming.&#8221;<\/p><\/blockquote>\n<div class=\"wp-playlist wp-audio-playlist wp-playlist-light\">\n\t\t\t<div class=\"wp-playlist-current-item\"><\/div>\n\t\t<audio controls=\"controls\" preload=\"none\" width=\"607\"\n\t\t\t><\/audio>\n\t<div class=\"wp-playlist-next\"><\/div>\n\t<div class=\"wp-playlist-prev\"><\/div>\n\t<noscript>\n\t<ol>\n\t\t<li><a href='https:\/\/blogs.dickinson.edu\/huarpes-y-agua\/files\/2018\/05\/Diego-1.m4a'>Diego-1<\/a><\/li>\t<\/ol>\n\t<\/noscript>\n\t<script type=\"application\/json\" class=\"wp-playlist-script\">{\"type\":\"audio\",\"tracklist\":false,\"tracknumbers\":true,\"images\":false,\"artists\":false,\"tracks\":[{\"src\":\"https:\/\/blogs.dickinson.edu\/huarpes-y-agua\/files\/2018\/05\/Diego-1.m4a\",\"type\":\"audio\/mpeg\",\"title\":\"\",\"caption\":\"\",\"description\":\"\\\"Diego\\\".\",\"meta\":{\"length_formatted\":\"1:53:04\"},\"image\":{\"src\":\"https:\/\/blogs.dickinson.edu\/huarpes-y-agua\/wp-includes\/images\/media\/audio.svg\",\"width\":48,\"height\":64},\"thumb\":{\"src\":\"https:\/\/blogs.dickinson.edu\/huarpes-y-agua\/wp-includes\/images\/media\/audio.svg\",\"width\":48,\"height\":64}}]}<\/script>\n<\/div>\n\t\n","protected":false},"excerpt":{"rendered":"<p>Diego Barros is the President of the Huarpe community as well as a smaller of 11 communities that form this, called Asunci\u00f3n. \u00a0When we sat down together, and he asked me what I wanted to know. I told him \u201canything there is to know about water in your community\u201d. \u00a0For the next two hours, he [&hellip;]<\/p>\n","protected":false},"author":2601,"featured_media":0,"parent":0,"menu_order":0,"comment_status":"closed","ping_status":"closed","template":"","meta":{"footnotes":""},"class_list":["post-52","page","type-page","status-publish","hentry"],"_links":{"self":[{"href":"https:\/\/blogs.dickinson.edu\/huarpes-y-agua\/wp-json\/wp\/v2\/pages\/52","targetHints":{"allow":["GET"]}}],"collection":[{"href":"https:\/\/blogs.dickinson.edu\/huarpes-y-agua\/wp-json\/wp\/v2\/pages"}],"about":[{"href":"https:\/\/blogs.dickinson.edu\/huarpes-y-agua\/wp-json\/wp\/v2\/types\/page"}],"author":[{"embeddable":true,"href":"https:\/\/blogs.dickinson.edu\/huarpes-y-agua\/wp-json\/wp\/v2\/users\/2601"}],"replies":[{"embeddable":true,"href":"https:\/\/blogs.dickinson.edu\/huarpes-y-agua\/wp-json\/wp\/v2\/comments?post=52"}],"version-history":[{"count":0,"href":"https:\/\/blogs.dickinson.edu\/huarpes-y-agua\/wp-json\/wp\/v2\/pages\/52\/revisions"}],"wp:attachment":[{"href":"https:\/\/blogs.dickinson.edu\/huarpes-y-agua\/wp-json\/wp\/v2\/media?parent=52"}],"curies":[{"name":"wp","href":"https:\/\/api.w.org\/{rel}","templated":true}]}}