{"id":60,"date":"2018-04-19T02:22:04","date_gmt":"2018-04-19T02:22:04","guid":{"rendered":"http:\/\/blogs.dickinson.edu\/huarpes-y-agua\/?page_id=60"},"modified":"2018-05-09T15:19:01","modified_gmt":"2018-05-09T19:19:01","slug":"angela","status":"publish","type":"page","link":"https:\/\/blogs.dickinson.edu\/huarpes-y-agua\/angela\/","title":{"rendered":"Angela"},"content":{"rendered":"<p><span style=\"font-weight: 400\">Angela works in the Asunci\u00f3n medical office. \u00a0It is a small, white structure with a tidy front desk area. \u00a0When we arrived in Asunci\u00f3n, looking for Diego Barros, we stopped at the office and asked the two women chatting outside. \u00a0One of those women was Angela, she had seen Diego\u2019s truck go by on his way out of the community earlier that morning and became interested in the project. \u00a0<\/span><\/p>\n<p><span style=\"font-weight: 400\">During our interview, she shared with me how life in general in their community was losing many precious aspects. \u00a0In earlier years, holiday celebrations would last days on end and the whole community would come together to celebrate. \u00a0As I asked her more about water she told me the amplitude of the impacts the loss of the river and other water sources had had. \u00a0As the river, the lake, and the climate dried, so did their agricultural sustenance, their livestock. These losses were not only losses for their own food sources, but economic sustenance as well.<\/span><\/p>\n<blockquote><p>\u201cTenemos agua para tomar pero el tema del agua ac\u00e1 en Lavalle es que toda el agua tiene ars\u00e9nico. Y el ars\u00e9nico es una sustancia que te va da\u00f1ando much\u00edsimo sin que te des cuenta&#8221;<\/p>\n<p>&#8220;We have water to drink but the problem with the water here in Lavalle is that all the water contains arsenic. And the arsenic is a substance that has strong negative effects without you realizing it.&#8221;<\/p><\/blockquote>\n<p>&nbsp;<\/p>\n<audio class=\"wp-audio-shortcode\" id=\"audio-60-1\" preload=\"none\" style=\"width: 100%;\" controls=\"controls\"><source type=\"audio\/mpeg\" src=\"http:\/\/blogs.dickinson.edu\/huarpes-y-agua\/files\/2018\/05\/Angela20180116-115948.m4a?_=1\" \/><a href=\"http:\/\/blogs.dickinson.edu\/huarpes-y-agua\/files\/2018\/05\/Angela20180116-115948.m4a\">http:\/\/blogs.dickinson.edu\/huarpes-y-agua\/files\/2018\/05\/Angela20180116-115948.m4a<\/a><\/audio>\n","protected":false},"excerpt":{"rendered":"<p>Angela works in the Asunci\u00f3n medical office. \u00a0It is a small, white structure with a tidy front desk area. \u00a0When we arrived in Asunci\u00f3n, looking for Diego Barros, we stopped at the office and asked the two women chatting outside. \u00a0One of those women was Angela, she had seen Diego\u2019s truck go by on his [&hellip;]<\/p>\n","protected":false},"author":2601,"featured_media":0,"parent":0,"menu_order":0,"comment_status":"closed","ping_status":"closed","template":"","meta":{"footnotes":""},"class_list":["post-60","page","type-page","status-publish","hentry"],"_links":{"self":[{"href":"https:\/\/blogs.dickinson.edu\/huarpes-y-agua\/wp-json\/wp\/v2\/pages\/60","targetHints":{"allow":["GET"]}}],"collection":[{"href":"https:\/\/blogs.dickinson.edu\/huarpes-y-agua\/wp-json\/wp\/v2\/pages"}],"about":[{"href":"https:\/\/blogs.dickinson.edu\/huarpes-y-agua\/wp-json\/wp\/v2\/types\/page"}],"author":[{"embeddable":true,"href":"https:\/\/blogs.dickinson.edu\/huarpes-y-agua\/wp-json\/wp\/v2\/users\/2601"}],"replies":[{"embeddable":true,"href":"https:\/\/blogs.dickinson.edu\/huarpes-y-agua\/wp-json\/wp\/v2\/comments?post=60"}],"version-history":[{"count":0,"href":"https:\/\/blogs.dickinson.edu\/huarpes-y-agua\/wp-json\/wp\/v2\/pages\/60\/revisions"}],"wp:attachment":[{"href":"https:\/\/blogs.dickinson.edu\/huarpes-y-agua\/wp-json\/wp\/v2\/media?parent=60"}],"curies":[{"name":"wp","href":"https:\/\/api.w.org\/{rel}","templated":true}]}}