{"id":40,"date":"2024-12-03T12:56:39","date_gmt":"2024-12-03T12:56:39","guid":{"rendered":"https:\/\/blogs.dickinson.edu\/iab\/?page_id=40"},"modified":"2024-12-03T14:23:53","modified_gmt":"2024-12-03T14:23:53","slug":"vorstand","status":"publish","type":"page","link":"https:\/\/blogs.dickinson.edu\/iab\/vorstand\/","title":{"rendered":"Vorstand"},"content":{"rendered":"<h4>Pr\u00e4sidentin<\/h4>\n<p>Doren Wohlleben, Philipps-Universit\u00e4t Marburg (D)<br \/>\nemail:\u00a0<a href=\"mailto:doren.wohlleben@uni-marburg.de\">doren.wohlleben@uni-marburg.de<\/a><\/p>\n<h4>Vize-Pr\u00e4sidentin<\/h4>\n<p>Sarah McGaughey, Dickinson College (USA)<br \/>\nemail:\u00a0<a href=\"mailto:mcgaughs@dickinson.edu\">mcgaughs@dickinson.edu<\/a><\/p>\n<p>&nbsp;<\/p>\n<h4>Ehrenmitglied, ehemaliger Pr\u00e4sident<\/h4>\n<p>Paul Michael L\u00fctzeler, Washington University in St. Louis (USA)<br \/>\nemail:\u00a0<a href=\"mailto:jahrbuch@wustl.edu\">jahrbuch@wustl.edu<\/a><\/p>\n<h4>Mitglieder des Vorstands<\/h4>\n<p>Elena Agazzi, Univ. Bergamo (IT)<br \/>\nemail:\u00a0<a title=\"\" href=\"mailto:elena.agazzi@unibg.it\">elena.agazzi@unibg.it<\/a><\/p>\n<p>Graham Bartram, Univ. Lancaster (UK)<br \/>\nemail:\u00a0<a href=\"mailto:g.bartram@lancaster.ac.uk\">g.bartram@lancaster.ac.uk<\/a><\/p>\n<p>Thomas Borgard, Univ. M\u00fcnchen (D)<br \/>\nemail:\u00a0<a href=\"mailto:borgard@daf.lmu.de\">borgard@daf.lmu.de<\/a><\/p>\n<p>Bernhard Fetz, \u00d6sterreichisches Literaturarchiv, Wien (A)<br \/>\nemail:\u00a0<a href=\"mailto:bernhard.fetz@onb.ac.at\">bernhard.fetz@onb.ac.at<\/a><\/p>\n<p>Endre Kiss, Univ. Budapest (HU)<br \/>\nemail:\u00a0<a href=\"mailto:andkiss@hu.inter.net\">andkiss@hu.inter.net<\/a><\/p>\n<p>J\u00fcrgen Heizmann, Universit\u00e9 de Montr\u00e9al (CA)<br \/>\nemail:\u00a0<a href=\"mailto:jurgen.heizmann@umontreal.ca\">jurgen.heizmann@umontreal.ca<\/a><\/p>\n<p>Vivian Liska, University of Antwerp (B)<br \/>\nemail:\u00a0<a href=\"mailto:vivian.liska@uantwerpen.be\">vivian.liska@uantwerpen.be<\/a><\/p>\n<p>Barbara Mahlmann, Univ. Bern (CH)<br \/>\nemail:\u00a0<a href=\"mailto:barbara.mahlmann.unibe.ch\">barbara.mahlmann@germ.unibe.ch<\/a><\/p>\n<p>Christine Maillard, Univ. Marc Bloch, Stra\u00dfbourg (F)<br \/>\nemail:\u00a0<a href=\"mailto:maillard.christine@wanadoo.fr\">maillard.christine@wanadoo.fr<\/a><\/p>\n<p>Gabriella R\u00e1cz, Pan. Univ. Veszpr\u00e9m (HU)<br \/>\nemail:\u00a0<a href=\"mailto:raczga@almos.vein.hu\">raczga@almos.vein.hu<\/a><\/p>\n<p>Zaneta Sambunjak, University of Zadar (HRV)<br \/>\nemail:\u00a0<a href=\"mailto:zsamb@unizd.hr\">zsamb@unizd.hr<\/a><\/p>\n<p>Sigurd Paul Scheichl, Univ. Innsbruck (A)<br \/>\nemail:\u00a0<a href=\"mailto:sigurd.p.scheichl@uibk.ac.at\">sigurd.p.scheichl@uibk.ac.at<\/a><\/p>\n<p>Alice Sta\u0161kov\u00e1, Freie Universit\u00e4t Berlin (D)<br \/>\nemail:\u00a0<a href=\"mailto:staskova@zedat.fu-berlin.de\">staskova@zedat.fu-berlin.de<\/a><\/p>\n<p>Friedrich Vollhardt, Univ. M\u00fcnchen (D)<br \/>\nemail:\u00a0<a href=\"mailto:friedrich.vollhardt@germanistik.uni-muenchen.de\">friedrich.vollhardt@germanistik.uni-muenchen.de<\/a><\/p>\n<p>Daniel Weidner, Martin-Luther-Universit\u00e4t, Halle-Wittenberg (D)<br \/>\nemail:\u00a0<a href=\"mailto:daniel.weidner@germanistik.uni-halle.de\">daniel.weidner@germanistik.uni-halle.de<\/a><\/p>\n<p>Tomislav Zeli\u0107, Univ. Zadar (HRV)<br \/>\nemail:\u00a0<a href=\"mailto:zelic@unizd.hr\">zelict@unizd.hr<\/a><\/p>\n<h4>Ehrenmitglieder<\/h4>\n<p>Wolfgang Kaussen (Suhrkamp Verlag, Berlin)<br \/>\nemail:\u00a0<a href=\"mailto:kaussen@suhrkamp.de\">kaussen@suhrkamp.de<\/a><\/p>\n<p>Michael Kessler, T\u00fcbingen (D)<br \/>\nemail:\u00a0<a href=\"mailto:m.kessler44@web.de\">m.kessler44@web.de<\/a><\/p>\n<p>Christa Sammons, Yale University (USA)<br \/>\nemail:\u00a0<a href=\"mailto:christa.sammons@yale.edu\">christa.sammons@yale.edu<\/a><\/p>\n<h4>Site Admin<\/h4>\n<p>Sarah McGaughey, Dickinson College (USA)<br \/>\nemail:\u00a0<a href=\"mailto:mcgaughs@dickinson.edu\">mcgaughs@dickinson.edu<\/a><\/p>\n","protected":false},"excerpt":{"rendered":"<p>Pr\u00e4sidentin Doren Wohlleben, Philipps-Universit\u00e4t Marburg (D) email:\u00a0doren.wohlleben@uni-marburg.de Vize-Pr\u00e4sidentin Sarah McGaughey, Dickinson College (USA) email:\u00a0mcgaughs@dickinson.edu &nbsp; Ehrenmitglied, ehemaliger Pr\u00e4sident Paul Michael L\u00fctzeler, Washington University in St. Louis (USA) email:\u00a0jahrbuch@wustl.edu Mitglieder des Vorstands Elena Agazzi, Univ. Bergamo (IT) email:\u00a0elena.agazzi@unibg.it Graham Bartram, Univ. Lancaster (UK) email:\u00a0g.bartram@lancaster.ac.uk Thomas Borgard, Univ. M\u00fcnchen (D) email:\u00a0borgard@daf.lmu.de Bernhard Fetz, \u00d6sterreichisches Literaturarchiv, Wien (A) [&hellip;]<\/p>\n","protected":false},"author":282,"featured_media":0,"parent":0,"menu_order":0,"comment_status":"closed","ping_status":"closed","template":"","meta":{"footnotes":""},"class_list":["post-40","page","type-page","status-publish","hentry","post","no-featured-image"],"_links":{"self":[{"href":"https:\/\/blogs.dickinson.edu\/iab\/wp-json\/wp\/v2\/pages\/40","targetHints":{"allow":["GET"]}}],"collection":[{"href":"https:\/\/blogs.dickinson.edu\/iab\/wp-json\/wp\/v2\/pages"}],"about":[{"href":"https:\/\/blogs.dickinson.edu\/iab\/wp-json\/wp\/v2\/types\/page"}],"author":[{"embeddable":true,"href":"https:\/\/blogs.dickinson.edu\/iab\/wp-json\/wp\/v2\/users\/282"}],"replies":[{"embeddable":true,"href":"https:\/\/blogs.dickinson.edu\/iab\/wp-json\/wp\/v2\/comments?post=40"}],"version-history":[{"count":0,"href":"https:\/\/blogs.dickinson.edu\/iab\/wp-json\/wp\/v2\/pages\/40\/revisions"}],"wp:attachment":[{"href":"https:\/\/blogs.dickinson.edu\/iab\/wp-json\/wp\/v2\/media?parent=40"}],"curies":[{"name":"wp","href":"https:\/\/api.w.org\/{rel}","templated":true}]}}