{"id":43,"date":"2024-12-03T12:56:39","date_gmt":"2024-12-03T12:56:39","guid":{"rendered":"https:\/\/blogs.dickinson.edu\/iab\/?page_id=43"},"modified":"2026-01-14T14:19:10","modified_gmt":"2026-01-14T14:19:10","slug":"aktuelles","status":"publish","type":"page","link":"https:\/\/blogs.dickinson.edu\/iab\/aktuelles\/","title":{"rendered":"Aktuelles"},"content":{"rendered":"<h4>Moden in der Moderne mit Bezug zur Hermann-Broch-Forschung<br \/>\nHybrider Workshop, 18.-19. Juni 2026<br \/>\nOnline und an der Universit\u00e4t Marburg<\/h4>\n<p><a href=\"#CfP Englisch\">CfP auf Englisch<\/a><\/p>\n<p>Um neue Themen in der Broch-Forschung zu eruieren, l\u00e4dt der <em>Internationale Arbeitskreis Hermann Broch<\/em> (IAB) zur Teilnahme an einem hybriden Workshop ein, der sich mit <em>Moden in der Moderne<\/em> im Hinblick auf\u00a0Brochs Werke\u00a0befasst\u00a0\u2013 von der Literatur\u00a0bis zur\u00a0Philosophie,\u00a0von der\u00a0Architektur bis zur Mathematik.<\/p>\n<p>Prof. Dr. Doren Wohlleben (IAB-Pr\u00e4sidentin, Universit\u00e4t Marburg) und Prof. Sarah McGaughey (IAB-Vize-Pr\u00e4sidentin, Dickinson College, Carlisle) werden den\u00a0zweisprachigen\u00a0Workshop gemeinsam leiten\u00a0mit folgenden\u00a0Zielen<\/p>\n<ul>\n<li>einen informellen Raum f\u00fcr die Pr\u00e4sentation neuer Forschungsarbeiten zu bieten<\/li>\n<\/ul>\n<ul>\n<li>Verbindungen zwischen den IAB-Mitgliedern herzustellen<\/li>\n<\/ul>\n<ul>\n<li>ausgew\u00e4hlte Passagen aus Brochs Werk zu diskutieren und<\/li>\n<\/ul>\n<ul>\n<li>Ideen f\u00fcr zuk\u00fcnftige Konferenzen und Programme im Zusammenhang mit dem Werk von Hermann Broch zu entwickeln.<\/li>\n<\/ul>\n<p>Bewerber*innen\u00a0werden gebeten,\u00a0eine Biografie (100 W\u00f6rter) und\u00a0eine kurze Zusammenfassung (250-300 W\u00f6rter) in deutscher oder englischer Sprache einzureichen, in der sie\u00a0ein\u00a0aktuelles Projekt beschreiben.\u00a0Besonders ber\u00fccksichtigt\u00a0werden\u00a0Bewerber*innen, die neu in die Broch-Forschung einsteigen, gerne auch Masterand*innen und Doktorand*innen,\u00a0sowie\u00a0etablierte Wissenschaftler*innen und IAB-Mitglieder, die ein neues Thema im Zusammenhang mit dem Werk von Hermann Broch erforschen wollen.<\/p>\n<p>Bewerbungen\u00a0k\u00f6nnen bis zum\u00a0<strong>11.\u00a0Mai 2026<\/strong>\u00a0an Prof. Sarah McGaughey (<a href=\"mailto:mcgaughs@dickinson.edu\">mcgaughs@dickinson.edu<\/a>)\u00a0gesendet\u00a0werden.\u00a0Der Workshop findet am Donnerstag und Freitag, den 18. und 19. Juni 2026, an der Philipps-Universit\u00e4t Marburg und via Zoom statt.<\/p>\n<p>&nbsp;<\/p>\n<p>Das IAB wurde 2001 gegr\u00fcndet und hat derzeit weltweit etwa 230 Mitglieder.\u00a0Die Gruppe\u00a0f\u00f6rdert\u00a0die Gemeinschaft, die Vernetzung und die Wissenschaft unter\u00a0all denen, die sich mit dem Werk von Hermann Broch (1886-1951) besch\u00e4ftigen. Website: <a href=\"https:\/\/iab.dickinson.edu\/\" target=\"_blank\" rel=\"noopener\">https:\/\/iab.dickinson.edu\/<\/a><\/p>\n<p>&nbsp;<\/p>\n<p><a name=\"CfP Englisch\"><\/a><strong>Hybrid Workshop on trends in modernity related to Hermann Broch Studies (June, 18-19, 2026)<\/strong><\/p>\n<p>To explore new themes in Broch Studies\u00a0and create a vibrant community of scholars, the International Working Group on Hermann Broch (<em>Internationaler\u00a0Arbeitskreis\u00a0Hermann Broch<\/em>, IAB)\u00a0invites applications\u00a0to\u00a0participate\u00a0in\u00a0a hybrid workshop\u00a0in German and English\u00a0on trends and fashions in modernity. From literature to philosophy and mathematics to architecture, this workshop aims to look at the ways in which Broch\u2019s work follows and anticipates trends in modernity.<\/p>\n<p>Prof. Dr. Doren Wohlleben (IAB-President, University of Marburg) and Prof. Sarah McGaughey (IAB-Vice-President, Dickinson College, Carlisle) will co-facilitate the workshop which aims to<\/p>\n<ul>\n<li>provide an informal space to present new work<\/li>\n<\/ul>\n<ul>\n<li>create connections amongst IAB membership<\/li>\n<\/ul>\n<ul>\n<li>discuss selected passages of Broch\u2019s work<\/li>\n<\/ul>\n<ul>\n<li>generate ideas for future conferences and programming related to the work of Hermann Broch<\/li>\n<\/ul>\n<p>Applicants must provide a short abstract (250-300 words)\u00a0in German or English\u00a0describing their current project and a biography (100 words). Those who are new to scholarship on Broch\u00a0and more established scholars who are looking to explore a new topic related to the works of Hermann Broch\u00a0will be preferred, but we will also consider applications of\u00a0current active members.<\/p>\n<p>Applications are due by\u00a0<strong>May\u00a011,\u00a02026\u00a0<\/strong>and should be sent to Sarah McGaughey (mcgaughs@dickinson.edu). The workshop will take place\u00a0via Zoom and at the University of Marburg on Thursday and Friday, June 18 and 19, 2026.<\/p>\n<p>&nbsp;<\/p>\n<p>Established in 2001, the IAB has a current worldwide membership of approximately 230 scholars and artists.\u00a0The group was formed to promote community, networking, and scholarship amongst all those working on the work of Hermann Broch (1886-1951).\u00a0Website:\u00a0<a href=\"https:\/\/iab.dickinson.edu\/\">https:\/\/iab.dickinson.edu\/<\/a><\/p>\n<h4>Hermann-Broch-Veranstaltung in S\u00fcdkorea<\/h4>\n<p>Am 14. Juni hat der Verein Bridge VnG einen Hermann-Broch-Nachmittag mit Vortrag\/Lesung und musikalischen Beitr\u00e4gen in Seoul durchgef\u00fchrt. IAB-Mitglied Pablo Vivanco hat den Verein vertreten. Den Reaktionen zufolge hat dieser Nachmittag das Interesse an Broch geweckt. Ein Exemplar der &#8220;Schlafwandler&#8221; in koreanischer \u00dcbersetzung w\u00fcrde an eine Mitarbeiterin der st\u00e4dtischen Bibliothek von Seoul \u00fcberreicht.<\/p>\n<h4>Hermann Brochs Korrespondenzen und Lekt\u00fcren. Internationale Netzwerke<\/h4>\n<p>Ein Symposium an der Universit\u00e0 degli Studi di Bergamo am 29. und 30. Mai 2025.<br \/>\nDas gesamte Programm und weitere Information zur Organisation befindet sich auf der <a href=\"https:\/\/blogs.dickinson.edu\/iab\/symposien\/#Tagungen2025\">Symposien-Seite<\/a>.<\/p>\n<p>&nbsp;<\/p>\n<p style=\"text-align: center\">Falls Sie weitere Informationen auf der Website gelistet haben m\u00f6chten, schreiben Sie bitte an:\u00a0\u00a0<a href=\"mailto:mcgaughs@dickinson.edu\">mcgaughs@dickinson.edu<\/a><\/p>\n","protected":false},"excerpt":{"rendered":"<p>Moden in der Moderne mit Bezug zur Hermann-Broch-Forschung Hybrider Workshop, 18.-19. Juni 2026 Online und an der Universit\u00e4t Marburg CfP auf Englisch Um neue Themen in der Broch-Forschung zu eruieren, l\u00e4dt der Internationale Arbeitskreis Hermann Broch (IAB) zur Teilnahme an einem hybriden Workshop ein, der sich mit Moden in der Moderne im Hinblick auf\u00a0Brochs Werke\u00a0befasst\u00a0\u2013 [&hellip;]<\/p>\n","protected":false},"author":282,"featured_media":0,"parent":0,"menu_order":0,"comment_status":"closed","ping_status":"closed","template":"","meta":{"footnotes":""},"class_list":["post-43","page","type-page","status-publish","hentry","post","no-featured-image"],"_links":{"self":[{"href":"https:\/\/blogs.dickinson.edu\/iab\/wp-json\/wp\/v2\/pages\/43","targetHints":{"allow":["GET"]}}],"collection":[{"href":"https:\/\/blogs.dickinson.edu\/iab\/wp-json\/wp\/v2\/pages"}],"about":[{"href":"https:\/\/blogs.dickinson.edu\/iab\/wp-json\/wp\/v2\/types\/page"}],"author":[{"embeddable":true,"href":"https:\/\/blogs.dickinson.edu\/iab\/wp-json\/wp\/v2\/users\/282"}],"replies":[{"embeddable":true,"href":"https:\/\/blogs.dickinson.edu\/iab\/wp-json\/wp\/v2\/comments?post=43"}],"version-history":[{"count":5,"href":"https:\/\/blogs.dickinson.edu\/iab\/wp-json\/wp\/v2\/pages\/43\/revisions"}],"predecessor-version":[{"id":260,"href":"https:\/\/blogs.dickinson.edu\/iab\/wp-json\/wp\/v2\/pages\/43\/revisions\/260"}],"wp:attachment":[{"href":"https:\/\/blogs.dickinson.edu\/iab\/wp-json\/wp\/v2\/media?parent=43"}],"curies":[{"name":"wp","href":"https:\/\/api.w.org\/{rel}","templated":true}]}}