{"id":44,"date":"2024-12-03T12:56:39","date_gmt":"2024-12-03T12:56:39","guid":{"rendered":"https:\/\/blogs.dickinson.edu\/iab\/?page_id=44"},"modified":"2025-05-26T06:02:07","modified_gmt":"2025-05-26T06:02:07","slug":"publikation","status":"publish","type":"page","link":"https:\/\/blogs.dickinson.edu\/iab\/publikation\/","title":{"rendered":"Publikationen"},"content":{"rendered":"<h4>Prim\u00e4rliteratur<\/h4>\n<p>Hauptwerk im digitalen Format (PDF) sowie Paul Michael L\u00fctzelers Broch-Biografie sind unter der ISBN erh\u00e4ltlich:<\/p>\n<p style=\"padding-left: 80px\">Broch, Hermann: <em>Das dichterische Werk<\/em>, 9783518750810 (oder 75081)<\/p>\n<p style=\"padding-left: 80px\">Broch, Hermann: <em>Das essayistische Werk und Briefe<\/em>, 9783518750919 (oder 75091)<\/p>\n<p style=\"padding-left: 80px\">L\u00fctzeler, Paul Michael: <em>Hermann Broch<\/em>, 9783518751015<\/p>\n<p style=\"padding-left: 80px\">Alle B\u00e4nde der Kommentierte Werkausgabe sind als Print on Demand (PoD) erh\u00e4ltlich und sind bei Buchhandlungen bestellbar.<\/p>\n<p><a href=\"https:\/\/www.aau.at\/universitaetsbibliothek-klagenfurt\/sondersammlungen\/broch-bibliothek\/\" target=\"_blank\" rel=\"noopener\">Elektronische Suche von Brochs Wiener Bibliothek<\/a> an der Alpen-Adria Universit\u00e4t Klagenfurt<\/p>\n<p>Broch, Hermann. <em>Esch oder die Anarchie<\/em>. Hg. und mit einem Nachwort von Bernhard Fetz. Reihe \u00d6sterreichs Eigensinn. Jung und Jung, 2018.<\/p>\n<p>Hib, K. L. (Broch, Hermann). \u201c\u2018Ein offizi\u00f6ser Gschaftlhuber der Kultur\u2019 (1918).\u201d Hg. von Jennifer Jenkins. <em>Studia austriaca<\/em> 26 (2018): 5-17.<\/p>\n<p>&#8212;. \u201c\u2018Ungedrucktes aus dem Duxer Casanova-Archiv\u2019 (1918).\u201d Hg. von Jennifer Jenkins. <em>Deutsche Vierteljahrsschrift f\u00fcr Literaturwissenschaft und Geistesgeschichte<\/em> 91.3 (2017): 311-20.<\/p>\n<p>L\u00fctzeler, Paul Michael, Hg. <em>Hermann Broch &#8212; Frank Thiess Briefwechsel: 1929-1938 | 1948-1951<\/em>. Wallstein, 2018.<\/p>\n<h5>Kunsteditionen<\/h5>\n<p>Anselm Roehr. <em>Zeichnungen &#8211; Hermann Broch &#8216;Der Tod des Vergil&#8217;<\/em> (Verlag Ulrich Keicher, 2009).<\/p>\n<p style=\"padding-left: 80px\">Ausgew\u00e4hlte Texte. Mit 32 ganzseitigen Zeichnungen und einer Einf\u00fchrung von Durs Gr\u00fcnbein. 144 Seiten, Format 30 x 42 cm. Fadenheftung, broschiert. Auflage 180 Exemplare. Oktober 2009. ISBN 978-3-938743-77-5. \u20ac 90,&#8211;<\/p>\n<p style=\"padding-left: 80px\">Die 32 Zeichnungen von Anselm Roehr sind in China-Tusche ausgef\u00fchrt, Originalformat 57 x 77 cm, im Buch 25 x 34 cm. Druck des Textes und der Zeichnungen jeweils einseitig.<\/p>\n<p style=\"padding-left: 80px\">Von vorliegendem Band gibt es noch eine zweisprachige Ausgabe von zus\u00e4tzlich 40 Exemplaren in gleicher Ausstattung, Umfang 216 Seiten \u2013 die Texte von Hermann Broch und Durs Gr\u00fcnbein wurden von Aurelio Ciacchi bzw. Stefano Zangrando ins Italienische \u00fcbertragen. \u20ac 120,&#8211;<\/p>\n<h4>Sekund\u00e4rliteratur<\/h4>\n<h5>Handb\u00fccher<\/h5>\n<p>Bartram, Graham, Sarah McGaughey und Galin Tihanov, Hg. <em>A Companion to the Works of Hermann Broch<\/em>. Camden House, 2019. (<a href=\"https:\/\/boydellandbrewer.com\/9781571135414\/a-companion-to-the-works-of-hermann-broch\/\" target=\"_blank\" rel=\"noopener\">weitere information<\/a>)<\/p>\n<p style=\"padding-left: 40px\">Rezensionen: Martin Klebes (<em>Germanistik<\/em>), E.G. Wickersham (Choice Reviews), Steve Dowden (<em>Monatshefte<\/em>), Vincent Kling (<em>German Quarterly<\/em>), Richard Lambert III (<em>Journal of Austrian Studies<\/em>)<\/p>\n<p>Kessler, Michael and Paul Michael L\u00fctzeler, Hg. <em>Hermann-Broch-Handbuch<\/em>. De Gruyter, 2015. (<a href=\"https:\/\/doi.org\/10.1515\/978311029556695566\" target=\"_blank\" rel=\"noopener\">weitere information<\/a>)<\/p>\n<p style=\"padding-left: 40px\">Rezensionen: Jennifer Jenkins (<em>Monatshefte<\/em>), Martin Klebes (<em>Journal of Austrian Studies<\/em>), Helmut Koopmann (<em>Arbitrium<\/em>), L\u00e1szl\u00f3 V. Szab\u00f3 (<em>Jahrbuch der ungarischen Germanistik<\/em>), Paola Quadrelli (<em>Studi germanici<\/em>), Daniel Weidner (<em>Zeitschrift f\u00fcr Germanistik<\/em>), Kirk Wetters (<em>German Studies Review<\/em>).<\/p>\n<h5>Weitere Sekund\u00e4rliteratur<\/h5>\n<p>Baumann, Stephanie. &#8220;Hermann Broch \u00fcber die Figur des Siegers und die Frage der &#8216;demokratischen Propaganda'&#8221;. In: <em>Cin\u00e9ma, masses et propagande: autour de Kracauer et Benjamin<\/em>. <em>Germanica<\/em> 1 [Special Issue] (2020): 149-165.<\/p>\n<p>Beghini, Elisabetta.\u00a0<em>Zur Idee der Totalit\u00e4t im Werk von Hermann Broch: Denken, Dichten, Erkennen<\/em>. Iudicium Verlag, 2023. (<a href=\"https:\/\/www.iudicium.de\/katalog\/86205-653.htm\" target=\"_blank\" rel=\"noopener\">weitere information<\/a>)<\/p>\n<p>Bergande, Wolfram. &#8220;Cobrar la palabra a la muerte. Comentarios a\u00a0<em>La Muerte de Virgilio\u00a0<\/em>de Hermann Broh desde la perspectiva de la teor\u00eda psicoanal\u00edtica de Lacan.&#8221;\u00a0<em>Revista Chilena de Literatura\u00a0<\/em>103 (Mai 2021) 167-188.<\/p>\n<p>Cardoso, Eduardo Wright. &#8220;From Art as a Science to the Death of Poetry: Hermann Broch in Dialogue with Scientific Thought in\u00a0<em>The Sleepwalkers\u00a0<\/em>(1931-1932) and\u00a0<em>The Death of Virgil\u00a0<\/em>(1945).&#8221;\u00a0<em>Alteria: Revista de Estudos de Literatura<\/em> 30:2 (2020) 147-166.<\/p>\n<p>Doutch, Daniela. <em>Zum unmittelbaren Kontakt. Poetik des abtastenden Umschreibens in Hermann Brochs <span style=\"text-decoration: underline\">Die Schlafwandler<\/span><\/em>. Kulturverlag Kadmos, 2021. (<a href=\"https:\/\/www.kulturverlag-kadmos.de\/programm\/details\/zum_unmittelbaren_kontakt\" target=\"_blank\" rel=\"noopener\">weitere information<\/a>)<\/p>\n<p>Eckert, Gabriele. &#8220;Parallels: Roberto Bola\u00f1o&#8217;s Novel\u00a0<em>Nocturno de Chile <\/em>(2000) and Hermann Broch&#8217;s Novel\u00a0<em>The Death of Virgil\u00a0<\/em>(1945).&#8221;\u00a0<em>Romance Notes\u00a0<\/em>60:2 (2020) 243-251.<\/p>\n<p>Ender, Markus und Paul Michael L\u00fctzeler, ed. <em>Hermann Broch und &#8220;Der Brenner&#8221;<\/em>. Edition Brenner-Forum 17. Studien-Verlag, 2020. (<a href=\"https:\/\/www.studienverlag.at\/produkt\/6066\/hermann-broch-und-der-brenner\/\" target=\"_blank\" rel=\"noopener\">weitere information<\/a>)<\/p>\n<p>Gajendragadkar, Ritwik. <em>Zwischen Theorie und Fiktion. Hermann Brochs essayistisches Werk zwischen Literatur(theorie) und Philosophie.<\/em> Brill, 2025. (<a href=\"https:\/\/brill.com\/display\/title\/72160?rskey=udVu7T&amp;result=1\" target=\"_blank\" rel=\"noopener\">weitere information<\/a>)<\/p>\n<p>Goridko, Julia. &#8220;&#8216;To Express the Inexpressible, as Great as Eternity, in Words&#8230;&#8217;. The Problem of Poetic and Human Vocation in Hermann Broch&#8217;s Novel <em>The Death of Virgil<\/em>.&#8221;\u00a0<em>NaUKMA Research Papers. Literary Studies<\/em>. 3 (2022) 75-81.<\/p>\n<p>Grugger, Helmut. &#8220;Krise vor der Krise: Zur Problematisierung \u00e4sthetischer Bearbeitungen von Extremsituationen in Hermann Brochs <em>Der Tod des Vergil<\/em> im literarischen Vergleich.&#8221; In: Primus-Heinz Kucher et al. (Hrsg.), <em>Krisen(-Reflexionen). Literatur- und kulturwissenschaftliche Bestandsaufnahmen<\/em>. Hg. von Primus-Heinz Kucher et al. Brill, Vandenhoeck &amp; Ruprecht, 2023. 49\u201364.<\/p>\n<p>&#8212;. &#8220;Generationsstil, \u00d6dipus und Repr\u00e4sentation durch das komplexe Gesamtwerk: Hermann Brochs moderne Trilogie <em>Die Schlafwandler<\/em>.&#8221; In:\u00a0<em>Der Generationenroman<\/em>. Hg. von Helmut Grugger und Johann Holzner. De Gruyter, 2021. 76-91.<\/p>\n<p>Heydenreich, Aura. &#8220;Hermann Broch:\u00a0<em>Die unbekannte Gr\u00f6\u00dfe.<\/em>&#8221;\u00a0<em>Physik in unserer Zeit<\/em> 51:3 (2020) 154.<\/p>\n<p>Johansson, Sven Anders. &#8220;Narrating the End of the World: The Pandemic, the Climate and the Death of Virgil.&#8221; <em>Humanities\u00a0<\/em>11:21 (2022).<\/p>\n<p>Kessler, Michael, Hg. <em>Interkulturelle Dialoge. Exil- und Gegenwartsliteratur, Europa- und Kunst-Diskurse. Festschrift f\u00fcr Paul Michael L\u00fctzeler zum 80. Geburtstag<\/em>. Stauffenburg Verlag, 2023. (<a href=\"https:\/\/www.stauffenburg.de\/asp\/books.asp?id=1556\" target=\"_blank\" rel=\"noopener\">weitere information<\/a>)<\/p>\n<p>Kolk, Jacob A. van der. &#8220;Die Rezeptions\u00e4sthetik der Resignation: On Difficulty in Hermann Broch&#8217;s\u00a0<em>Der Tod des Vergil<\/em>.&#8221;\u00a0<em>Journal of Austrian Studies<\/em> 53:1 (2020) 45-68.<\/p>\n<p>&#8212;. &#8220;The Seduction of Narrative Desire: An Unnatural Reading of Hermann Broch&#8217;s\u00a0<em>Der Tod des Vergil<\/em>.&#8221;\u00a0<em>Storyworlds: A Journal of Narrative Studies<\/em> 12:1\/2 (Summer-Winter 2020) 149-173.<\/p>\n<p>Lambert, Richard &#8220;Tres&#8221;. &#8220;&#8216;Stars in the Water&#8217;: Hermann Broch&#8217;s\u00a0<em>Die Unbekannte Gr\u00f6\u00dfe\u00a0<\/em>and the Language of Interwar Experience.&#8221;\u00a0<em>German Studies\u00a0<\/em>59:3 (2023) 241-260.<\/p>\n<p>&#8212;. &#8220;Overcoming Assimilation: Jewishness and the Inheritance of Modernism in Hermann Broch&#8217;s\u00a0<em>Hofmannsthal und seine Zeit<\/em>.&#8221;\u00a0<em>Monatshefte\u00a0<\/em>115:4 (2023) 595-616.<\/p>\n<p>Licha\u0144ski, Jakub Z.\u00a0&#8220;<em>The City of Man<\/em> and the Critique of Fascism: The Perspective of Hermann Broch.&#8221;\u00a0<em>Acta Universitatis Lodziensis. Folia litteraria Polonica<\/em> 58:3 (2020) 377-397.<\/p>\n<p>Link, Daniela.\u00a0<em>Hermann Brochs \u00bbDie Verzauberung\u00ab: Ein Romanprojekt zwischen Mythos und Krise<\/em>. transcript Verlag, 2023. (<a href=\"https:\/\/www.transcript-verlag.de\/978-3-8376-6651-9\/hermann-brochs-die-verzauberung\/?c=310000016\" target=\"_blank\" rel=\"noopener\">Open Access<\/a>)<\/p>\n<p>Longo, Gianfranco. &#8220;Ermeneutica del diritto e della storia come identit\u00e0 post-moderna: Hermann Heller, Hermann Broch ed Elias Canetti.&#8221;\u00a0<em>Synesis<\/em> 13:2 (2021) 37-98.<\/p>\n<p>L\u00fctzeler, Paul Michael und Thomas Borgard, Hg. <em>Hermann Broch und die \u00f6sterreichische Moderne Literatur, Kunst und Wissenschaftsphilosophie<\/em>.\u00a0 Brill\/Fink, 2023. (<a href=\"https:\/\/doi.org\/10.30965\/9783846767382\" target=\"_blank\" rel=\"noopener\">weitere information<\/a>)<\/p>\n<p>&#8212;. &#8220;Democratic Reeducation: Hermann Broch&#8217;s Reflections on Postwar Germany.&#8221; In: <em>The Arts of<\/em> <em>Democratization<\/em>. Hg. von Caroline Kita und Jennifer M. Kapczynski. University of Michigan Press, 2022. 114-131.<\/p>\n<p>&#8212;. <em>Hermann Broch und die Menschenrechte. Anti-Versklavung als Ethos der Welt<\/em>. De Gruyter, 2021. (<a href=\"https:\/\/doi.org\/10.1515\/9783110734683\" target=\"_blank\" rel=\"noopener\">weitere information<\/a>)<\/p>\n<p>&#8212;. &#8220;Demokratie als Anti-Versklavung. Wie Hermann Broch 1940 Gone with the Wind verriss.&#8221; <em>Welt<\/em> (27. Juni 2020). (<a href=\"https:\/\/www.welt.de\/kultur\/literarischewelt\/plus209926839\/Was-im-Streit-ueber-Vom-Winde-verweht-uebersehen-wurde.html\" target=\"_blank\" rel=\"noopener\">article online<\/a>)<\/p>\n<p>Mahlmann-Bauer, Barbara und Paul Michael L\u00fctzeler. <em>Aussteigen um 1900: Imaginationen in der Literatur der<\/em> <em>Moderne<\/em>. Wallstein Verlag, 2021. (<a href=\"https:\/\/www.wallstein-verlag.de\/9783835339194-aussteigen-um-1900.html\" target=\"_blank\" rel=\"noopener\">weitere information<\/a>)<\/p>\n<p>McGaughey, Sarah, Elisa Risi, Daniel Weidner und Doren Wohlleben, Hg. <em>Massenwahntheorie und Friedenspoetik. Hermann Broch und die bedrohte Demokratie des 20. Jahrhunderts<\/em>. De Gruyter, 2023. (<a href=\"https:\/\/doi.org\/10.1515\/9783111222394\" target=\"_blank\" rel=\"noopener\">Open Access<\/a>)<\/p>\n<p>Perez, Juliana P., Daniel R. Bonomo und Danilo C. Serpa. &#8220;Nos limites do conhecimento, nos limites da forma: uma leitura de sonetos de Rilke e Hermann Broch.&#8221; <i>Estudos Avan\u00e7ados<\/i> 103:35 (2021): 113\u201340. (<a href=\"https:\/\/doi.org\/10.1590\/s0103-4014.2021.35103.007\" target=\"_blank\" rel=\"noopener\">Open Access<\/a>)<\/p>\n<p>Quinn, Stephanie. &#8220;Hermann Broch Reads Vergil: Artists, Empires, and Artistic Truth Across Millennia.&#8221;\u00a0<em>Vergilius\u00a0<\/em>68 (2022) 135-166.<\/p>\n<p>Ritzer, Monika. &#8220;Kultur des Sterbens. Thanatopsychologische Modelle in Hermann Brochs\u00a0<em>Tod des Vergil<\/em>.&#8221;\u00a0<em>KulturPoetik\u00a0<\/em>21:1 (2021) 114-135.<\/p>\n<p class=\"LC20lb MBeuO DKV0Md\">Robitzsch, Jan Maximilian. &#8220;&#8216;I wrote it in part because of you&#8217;: Broch and Arendt on Human Rights.&#8221;\u00a0<em>History of Political Thought\u00a0<\/em>41:1 (2020) 175-190.<\/p>\n<p>Saletta, Ester. &#8220;Hermann Broch&#8217;s <em>The City of Man<\/em> (1940) &#8212; The Idealization of a Democratic-Liberal Utopia Against the European Totalitarianisms of the 20th Century.&#8221; In: <em>Utopia and Dystopia in German Literature and Film<\/em>. Hg. von <span class=\"jsx-3533777155\"><a class=\"jsx-3533777155 citation_author from-journal\">\u0130rem Atasoy und<\/a><\/span>\u00a0<span class=\"jsx-3533777155\">Habib Tekin. Istanbul UP, 2024. 79-99. (<a href=\"https:\/\/iupress.istanbul.edu.tr\/en\/book\/utopia-and-dystopia-in-german-literature-and-film\/chapter\/hermann-brochs-the-city-of-man-1940-idealisierung-einer-demokratisch-liberalen-utopie-gegen-die-europaischen-totalitarismen-des-20-jahrhunderts\" target=\"_blank\" rel=\"noopener\">Open Access<\/a>)<\/span><\/p>\n<p>Souza Alves da Silva, E., und Aparecida Caixeta, A. P. (2023). &#8220;Hermann Broch sob a \u00f3tica kunderiana: Os son\u00e2mbulos como observa\u00e7\u00e3o da decad\u00eancia dos valores na Primeira Guerra Mundial.&#8221; <i>Literatura E Autoritarismo<\/i>, (40), 55\u201366. (<a href=\"https:\/\/doi.org\/10.5902\/1679849X68903\" target=\"_blank\" rel=\"noopener\">Open Access<\/a>)<\/p>\n<p>Sta\u0161kov\u00e1, Alice. &#8220;Hermann Brochs &#8216;Zerfall der Werte&#8217; und seine Kitsch-Theorie als Reflexe auf 1918.\u201d In: <i>Zusammenbruch, Trauma, Triumph: Das Epochenjahr 1918 und sein Nachleben in Zentral-, Ostmittel- Und S\u00fcdosteuropa<\/i>. Hg. von Steffen H\u00f6hne. Harrassowitz Verlag, 2020. 59\u201370.<\/p>\n<p>Sterling, Brett E. <em>Hermann Broch and Mass Hysteria. Theory and Representation in the Age of Extremes<\/em>. Camden House, 2022. (<a href=\"https:\/\/boydellandbrewer.com\/9781640140042\/hermann-broch-and-mass-hysteria\/\" target=\"_blank\" rel=\"noopener\">weitere information<\/a>)<\/p>\n<p>Wolf, Norbert Christian, Victoria Martin und Deborah Holmes. &#8220;Claudio Magris&#8217;s &#8216;Habsburg Myth&#8217;: A Response to Hermann Broch&#8217;s Reading of Hofmannsthal and Kraus.&#8221; <em>Austrian Studies<\/em> 28 (2020): 148\u201365.<\/p>\n","protected":false},"excerpt":{"rendered":"<p>Prim\u00e4rliteratur Hauptwerk im digitalen Format (PDF) sowie Paul Michael L\u00fctzelers Broch-Biografie sind unter der ISBN erh\u00e4ltlich: Broch, Hermann: Das dichterische Werk, 9783518750810 (oder 75081) Broch, Hermann: Das essayistische Werk und Briefe, 9783518750919 (oder 75091) L\u00fctzeler, Paul Michael: Hermann Broch, 9783518751015 Alle B\u00e4nde der Kommentierte Werkausgabe sind als Print on Demand (PoD) erh\u00e4ltlich und sind bei [&hellip;]<\/p>\n","protected":false},"author":282,"featured_media":0,"parent":0,"menu_order":0,"comment_status":"closed","ping_status":"closed","template":"","meta":{"footnotes":""},"class_list":["post-44","page","type-page","status-publish","hentry","post","no-featured-image"],"_links":{"self":[{"href":"https:\/\/blogs.dickinson.edu\/iab\/wp-json\/wp\/v2\/pages\/44","targetHints":{"allow":["GET"]}}],"collection":[{"href":"https:\/\/blogs.dickinson.edu\/iab\/wp-json\/wp\/v2\/pages"}],"about":[{"href":"https:\/\/blogs.dickinson.edu\/iab\/wp-json\/wp\/v2\/types\/page"}],"author":[{"embeddable":true,"href":"https:\/\/blogs.dickinson.edu\/iab\/wp-json\/wp\/v2\/users\/282"}],"replies":[{"embeddable":true,"href":"https:\/\/blogs.dickinson.edu\/iab\/wp-json\/wp\/v2\/comments?post=44"}],"version-history":[{"count":2,"href":"https:\/\/blogs.dickinson.edu\/iab\/wp-json\/wp\/v2\/pages\/44\/revisions"}],"predecessor-version":[{"id":256,"href":"https:\/\/blogs.dickinson.edu\/iab\/wp-json\/wp\/v2\/pages\/44\/revisions\/256"}],"wp:attachment":[{"href":"https:\/\/blogs.dickinson.edu\/iab\/wp-json\/wp\/v2\/media?parent=44"}],"curies":[{"name":"wp","href":"https:\/\/api.w.org\/{rel}","templated":true}]}}