{"id":45,"date":"2024-12-03T12:56:39","date_gmt":"2024-12-03T12:56:39","guid":{"rendered":"https:\/\/blogs.dickinson.edu\/iab\/?page_id=45"},"modified":"2024-12-05T20:37:58","modified_gmt":"2024-12-05T20:37:58","slug":"broch","status":"publish","type":"page","link":"https:\/\/blogs.dickinson.edu\/iab\/broch\/","title":{"rendered":"Hermann Broch"},"content":{"rendered":"<h4>Biographie<\/h4>\n<p>Hermann Broch (1886-1951) ist einer der letzten Polyhistoren, ein Intellektueller, der sich\u00a0 &#8211; was kaum jemand im 20. Jahrhundert noch wagt &#8211; in den unterschiedlichsten Gebieten der Philosophie, Soziologie, Literatur, Kunstgeschichte, theoretischen Physik, Mathematik und Psychologie umtut. F\u00fcr den Beruf des Romanciers hat er sich entschieden, weil er im modernen Roman das Medium sieht, in dem er ein Maximum der Ergebnisse aus diesen Wissensgebieten verarbeiten oder synthetisieren kann. Gleichzeitig reflektiert er \u00fcber die Wirksamkeit von Dichtung und bleibt ein Leben lang ein Autor, der sich \u00fcber die Relativit\u00e4t und Indirektheit literarischer Wirkung im Klaren bleibt. So wechselt er, je nach Intention, die Medien, versucht sich als Essayist in Gebieten wie Literaturtheorie, Literaturkritik, Politik (Theorie der Demokratie), Jura (Menschenrechte), Massenpsychologie, Kulturkritik, Erkenntnistheorie.<\/p>\n<p>Von der Rezeption her gesehen, sind es vor allem die Romane (besonders\u00a0<i>Die Schlafwandler<\/i>\u00a0und\u00a0<i>Der Tod des Vergil<\/i>), die Brochs Ruhm begr\u00fcndet haben. Es ist die Literaturwissenchaft, vornehmlich die Germanistik, die immer wieder von seinen dichterischen Arbeiten fasziniert ist und \u00fcber die Jahrzehnte hin (die Brochforschung ist ein halbes Jahrhundert alt) in einer erstaunlichen Vielfalt von Disserationen, B\u00fcchern, Editionen und Artikeln sein Werk immer wieder neu interpretiert hat. Zur Intensivierung der internationalen Forschung will der IAB beitragen.<\/p>\n<p>Broch wuchs in Wien auf, leitete zwanzig Jahre lang die Textilfabrik seiner Familie, begann 1927 mit dem Leben als freier Schriftsteller, musste als Jude nach dem &#8220;Anschluss&#8221; von 1938 aus \u00d6sterreich fliehen. Er emigrierte im gleichen Jahr in die USA, wo er w\u00e4hrend der ersten Jahre vor allem in New York lebte. 1942 wurde er Untermieter seines Freundes Erich von Kahler in Princeton, eines exilierten Schicksalsgenossen. 1949 siedelte Broch nach einem l\u00e4ngeren Krankenhaus-Aufenthalt \u00fcber nach New Haven, Connecticut, wo er Kontakte zur Fakult\u00e4t der Yale University hatte, besonders zum dortigen German Department. 1951 erlag er in New Haven einem Herzschlag. Brochs Werk erschien in siebzehn B\u00e4nden, herausgegeben von Paul Michael L\u00fctzeler, zwischen 1974 und 1981 im Suhrkamp Verlag in Frankfurt am Main. L\u00fctzeler schrieb auch die im gleichen Verlag publizierte Broch-Biographie, die auch auf Englisch, Spanisch und Japanisch erschienen ist.<\/p>\n","protected":false},"excerpt":{"rendered":"<p>Biographie Hermann Broch (1886-1951) ist einer der letzten Polyhistoren, ein Intellektueller, der sich\u00a0 &#8211; was kaum jemand im 20. Jahrhundert noch wagt &#8211; in den unterschiedlichsten Gebieten der Philosophie, Soziologie, Literatur, Kunstgeschichte, theoretischen Physik, Mathematik und Psychologie umtut. F\u00fcr den Beruf des Romanciers hat er sich entschieden, weil er im modernen Roman das Medium sieht, [&hellip;]<\/p>\n","protected":false},"author":282,"featured_media":0,"parent":0,"menu_order":0,"comment_status":"closed","ping_status":"closed","template":"","meta":{"footnotes":""},"class_list":["post-45","page","type-page","status-publish","hentry","post","no-featured-image"],"_links":{"self":[{"href":"https:\/\/blogs.dickinson.edu\/iab\/wp-json\/wp\/v2\/pages\/45","targetHints":{"allow":["GET"]}}],"collection":[{"href":"https:\/\/blogs.dickinson.edu\/iab\/wp-json\/wp\/v2\/pages"}],"about":[{"href":"https:\/\/blogs.dickinson.edu\/iab\/wp-json\/wp\/v2\/types\/page"}],"author":[{"embeddable":true,"href":"https:\/\/blogs.dickinson.edu\/iab\/wp-json\/wp\/v2\/users\/282"}],"replies":[{"embeddable":true,"href":"https:\/\/blogs.dickinson.edu\/iab\/wp-json\/wp\/v2\/comments?post=45"}],"version-history":[{"count":0,"href":"https:\/\/blogs.dickinson.edu\/iab\/wp-json\/wp\/v2\/pages\/45\/revisions"}],"wp:attachment":[{"href":"https:\/\/blogs.dickinson.edu\/iab\/wp-json\/wp\/v2\/media?parent=45"}],"curies":[{"name":"wp","href":"https:\/\/api.w.org\/{rel}","templated":true}]}}