{"id":90,"date":"2024-12-03T15:22:12","date_gmt":"2024-12-03T15:22:12","guid":{"rendered":"https:\/\/blogs.dickinson.edu\/iab\/?page_id=90"},"modified":"2026-02-06T18:05:10","modified_gmt":"2026-02-06T18:05:10","slug":"liste","status":"publish","type":"page","link":"https:\/\/blogs.dickinson.edu\/iab\/liste\/","title":{"rendered":"Liste der Mitglieder:innen"},"content":{"rendered":"<p><span style=\"color: #993300\">Anl\u00e4sslich der Homepage-Erneuerung haben wir Mitglieder mit veralteter E-Mail-Adresse (Fehlermeldung) entfernt. Schreiben Sie mir (<a href=\"mailto:mcgaughs@dickinson.edu\">Sarah McGaughey<\/a>) sehr gerne mit Ihren neuen Kontaktdaten an, damit wir Sie wieder auf die Liste nehmen d\u00fcrfen &#8211; wir freuen uns auf Sie. \/ In updating the website, we also updated the list of members and removed those whose e-mail addresses no longer function. Please contact <a href=\"mailto:mcgaughs@dickinson.edu\">Sarah McGaughey<\/a> to be added to the list again. We look forward to hearing from you.<\/span><\/p>\n<p>Dale Adams | <a href=\"mailto:dale.adams@uwa.edu.au\">dale.adams@uwa.edu.au<\/a><\/p>\n<p>Elena Agazzi | <a href=\"mailto:agazzi@unibg.it\">agazzi@unibg.it<\/a><\/p>\n<p>Penka Angelova | <a href=\"mailto:penka.angelova@eliascanetti.org\">penka.angelova@eliascanetti.org<\/a><\/p>\n<p>Thomas Assinger | <a href=\"mailto:thomas.assinger@sbg.ac.at\">thomas.assinger@sbg.ac.at<\/a><\/p>\n<p>Chris Bailes | <a href=\"mailto:cwbailes@wustl.edu\">cwbailes@wustl.edu<\/a><\/p>\n<p>Christel Bak-Stalter | <a href=\"mailto:bakstalter@t-online.de\">bakstalter@t-online.de<\/a><\/p>\n<p>Lidija Bakovic | <a href=\"mailto:lbakovic@yahoo.ca\">lbakovic@yahoo.ca<\/a><\/p>\n<p>Graham Bartram | <a href=\"mailto:graham.bartram@outlook.com\">graham.bartram@outlook<\/a><\/p>\n<p>Stephanie Baumann | <a href=\"mailto:stephanie.baumann@uphf.fr\">stephanie.baumann@uphf.fr<\/a><\/p>\n<p>Elisabetta Beghini | <a href=\"mailto:elisabetta.beghini@gmail.com\">elisabetta.beghini@gmail.com<\/a><\/p>\n<p>Claudia Benthien | <a href=\"mailto:claudia.benthien@uni-hamburg.de\">claudia.benthien@uni-hamburg.de<\/a><\/p>\n<p>Arpad Bernath | <a href=\"mailto:bernath.a@lit.u-szeged.hu\">bernath.a@lit.u-szeged.hu<\/a><\/p>\n<p>Mark Bernheim | <a href=\"mailto:bernhema@muohio.edu\">bernhema@muohio.edu<\/a><\/p>\n<p>Olaf Berwald | <a href=\"mailto:oberwald@kennesaw.edu\">oberwald@kennesaw.edu<\/a><\/p>\n<p>Olesia Bessmeltseva | <a href=\"mailto:lesyabessmeltseva.tjumen@gmail.com\">lesyabessmeltseva.tjumen@gmail.com<\/a><\/p>\n<p>Alice Bolterauer | <a href=\"mailto:h.bolterauer@utanet.at\">h.bolterauer@utanet.at<\/a><\/p>\n<p>Christian Borch | <a href=\"mailto:cbo.lpf@cbs.dk\">cbo.lpf@cbs.dk<\/a><\/p>\n<p>Thomas Borgard | <a href=\"mailto:borgard@daf.lmu.de\">borgard@daf.lmu.de<\/a><\/p>\n<p>Milind Brahme | <a href=\"mailto:brahme@iitm.ac.in\">brahme@iitm.ac.in<\/a><\/p>\n<p>Till Breyer | <a href=\"mailto:till.breyer@rub.de\">till.breyer@rub.de<\/a><\/p>\n<p>Claudia Brodsky | <a href=\"mailto:cblacour@princeton.edu\">cblacour@princeton.edu<\/a><\/p>\n<p>Gisela Brude-Firnau | <a href=\"mailto:gbrudefirnau@uwaterloo.ca\">gbrudefirnau@uwaterloo.ca<\/a><\/p>\n<p>Pierre Brunel | <a href=\"mailto:pierre.brunel@univ-lyon2.fr\">pierre.brunel@univ-lyon2.fr<\/a><\/p>\n<p>Jan Buerger | <a href=\"mailto:buerger@dla-marbach.de\">buerger@dla-marbach.de<\/a><\/p>\n<p>R\u00fcdiger Campe | <a href=\"mailto:rudiger.campe@yale.edu\">rudiger.campe@yale.edu<\/a><\/p>\n<p>Thorsten Carstensen | <a href=\"mailto:tcarsten@iupui.edu\">tcarsten@iupui.edu<\/a><\/p>\n<p>Bozena Choluj | <a href=\"mailto:choluj@europa-uni.de\">choluj@europa-uni.de<\/a><\/p>\n<p>Gwyneth Cliver | <a href=\"mailto:gcliver@mail.unomaha.edu\">gcliver@mail.unomaha.edu<\/a><\/p>\n<p>Renato Cristin | <a href=\"mailto:cristin@univ.trieste.it\">cristin@univ.trieste.it<\/a><\/p>\n<p>Rosanne Ceuppens | <a href=\"mailto:Rosanne.Ceuppens@vub.ac.be\">Rosanne.Ceuppens@vub.ac.be<\/a><\/p>\n<p>Ralf Georg Czapla | <a href=\"mailto:ralf.georg.czapla@gs.uni-heidelberg.de\">ralf.georg.czapla@gs.uni-heidelberg.de<\/a><\/p>\n<p>Sverre Dahl | <a href=\"mailto:dsv@chello.no\">dsv@chello.no<\/a><\/p>\n<p>Steffen Damm | <a href=\"mailto:stdamm@gmx.net\">stdamm@gmx.net<\/a><\/p>\n<p>Robert von Dassanowsky | <a href=\"mailto:rvondass@uccs.edu\">rvondass@uccs.edu<\/a><\/p>\n<p>Mark-Georg Dehrmann | <a href=\"mailto:dehrmann@hu-berlin.de\">dehrmann@hu-berlin.de<\/a><\/p>\n<p>Hansgerd Delbr\u00fcck | <a href=\"mailto:hansgerd.delbruck@vuw.ac.nz\">hansgerd.delbruck@vuw.ac.nz<\/a><\/p>\n<p>Andreas Dittrich | <a href=\"mailto:andreasdittrich@gmx.net\">andreasdittrich@gmx.net<\/a><\/p>\n<p>Uwe D\u00f6rwald | <a href=\"mailto:uwe.doerwald@icloud.com\">uwe.doerwald@icloud.com<\/a><\/p>\n<p>William Donahue | <a href=\"mailto:wdonahu1@nd.edu\">wdonahu1@nd.edu<\/a><\/p>\n<p>Bernhard Doppler | <a href=\"mailto:doppler@mail.uni-paderborn.de\">doppler@mail.uni-paderborn.de<\/a><\/p>\n<p>Stephen D. Dowden | <a href=\"mailto:dowden@brandeis.edu\">dowden@brandeis.edu<\/a><\/p>\n<p>Elke Dubbels | <a href=\"mailto:elke.dubbels@uni-bonn.de\">elke.dubbels@uni-bonn.de<\/a><\/p>\n<p>Manuel Durand-Barthez | <a href=\"mailto:mdurandbarthez@yahoo.fr\">mdurandbarthez@yahoo.fr<\/a><\/p>\n<p>Christian Dirninger | <a href=\"mailto:Christian.Dirninger@sbg.ac.at\">Christian.Dirninger@sbg.ac.at<\/a><\/p>\n<p>Manfred Durzak | <a href=\"mailto:durzak@hrz.upb.de\">durzak@hrz.upb.de<\/a><\/p>\n<p>Rafael-Jos\u00e9 D\u00edaz | <a href=\"mailto:rafaeljosediaz1971@gmail.com\">rafaeljosediaz1971@gmail.com<\/a><\/p>\n<p>Thomas Eicher | <a href=\"mailto:eicher@melange-im-netz.de\">eicher@melange-im-netz.de<\/a><\/p>\n<p>Patrick Eiden-Offe | <a href=\"mailto:eiden-offe@zfl-berlin.org\">eiden-offe@zfl-berlin.org<\/a><\/p>\n<p>Leena Eilittae | <a href=\"mailto:leilitta@hotmail.com\">leilitta@hotmail.com<\/a><\/p>\n<p>Jattie Enklaar | <a href=\"mailto:a.enklaar@planet.nl\">a.enklaar@planet.nl<\/a><\/p>\n<p>Birgit Erdle | <a href=\"mailto:birgiterdle@aol.com\">birgiterdle@aol.com<\/a><\/p>\n<p>Alexander W. Erochin | <a href=\"mailto:erochin@yandex.ru\">erochin@yandex.ru<\/a><\/p>\n<p>Clara Ervedosa | <a href=\"mailto:claraervedosa@gmail.com\">claraervedosa@gmail.com<\/a><\/p>\n<p>Gesa von Essen | <a href=\"mailto:gesa.von-essen@germanistik.uni-freiburg.de\">gesa.von-essen@germanistik.uni-freiburg.de<\/a><\/p>\n<p>Angela Esterhammer | <a href=\"mailto:angela.esterhammer@utoronto.ca\">angela.esterhammer@utoronto.ca<\/a><\/p>\n<p>Vincent Ferr\u00e9 | <a href=\"mailto:vincent_ferre@hotmail.com\">vincent_ferre@hotmail.com<\/a><\/p>\n<p>Bernhard Fetz | <a href=\"mailto:bernhard.fetz@onb.ac.at\">bernhard.fetz@onb.ac.at<\/a><\/p>\n<p>Jens-Malte Fischer | <a href=\"mailto:j.m.fischer@lrz.uni-muenster.de\">j.m.fischer@lrz.uni-muenster.de<\/a><\/p>\n<p>Samuel Mark Frederick | <a href=\"mailto:smf35@psu.edu\">smf35@psu.edu<\/a><\/p>\n<p>Barbara Frischmuth | Ehrenmitglied\/honorary member<\/p>\n<p>Florian Fuchs | <a href=\"mailto:florian.fuchs@yale.edu\">florian.fuchs@yale.edu<\/a><\/p>\n<p>Ritwik Gajendragadkar | <a href=\"mailto:ritwik.1712@gmail.com\">ritwik.1712@gmail.com<\/a><\/p>\n<p>Maciej Ganczar | <a href=\"mailto:m.ganczar@gmail.com\">m.ganczar@gmail.com<\/a><\/p>\n<p>Djehanne Gani | <a href=\"mailto:djezan@yahoo.com\">djezan@yahoo.com<\/a><\/p>\n<p>Achim Geisenhansl\u00fcke | <a href=\"mailto:geisenhanslueke@lingua.uni-frankfurt.de\">geisenhanslueke@lingua.uni-frankfurt.de<\/a><\/p>\n<p>Sander Gilman | <a href=\"mailto:sander.gilman@emory.edu\">sander.gilman@emory.edu<\/a><\/p>\n<p>Ricardo Gil Soeiro | <a href=\"mailto:ricardogsoeiro@hotmail.com\">ricardogsoeiro@hotmail.com<\/a><\/p>\n<p>Benjamin Gittel | <a href=\"mailto:benjamin.gittel@uni-goettingen.de\">benjamin.gittel@uni-goettingen.de<\/a><\/p>\n<p>Nora Goldschmidt | <a href=\"mailto:nora.goldschmidt@durham.ac.uk\">nora.goldschmidt@durham.ac.uk<\/a><\/p>\n<p>Dietmar Goltschnigg | <a href=\"mailto:dietmar.goltschnigg@kfunigraz.ac.at\">dietmar.goltschnigg@kfunigraz.ac.at<\/a><\/p>\n<p>Wilfried Graf | <a href=\"mailto:graf@iicp.at\">graf@iicp.at<\/a><\/p>\n<p>Marianne Gruber | <a href=\"mailto:office@ogl.at\">office@ogl.at<\/a><\/p>\n<p>Helmut Grugger | <a href=\"mailto:Helmut.Grugger@mic.ul.ie\">Helmut.Grugger@mic.ul.ie<\/a><\/p>\n<p>Elizabeth Guilhamon | <a href=\"mailto:elizabeth.guilhamon@u-bordeaux-montaigne.fr\">elizabeth.guilhamon@u-bordeaux-montaigne.fr<\/a><\/p>\n<p>Maximilian H\u00e4usler | <a href=\"mailto:m.haeusler@uni-muenster.de\">m.haeusler@uni-muenster.de<\/a><\/p>\n<p>Robert Halsall | <a href=\"mailto:r.halsall@rgu.ac.uk\">r.halsall@rgu.ac.uk<\/a><\/p>\n<p>Anjeana Hans | <a href=\"mailto:ahans@wellesley.edu\">ahans@wellesley.edu<\/a><\/p>\n<p>Karsten Harries | <a href=\"mailto:karsten.harries@yale.edu\">karsten.harries@yale.edu<\/a><\/p>\n<p>Austin Harrington | <a href=\"mailto:a.harrington@leeds.ac.uk\">a.harrington@leeds.ac.uk<\/a><\/p>\n<p>Seiji Hattori | <a href=\"mailto:seiji.hattori@germanistik.uni-giessen.de\">seiji.hattori@germanistik.uni-giessen.de<\/a><\/p>\n<p>Yong Huang | <a href=\"mailto:transnart@163.com\">transnart@163.com<\/a><\/p>\n<p>J\u00fcrgen Heizmann | <a href=\"mailto:jurgen.heizmann@umontreal.ca\">jurgen.heizmann@umontreal.ca<\/a><\/p>\n<p>Thomas Hennig | <a href=\"mailto:nc-hennigdr@netcologne.de\">nc-hennigdr@netcologne.de<\/a><\/p>\n<p>Thomas Herold | <a href=\"mailto:heroldt@montclair.edu\">heroldt@montclair.edu<\/a><\/p>\n<p>Judit Hetyei | <a href=\"mailto:lehrstuhl@freemail.hu\">lehrstuhl@freemail.hu<\/a><\/p>\n<p>Walter Hinderer | <a href=\"mailto:hinderer@princeton.edu\">hinderer@princeton.edu<\/a><\/p>\n<p>David Horrocks | <a href=\"mailto:dhorrocks@upei.ca\">dhorrocks@upei.ca<\/a><\/p>\n<p>Agnieszka Hudzik | <a href=\"mailto:agnhud@gmail.com\">agnhud@gmail.com<\/a><\/p>\n<p>Manuel Illi | <a href=\"mailto:manuel.illi@ger.phil.uni-erlangen.de\">manuel.illi@ger.phil.uni-erlangen.de<\/a><\/p>\n<p>Masaaki Irinoda | <a href=\"mailto:irinoda32@dolphin.ocn.ne.jp\">irinoda32@dolphin.ocn.ne.jp<\/a><\/p>\n<p>Ilinca Iurascu | <a href=\"mailto:ilinca@sas.upenn.edu\">ilinca@sas.upenn.edu<\/a><\/p>\n<p>Derk Janssen | <a href=\"mailto:mail@derk-janssen-verlag.de\">mail@derk-janssen-verlag.de<\/a><\/p>\n<p>Sandra Jan\u00dfen | <a href=\"mailto:sandra.janssen@uni-erfurt.de\">sandra.janssen@uni-erfurt.de<\/a><\/p>\n<p>Jennifer Jenkins | <a href=\"mailto:jennifer.lynne.jenkins@gmail.com\">jennifer.lynne.jenkins@gmail.com<\/a><\/p>\n<p>Hans Kaiser | <a href=\"mailto:hans.kaiser@tuwien.ac.at\">hans.kaiser@tuwien.ac.at<\/a><\/p>\n<p>Wolfgang Kaussen | Ehrenmitglied\/honorary member<\/p>\n<p>Hildegard Kernmayer | <a href=\"mailto:hildegard.kernmayer@kfunigraz.ac.at\">hildegard.kernmayer@kfunigraz.ac.at<\/a><\/p>\n<p>Michael Kessler | <a href=\"mailto:m.kessler44@web.de\">m.kessler44@web.de<\/a><\/p>\n<p>Sun-Young Kim | <a href=\"mailto:sun-young.kim2@mcgill.ca\">sun-young.kim2@mcgill.ca<\/a><\/p>\n<p>Sebastian Kirsch | <a href=\"mailto:kirsch@zfl-berlin.org\">kirsch@zfl-berlin.org<\/a><\/p>\n<p>Ralf Klausnitzer | <a href=\"mailto:ralf.klausnitzer@rz.hu-berlin.de\">ralf.klausnitzer@rz.hu-berlin.de<\/a><\/p>\n<p>Martin Klebes | <a href=\"mailto:klebes@uoregon.edu\">klebes@uoregon.edu<\/a><\/p>\n<p>Vincent Kling | <a href=\"mailto:kling@lasalle.edu\">kling@lasalle.edu<\/a><\/p>\n<p>Monika Klinger | <a href=\"mailto:klingermonika@hotmail.com\">klingermonika@hotmail.com<\/a><\/p>\n<p>Alexander Knopf |\u00a0<a href=\"mailto:knopf@tss-hd.de\">knopf@tss-hd.de<\/a><\/p>\n<p>Lars Koch | <a href=\"mailto:lars.koch@tu-dresden.de\">lars.koch@tu-dresden.de<\/a><\/p>\n<p>Jacob van der Kolk | <a href=\"mailto:jakevanderkolk@protonmail.com\">jakevanderkolk@protonmail.com<\/a><\/p>\n<p>Kathleen Komar | <a href=\"mailto:komar@ucla.edu\">komar@ucla.edu<\/a><\/p>\n<p>Carsten K\u00f6nneker | <a href=\"mailto:carsten.koenneker@klaus-tschira-stiftung.de\">carsten.koenneker@klaus-tschira-stiftung.de<\/a><\/p>\n<p>Helmut Koopmann | <a href=\"mailto:helmut.koopmann@phil.uni-augsburg.de\">helmut.koopmann@phil.uni-augsburg.de<\/a><\/p>\n<p>Yael Kupferberg | <a href=\"mailto:yael.kupferberg@t-online.de\">yael.kupferberg@t-online.de<\/a><\/p>\n<p>Satoshi Kuwahara | <a href=\"mailto:kuwahara@human.niigata-u.ac.jp\">kuwahara@human.niigata-u.ac.jp<\/a><\/p>\n<p>Grazyna Kwiecinska | <a href=\"mailto:g.kwiecinska@uw.edu.pl\">g.kwiecinska@uw.edu.pl<\/a><\/p>\n<p>Florian Labitsch | <a href=\"mailto:florian.labitsch@gmx.at\">florian.labitsch@gmx.at<\/a><\/p>\n<p>Richard Lambert III | <a href=\"mailto:rlambert@gettysburg.edu\">rlambert@gettysburg.edu<\/a><\/p>\n<p>Xijiang Liang | <a href=\"mailto:1991@shisu.edu.cn\">1991@shisu.edu.cn<\/a><\/p>\n<p>Duncan Large | <a href=\"mailto:d.large@uea.ac.uk\">d.large@uea.ac.uk<\/a><\/p>\n<p>Gerhard Lauer | <a href=\"mailto:gerhard.lauer@phil.uni-goettingen.de\">gerhard.lauer@phil.uni-goettingen.de<\/a><\/p>\n<p>V\u00e9ronique Liard | <a href=\"mailto:centre.interlangues@u-bourgogne.fr\">centre.interlangues@u-bourgogne.fr<\/a><\/p>\n<p>Claudia Liebrand | <a href=\"mailto:C.Liebrand@uni-koeln.de\">C.Liebrand@uni-koeln.de<\/a><\/p>\n<p>Daniela Link | <a title=\"mailto:daniela.link@hhu.de\" href=\"mailto:daniela.link@hhu.de\" data-linkindex=\"2\" data-olk-copy-source=\"MessageBody\">daniela.link@hhu.de<\/a><\/p>\n<p>Vivian Liska | <a href=\"mailto:vivian.liska@uantwerpen.be\">vivian.liska@uantwerpen.be<\/a><\/p>\n<p>Michele Lowrie | <a href=\"mailto:mlowrie@uchicago.edu\">mlowrie@uchicago.edu<\/a><\/p>\n<p>Paul Michael L\u00fctzeler | <a href=\"mailto:jahrbuch@artsci.wustl.edu\">jahrbuch@artsci.wustl.edu<\/a><\/p>\n<p>Heinz Lunzer | <a href=\"mailto:hl@literaturhaus.at\">hl@literaturhaus.at<\/a><\/p>\n<p>Switlana Macenka | <a href=\"mailto:fiskova@yandex.ru\">fiskova@yandex.ru<\/a><\/p>\n<p>Barbara Mahlmann| <a href=\"mailto:barbara.mahlmann@germ.unibe.ch\">barbara.mahlmann@germ.unibe.ch<\/a><\/p>\n<p>Christine Maillard | <a href=\"mailto:maillard.christine@wanadoo.fr\">maillard.christine@wanadoo.fr<\/a><\/p>\n<p>Julia Mansour | <a href=\"mailto:julia.mansour@gmx.net\">julia.mansour@gmx.net<\/a><\/p>\n<p>Mar\u00eda-Rosario Mart\u00ed Marco | <a href=\"mailto:rosario.marti@ua.es\">rosario.marti@ua.es<\/a><\/p>\n<p>Gunther Martens | <a href=\"mailto:Gunther.Martens@UGent.be\">Gunther.Martens@UGent.be<\/a><\/p>\n<p>Dieter Martin | <a href=\"mailto:dieter.martin@germanistik.uni-freiburg.de\">dieter.martin@germanistik.uni-freiburg.de<\/a><\/p>\n<p>Mathias Mayer | <a href=\"mailto:mathias.mayer@phil.uni-augsburg.de\">mathias.mayer@phil.uni-augsburg.de<\/a><\/p>\n<p>Patrizia McBride | <a href=\"mailto:pcm29@cornell.edu\">pcm29@cornell.edu<\/a><\/p>\n<p>Sarah McGaughey | <a href=\"mailto:mcgaughs@dickinson.edu\">mcgaughs@dickinson.edu<\/a><\/p>\n<p>Jochen Meyer | <a href=\"mailto:dr.jochen.meyer@arcor.de\">dr.jochen.meyer@arcor.de<\/a><\/p>\n<p>Breon Mitchell | <a href=\"mailto:mitchell@indiana.edu\">mitchell@indiana.edu<\/a><\/p>\n<p>Helga Mitterbauer | <a href=\"mailto:helga.mitterbauer@ulb.be\">helga.mitterbauer@ulb.be<\/a><\/p>\n<p>Raja M\u00f6ller | <a href=\"mailto:raja.moeller@uni-marburg.de\">raja.moeller@uni-marburg.de<\/a><\/p>\n<p>Christine Mondon | <a href=\"mailto:christinemondon0231@orange.fr\">christinemondon0231@orange.fr<\/a><\/p>\n<p>Klaus-Detlef M\u00fcller | <a href=\"mailto:klaus-detlef.mueller@uni-tuebingen.de\">klaus-detlef.mueller@uni-tuebingen.de<\/a><\/p>\n<p>Sabine M\u00fcller | <a href=\"mailto:sabine.mueller@univie.ac.at\">sabine.mueller@univie.ac.at<\/a><\/p>\n<p>Wolfgang M\u00fcller-Funk | <a href=\"mailto:wolfgang.mueller-funk@univie.ac.at\">wolfgang.mueller-funk@univie.ac.at<\/a><\/p>\n<p>Maria Grazia Nicolosi | <a href=\"mailto:nicolomg@unict.it\">nicolomg@unict.it<\/a><\/p>\n<p>Dirk Niefanger | <a href=\"mailto:dirk.niefanger@ger.phil.uni-erlangen.de\">dirk.niefanger@ger.phil.uni-erlangen.de<\/a><\/p>\n<p>Ashraf Noor | <a href=\"mailto:ashrafnoor2007@gmail.com\">ashrafnoor2007@gmail.com<\/a><\/p>\n<p>Claus-Dieter Osthoevener | <a href=\"mailto:claus-dieter.osthoevener@staff.uni-marburg.de\">claus-dieter.osthoevener@staff.uni-marburg.de<\/a><\/p>\n<p>Peter Paik | <a href=\"mailto:pypaik@uwm.edu\">pypaik@uwm.edu<\/a><\/p>\n<p>Peter Paul | <a href=\"mailto:peterbaritono@icloud.com\">peterbaritono@icloud.com<\/a><\/p>\n<p>Itamar Paulino | <a href=\"mailto:itasophos@gmail.com\">itasophos@gmail.com<\/a><\/p>\n<p>Janet Pearson | <a href=\"mailto:pearsonjanet625@gmail.com\">pearsonjanet625@gmail.com<\/a><\/p>\n<p>Frode Helmich Pedersen | <a href=\"mailto:frode.pedersen@lili.uib.no\">frode.pedersen@lili.uib.no<\/a><\/p>\n<p>Anne Peiter | <a href=\"mailto:anne.peiter@univ-reunion.fr\">anne.peiter@univ-reunion.fr<\/a><\/p>\n<p>Anton Pelinka | <a href=\"mailto:Anton.Pelinka@uibk.ac.at\">Anton.Pelinka@uibk.ac.at<\/a><\/p>\n<p>Jacques Pelletier | <a href=\"mailto:pelletier.jacques@uqam.ca\">pelletier.jacques@uqam.ca<\/a><\/p>\n<p>John Pettey | <a href=\"mailto:pettey@unr.edu\">pettey@unr.edu<\/a><\/p>\n<p>Barbara Picht | <a href=\"mailto:picht@zfl-berlin.org\">picht@zfl-berlin.org<\/a><\/p>\n<p>Markus Pissarek | <a href=\"mailto:markus.pissarek@web.de\">markus.pissarek@web.de<\/a><\/p>\n<p>Marina Polunic | <a href=\"mailto:guen2008@aol.com\">guen2008@aol.com<\/a><\/p>\n<p>Jean-Michel Rabate | <a href=\"mailto:jmrabate@dept.english.upenn.edu\">jmrabate@dept.english.upenn.edu<\/a><\/p>\n<p>Katharina Ratschko | <a href=\"mailto:katharina.ratschko@gmx.net\">katharina.ratschko@gmx.net<\/a><\/p>\n<p>Julian Reidy | <a href=\"mailto:julian.reidy@unibe.ch\">julian.reidy@unibe.ch<\/a><\/p>\n<p>Rolf Renner | <a href=\"mailto:rrenner@netcourrier.com\">rrenner@netcourrier.com<\/a><\/p>\n<p>Willy Riemer | <a href=\"mailto:riemer@udel.edu\">riemer@udel.edu<\/a><\/p>\n<p>Elena Risi | <a href=\"mailto:elisa.risi@uni-marburg.de\">elisa.risi@uni-marburg.de<\/a><\/p>\n<p>Monika Ritzer | <a href=\"mailto:ritzer@rz.uni-leipzig.de\">ritzer@rz.uni-leipzig.de<\/a><\/p>\n<p>Ritchie Robertson | <a href=\"mailto:ritchie.robertson@queens.ox.ac.uk\">ritchie.robertson@queens.ox.ac.uk<\/a><\/p>\n<p>Mark W. Roche | <a href=\"mailto:Mark.W.Roche.5@nd.edu\">Mark.W.Roche.5@nd.edu<\/a><\/p>\n<p>Gisela Roethke | <a href=\"mailto:roethke@dickinson.edu\">roethke@dickinson.edu<\/a><\/p>\n<p>Judith Ryan | <a href=\"mailto:jryan@fas.harvard.edu\">jryan@fas.harvard.edu<\/a><\/p>\n<p>Shigeo Saito | <a href=\"mailto:s-shigeo@morioka-u.ac.jp\">s-shigeo@morioka-u.ac.jp<\/a><\/p>\n<p>Ester Saletta | <a href=\"mailto:ester.saletta@tin.it\">ester.saletta@tin.it<\/a><\/p>\n<p>Christa Sammons | <a href=\"mailto:christa.sammons@gmail.com\">christa.sammons@gmail.com<\/a><\/p>\n<p>Karol Sauerland | <a href=\"mailto:sauerland@uw.edu.pl\">sauerland@uw.edu.pl<\/a><\/p>\n<p>Sigurd Scheichl | <a href=\"mailto:sigurd.p.scheichl@uibk.ac.at\">sigurd.p.scheichl@uibk.ac.at<\/a><\/p>\n<p>Ernestine Schlant | <a href=\"mailto:misslbeck88@gmail.com\">misslbeck88@gmail.com<\/a><\/p>\n<p>Marion Schmaus | <a href=\"mailto:schmaus@uni-marburg.de\">schmaus@uni-marburg.de<\/a><\/p>\n<p>Sigrid Schmid-Bortenschlager | <a href=\"mailto:sigrid.schmid@orange.fr\">sigrid.schmid@orange.fr<\/a><\/p>\n<p>Esther Schneider-Handschin | <a href=\"mailto:esther.schneiderhandschin@bluewin.ch\">esther.schneiderhandschin@bluewin.ch<\/a><\/p>\n<p>Matthias Sch\u00f6ning | <a href=\"mailto:Matthias.Schoening@uni-konstanz.de\">Matthias.Schoening@uni-konstanz.de<\/a><\/p>\n<p>Ernst Sch\u00fcrer | <a href=\"mailto:exs2@psu.edu\">exs2@psu.edu<\/a><\/p>\n<p>Florens Schwarzw\u00e4lder | <a href=\"mailto:f.schwarzwaelder@gmail.com\">f.schwarzwaelder@gmail.com<\/a><\/p>\n<p>Thomas Sebastian | <a href=\"mailto:tsebasti@trinity.edu\">tsebasti@trinity.edu<\/a><\/p>\n<p>Naser \u0160ecerovic | <a href=\"mailto:naser.secerovic@ff.unsa.ba\">naser.secerovic@ff.unsa.ba<\/a><\/p>\n<p>Arvi Sepp | <a href=\"mailto:arvi.sepp@uantwerpen.be\">arvi.sepp@uantwerpen.be<\/a><\/p>\n<p>Arpad Szkolczai | <a href=\"mailto:a.szakolczai@ucc.ie\">a.szakolczai@ucc.ie<\/a><\/p>\n<p>Shin Hye Yang | <a href=\"mailto:shinhy@sookmyung.ac.kr\">shinhy@sookmyung.ac.kr<\/a><\/p>\n<p>Judith Sidler | <a href=\"mailto:judith.sidler@dal.ca\">judith.sidler@dal.ca<\/a><\/p>\n<p>Karl Sigmund | <a href=\"mailto:karl.sigmund@univie.ac.at\">karl.sigmund@univie.ac.at<\/a><\/p>\n<p>Christian Sinn | <a href=\"mailto:Christian.Sinn@phsg.ch\">Christian.Sinn@phsg.ch<\/a><\/p>\n<p>Paulo Soethe | <a href=\"mailto:paulosoethe@me.com\">paulosoethe@me.com<\/a><\/p>\n<p>Anna Leth S\u00f8rensen | <a href=\"mailto:litahrls@hum.au.dk\">litahrls@hum.au.dk<\/a><\/p>\n<p>Lydia Spiekermann | <a href=\"mailto:lydia.spiekermann@gmx.de\">lydia.spiekermann@gmx.de<\/a><\/p>\n<p>Heinz Sproll | <a href=\"mailto:sproll.heinz@web.de\">sproll.heinz@web.de<\/a><\/p>\n<p>Alice Sta\u0161kov\u00e1 | <a href=\"mailto:alice.staskova@uni-jena.de\">alice.staskova@uni-jena.de<\/a><\/p>\n<p>Michael P. Steinberg | <a href=\"mailto:Michael_Steinberg@brown.edu\">Michael_Steinberg@brown.edu<\/a><\/p>\n<p>Liisa Steinby | <a href=\"mailto:liisaa@utu.fi\">liisaa@utu.fi<\/a><\/p>\n<p>Brett Sterling | <a href=\"mailto:bsterli@uark.edu\">bsterli@uark.edu<\/a><\/p>\n<p>Gerald Stieg | <a href=\"mailto:gerald.stieg@wanadoo.fr\">gerald.stieg@wanadoo.fr<\/a><\/p>\n<p>Alla Strelnikova | <a href=\"mailto:a-strelnikova@mail.ru\">a-strelnikova@mail.ru<\/a><\/p>\n<p>L\u00e1szl\u00f3 V. Szab\u00f3 | <a href=\"mailto:vszabol@googlemail.com\">vszabol@googlemail.com<\/a><\/p>\n<p>Tatsuya Takeda | <a href=\"mailto:takeda@nitech.ac.jp\">takeda@nitech.ac.jp<\/a><\/p>\n<p>Galin Tihanov | <a href=\"mailto:g.tihanov@qmul.ac.uk\">g.tihanov@qmul.ac.uk<\/a><\/p>\n<p>Erika Tunner | <a href=\"mailto:erika.tunner@wanadoo.fr\">erika.tunner@wanadoo.fr<\/a><\/p>\n<p>Saniye Uysal | <a href=\"mailto:saniyeu@gmail.com\">saniyeu@gmail.com<\/a><\/p>\n<p>Silvio Vietta | <a href=\"mailto:silvio.vietta@gmail.com\">silvio.vietta@gmail.com<\/a><\/p>\n<p>Graf Wolfgang Vitzthum | <a href=\"mailto:wolfgang-graf.vitzthum@uni-tuebingen.de\">wolfgang-graf.vitzthum@uni-tuebingen.de<\/a><\/p>\n<p>Pablo Vivanco | <a href=\"mailto:pablovivanco2002@gmail.com\">pablovivanco2002@gmail.com<\/a><\/p>\n<p>Friedrich Vollhardt | <a href=\"mailto:friedrich.vollhardt@germanistik.uni-muenchen.de\">friedrich.vollhardt@germanistik.uni-muenchen.de<\/a><\/p>\n<p>Thorsten Voss | <a href=\"mailto:tovoss@uni-wuppertal.de\">tovoss@uni-wuppertal.de<\/a><\/p>\n<p>Ioana Vultur | <a href=\"mailto:ivultur@free.fr\">ivultur@free.fr<\/a><\/p>\n<p>Donald Wallace | <a href=\"mailto:dwal21@hotmail.com\">dwal21@hotmail.com<\/a><\/p>\n<p>Victoria Weidemann | <a href=\"mailto:v_weidemann@yahoo.fr\">v_weidemann@yahoo.fr<\/a><\/p>\n<p>Daniel Weidner | <a href=\"mailto:daniel.weidner@germanistik.uni-halle.de\">daniel.weidner@germanistik.uni-halle.de<\/a><\/p>\n<p>Robert Weigel | <a href=\"mailto:weigerg@auburn.edu\">weigerg@auburn.edu<\/a><\/p>\n<p>Kirk Wetters | <a href=\"mailto:kirk.wetters@yale.edu\">kirk.wetters@yale.edu<\/a><\/p>\n<p>Werner Wintersteiner | <a href=\"mailto:werner.wintersteiner@aau.at\">werner.wintersteiner@aau.at<\/a><\/p>\n<p>Markus W\u00f6lfl | <a href=\"mailto:mwoelfl@gmx.de\">mwoelfl@gmx.de<\/a><\/p>\n<p>Sebastian Wogenstein | <a href=\"mailto:sebastian.wogenstein@uconn.edu\">sebastian.wogenstein@uconn.edu<\/a><\/p>\n<p>Doren Wohlleben | <a href=\"mailto:doren.wohlleben@uni-marburg.de\">doren.wohlleben@uni-marburg.de<\/a><\/p>\n<p>Thomas Wortmann | <a href=\"mailto:t.wortmann@uni-mannheim.de\">t.wortmann@uni-mannheim.de<\/a><\/p>\n<p>Miriam Wray | <a href=\"mailto:miriamwray2011@gmail.com\">miriamwray2011@gmail.com<\/a><\/p>\n<p>Hans Georg Zapotoczky | <a href=\"mailto:sabine.schroettner@klinikum-graz.at\">sabine.schroettner@klinikum-graz.at<\/a><\/p>\n<p>Annie Zdenek | <a href=\"mailto:annie.zdenek@t-online.de\">annie.zdenek@t-online.de<\/a><\/p>\n<p>Tomislav Zelic | <a href=\"mailto:tzelic@unizd.hr\">tzelic@unizd.hr<\/a><\/p>\n<p>Christoph Zeller | <a href=\"mailto:christoph.zeller@vanderbilt.edu\">christoph.zeller@vanderbilt.edu<\/a><\/p>\n","protected":false},"excerpt":{"rendered":"<p>Anl\u00e4sslich der Homepage-Erneuerung haben wir Mitglieder mit veralteter E-Mail-Adresse (Fehlermeldung) entfernt. Schreiben Sie mir (Sarah McGaughey) sehr gerne mit Ihren neuen Kontaktdaten an, damit wir Sie wieder auf die Liste nehmen d\u00fcrfen &#8211; wir freuen uns auf Sie. \/ In updating the website, we also updated the list of members and removed those whose e-mail [&hellip;]<\/p>\n","protected":false},"author":282,"featured_media":0,"parent":0,"menu_order":0,"comment_status":"closed","ping_status":"closed","template":"","meta":{"footnotes":""},"class_list":["post-90","page","type-page","status-publish","hentry","post","no-featured-image"],"_links":{"self":[{"href":"https:\/\/blogs.dickinson.edu\/iab\/wp-json\/wp\/v2\/pages\/90","targetHints":{"allow":["GET"]}}],"collection":[{"href":"https:\/\/blogs.dickinson.edu\/iab\/wp-json\/wp\/v2\/pages"}],"about":[{"href":"https:\/\/blogs.dickinson.edu\/iab\/wp-json\/wp\/v2\/types\/page"}],"author":[{"embeddable":true,"href":"https:\/\/blogs.dickinson.edu\/iab\/wp-json\/wp\/v2\/users\/282"}],"replies":[{"embeddable":true,"href":"https:\/\/blogs.dickinson.edu\/iab\/wp-json\/wp\/v2\/comments?post=90"}],"version-history":[{"count":3,"href":"https:\/\/blogs.dickinson.edu\/iab\/wp-json\/wp\/v2\/pages\/90\/revisions"}],"predecessor-version":[{"id":277,"href":"https:\/\/blogs.dickinson.edu\/iab\/wp-json\/wp\/v2\/pages\/90\/revisions\/277"}],"wp:attachment":[{"href":"https:\/\/blogs.dickinson.edu\/iab\/wp-json\/wp\/v2\/media?parent=90"}],"curies":[{"name":"wp","href":"https:\/\/api.w.org\/{rel}","templated":true}]}}