{"id":31,"date":"2016-08-13T09:35:42","date_gmt":"2016-08-13T13:35:42","guid":{"rendered":"http:\/\/blogs.dickinson.edu\/iglesia\/?page_id=31"},"modified":"2018-08-20T13:55:34","modified_gmt":"2018-08-20T17:55:34","slug":"contemporary-scholarship","status":"publish","type":"page","link":"https:\/\/blogs.dickinson.edu\/iglesia\/contemporary-scholarship\/","title":{"rendered":"Scholarship on the 1863 Fire"},"content":{"rendered":"<h3>Selection of Contemporary Scholarship<\/h3>\n<p>Binda Compton, Edwin. &#8220;La Iglesia de la Compa\u00f1\u00eda de Jes\u00fas en Santiago de Chile: 1605-1863. Alcances sobre una reconstrucci\u00f3n hist\u00f3rica.&#8221; <em>El barroco hispanoamericano: manifestaciones y significaci\u00f3n. <\/em>Comp. Bernardino Bravo Lira. Santiago: Fondo Hist\u00f3rico y\u00a0 Bibliogr\u00e1fico Jos\u00e9 Toribio Medina, 1984.<\/p>\n<p>Castillo Navasal, Mar\u00eda Jos\u00e9. \u201cNuevos altares a Mar\u00eda. El ingreso de devociones, en la segunda mitad del siglo XIX y primeras d\u00e9cadas del XX.\u201d In <em>Los nuevos caminos: la Iglesia y el Estado<\/em>, edited by Rodrigo Moreno Jeria, 539-577. Vol. 3 of <em>Historia de la Iglesia en Chile<\/em>, directed by Marcial S\u00e1nchez Gaete. Santiago: Editorial Universitaria, 2011.<\/p>\n<p>Edwards, Lisa M. \u201cEstado e Iglesia en el Chile republicano.\u201d In <em>Estado y sociedad<\/em>, edited by Iv\u00e1n Jaksi\u0107 and Francisca Rengifo, 303-332. Vol. 2 of <em>Historia pol\u00edtica de Chile, 1810-2010<\/em>. Santiago: Fondo de Cultura Econ\u00f3mica Chile, 2017.<\/p>\n<p>Krebs Wilckens, Ricardo.<em> La Iglesia de Am\u00e9rica Latina en el siglo XIX<\/em>. Santiago: Universidad Cat\u00f3lica de Chile, 2002.<\/p>\n<p>Palacios Roa, Alfredo. <em>Del infierno al cielo: im\u00e1genes y testimonios del incendio de la Iglesia de la Compa\u00f1\u00eda de Jes\u00fas ocurrido el 8 de diciembre de 1863. <\/em>Valpara\u00edso: Ediciones Universitarias de Valpara\u00edso, Pontificia Universidad Cat\u00f3lica de Valpara\u00edso, 2014.<\/p>\n<p>&#8212;. <em>La historia de los monumentos a las v\u00edctimas del incendio de la Compa\u00f1\u00eda de Jes\u00fas. Anuario de historia de la Iglesia en Chile.<\/em> 29 (2011): 137-156.<\/p>\n<p><a href=\"http:\/\/blogs.dickinson.edu\/iglesia\/files\/2018\/04\/Serrano_Que\u0301-hacer-con-Dios-en-la-Repu\u0301blica.pdf\">Serrano, Sol.\u00a0 <em>\u00bfQue\u0301hacer con Dios en la Rep\u00fablica?<\/em> Santiago: Fondo de Cultura Econ\u00f3mica, 2008. (Selection)<\/a><\/p>\n<p>&nbsp;<\/p>\n<h3>Selection of 19th-Century Texts<\/h3>\n<p><em><a href=\"http:\/\/blogs.dickinson.edu\/iglesia\/files\/2018\/08\/El-Bien-Pu\u0301blico.pdf\">El Bien P\u00fablico.<\/a><\/em><\/p>\n<p><a href=\"http:\/\/blogs.dickinson.edu\/iglesia\/files\/2018\/08\/Can\u0303as_Reclamo.pdf\">Ca\u00f1as, Francisco. &#8220;Reclamo dirijido al Supremo Gobierno con fecha 7 de junio de 1865, sobre el terreno perteneciente a los bienes que quedaron de la Iglesia de la Compa\u00f1\u00eda.&#8221; Santiago: Imp. del Independiente, 1867.<\/a><\/p>\n<p><a href=\"http:\/\/blogs.dickinson.edu\/iglesia\/files\/2018\/08\/Casanova_Historia_del_templo_de_la_Compan\u0303i\u0301a_de_Santiago_de_Chile_y_de_su_incendio_acaecido_el_8_de_diciembre_de_1863.pdf\">Casanova, Mariano. <em>Historia del templo de la Compa\u00f1\u00eda de Santiago de Chile y de su incendio acaecido el 8 de diciembre de 1863.<\/em> Valpara\u00edso: Imp. del Mercurio de Tornero y Letelier, 1871.<\/a><\/p>\n<p><a href=\"http:\/\/blogs.dickinson.edu\/iglesia\/files\/2018\/08\/Casanova_Oracio\u0301n_funebre.pdf\">&#8212;. <em>Oraci\u00f3n f\u00fanebre que pronunci\u00f3 el presb\u00edtero Dr. D. Mariano Casanova en las exequias celebradas el 6 de diciembre de 1864, en la Iglesia Metropolitana, por las v\u00edctimas del incendio de la Compa\u00f1\u00eda el 8 de diciembre de 1863.<\/em> Santiago: Imp. del Correo, 1864.<\/a><\/p>\n<div class=\"col12\">\n<div id=\"titulo_objeto_digital\" class=\"articulocompleto margenabajo0\">\n<p class=\"titulo aid-85551 cid-502\"><a href=\"http:\/\/blogs.dickinson.edu\/iglesia\/files\/2018\/08\/Casanova_Relacio\u0301n_del_incendio_de_la_Compan\u0303i\u0301a.pdf\"><em>&#8212;. Relaci\u00f3n del incendio de la Compa\u00f1\u00eda: acaecido el 8 de diciembre de 1863<\/em>. Santiago: Imp. del Ferrocarril, 1864.<\/a><\/p>\n<p><a href=\"http:\/\/blogs.dickinson.edu\/iglesia\/files\/2018\/08\/Casanova_Resu\u0301men_histo\u0301rico_del_gran_incendio_de_la_Compan\u0303i\u0301a.pdf\">&#8212;. <em>Res\u00famen hist\u00f3rico del gran incendio de la Compa\u00f1\u00eda<\/em>. Valpara\u00edso: Librer\u00eda Espa\u00f1ola de Nicasio Ezquerra, 1863.<\/a><\/p>\n<p><a href=\"http:\/\/blogs.dickinson.edu\/iglesia\/files\/2018\/08\/Decreto_supremo-.pdf\"><em>Decreto supremo que ordena la demolici\u00f3n de las ruinas de la Compa\u00f1\u00eda: 14 diciembre de 1863.<\/em><\/a><\/p>\n<p><a href=\"http:\/\/blogs.dickinson.edu\/iglesia\/files\/2018\/08\/Demolicio\u0301n-de-la-Compan\u0303i\u0301a.pdf\"><em>Demolici\u00f3n de la Compa\u00f1\u00eda.<\/em><\/a><\/p>\n<p>Eyzaguirre, Jos\u00e9 Ignacio V\u00edctor. <em>Discurso pronunciado en la inauguraci\u00f3n del monumento conmemorativo del incendio de la Compa\u00f1\u00eda. <\/em>Santiago: Andr\u00e9s Bello, 1873.<\/p>\n<p><em>El Ferrocarril.<\/em><\/p>\n<p><em>El Mercurio de Valpara\u00edso<\/em>.<\/p>\n<p><em><a href=\"http:\/\/blogs.dickinson.edu\/iglesia\/files\/2018\/08\/Monumento_a_las_vi\u0301ctimas.pdf\">Monumento a las v\u00edctimas del 8 de diciembre: 15 diciembre de 1863.<\/a><\/em><\/p>\n<p><em>La Revista Cat\u00f3lica<\/em>.<\/p>\n<p>Riquelme, Daniel. <em>El incendio de la Iglesia de la Compa\u00f1\u00eda el 8 de diciembre de 1863.<\/em> Santiago: Imp. Cervantes, 1893.<\/p>\n<p><a href=\"http:\/\/blogs.dickinson.edu\/iglesia\/files\/2018\/08\/Relacio\u0301n_me\u0301dica.pdf\">Tocornal, Francisco Javier. &#8220;Relaci\u00f3n m\u00e9dica de lo sucedido en el Templo de la Compa\u00f1\u00eda el 8 de diciembre de 1863.&#8221; <em>Anales de la Universidad de Chile<\/em>. 25.4 Santiago : Imp. del Pac\u00edfico,\u00a0 1864, 556-59.<\/a><\/p>\n<p>Trumbull, David. <em>La cat\u00e1strofe de la Compa\u00f1\u00eda<\/em>. Valpara\u00edso: Imp. de la Patria, 1864.<\/p>\n<p><a href=\"http:\/\/blogs.dickinson.edu\/iglesia\/files\/2018\/08\/Valde\u0301s_El-cuerpo-de-bpmberos.pdf\">Vald\u00e9s Vergara, Ismael. <em>El cuerpo de bomberos de Santiago, 1863-1900<\/em>. Valpara\u00edso: Babra y Ca., 1900.<\/a><\/p>\n<p><a href=\"http:\/\/blogs.dickinson.edu\/iglesia\/files\/2018\/08\/Valdivieso_Pastoral_del_ilustrisimo_i_reverendi\u0301simo_Sen\u0303or_Arzobispo_de_Santiago.pdf\">Valdivieso, Rafael. <em>Pastoral del ilustr\u00edsimo i reverend\u00edsimo Se\u00f1or Arzobispo de Santiago sobre el incendio de la Compa\u00f1\u00eda i su reparaci\u00f3n.<\/em> Santiago: Imp. del Correo, 1864.<\/a><\/p>\n<p>Vicu\u00f1a Mackenna, Benjam\u00edn. <em>El incendio del Templo de la Compa\u00f1\u00eda de Jes\u00fas. <\/em>Buenos Aires, Francisco de Aguirre, 1971.<\/p>\n<p>&nbsp;<\/p>\n<\/div>\n<\/div>\n<h3>Additional Resources<\/h3>\n<p><a href=\"http:\/\/www.memoriachilena.cl\/602\/w3-article-31438.html#documentos\">Memoria Chilena<\/a><\/p>\n","protected":false},"excerpt":{"rendered":"<p>Selection of Contemporary Scholarship Binda Compton, Edwin. &#8220;La Iglesia de la Compa\u00f1\u00eda de Jes\u00fas en Santiago de Chile: 1605-1863. Alcances sobre una reconstrucci\u00f3n hist\u00f3rica.&#8221; El barroco hispanoamericano: manifestaciones y significaci\u00f3n. Comp. Bernardino Bravo Lira. Santiago: Fondo Hist\u00f3rico y\u00a0 Bibliogr\u00e1fico Jos\u00e9 Toribio Medina, 1984. Castillo Navasal, Mar\u00eda Jos\u00e9. \u201cNuevos altares a Mar\u00eda. El ingreso de devociones, [&hellip;]<\/p>\n","protected":false},"author":847,"featured_media":0,"parent":0,"menu_order":8,"comment_status":"closed","ping_status":"closed","template":"","meta":{"footnotes":""},"class_list":["post-31","page","type-page","status-publish","hentry","post-preview"],"_links":{"self":[{"href":"https:\/\/blogs.dickinson.edu\/iglesia\/wp-json\/wp\/v2\/pages\/31","targetHints":{"allow":["GET"]}}],"collection":[{"href":"https:\/\/blogs.dickinson.edu\/iglesia\/wp-json\/wp\/v2\/pages"}],"about":[{"href":"https:\/\/blogs.dickinson.edu\/iglesia\/wp-json\/wp\/v2\/types\/page"}],"author":[{"embeddable":true,"href":"https:\/\/blogs.dickinson.edu\/iglesia\/wp-json\/wp\/v2\/users\/847"}],"replies":[{"embeddable":true,"href":"https:\/\/blogs.dickinson.edu\/iglesia\/wp-json\/wp\/v2\/comments?post=31"}],"version-history":[{"count":0,"href":"https:\/\/blogs.dickinson.edu\/iglesia\/wp-json\/wp\/v2\/pages\/31\/revisions"}],"wp:attachment":[{"href":"https:\/\/blogs.dickinson.edu\/iglesia\/wp-json\/wp\/v2\/media?parent=31"}],"curies":[{"name":"wp","href":"https:\/\/api.w.org\/{rel}","templated":true}]}}