{"id":34,"date":"2016-08-13T09:37:47","date_gmt":"2016-08-13T13:37:47","guid":{"rendered":"http:\/\/blogs.dickinson.edu\/iglesia\/?page_id=34"},"modified":"2018-06-01T15:22:10","modified_gmt":"2018-06-01T19:22:10","slug":"other-commemorative-verses","status":"publish","type":"page","link":"https:\/\/blogs.dickinson.edu\/iglesia\/other-commemorative-verses\/","title":{"rendered":"Other Commemorative Verses"},"content":{"rendered":"<p>Juan Rafael Allende (&#8220;El Pequ\u00e9n&#8221;) (1848- 1909) escaped from the 1863 fire thorough the presbytery of La Compa\u00f1\u00eda when he was fifteen years old.\u00a0Recalling the unforgettable incident from his youth, he wrote \u201cIncendio de la Compa\u00f1\u00eda,\u201d which appeared in the first volume of <em>Poes\u00edas populares de \u201cEl Pequ\u00e9n\u201d <\/em>(1911).<\/p>\n<p>For more on &#8220;El Pequ\u00e9n,&#8221; see\u00a0\u201cJuan Rafael Allende\u201d by Arturo Blanco A. in <em>Revista Chilena de Historia y Geograf\u00eda<\/em> 55 (1925), pp. 171-196; \u201cJuan Rafael Allende\u201d by Virgilio Figueroa in <em>Diccionario hist\u00f3rico y biogr\u00e1fico de Chile 1800-<\/em><em>1925 <\/em>(1925), pp. 446-450; and <em>Del infierno al cielo<\/em>. <em>Im\u00e1genes y testimonios del incendio de la Iglesia de <\/em><em>la Compa\u00f1\u00eda de Jes\u00fas ocurrido el 8 de diciembre de 1863<\/em> (2014) by Alfredo Palacios Roa.<\/p>\n<p><a href=\"http:\/\/blogs.dickinson.edu\/iglesia\/files\/2018\/02\/El-Peque\u0301n_Poema_Upload.pdf\">&#8220;Incendio de la Compa\u00f1\u00eda&#8221; by El Pequ\u00e9n (Juan Rafael Allende)<\/a><\/p>\n<p>&nbsp;<\/p>\n","protected":false},"excerpt":{"rendered":"<p>Juan Rafael Allende (&#8220;El Pequ\u00e9n&#8221;) (1848- 1909) escaped from the 1863 fire thorough the presbytery of La Compa\u00f1\u00eda when he was fifteen years old.\u00a0Recalling the unforgettable incident from his youth, he wrote \u201cIncendio de la Compa\u00f1\u00eda,\u201d which appeared in the first volume of Poes\u00edas populares de \u201cEl Pequ\u00e9n\u201d (1911). For more on &#8220;El Pequ\u00e9n,&#8221; see\u00a0\u201cJuan [&hellip;]<\/p>\n","protected":false},"author":847,"featured_media":0,"parent":0,"menu_order":4,"comment_status":"closed","ping_status":"closed","template":"","meta":{"footnotes":""},"class_list":["post-34","page","type-page","status-publish","hentry","post-preview"],"_links":{"self":[{"href":"https:\/\/blogs.dickinson.edu\/iglesia\/wp-json\/wp\/v2\/pages\/34","targetHints":{"allow":["GET"]}}],"collection":[{"href":"https:\/\/blogs.dickinson.edu\/iglesia\/wp-json\/wp\/v2\/pages"}],"about":[{"href":"https:\/\/blogs.dickinson.edu\/iglesia\/wp-json\/wp\/v2\/types\/page"}],"author":[{"embeddable":true,"href":"https:\/\/blogs.dickinson.edu\/iglesia\/wp-json\/wp\/v2\/users\/847"}],"replies":[{"embeddable":true,"href":"https:\/\/blogs.dickinson.edu\/iglesia\/wp-json\/wp\/v2\/comments?post=34"}],"version-history":[{"count":0,"href":"https:\/\/blogs.dickinson.edu\/iglesia\/wp-json\/wp\/v2\/pages\/34\/revisions"}],"wp:attachment":[{"href":"https:\/\/blogs.dickinson.edu\/iglesia\/wp-json\/wp\/v2\/media?parent=34"}],"curies":[{"name":"wp","href":"https:\/\/api.w.org\/{rel}","templated":true}]}}