{"id":6,"date":"2016-08-12T22:07:39","date_gmt":"2016-08-13T02:07:39","guid":{"rendered":"http:\/\/blogs.dickinson.edu\/iglesia\/?page_id=6"},"modified":"2018-06-07T11:08:43","modified_gmt":"2018-06-07T15:08:43","slug":"andres-bello-1781-1865","status":"publish","type":"page","link":"https:\/\/blogs.dickinson.edu\/iglesia\/andres-bello-1781-1865\/","title":{"rendered":"Andr\u00e9s Bello (1781-1865)"},"content":{"rendered":"<p>Bello penned this poem after the 1841 fire that had damaged the Iglesia de la Compa\u00f1\u00eda. The poem was republished in the press after the 1863 tragedy.<\/p>\n<p>For more on Bello&#8217;s life, see <em>Andr\u00e9s Bello: Scholarship and Nation-Building in Nineteenth-Century Latin <\/em><em>America <\/em>(2001) by Iv\u00e1n Jaksi\u0107, and <a href=\"http:\/\/blogs.dickinson.edu\/iglesia\/files\/2018\/06\/Amuna\u0301tegui_Vida_de_Don_Andre\u0301s_Bello3.pdf\"><em>Vida de Don Andr\u00e9s Bello<\/em> (1882) by Miguel Luis Amun\u00e1tegui<\/a> (Bello&#8217;s primary biographer from the nineteenth century).<\/p>\n<p style=\"text-align: left;\"><a href=\"http:\/\/www.coleccionesdigitales.cl:5881\/ImageServer\/dtlimagenav.jsp?filename=L2V4bGlicmlzMS9yZXBvc2l0b3JpbzEvYm5jLzIwMTYvMDMvMzEvZmlsZV8yLzM4MTk0MzM=\"><img loading=\"lazy\" decoding=\"async\" class=\" wp-image-111 alignleft\" src=\"http:\/\/blogs.dickinson.edu\/iglesia\/files\/2018\/02\/bello_upload-240x300.jpg\" alt=\"\" width=\"289\" height=\"362\" srcset=\"https:\/\/blogs.dickinson.edu\/iglesia\/files\/2018\/02\/bello_upload-240x300.jpg 240w, https:\/\/blogs.dickinson.edu\/iglesia\/files\/2018\/02\/bello_upload.jpg 495w\" sizes=\"auto, (max-width: 289px) 100vw, 289px\" \/><\/a><a href=\"http:\/\/blogs.dickinson.edu\/iglesia\/files\/2018\/02\/Incendio_Bello_Upload.pdf\" target=\"_blank\" rel=\"noopener\">&#8220;El incendio de la Compa\u00f1\u00eda&#8221; (1841)<\/a><\/p>\n","protected":false},"excerpt":{"rendered":"<p>Bello penned this poem after the 1841 fire that had damaged the Iglesia de la Compa\u00f1\u00eda. The poem was republished in the press after the 1863 tragedy. For more on Bello&#8217;s life, see Andr\u00e9s Bello: Scholarship and Nation-Building in Nineteenth-Century Latin America (2001) by Iv\u00e1n Jaksi\u0107, and Vida de Don Andr\u00e9s Bello (1882) by Miguel [&hellip;]<\/p>\n","protected":false},"author":847,"featured_media":0,"parent":0,"menu_order":2,"comment_status":"closed","ping_status":"closed","template":"","meta":{"footnotes":""},"class_list":["post-6","page","type-page","status-publish","hentry","post-preview"],"_links":{"self":[{"href":"https:\/\/blogs.dickinson.edu\/iglesia\/wp-json\/wp\/v2\/pages\/6","targetHints":{"allow":["GET"]}}],"collection":[{"href":"https:\/\/blogs.dickinson.edu\/iglesia\/wp-json\/wp\/v2\/pages"}],"about":[{"href":"https:\/\/blogs.dickinson.edu\/iglesia\/wp-json\/wp\/v2\/types\/page"}],"author":[{"embeddable":true,"href":"https:\/\/blogs.dickinson.edu\/iglesia\/wp-json\/wp\/v2\/users\/847"}],"replies":[{"embeddable":true,"href":"https:\/\/blogs.dickinson.edu\/iglesia\/wp-json\/wp\/v2\/comments?post=6"}],"version-history":[{"count":0,"href":"https:\/\/blogs.dickinson.edu\/iglesia\/wp-json\/wp\/v2\/pages\/6\/revisions"}],"wp:attachment":[{"href":"https:\/\/blogs.dickinson.edu\/iglesia\/wp-json\/wp\/v2\/media?parent=6"}],"curies":[{"name":"wp","href":"https:\/\/api.w.org\/{rel}","templated":true}]}}