{"id":2,"date":"2020-04-06T01:28:11","date_gmt":"2020-04-06T01:28:11","guid":{"rendered":"http:\/\/blogs.dickinson.edu\/italian-diaspora\/?page_id=2"},"modified":"2020-05-06T14:14:59","modified_gmt":"2020-05-06T18:14:59","slug":"integralismobrasiliano","status":"publish","type":"page","link":"https:\/\/blogs.dickinson.edu\/italian-diaspora\/integralismobrasiliano\/","title":{"rendered":"Integralismo Brasiliano"},"content":{"rendered":"\r\n<h2 style=\"text-align: center\"><span style=\"color: #084d08\">L&#8217;Influenza italiana sul Fascismo in Brasile<\/span><\/h2>\r\n<h4 style=\"text-align: center\">Calvin Bader<\/h4>\r\n<p><img loading=\"lazy\" decoding=\"async\" class=\"aligncenter wp-image-314 \" src=\"http:\/\/blogs.dickinson.edu\/italian-diaspora\/files\/2020\/04\/Congresso_Integralista_1935.jpg\" alt=\"\" width=\"557\" height=\"370\" srcset=\"https:\/\/blogs.dickinson.edu\/italian-diaspora\/files\/2020\/04\/Congresso_Integralista_1935.jpg 361w, https:\/\/blogs.dickinson.edu\/italian-diaspora\/files\/2020\/04\/Congresso_Integralista_1935-300x199.jpg 300w\" sizes=\"auto, (max-width: 557px) 100vw, 557px\" \/><\/p>\r\n<p style=\"text-align: center\">Il Congresso Integralista a Blumenau, Brasile, 1935.\u00a0<\/p>\r\n<p><a href=\"http:\/\/blogs.dickinson.edu\/italian-diaspora\/sample-page\/brasilian-integralism\/\" target=\"_blank\" rel=\"noopener noreferrer\">In English<\/a><\/p>\r\n<p>Mentre il Fascismo italiano non ha mai guadagnato il potere o la diffusione auspicati dal suo fonditore, Benito Mussolini, ha avuto pi\u00f9 influenza di quanto spesso ammesso. Nei primi anni del 1900, l\u2019immigrazione italiano \u00e8 risultato nella creazione di comunit\u00e0 italiane in tutto il mondo, ma gli italiani erano particolarmente attrattati dal Sud America. Italiani si hanno stabilendosi in tanti paesi sud americani come Argentina, Uruguay, e Brasile. Nel 1935, c\u2019erano circa tre milioni italiane in Brasile, e circa un sesto degli immigranti hanno mantenuto il loro cittadinanza italiana (Seitenfus, 505). Questi italiani hanno iniziato ad integrarsi nella societ\u00e0 brasiliana e hanno creato ruoli per se stessi in tante comunit\u00e0 brasiliane, specialmente a Sao Paolo. Gli immigranti italiani e il governo Fascista erano molto coinvolti nella diffusione del fascismo in Brasile, mostrando l\u2019impatto che gli italiani hanno avuto sulla ideologia e cultura brasiliana nel ventesimo secolo, anche se il fascismo non ottenne mai il potere e l&#8217;autorit\u00e0 in Brasile che Mussolini desiderava.<\/p>\r\n<p>&nbsp;<\/p>\r\n<p><img loading=\"lazy\" decoding=\"async\" class=\"wp-image-385 aligncenter\" src=\"http:\/\/blogs.dickinson.edu\/italian-diaspora\/files\/2020\/04\/output-onlinejpgtools.jpg\" alt=\"\" width=\"587\" height=\"401\" srcset=\"https:\/\/blogs.dickinson.edu\/italian-diaspora\/files\/2020\/04\/output-onlinejpgtools.jpg 550w, https:\/\/blogs.dickinson.edu\/italian-diaspora\/files\/2020\/04\/output-onlinejpgtools-300x205.jpg 300w\" sizes=\"auto, (max-width: 587px) 100vw, 587px\" \/><\/p>\r\n<p style=\"text-align: center\"><span style=\"color: #003366\">Immigranti italiani nel Porto di Santos, 1907.<\/span><\/p>\r\n<h4><span style=\"color: #084d08\">L&#8217;introduzione del fascismo in Brasile<\/span><\/h4>\r\n<p>Sebbene la mentalit\u00e0 nazionalista di Mussolini, lui avrebbe preferito che nessun italiano risiedesse fuori dell\u2019Italia, eccetto nelle colonie italiane. Mussolini ha visto gli italiani all\u2019estero come un modo per diffondere e rafforzare la politica estera del Fascismo (Goebel, 237). Il governo Fascista voleva \u201cexert maximum Italian influence in the region\u201d per servire meglio il suo scopo. Di conseguenza, gruppi fascisti, chiamati <em>fasci<\/em>, hanno iniziato a emergere in Brasile, incoraggiati dal governo fascista italiana e spesso guidati da immigranti italiani. Nel 1927, c\u2019erano 52 gruppi fascisti in Brasile e nel 1934 erano 82, di cui 35 erano solo a Sao Paolo (Pinna, 7). Nel 1927, Amadeo Fani, delegato del segretario generale dei fasci all\u2019estero, ha scritto che gli immigranti italiani e i loro discendenti \u201cfelt strongly Italian and that there were many ardent supporters of Mussolini among them\u201d (Goebel, 240). Lui ha spiegato che questo era probabilmente dovuto al fatto che il caso perch\u00e9 gli italiani erano meno assimilati in Brasile di quanto non fossero in altri paesi sud americani, come in Argentina (Goebel, 240). Fascismo italiano hanno iniziato di avere grande influenza in Brasile, spesso grazie a causa degli immigranti italiani.<\/p>\r\n<p><img loading=\"lazy\" decoding=\"async\" class=\"wp-image-150 aligncenter\" src=\"http:\/\/blogs.dickinson.edu\/italian-diaspora\/files\/2020\/04\/Benito_Mussolini_Roman_Salute.jpg\" alt=\"\" width=\"564\" height=\"419\" srcset=\"https:\/\/blogs.dickinson.edu\/italian-diaspora\/files\/2020\/04\/Benito_Mussolini_Roman_Salute.jpg 400w, https:\/\/blogs.dickinson.edu\/italian-diaspora\/files\/2020\/04\/Benito_Mussolini_Roman_Salute-300x223.jpg 300w\" sizes=\"auto, (max-width: 564px) 100vw, 564px\" \/><\/p>\r\n<p style=\"text-align: center\"><span style=\"color: #003366\">Benito Mussolini a Genova, Maggio 1938.<\/span><\/p>\r\n<h4><span style=\"color: #084d08\">La Programmazione e propaganda fascista italiana in Brasile<\/span><\/h4>\r\n<p>Il governo Fascista di Mussolini ha tentato di \u201csocializzare\u201d la gente nel movimento attraverso \u201ccommunal schools, cultural associations and social assistance\u201d (Deutsch, 129). Gli immigranti avevano bisogno di costruire scuole per mantenere la loro identit\u00e0 culturale e lingua attraverso l\u2019educazione dei loro figli. Queste scuole italiane erano spesso sovvenzionate dal governo italiano, anche primo del Fascismo (Barausse, 444). Il governo di Mussolini ha approfittato di queste scuole per promuovere la propaganda fascista e mantenere un legame forte con la madrepatria. Nello stato di Rio Grande do Sul, questa influenza \u00e8 stata particolarmente forte. Celebrazioni fasciste avrebbero avvento in onore di feste italiane e date importanti, come una celebrazione sul cinquantesimo anniversario della morte di Giuseppe Garibaldi (Barausse e Luchese, 454). Tuttavia, tra il 1937 e 1942, il governo brasiliano iniziavano a mettere restrizioni a queste scuole per ridurre la loro influenza (Barausse e Luchese, 448). Le \u201cscuole italiane\u201d sono diventate \u201cscuole italo-brasiliane\u201d e invece di mantenere identit\u00e0 e cultura italiana, queste scuole sono cambiate, insegnando agli immigranti italiani il portoghese e la cultura e le tradizioni brasiliane per pi\u00f9 meglio integrarli nella societ\u00e0 brasiliana (Barausse e Luchese, 460).<\/p>\r\n<p><span lang=\"IT\">Le donne italiane hanno svolto un ruolo importante nella conservazione dell\u2019identit\u00e0 italiana e nella diffusione del fascismo in Brasile. Le donne immigrante sono diventati attivi nelle culture italiane locale, hanno trasmesso la propaganda nazionalista e fascista e hanno partecipato nella campagna della raccolta dell\u2019oro per aiutare la conquista d\u2019Etiopia nel 1935 (Deutsch, 129). Gli insegnanti delle scuole italiane hanno organizzato viaggi per i bambini che hanno aiutato a stimolare la fedelt\u00e0 al fascismo mentre le madri hanno probabilmente partecipato al boicottaggio dei beni e film prodotti in paesi che hanno imposto sanzioni su Italia (Deutsch, 130). La campagna della raccolta dell\u2019oro e le sanzioni su Italia erano i risulti della guerra d\u2019Etiopia. Questa guerra ha iniziato nell\u2019ottobre di 1935 quando Italia ha invaso Etiopia per creare un nuovo impero italiano (Sbacchi, 123).<\/span><\/p>\r\n<p><img loading=\"lazy\" decoding=\"async\" class=\"aligncenter  wp-image-387\" src=\"http:\/\/blogs.dickinson.edu\/italian-diaspora\/files\/2020\/04\/output-onlinejpgtools-2-1.jpg\" alt=\"\" width=\"665\" height=\"472\" srcset=\"https:\/\/blogs.dickinson.edu\/italian-diaspora\/files\/2020\/04\/output-onlinejpgtools-2-1.jpg 726w, https:\/\/blogs.dickinson.edu\/italian-diaspora\/files\/2020\/04\/output-onlinejpgtools-2-1-300x213.jpg 300w\" sizes=\"auto, (max-width: 665px) 100vw, 665px\" \/><\/p>\r\n<p style=\"text-align: center\"><span style=\"color: #003366\">Il Dipartimento di Donne e Giovani dell&#8217;AIB, il primo partito fascista ufficiale in Brasile.<\/span><\/p>\r\n<p>Il Fascismo italiano aveva potere influenza anche fuori dell\u2019aula in altri settori della societ\u00e0 brasiliana. Il governo di Mussolini ha usato giornali come un modo per diffondere la propaganda fascista rapidamente e facilmente tra gli immigranti italiani in Brasile e anche tra i cittadini brasiliani. Il giornale brasiliano \u201cFanfulla,\u201d era fondato nel 1893 era solamente in italiano e eventualmente in seguito \u00e8 diventato un giornale fascista (Pinna, 14). Perfino giornali brasiliani che si sono dichiarati contrari a Mussolini erano acquisiti da simpatizzanti fascisti. \u201cIl Piccolo,\u201d che ha criticato il movimento Fascista di Mussolini in 1919 era eventualmente comprato da uomini che hanno supportato il regime Fascista (Pinna, 15). Giornali cattolici in Brasile sono stati anche promotori del regime di Mussolini. Un giornale, \u201cStaffetta Riograndese,\u201d ha sottolineato che \u201cmolti italo-brasiliani erano pronti ad arruolarsi per la patria lontana e segnal\u00f2 con vigore le donazioni degli immigrati\u201d (Pinna, 17). Il governo Fascista ha anche approfittato degli sport organizzati tra gli immigranti come il ciclismo e il calcio come \u201cstrumenti di propaganda\u201d (Pinna, 10). Lo stato Fascista supervisionava anche la radio professionale italiana in Brasile, e aveva un accordo di cooperazione con il governo brasiliano per \u201cfavor and sway public opinion in Brazil in Italy\u2019s favor\u201d (Goebel, 242).<\/p>\r\n<p><img loading=\"lazy\" decoding=\"async\" class=\"wp-image-152  aligncenter\" src=\"http:\/\/blogs.dickinson.edu\/italian-diaspora\/files\/2020\/04\/SaudacaoIntegralista1935-2.jpg\" alt=\"\" width=\"434\" height=\"509\" srcset=\"https:\/\/blogs.dickinson.edu\/italian-diaspora\/files\/2020\/04\/SaudacaoIntegralista1935-2.jpg 400w, https:\/\/blogs.dickinson.edu\/italian-diaspora\/files\/2020\/04\/SaudacaoIntegralista1935-2-256x300.jpg 256w\" sizes=\"auto, (max-width: 434px) 100vw, 434px\" \/><\/p>\r\n<p style=\"text-align: center\"><span style=\"color: #003366\">Una dimostrazione fascista in Brasile, 1935.<\/span><\/p>\r\n<h4><span style=\"color: #084d08\">La creazione del partito fascista brasiliano<\/span><\/h4>\r\n<p>La migliore dimostrazione del potere del Fascismo italiano pu\u00f2 essere vista nella creazione del partito fascista brasiliano. Plinio Salgado era uno scrittore e un politico che si \u00e8 innamorato di Mussolini e della dottrina del partito Fascista in Italia. Durante un viaggio in Italia nel 1930, Salgado ha cambiato le sue idee politiche dopo aver visto come il governo Fascista ha tenuto il controllo, e questo cambiamento era rafforzato quando lui ha incontrato Mussolini di persona (Goncalves, 84). Dopo il suo ritorno in Brasile, Salgado si \u00e8 prefisso di creare un partito politico che pu\u00f2 imitare il regime Fascista italiana. Cos\u00ec, nell\u2019ottobre di 1932, lui ha fondato ufficialmente l\u2019A\u00e7\u00e3o Integralista Brasileira [l\u2019Azione Integralista Brasiliana] (AIB). Il movimento integralista ha adottato tanti atteggiamenti ideologici che erano simili al Fascismo. Il partito era molto militarizzato e regimentato, con tante dimostrazioni nelle strade e una forte retorica anticomunista.<\/p>\r\n<p><img loading=\"lazy\" decoding=\"async\" class=\"wp-image-153 aligncenter\" src=\"http:\/\/blogs.dickinson.edu\/italian-diaspora\/files\/2020\/04\/integralismo.jpg\" alt=\"\" width=\"385\" height=\"563\" srcset=\"https:\/\/blogs.dickinson.edu\/italian-diaspora\/files\/2020\/04\/integralismo.jpg 255w, https:\/\/blogs.dickinson.edu\/italian-diaspora\/files\/2020\/04\/integralismo-205x300.jpg 205w\" sizes=\"auto, (max-width: 385px) 100vw, 385px\" \/><\/p>\r\n<p style=\"text-align: center\"><span style=\"color: #003366\">Propaganda integralista, con il loro saluto &#8220;Anau\u00ea,&#8221; che significa &#8220;sei il mio fratello&#8221; e \u00e8 creduto di originare da un espressione della linguaggio Tupi.<\/span><\/p>\r\n<h4><span style=\"color: #084d08\">il sostegno per l&#8217;aib<\/span><\/h4>\r\n<p>Mentre il successo del AIB era breve per tante ragioni, \u00e8 prosperato inizialmente a causa del sostengo dagli immigranti italiani, il governo Fascista, e il governo brasiliano di Getulio Vargas. Getulio Vargas, il presidente di Brasile dal 1930-1937 e il dittatore di Brasile dal 1937-1945, era fortemente anticomunista e quindi hanno sostenuto l\u2019AIB nei loro primi sforzi di combattere i sentimenti comunisti in Brasile (Goebel, 242). L\u2019ambiente politico e culturale in Brasile era favorevole per movimenti della destra, grazie all\u2019autoritarismo del governo di Vargas e c\u2019erano sostengo per l\u2019AIB da parte dei cittadini italo-brasiliani. Deve aver notato che il movimento antifascista era particolarmente debole in Brasile, \u201costacolato sia da un clima generale favorevole al regime italiano, sia dall\u2019autoritarismo crescente del governo di Vargas a partire dalla fine degli anni Trenta\u201d (Pinna, 23). Fascismo, in parte grazie agli sforzi di propaganda del regime italiano era \u201cgreatly popular among certain sectors of the government, the Brazilian Catholic Church and in general public opinion\u201d (Bertonha, 153). L&#8217;AIB \u00e8 stato supportato anche da un ampio spettro di italo-brasiliani. La maggior parte del sostegno proveniva dalle classi medie e alte degli immigrati italiani, sebbene un certo sostegno nella regione di Rio de Platone provenisse da classi sociali inferiori (Bertonha, 148). L\u2019entusiasmo crescente \u201cdelle \u00e9lites italo-brasiliane e dei ceti medi al fascismo fu sostenuta dalla visione nazionalista e dal crescente anticomunismo\u201d (Pinna, 18).<\/p>\r\n<p><img loading=\"lazy\" decoding=\"async\" class=\"wp-image-154 aligncenter\" src=\"http:\/\/blogs.dickinson.edu\/italian-diaspora\/files\/2020\/04\/dblalo2-d513f0ea-26f1-40c6-a0f6-ac18c795fd1c.jpg\" alt=\"\" width=\"531\" height=\"354\" \/><\/p>\r\n<p style=\"text-align: center\"><span style=\"color: #003366\">Plinio Salgado (al centro) in un raduno del AIB, met\u00e0 degli anni &#8217;30.<\/span><\/p>\r\n<p>L\u2019AIB era chiamato all\u2019attenzione del governo fascista da Enrico Menzinger, il <em>charg\u00e9 d\u2019affaire<\/em> italiano a Rio de Janeiro (Seitenfus, 509). Menzinger era chiaro nei suoi rapporti che l\u2019integralismo era ispirato al Fascismo italiano. Altri membri del governo italiano con relazioni con l\u2019AIB hanno considerato il nuovo partico politico come il \u201cfiglio autentico e legittimo del fascismo\u201d (Seitenfus, 512). Il governo italiano \u00e8 diventato ancora pi\u00f9 coinvolto direttamente con l\u2019AIB da fornendo al partito con una somma mensile di denaro per sostengo (Seitenfus, 515). Salgado ha persino invitato un messaggio nel 15esimo anniversario della Marcia su Roma per congratularsi con il Duce per avere creato un movimento globale (Seitenfus, 517).<\/p>\r\n<p><iframe loading=\"lazy\" title=\"Avante hymn of the Brazilian Integralist Action\" width=\"700\" height=\"394\" src=\"https:\/\/www.youtube.com\/embed\/MZJ3Kksn1TY?feature=oembed\" frameborder=\"0\" allow=\"accelerometer; autoplay; encrypted-media; gyroscope; picture-in-picture\" allowfullscreen><\/iframe><\/p>\r\n<h4><span style=\"color: #084d08\">La Caduta dell&#8217;Aib<\/span><\/h4>\r\n<p><span lang=\"IT\">Il successo iniziale del AIB era stato presto seguito da un grande fallimento e dal suo crollo. Il governo Fascista disapprovava il nazionalismo integralista solo perch\u00e9 minacciava le libert\u00e0 degli immigranti italiani con la sua dura retorica (Seitenfus, 517). C\u2019era anche un delicato atto di bilanciamento che il governo italiano doveva soddisfare. Anche se l\u2019AIB fosse molto influenzale al culmine del suo potere, non ha mai eletto un presidente. Il vero presidente, Getulio Vargas, ha mostrato anche forti doti di leadership e era considerato da molti diplomatici italiani di essere un <\/span>\u201cheroic chief<span lang=\"IT\">\u201d (Seitenfus, 533). Questo atto di bilanciamento non sarebbe stato necessario dopo il novembre di 1937. I dirigenti dell\u2019AIB non erano contenuti della quantit\u00e0 di potere che avevano preso e sapevano che non avrebbero vinto le imminenti elezioni presidenziali. Gli integralisti hanno programmato un colpo di stato militare per il 10 novembre, 1937, ma \u00e8 fallito spettacolarmente e utilmente ha causato il crollo del partito (Seitenfus, 526). Vargas ha sventato l\u2019attacco al suo palazzo e nel dicembre del quell\u2019anno, ha istituito l\u2019Estado Novo, che lo ha reso un dittatore e poi ha vietato l\u2019AIB (Goebel, 244). Vargas ha preso ispirazione dal governo di Mussolini per strutturare la sua dittatura, e la sua nuova costituzione era \u201c<\/span>faithfully copied after European fascist charters<span lang=\"IT\">\u201d (Oren, 101). Poi, con l\u2019AIB stato dissolto, il governo italiano ha dato tutto il proprio sostengo a Vargas, che \u00e8 andato molto bene fino a quando Vargas si \u00e8 unito con gli Alleati per la Seconda guerra mondiale nel 1942 (Goebel, 245). Questa ha messo fine alla breve vita del primo ufficiale partito politicale fascista di Brasile.<\/span><\/p>\r\n<p><img loading=\"lazy\" decoding=\"async\" class=\"wp-image-156 aligncenter\" src=\"http:\/\/blogs.dickinson.edu\/italian-diaspora\/files\/2020\/04\/Brasil-uboat-Propaganda.jpg\" alt=\"\" width=\"393\" height=\"689\" srcset=\"https:\/\/blogs.dickinson.edu\/italian-diaspora\/files\/2020\/04\/Brasil-uboat-Propaganda.jpg 320w, https:\/\/blogs.dickinson.edu\/italian-diaspora\/files\/2020\/04\/Brasil-uboat-Propaganda-171x300.jpg 171w\" sizes=\"auto, (max-width: 393px) 100vw, 393px\" \/><\/p>\r\n<p style=\"text-align: center\"><span style=\"color: #003366\">Propaganda brasiliana che annuncia la dichiarazione di guerra contro le potere Asse il 10 novembre, 1943.<\/span><\/p>\r\n<p>\u00c8 veramente chiaro che immigranti e le loro credenze che portano dai loro paesi d\u2019origini possono essere molto influente. Gli immigranti italiani in Brasile hanno aiutato di creare connessione fra il governo brasiliano e il regime Fascista di Mussolini. Gli immigranti, specialmente nelle classi medie e alte, erano le fondazioni di sostengo per le campagne di Mussolini all\u2019estero e erano anche sostenitori del movimento fascista in Brasile, l\u2019AIB. Il governo italiano era molto coinvolto con lo sviluppo dei movimenti fascisti in Brasile, con gli immigranti come i loro canali. Anche se l\u2019AIB \u00e8 caduto, l\u2019eredit\u00e0 di Mussolini, gli immigranti italiani e l\u2019influenza del Fascismo in Brasile \u00e8 meritevole di ricerca e attenzione aggiuntiva.<\/p>\r\n<p><img loading=\"lazy\" decoding=\"async\" class=\"wp-image-155 aligncenter\" src=\"http:\/\/blogs.dickinson.edu\/italian-diaspora\/files\/2020\/04\/semelhanca.jpg\" alt=\"\" width=\"393\" height=\"518\" srcset=\"https:\/\/blogs.dickinson.edu\/italian-diaspora\/files\/2020\/04\/semelhanca.jpg 1213w, https:\/\/blogs.dickinson.edu\/italian-diaspora\/files\/2020\/04\/semelhanca-227x300.jpg 227w, https:\/\/blogs.dickinson.edu\/italian-diaspora\/files\/2020\/04\/semelhanca-776x1024.jpg 776w, https:\/\/blogs.dickinson.edu\/italian-diaspora\/files\/2020\/04\/semelhanca-768x1013.jpg 768w, https:\/\/blogs.dickinson.edu\/italian-diaspora\/files\/2020\/04\/semelhanca-1164x1536.jpg 1164w, https:\/\/blogs.dickinson.edu\/italian-diaspora\/files\/2020\/04\/semelhanca-1200x1583.jpg 1200w\" sizes=\"auto, (max-width: 393px) 100vw, 393px\" \/><\/p>\r\n<p style=\"text-align: center\"><span style=\"color: #003366\">AIB propaganda contro l&#8217;influenza comunista in Brasile.<\/span><\/p>\r\n<h4><span style=\"color: #084d08\">Bibliografia<\/span><\/h4>\r\n<p>Barausse, A, and T.A Luchese. &#8220;Nationalisms and Schooling: between Italianity and Brazility, Disputes in the Education of Italian-Gaucho People (rs, Brazil, 1930-1945).&#8221; <i>History of Education and Children&#8217;s Literature<\/i>. 12.2 (2017): 443-475.<\/p>\r\n<p>Bertonha, Jo\u00e3o F\u00e1bio. &#8220;Fascism and Italian Communities in Brazil and the United States.&#8221; <i>Italian Americana<\/i>. 19.2 (2001): 146-157.<\/p>\r\n<p>Deutsch, Sandra M. G. &#8220;Christians, Homemakers, and Transgressors: Extreme Right-Wing Women in Twentieth-Century Brazil.&#8221; <i>Journal of Women&#8217;s History<\/i>. 16.3 (2004): 124-137.<\/p>\r\n<p>Goebel, Michael. &#8220;Italian Fascism and Diasporic Nationalisms in Argentina, Brazil, and Uruguay.&#8221; <i>Immigration and National Identities in Latin America<\/i>. Gainesville, University Press of Florida, 2014.<\/p>\r\n<p>Goncalves, L.P. &#8220;The Integralism of Pl\u00ednio Salgado: Luso-Brazilian Relations.&#8221; <i>Portuguese Studies<\/i>. 30.1 (2014): 67-93.<\/p>\r\n<p>Oren, Ido. &#8220;Uncritical Portrayals of Fascist Italy and of Iberic-Latin Dictatorships in American Political Science.&#8221; <i>Comparative Studies in Society and History<\/i>. 42.1 (2000): 87-118.<\/p>\r\n<p>Pinna, Pietro. &#8220;La Fascistizzazione Dei Migranti Italiani in Francia E Brasile: Una Comparazione.&#8221; <i>Storicamente<\/i>. 13 (2018).<\/p>\r\n<p>Sbacchi, Alberto. &#8220;The Italians and the Italo-Ethiopian War, 1935-1936.&#8221; <i>Transafrican Journal of History<\/i>. 5.2 (1976): 123-138.<\/p>\r\n<p>Seitenfus, Ricardo S. &#8220;Ideology and Diplomacy: Italian Fascism and Brazil (1935\u201338).&#8221; <i>Hispanic American Historical Review<\/i>. 64.3 (1984): 503-534.<\/p>\r\n<h4><span style=\"color: #084d08\"><strong>Letture Aggiuntive<\/strong><\/span><\/h4>\r\n<p>Bertonha, Jo\u00e3o F\u00e1bio. &#8220;Il Pensiero Corporativo in Miguel Reale: Interpretazioni Del Fascismo Italiano Nell\u2019integralismo Brasiliano.&#8221; <i>Diacronie. Studi Di Storia Contemporanea<\/i>. 9.1 (2017): 1-15.<\/p>\r\n<p>Bertonha, Jo\u00e3o F\u00e1bio. &#8220;Entre Mussolini E Pl\u00ednio Salgado: O Fascismo Italiano, O Integralismo E O Problema Dos Descendentes De Italianos No Brasil.&#8221; <i>Revista Brasileira De Hist\u00f3ria<\/i>. 21.40 (2001): 85-104.<\/p>\r\n<p>Bertonha, Jo\u00e3o F\u00e1bio. &#8220;La \u201cdiplomacia Paralela\u201d De Mussolini En Brasil: V\u00ednculos Culturales, Emigratorios Y Pol\u00edticos En Un Proyecto De Poder (1922-1943).&#8221; <i>Pasado Y Memoria<\/i>. (2012): 71-92.<\/p>\r\n<p>Caprotti, Federico. &#8220;Overcoming Distance and Space Through Technology: Record Aviation Linking Fascist Italy with South America.&#8221; <i>Space and Culture<\/i>. 14.3 (2011): 330-348.<\/p>\r\n<p>Nunes, Diego. &#8220;Extradition in Fascist Italy (1922-1943) and in Brazil of Get\u00falio Vargas (1930-1945) between the Ascension of \u201cfascism Criminal Law\u201d and the Survival of the Liberal Tradition of Criminal Law.&#8221; <i>Sequ\u00eancia (florian\u00f3polis)<\/i>. (2018): 9-30.<\/p>\r\n","protected":false},"excerpt":{"rendered":"<p>L&#8217;Influenza italiana sul Fascismo in Brasile Calvin Bader Il Congresso Integralista a Blumenau, Brasile, 1935.\u00a0 In English Mentre il Fascismo italiano non ha mai guadagnato il potere o la diffusione auspicati dal suo fonditore, Benito Mussolini, ha avuto pi\u00f9 influenza di quanto spesso ammesso. Nei primi anni del 1900, l\u2019immigrazione italiano \u00e8 risultato nella creazione [&hellip;]<\/p>\n","protected":false},"author":3784,"featured_media":0,"parent":0,"menu_order":3,"comment_status":"closed","ping_status":"open","template":"template-fullwidth.php","meta":{"footnotes":""},"class_list":["post-2","page","type-page","status-publish","hentry","post","no-featured-image"],"_links":{"self":[{"href":"https:\/\/blogs.dickinson.edu\/italian-diaspora\/wp-json\/wp\/v2\/pages\/2","targetHints":{"allow":["GET"]}}],"collection":[{"href":"https:\/\/blogs.dickinson.edu\/italian-diaspora\/wp-json\/wp\/v2\/pages"}],"about":[{"href":"https:\/\/blogs.dickinson.edu\/italian-diaspora\/wp-json\/wp\/v2\/types\/page"}],"author":[{"embeddable":true,"href":"https:\/\/blogs.dickinson.edu\/italian-diaspora\/wp-json\/wp\/v2\/users\/3784"}],"replies":[{"embeddable":true,"href":"https:\/\/blogs.dickinson.edu\/italian-diaspora\/wp-json\/wp\/v2\/comments?post=2"}],"version-history":[{"count":0,"href":"https:\/\/blogs.dickinson.edu\/italian-diaspora\/wp-json\/wp\/v2\/pages\/2\/revisions"}],"wp:attachment":[{"href":"https:\/\/blogs.dickinson.edu\/italian-diaspora\/wp-json\/wp\/v2\/media?parent=2"}],"curies":[{"name":"wp","href":"https:\/\/api.w.org\/{rel}","templated":true}]}}