{"id":37,"date":"2020-05-06T09:32:26","date_gmt":"2020-05-06T13:32:26","guid":{"rendered":"http:\/\/blogs.dickinson.edu\/italian-diaspora\/?page_id=37"},"modified":"2020-05-14T21:23:42","modified_gmt":"2020-05-15T01:23:42","slug":"gli-italiani-in-venezuela","status":"publish","type":"page","link":"https:\/\/blogs.dickinson.edu\/italian-diaspora\/gli-italiani-in-venezuela\/","title":{"rendered":"Gli Italiani in Venezuela"},"content":{"rendered":"<h2 style=\"text-align: center\">Gli Italiani in Venezuela<\/h2>\n<h5 style=\"text-align: center\">By Maya Harvey<\/h5>\n<p><a href=\"http:\/\/blogs.dickinson.edu\/italian-diaspora\/gli-italiani-in-venezuela\/italians-in-venezuela\/\">English Version<\/a><\/p>\n<p><i><span style=\"font-weight: 400\">Mentre l&#8217;immigrazione italiana nei paesi dell&#8217;America Latina \u00e8 una materia ben studiata, l&#8217;ingresso specifico degli italiani nella comunit\u00e0 venezuelana \u00e8 meno documentato. Questo, tuttavia, non attesta le influenze italiane che possono ancora essere riconosciute oggi.\u00a0<\/span><\/i><\/p>\n<p><i><span style=\"font-weight: 400\">Ci sono tre grandi ondate della diaspora italiana, la prima che si verifica poco dopo l&#8217;unificazione dell&#8217;Italia tra il 1861 e il 1900. Questa ondata \u00e8 dovuta principalmente allo stato impoverito della nuova nazione, insieme alla mancanza di propriet\u00e0 disponibili. L&#8217;emigrazione \u00e8 stata particolarmente importante nelle regioni meridionali dell&#8217;Italia, dove il processo di unificazione ha scatenato un boom socioeconomico, che ha poi causato la sovrappopolazione in queste aree. La vita in queste regioni aveva poco da offrire, &#8220;&#8230; il suolo era povero, cedendo poco, mentre la malnutrizione e la malattia erano diffuse&#8221;, e soprattutto le generazioni pi\u00f9 giovani sentivano di non avere altra scelta che lasciare il loro paese di nascita (Public Broadcasting Service).<\/span><\/i><\/p>\n<p><i><span style=\"font-weight: 400\">La seconda ondata si \u00e8 verificata all&#8217;inizio della prima guerra mondiale e si \u00e8 conclusa negli anni &#8217;70, includendo oltre 9 milioni di italiani. Questa ondata consisteva in molti italiani del sud che viaggiavano nel Nord o nel Sud America.<\/span><\/i><\/p>\n<p><i><span style=\"font-weight: 400\">La terza ondata che si verifica anche dopo la guerra mondiale \u00e8 pi\u00f9 rilevante per il Venezuela, poich\u00e9 la loro amministrazione politica ha messo in atto politiche per attirare in modo specifico i lavoratori immigrati. Gli italiani che sono venuti in Venezuela, in particolare con l&#8217;avvio della loro politica di immigrazione &#8220;a porte aperte&#8221;, erano basati in pi\u00f9 aree urbane, lavorando in pi\u00f9 settori industriali. La maggior parte degli immigrati italiani altrove in Sud America ha avuto successo nel settore agricolo, fondando e facendo crescere comunit\u00e0 pi\u00f9 densamente culturalmente, ma ci\u00f2 \u00e8 avvenuto su scala molto pi\u00f9 limitata in Venezuela. Il mio blog cerca non solo di capire il ruolo degli immigrati italiani nell&#8217;economia, ma di indagare su come determinati fattori del Paese abbiano influenzato la loro posizione.<\/span><\/i><\/p>\n<h5 style=\"text-align: center\"><b>Un Paesaggio Geograficamente Diversificato<\/b><\/h5>\n<p><span style=\"font-weight: 400\">Venezuela \u00e8 famoso per la sua diversit\u00e0 fisiografica. Su una superficie totale di 912.050 chilometri quadrati, il paese \u00e8 circa il doppio della California. La costa di 2.800 chilometri tocca sia il Mar dei Caraibi che l&#8217;Oceano Atlantico e il paese \u00e8 delimitato fisicamente da Guyana, Brasile e Colombia. All&#8217;interno dei confini nazionali ci sono quattro regioni principali; le pianure di Maracaibo a nord-est, le catene montuose andine settentrionali, le pianure Orinoco del Venezuela centrale e gli altopiani della Guyana a sud-est (Haggerty).<\/span><span style=\"font-weight: 400\">\u00a0Il lago pi\u00f9 grande del Sud America, il lago Maracaibo si trova anche in Venezuela. \u00a0<\/span><\/p>\n<p>&nbsp;<\/p>\n<div id=\"attachment_495\" style=\"width: 223px\" class=\"wp-caption aligncenter\"><img loading=\"lazy\" decoding=\"async\" aria-describedby=\"caption-attachment-495\" class=\" wp-image-495\" src=\"http:\/\/blogs.dickinson.edu\/italian-diaspora\/files\/2020\/05\/venezuela-map-300x285.jpg\" alt=\"\" width=\"213\" height=\"202\" srcset=\"https:\/\/blogs.dickinson.edu\/italian-diaspora\/files\/2020\/05\/venezuela-map-300x285.jpg 300w, https:\/\/blogs.dickinson.edu\/italian-diaspora\/files\/2020\/05\/venezuela-map-768x730.jpg 768w, https:\/\/blogs.dickinson.edu\/italian-diaspora\/files\/2020\/05\/venezuela-map.jpg 1000w\" sizes=\"auto, (max-width: 213px) 100vw, 213px\" \/><p id=\"caption-attachment-495\" class=\"wp-caption-text\">Geographical Map of Venezuela<\/p><\/div>\n<p><span style=\"font-weight: 400\">Il clima del Venezuela differisce anche a livello regionale, da umido tropicale, ad alpino a seconda dell&#8217;effettiva elevazione dell&#8217;area. Le stagioni si distinguono pi\u00f9 frequentemente per le precipitazioni pi\u00f9 che per la temperatura a causa dell&#8217;intero paese situato nei tropici.\u00a0<\/span><span style=\"font-weight: 400\">I livelli di pioggia variano notevolmente, da circa 430 millimetri nella costa semiarido dei Caraibi occidentali, a circa 1.000 millimetri nell&#8217;area del Delta dell&#8217;Orinoco (Haggerty).<\/span><span style=\"font-weight: 400\">\u00a0 Tuttavia, il Venezuela &#8220;&#8230; <\/span><span style=\"font-weight: 400\">rientra in quattro zone di temperatura orizzontale basate principalmente sull&#8217;altitudine&#8221; (Haggerty).<\/span><span style=\"font-weight: 400\"> Al di sotto di 800 metri \u00e8 considerata la zona tropicale, con temperature calde in media di 26 \u00b0 C e 28 \u00b0 C. Tra 800 e 2.000 metri c&#8217;\u00e8 un clima pi\u00f9 mite che va da circa 12 \u00b0 C a 25 \u00b0 C (la maggior parte delle citt\u00e0 del paese si trova in questa regione) e tra 2.000 e 3.000 metri \u00e8 considerata la zona fresca, da 9 \u00b0 C a 11 \u00b0 C. Sopra i 3000 piedi, noto come il p\u00e1ramos mantiene un paesaggio innevato permanente ed \u00e8 in genere inferiore a 8 \u00b0 C\u00a0(Haggerty).<\/span><\/p>\n<div id=\"attachment_496\" style=\"width: 310px\" class=\"wp-caption alignnone\"><img loading=\"lazy\" decoding=\"async\" aria-describedby=\"caption-attachment-496\" class=\"size-medium wp-image-496\" src=\"http:\/\/blogs.dickinson.edu\/italian-diaspora\/files\/2020\/05\/1578330331865-300x200.jpeg\" alt=\"\" width=\"300\" height=\"200\" srcset=\"https:\/\/blogs.dickinson.edu\/italian-diaspora\/files\/2020\/05\/1578330331865-300x200.jpeg 300w, https:\/\/blogs.dickinson.edu\/italian-diaspora\/files\/2020\/05\/1578330331865.jpeg 730w\" sizes=\"auto, (max-width: 300px) 100vw, 300px\" \/><p id=\"caption-attachment-496\" class=\"wp-caption-text\">Angel Falls, Venezuela<\/p><\/div>\n<p>In termini di clima, ha senso vedere la maggior parte degli immigrati italiani localizzarsi nelle regioni calde e miti del Venezuela, essendo che la maggior parte degli immigranti che avevono viaggiati, sono venuti dalle calde e umide regioni meridionali d&#8217;Italia. Queste regioni includevano anche la maggior parte delle citt\u00e0 principali, che includevano opportunit\u00e0 pi\u00f9 laboriose rispetto alle regioni pi\u00f9 desolate e pi\u00f9 fredde del Venezuela. <span style=\"font-weight: 400\">Oltre la regione costiera si trova il bacino dell&#8217;Orinoco, che ancora oggi \u00e8 in gran parte non popolato e con scarse infrastrutture.\u00a0<\/span>La prossima sezione approfondir\u00e0 gli aspetti di queste aree industriali e il modo in cui hanno giocato nell&#8217;immigrazione italiana.<\/p>\n<div style=\"width: 710px\" class=\"wp-caption alignnone\"><img loading=\"lazy\" decoding=\"async\" class=\"n3VNCb\" src=\"https:\/\/www.alluringworld.com\/wp-content\/uploads\/2017\/07\/2-Pico-Bolivar.jpg\" alt=\"Pico Bol\u00edvar \" width=\"700\" height=\"525\" data-noaft=\"1\" \/><p class=\"wp-caption-text\">Pico Bol\u00edvar, Venezuela<\/p><\/div>\n<h5 style=\"text-align: center\"><b>Dopo la Seconda Guerra Mondiale; La Politica delle porte aperte<\/b><\/h5>\n<p><span style=\"font-weight: 400\">Dopo la seconda guerra mondiale, la situazione socio economica dell&#8217;Europa ha contribuito a creare una pi\u00f9 ampia offerta di opportunit\u00e0 di lavoro in Venezuela (Grau, pp. 152-169).<\/span><span style=\"font-weight: 400\"> Ci\u00f2 fu dovuto anche a Romulo Gallegos, il primo presidente eletto in modo pulito, che entr\u00f2 in carica brevemente tra il 1947 e il 1948. Il presidente Gallegos ha avviato l&#8217;attuazione di una politica &#8220;a porte aperte&#8221;, che ha provocato un afflusso di italiani, diventando infine il pi\u00f9 grande gruppo di popolazione europea in Venezuela. La politica rimase in vigore a livelli differenziati fino al 1958, sotto la dittatura del generale Marcos Perez Jimenez. Secondo il censimento nazionale, la popolazione italiana \u00e8 aumentata da 3.137 nel 1941 a 43.997 nei nove anni che seguirono. Questo numero continua ad aumentare fino al 1961 quando la popolazione raggiunge un massimo di 121.733. In parte, l&#8217;ascesa dell&#8217;immigrazione fu dovuta allo stato economico del dopoguerra in Italia, &#8220;La ricchezza del Venezuela si coniuga per contrasto con le condizioni disastrose dell&#8217;Italia all&#8217;indomani della guerra&#8221; (D&#8217;angelo).<\/span><\/p>\n<p><span style=\"font-weight: 400\">A differenza del loro paese d&#8217;origine, questi italiani hanno trovato condizioni economiche che hanno trovato condizioni economiche che hanno dato beneficio al loro sostentamento. Il desiderio di tornare in seguito in Italia ha incoraggiato gli immigrati a lavorare sodo, ma un risultato di questo nuovo ambiente economico ha offerto loro la possibilit\u00e0 di migliorare la loro situazione finanziaria in misura maggiore e pi\u00f9 rapida. L&#8217;etica del lavoro italiano ha anche creato tensioni con i lavoratori locali, &#8220;&#8230; a causa dei pregiudizi nei confronti dei venezuelani &#8211; ritenuti indolenti e pigri &#8230;&#8221; (D&#8217;angelo). \u00a0La cultura caraibica \u00e8 pi\u00f9 rilassata in natura, una conseguenza dei paesaggi tropicali. Un innato contrasto con la frenetica cultura italiana, anche rispetto alle regioni meridionali. Pertanto, il contrasto culturale nella cultura del lavoro ha contribuito a creare queste connotazioni negative nei confronti dei venezuelani. Gli immigrati erano disposti a fare drastici sacrifici e cambiamenti nello stile di vita al fine di raggiungere la dignit\u00e0 e l&#8217;orgoglio che derivano dal raggiungimento della propriet\u00e0 terriera. Questo incluso lavorano anche sedici ore al giorno; riducono al minimo le spese, accettando ogni possibile rinuncia, pur di riuscire a risparmiare il pi\u00f9 possibile; si adattano a vivere nei retrobottega, o in capanne di lamiera, o in tanti in un\u2019unica stanza presa in affitto\u201d (D\u2019Angelo). \u00a0<\/span><span style=\"font-weight: 400\">Anche le opportunit\u00e0 di lavoro sono state agevolate dal governo; Gli immigrati italiani, insieme a quelli spagnoli e portoghesi, furono spinti a contribuire &#8220;in particolare alle esigenze del settore edile, dell&#8217;industria siderurgica, petrolchimica, idroelettrica e delle dighe&#8221;. <\/span><\/p>\n<p><span style=\"font-weight: 400\">In particolare, il Venezuela aveva bisogno di commercianti che rendessero gli immigrati italiani un candidato fantastico. L&#8217;immigrato italiano tipico arriv\u00f2 con la conoscenza di un mestiere di lavoro, artigiani con un particolare set di abilit\u00e0, costruito fin da giovanissimo. In effetti, il soprannome per gli italiani in Venezuela \u00e8 &#8220;zapatero&#8221;, che significa calzolaio (D&#8217;Angelo). Soprattutto, la maggior parte degli immigrati italiani era ben informata nel lavoro di muratura, il che li ha resi preziosi per il settore delle costruzioni (D&#8217;Angelo).<\/span><\/p>\n<p>Da queste tendenze si pu\u00f2 vedere come gli italiani fossero come un importante pezzo di puzzle dell&#8217;economia venezuelana, colmando una lacuna tanto necessaria. Le loro competenze erano gi\u00e0 preziose in Venezuela e con la loro incredibile etica del lavoro, la maggior parte degli italiani era in grado di diventare imprenditori di successo in brevi periodi di tempo.\u00a0<span style=\"font-weight: 400\">Questo \u00e8 un fattore di influenza che spiega i legami italiani con i settori di lavoro pi\u00f9 industrializzati.<\/span><\/p>\n<div id=\"attachment_372\" style=\"width: 259px\" class=\"wp-caption alignleft\"><img loading=\"lazy\" decoding=\"async\" aria-describedby=\"caption-attachment-372\" class=\"size-medium wp-image-372\" src=\"http:\/\/blogs.dickinson.edu\/italian-diaspora\/files\/2020\/04\/R\u00f3mulo_Gallegos_1940s-249x300.jpg\" alt=\"\" width=\"249\" height=\"300\" srcset=\"https:\/\/blogs.dickinson.edu\/italian-diaspora\/files\/2020\/04\/R\u00f3mulo_Gallegos_1940s-249x300.jpg 249w, https:\/\/blogs.dickinson.edu\/italian-diaspora\/files\/2020\/04\/R\u00f3mulo_Gallegos_1940s.jpg 758w\" sizes=\"auto, (max-width: 249px) 100vw, 249px\" \/><p id=\"caption-attachment-372\" class=\"wp-caption-text\">R\u00f3mulo Gallegos<\/p><\/div>\n<p>&nbsp;<\/p>\n<p>&nbsp;<\/p>\n<p>&nbsp;<\/p>\n<p>&nbsp;<\/p>\n<p>&nbsp;<\/p>\n<p>&nbsp;<\/p>\n<p>&nbsp;<\/p>\n<h5><\/h5>\n<h5 style=\"text-align: center\"><b>La caduta del generale Marcos Perez Jimenez<\/b><\/h5>\n<p><span style=\"font-weight: 400\">La legge elettorale del 1957, che per la prima volta assegn\u00f2 agli stranieri il diritto di voto, divenne un evento dannoso per le comunit\u00e0 italiane in Venezuela. La legge fu messa in atto dal generale Marcos P\u00e9rez Jim\u00e9nez, per aiutarlo nella sua campagna di rielezione. Gli italiani avevano prosperato sotto la sua amministrazione perch\u00e9 aveva avviato molti progetti di infrastrutture urbane. Vi furono ampie opportunit\u00e0 di lavorare negli sviluppi delle costruzioni e, di conseguenza, la posizione economica aument\u00f2 all&#8217;interno delle sue citt\u00e0, in particolare Caracas. La perdita di Jimenez significava che i suoi programmi sociali sarebbero finiti e che sarebbe seguito un enorme divario nella leadership. Gli immigrati italiani avevano sostenuto in particolare il referendum del presidente Jimenez, oltre a esprimere &#8220;l&#8217;adesione pubblica alla dittatura di circa 75.000 italiani, guidata dall&#8217;uomo d&#8217;affari italiano Filippo Gagliardi&#8221;(Grau).<\/span><span style=\"font-weight: 400\"> Filippo Gagliardi proveniva modestamente a <\/span><span style=\"font-weight: 400\">Montesano sulla Marqueride e si rec\u00f2 per la prima volta in Venezuela per stare con un parente a 15 anni (Citro). Una discussione familiare gli fece tornare a casa, ma dieci anni dopo, nel 1937, torn\u00f2 in Sud America, dove inizi\u00f2 a lavorare nell&#8217;edilizia (Citro). \u00c8 diventato uno dei pi\u00f9 importanti e ricchi uomini d&#8217;affari della zona, ma la sua eredit\u00e0 \u00e8 nelle maggiori donazioni finanziarie che ha fatto durante la sua vita, \u201c&#8230; sono oltre 86 le amministrazioni comunali in tutta Italia che rientrano nella lunga lista di donazioni acquistate da Gagliardi \u201d (Citro). Diede denaro a molte famiglie italiane povere, &#8220;&#8230; opere pubbliche volte a migliorare le condizioni di vita di migliaia di persone durante il secondo dopoguerra&#8221; (Citro). Filippo \u00e8 stato una fonte d&#8217;ispirazione, una versione reale dei sogni che molti immigrati italiani speravano di realizzare.\u00a0\u00a0\u00a0<\/span><\/p>\n<div id=\"attachment_542\" style=\"width: 281px\" class=\"wp-caption alignnone\"><img loading=\"lazy\" decoding=\"async\" aria-describedby=\"caption-attachment-542\" class=\"wp-image-542 size-medium\" src=\"http:\/\/blogs.dickinson.edu\/italian-diaspora\/files\/2020\/05\/General_Marcos_Evangelista_P\u00e9rez_Jim\u00e9nez_Venezuela-271x300.jpg\" alt=\"Generale Marcos Perez Jimenez\" width=\"271\" height=\"300\" srcset=\"https:\/\/blogs.dickinson.edu\/italian-diaspora\/files\/2020\/05\/General_Marcos_Evangelista_P\u00e9rez_Jim\u00e9nez_Venezuela-271x300.jpg 271w, https:\/\/blogs.dickinson.edu\/italian-diaspora\/files\/2020\/05\/General_Marcos_Evangelista_P\u00e9rez_Jim\u00e9nez_Venezuela-924x1024.jpg 924w, https:\/\/blogs.dickinson.edu\/italian-diaspora\/files\/2020\/05\/General_Marcos_Evangelista_P\u00e9rez_Jim\u00e9nez_Venezuela-768x851.jpg 768w, https:\/\/blogs.dickinson.edu\/italian-diaspora\/files\/2020\/05\/General_Marcos_Evangelista_P\u00e9rez_Jim\u00e9nez_Venezuela.jpg 962w\" sizes=\"auto, (max-width: 271px) 100vw, 271px\" \/><p id=\"caption-attachment-542\" class=\"wp-caption-text\">Generale Marcos Perez Jimenez<\/p><\/div>\n<p><span style=\"font-weight: 400\">\u00a0E cos\u00ec, quando il generale cadde dal potere nei primi mesi del 1958, &#8220;&#8230; molti italiani furono feriti e persero la casa a Caracas, Maracaibo, Valencia e Barinas&#8221;. di conseguenza. L&#8217;atteggiamento nei confronti del presidente rimosso si rifletteva anche sui gruppi che lo sostenevano. \u00a0Per questo motivo, molti immigrati e le loro famiglie hanno scelto di tornare in Italia per l&#8217;anno successivo, diminuendo verso la fine di febbraio, quando il Segretario per gli Affari Legali ha riconosciuto il potenziale danno di questo spostamento e ha proceduto a garantire sicurezza ai restanti italiani in Venezuela . Anche cos\u00ec, &#8220;&#8230; il flusso di emigrazione lavorativa inizia, un poco, un poco, un essere sostituita da chi arriva, davvero per visitare i parenti o per ammirare le bellezze della natura&#8221; (D&#8217;angelo).<\/span><span style=\"font-weight: 400\"> Lo considero un fattore rilevante, poich\u00e9 gli atti di disprezzo nei confronti della popolazione italiana hanno indubbiamente influenzato le decisioni di quel gruppo etnico riguardo alla scelta di lasciare o entrare nel Paese.<\/span><\/p>\n<h5 style=\"text-align: center\"><b>Dal caff\u00e8 al petrolio <\/b><\/h5>\n<p><span style=\"font-weight: 400\">Un enorme passaggio all&#8217;economia venezuelana \u00e8 arrivato con il massiccio sfruttamento del petrolio da parte del paese, a partire dagli anni &#8217;20. Ci\u00f2 ha influenzato l&#8217;immigrazione italiana in due modi, dapprima fungendo da risorsa finanziaria aiutando l&#8217;economia, di conseguenza, facendo apparire il paese attraente per i potenziali immigrati. In secondo luogo, quando il Venezuela si \u00e8 affidato alle sue esportazioni di petrolio, la sua economia si \u00e8 destabilizzata, causando infine enormi problemi finanziari. Questo \u00e8 esattamente il caso della crisi petrolifera del 1973, che ha sconvolto l&#8217;economia venezuelana (D&#8217;angelo).<\/span><span style=\"font-weight: 400\">\u00a0<\/span><\/p>\n<p><span style=\"font-weight: 400\">Prima di esplorare queste industrie specifiche, si dovrebbe essere consapevoli di tre elementi che giocano nell&#8217;economia venezuelana. In primo luogo \u00e8 che &#8220;la struttura della propriet\u00e0 della terra \u00e8 installata sul latifondo &#8230; dualismo funzionale&#8221; (D&#8217;angelo).<\/span><span style=\"font-weight: 400\"> Questo processo consente di avere alimenti a basso costo nei settori urbani, dove \u00e8 possibile sostenere bassi salari. In secondo luogo \u00e8 necessario capire che &#8220;&#8230; la colonizzazione del Venezuela e l&#8217;inserimento della popolazione immigrata risentono della natura del territorio federale &#8230;&#8221; (D&#8217;angelo).<\/span><span style=\"font-weight: 400\">\u00a0Infine \u00e8 che &#8220;il processo di industrializzazione del paese si avvia in maniera convinta solo dopo la seconda guerra mondiale&#8221;(D&#8217;angelo).<\/span><\/p>\n<p><img loading=\"lazy\" decoding=\"async\" class=\"alignnone size-medium wp-image-502 aligncenter\" src=\"http:\/\/blogs.dickinson.edu\/italian-diaspora\/files\/2020\/05\/1pky8VAXcNngXJaZyPs2FZw-300x195.jpeg\" alt=\"\" width=\"300\" height=\"195\" srcset=\"https:\/\/blogs.dickinson.edu\/italian-diaspora\/files\/2020\/05\/1pky8VAXcNngXJaZyPs2FZw-300x195.jpeg 300w, https:\/\/blogs.dickinson.edu\/italian-diaspora\/files\/2020\/05\/1pky8VAXcNngXJaZyPs2FZw-1024x666.jpeg 1024w, https:\/\/blogs.dickinson.edu\/italian-diaspora\/files\/2020\/05\/1pky8VAXcNngXJaZyPs2FZw-768x499.jpeg 768w, https:\/\/blogs.dickinson.edu\/italian-diaspora\/files\/2020\/05\/1pky8VAXcNngXJaZyPs2FZw-1200x780.jpeg 1200w, https:\/\/blogs.dickinson.edu\/italian-diaspora\/files\/2020\/05\/1pky8VAXcNngXJaZyPs2FZw.jpeg 1400w\" sizes=\"auto, (max-width: 300px) 100vw, 300px\" \/><\/p>\n<p><span style=\"font-weight: 400\">Conoscendo questi fattori, si pu\u00f2 vedere come i grandi movimenti economici, come il passaggio dal settore del caff\u00e8 \/ agricoltura al petrolio, possano influenzare il loro settore finanziario. Il petrolio rappresenta circa il 95% delle esportazioni del Venezuela e il 25% del suo PIL (DePersio). Per i paesi che importano e utilizzano molto pi\u00f9 petrolio di quello che vendono, i prezzi bassi sono i benvenuti, ma per i paesi che funzionano in maniera opposta, come il Venezuela, un calo del prezzo del petrolio pu\u00f2 essere devastante. Ancora peggio, poich\u00e9 la posizione economica del paese \u00e8 intrinseca ai prezzi del petrolio, sono probabili frequenti cambiamenti. Combinando questo con le diminuzioni della produzione di petrolio, l&#8217;economia in calo, l&#8217;accumulo di debito, l&#8217;iperinflazione ed \u00e8 semplice vedere come si sono presentati<a href=\"https:\/\/www.youtube.com\/watch?v=NU0RqwweuWY\"> i problemi principali<\/a> per la nazione (Council on Foreign Relations).<br \/>\n<\/span><\/p>\n<p>&nbsp;<\/p>\n<p>&nbsp;<\/p>\n<h6 style=\"text-align: center\">Bibliografia<\/h6>\n<h6 style=\"text-align: center\">Bibliografia<\/h6>\n<p style=\"text-align: center\"><em><span style=\"font-weight: 400\">\u00a0<\/span><span style=\"font-weight: 400\">\u201cDestinazione America. Quando sono venuti? PBS. Servizio pubblico di radiodiffusione, settembre 2005. https:\/\/www.pbs.org\/destinationamerica\/usim_wn_noflash_5.html.<\/span><\/em><\/p>\n<p style=\"text-align: center\"><em><span style=\"font-weight: 400\">\u00a0<\/span><span style=\"font-weight: 400\">\u201cHaggerty, Richard A. e Howard I Blutstein. \u201cSerie di manuali di area: Venezuela; Uno studio di campagna. &#8221; <\/span><span style=\"font-weight: 400\">Venezuela: A Country Study<\/span><span style=\"font-weight: 400\">, gennaio 1990. https:\/\/doi.org\/10.21236\/ada262125.<\/span><\/em><\/p>\n<p style=\"text-align: center\"><span style=\"font-weight: 400\">\u00a0<\/span><span style=\"font-weight: 400\">Grau, Pedro Cunill. <\/span><i><span style=\"font-weight: 400\">Presenza italiana nel Venezuela moderno: dimensione socioeconomica e cambiamenti geoculturali, 1926-1990<\/span><\/i><span style=\"font-weight: 400\">. pp. 152\u2013169, https:\/\/onlinelibrary.wiley.com\/doi\/pdf\/10.1111\/j.2050-411X.1994.tb00759.x.<\/span><\/p>\n<p style=\"text-align: center\"><em><span style=\"font-weight: 400\">D&#8217;angelo, Giuseppe. &#8220;Emigranti e imprenditori: gli italiani in Venezuela.&#8221; (2005).<\/span><\/em><\/p>\n<p style=\"text-align: center\"><em>D&#8217;Angelo , Giuseppe. \u201cAltreitalie.\u201d Altreitalie, 2010. https:\/\/www.google.com\/url?sa=t&amp;rct=j&amp;q=&amp;esrc=s&amp;source=web&amp;cd=1&amp;ved=2ahUKEwizmIXOr5_pAhV6hXIEHSxeAYoQFjAAegQIARAB&amp;url=https:\/\/www.altreitalie.it\/kdocs\/79599\/84313.pdf&amp;usg=AOvVaw1KnJqw3fBRXTHtV5D6o-lr.<\/em><\/p>\n<p style=\"text-align: center\"><em>Citro, Antonella. \u201c\u200bFrom Montesano to Caracas: The Story of Don Felipe Gagliardi, the Generous Tycoon.\u201d Unicosettimanale.it, 2019. https:\/\/www.unicosettimanale.it\/news\/english\/885169\/from-montesano-to-caracas-the-story-of-don-felipe-gagliardi-the-generous-tycoon.<\/em><\/p>\n<p style=\"text-align: center\"><em>\u201cHistory of Venezuela (1948\u20131958).\u201d Wikipedia. Wikimedia Foundation, April 6, 2020. https:\/\/en.wikipedia.org\/wiki\/History_of_Venezuela_(1948\u20131958).<\/em><\/p>\n<p style=\"text-align: center\">\n<p>&nbsp;<\/p>\n","protected":false},"excerpt":{"rendered":"<p>Gli Italiani in Venezuela By Maya Harvey English Version Mentre l&#8217;immigrazione italiana nei paesi dell&#8217;America Latina \u00e8 una materia ben studiata, l&#8217;ingresso specifico degli italiani nella comunit\u00e0 venezuelana \u00e8 meno documentato. Questo, tuttavia, non attesta le influenze italiane che possono ancora essere riconosciute oggi.\u00a0 Ci sono tre grandi ondate della diaspora italiana, la prima che [&hellip;]<\/p>\n","protected":false},"author":4316,"featured_media":0,"parent":0,"menu_order":5,"comment_status":"closed","ping_status":"closed","template":"","meta":{"footnotes":""},"class_list":["post-37","page","type-page","status-publish","hentry","post","no-featured-image"],"_links":{"self":[{"href":"https:\/\/blogs.dickinson.edu\/italian-diaspora\/wp-json\/wp\/v2\/pages\/37","targetHints":{"allow":["GET"]}}],"collection":[{"href":"https:\/\/blogs.dickinson.edu\/italian-diaspora\/wp-json\/wp\/v2\/pages"}],"about":[{"href":"https:\/\/blogs.dickinson.edu\/italian-diaspora\/wp-json\/wp\/v2\/types\/page"}],"author":[{"embeddable":true,"href":"https:\/\/blogs.dickinson.edu\/italian-diaspora\/wp-json\/wp\/v2\/users\/4316"}],"replies":[{"embeddable":true,"href":"https:\/\/blogs.dickinson.edu\/italian-diaspora\/wp-json\/wp\/v2\/comments?post=37"}],"version-history":[{"count":0,"href":"https:\/\/blogs.dickinson.edu\/italian-diaspora\/wp-json\/wp\/v2\/pages\/37\/revisions"}],"wp:attachment":[{"href":"https:\/\/blogs.dickinson.edu\/italian-diaspora\/wp-json\/wp\/v2\/media?parent=37"}],"curies":[{"name":"wp","href":"https:\/\/api.w.org\/{rel}","templated":true}]}}