{"id":530,"date":"2020-05-06T12:37:35","date_gmt":"2020-05-06T16:37:35","guid":{"rendered":"http:\/\/blogs.dickinson.edu\/italian-diaspora\/?page_id=530"},"modified":"2020-05-12T18:35:39","modified_gmt":"2020-05-12T22:35:39","slug":"limmigrazione-e-uruguay","status":"publish","type":"page","link":"https:\/\/blogs.dickinson.edu\/italian-diaspora\/limmigrazione-e-uruguay\/","title":{"rendered":"L&#8217;immigrazione Italiana Nell&#8217;Uruguay"},"content":{"rendered":"<h1 style=\"text-align: center\">L&#8217;Uruguay, Immigrazione, e la diaspora<\/h1>\n<p style=\"text-align: center\"><em>Di Sean Dowd<\/em><\/p>\n<p style=\"text-align: center\"><img decoding=\"async\" src=\"https:\/\/i2.cdn.turner.com\/cnn\/dam\/assets\/120709094640-falco-italian-immigrants-story-top.jpg\" alt=\"When Italian immigrants were 'the other' - CNN.com\" \/><\/p>\n<blockquote class=\"wp-embedded-content\" data-secret=\"cLRRMgg9ZS\"><p><a href=\"http:\/\/blogs.dickinson.edu\/italian-diaspora\/limmigrazione-e-uruguay\/english-version\/\">Immigration and Uruguay<\/a><\/p><\/blockquote>\n<p><iframe loading=\"lazy\" title=\"&#8220;Immigration and Uruguay&#8221; &#8212; The Italian Diaspora in South America\" class=\"wp-embedded-content\" sandbox=\"allow-scripts\" security=\"restricted\" style=\"position: absolute; clip: rect(1px, 1px, 1px, 1px);\" src=\"http:\/\/blogs.dickinson.edu\/italian-diaspora\/limmigrazione-e-uruguay\/english-version\/embed\/#?secret=cLRRMgg9ZS\" data-secret=\"cLRRMgg9ZS\" width=\"600\" height=\"338\" frameborder=\"0\" marginwidth=\"0\" marginheight=\"0\" scrolling=\"no\"><\/iframe><\/p>\n<p><!--more--><\/p>\n<p style=\"text-align: center\"><em>Immigrati Nell&#8217;Uruguay<\/em><\/p>\n<p>\u00a0 \u00a0 \u00a0La storia dell\u2019 Uruguay ha una connessione importantissima con gli immigrati. Il periodo dal 1830 alla Prima Guerra Mondiale \u00e8 stato un periodo di alta migrazione dai paesi europei. L&#8217;emigrazione dall&#8217;Europa ha influenzato il Sud America nel suo complesso, e qualche paese \u00e8 stato influenzato dagli immigrati pi\u00f9 di altri. Per L&#8217;Uruguay, non c&#8217;\u00e8 stato un gruppo di immigrati pi\u00f9 importante degli italiani. Nel 1908, su 861.464 uruguaiani e 181.202 stranieri, gli italiani erano 62.337 (Patat, 65). Con questa quantit\u00e0 di stranieri nel paese, e durante gli anni all&#8217;inizio della nazione, \u00e8 ovvio che gli italiani hanno influenzato molte cose, come la politica, l&#8217;economia, la cultura, e la storia dell&#8217;Uruguay. Ancora oggi, la diaspora dall&#8217;Italia continua ad esercitare un impatto profondo su questo paese.<\/p>\n<h2 style=\"text-align: center\">La Politica<\/h2>\n<p>&nbsp;<\/p>\n<p>Il Sud America durante i primi anni del diciannovesimo secolo \u00e8 stato violento. Ci sono state tante guerre civili, perch\u00e9 non c\u2019erano dei confini chiari tra i paesi. A questo punto il futuro dell&#8217; Uruguay non era sicuro, e i suoi paesi vicini hanno voluto il suo territorio. Durante questo periodo negli anni &#8217;40 del 1800, l&#8217;Argentina ha provato a conquistare l&#8217;Uruguay (Longman, 351). Nel frattempo, Garibaldi era stato esiliato dall&#8217;Italia per le sue idee rivoluzionarie, e lui \u00e8 andato nell&#8217;Uruguay. Gli piaceva Montevideo perch\u00e9 era una citt\u00e0 con altre persone con idee liberali, e perch\u00e9 tanti europei sono stati esiliati dall&#8217;Europa per avere idee politiche considerate pericolose. Quando l&#8217;Argentina ha attaccato l&#8217;Uruguay, lui ha aiutato il paese come un comandante militare. 4.000 italiani di Montevideo si sono arruolati nell&#8217;esercito sotto di lui. Garibaldi ha comandato un esercito e anche una flotta, per tutta la guerra con l&#8217;Argentina e la guerra civile (Longman, 354). L&#8217;Uruguay er diverso dagli altri paesi nel Sud America, perch\u00e9 \u00e8 stato pi\u00f9 democratico degli altri, dove esistevano dittature militari.<\/p>\n<p><img loading=\"lazy\" decoding=\"async\" class=\"aligncenter\" src=\"https:\/\/i.redd.it\/yi4sy8nvc6711.jpg\" alt=\"Statue of Giuseppe Garibaldi in Montevideo, Uruguay. The father of ...\" width=\"807\" height=\"605\" \/><\/p>\n<p style=\"text-align: center\"><em>Statua di Garibaldi a Montevideo<\/em><\/p>\n<p>\u00a0 \u00a0 \u00a0Anche dopo la formazione del paese, gli italiani continuavano ad avere un ruolo nella politica dell&#8217;Uruguay.<\/p>\n<p style=\"text-align: center\">&#8220;Politically, apart from the temporary attraction of anarchism among both Spanish and Italian members of the nascent working class, the two groups took divergent paths in their political incorporation into Uruguay. Ever since Garibaldi and his Italian legion had fought on the side of the colorados against the blancos in the civil war of 1839\u201351 (la guerra grande), Italians preferred that political group. From early on, the colorados were therefore dubbed the \u2018party of the foreigners\u2019. The blancos, or National Party, on the other hand, advocated the preferential treatment of natives, even though the Spanish, and in particular the descendants of the more rurally based Basques, formed a strong contingent in their ranks&#8221; (Goebel, 207)<\/p>\n<p>\u00a0 \u00a0 \u00a0\u00c8 comune nel Sud America avere una divisione politica profonda tra la campagna e le citt\u00e0. Qui, Montevideo \u00e8 stato pi\u00f9 il posto dove gli immigrati hanno vissuto, e diversamente dall&#8217;Argentina o il Brasile, la scarsit\u00e0 di terra\u00a0 nell&#8217;Uruguay significava che c&#8217;erano meno opportunit\u00e0 per gli immigrati di stabilirsi nella campagna e dedicarsi all&#8217;agricoltura (Goebel, 208.). Questo ha contribuito al fatto che italiani hanno creato i sistemi buoni per assimilare altri immigrati italiani, e l&#8217;infrastruttura del paese sar\u00e0 basata su questi sistemi.\u00a0 L&#8217;ambiente politico nell&#8217;Uruguay ha aiutato a creare un governo con tanti servizi sociali, come istruzione pubblica per tutti (Goebel, 205-15)<\/p>\n<p>Gli italiani nell&#8217;Uruguay hanno anche portato le loro idee dall&#8217;Italia:<\/p>\n<p style=\"text-align: center\">&#8220;But Italian political influence went much further because, at the end of 19th century and the beginning of 20th, thousands of Italians who had been politically active in their own country in labor unions and as anarchist militants, arrived and made a big impact on Uruguayan politics and the labor movement. As a direct consequence, Uruguay was the first country in Latin America to legally establish the eight-hour working day and to accept labor unions.&#8221; (Arocena)<\/p>\n<p>\u00a0 \u00a0 \u00a0Gli italiani hanno creato queste comunit\u00e0 e condizioni che rendono l&#8217;ambiente dell&#8217;Uruguay buono per altri immigrati. I sindacati e i diritti dei lavoratori erano idee italiane, e erano i primi passi per i servizi sociali. Inoltre, queste innovazioni hanno iniziato la politica dei servizi sociali, molto presto per il Sud America a quel tempo, ed ancora oggi l\u2019 Uruguay ha buoni servizi sociali:<\/p>\n<p style=\"text-align: center\">&#8220;From the perspective of educational level, Uruguay stood out for having been the first country in the region to eradicate illiteracy and to achieve significant progress in school attendance rates among children and youth. Until the 1960s, the Uruguayan university held great prestige in the region and attracted students from the rest of Latin America. &#8221; (Pellegrino, 15).<\/p>\n<p>Cose come istruzione, alimentazione e assistenza sanitaria sono avanzate\u00a0 nell&#8217;Uruguay.<\/p>\n<p><img loading=\"lazy\" decoding=\"async\" class=\"aligncenter\" src=\"https:\/\/ichef.bbci.co.uk\/news\/1024\/media\/images\/49225000\/jpg\/_49225144_montevideo.jpg\" alt=\"Uruguay: South America's best-kept secret? - BBC News\" width=\"529\" height=\"296\" \/><\/p>\n<p style=\"text-align: center\"><em>Montevideo, una marina<\/em><\/p>\n<h2 style=\"text-align: center\">L&#8217;industria<\/h2>\n<p><span style=\"font-weight: 400\">\u00a0 \u00a0 \u00a0 \u00a0 \u00a0 \u00a0<\/span><\/p>\n<p>Gli italiani hanno anche influenzato l&#8217;industria dell&#8217;Uruguay durante questo periodo. Perch\u00e9 la maggioranza ha vissuto a Montevideo, gli immigrati hanno dominato l&#8217;industria nella citt\u00e0 durante questo periodo:<\/p>\n<p style=\"text-align: center\">Nel 1889 gli uruguayani costituivano 53,16 per cento della popolazione di Montevideo, ma controllavano solamente il 14,02 per cento degli stabilimenti industriali e il 20,97 dei capitali investiti; gli stranieri, che costituivano il 46,84 per cento degli abitanti di Montevideo, controllavano l&#8217;85,98 per cento delle industrie e il 79,03 dei loro capitali. ( L&#8217;emigrazione italiana, 175).<\/p>\n<p>Non era solamente che gli italiani nell&#8217;Uruguay avevano influenza sull&#8217;industria, ma anche la connessione con l&#8217;Italia \u00e8 stata importante.<\/p>\n<p>&nbsp;<\/p>\n<p style=\"text-align: center\">&#8220;Mentre nel 1877 le esportazioni dell&#8217;Uruguay in Italia non rappresentavano nessuna quota percentuale del commercio di esportazione, nel 1905 esse ne raccoglievano il 3% e cos\u00ec ai prodotti della repubblica si \u00e8 aperto un nuovo mercato. Le im- portazioni dall&#8217;Italia sono poi aumentate dal 5,15% all&#8217; 8,48% del movimento&#8221; (Anzilotti, 152) .<\/p>\n<p>&nbsp;<\/p>\n<p>I dati mostrano che la connessione tra l&#8217;Italia e l&#8217;Uruguay ha aiutato la crescita dell&#8217;industria dell&#8217;Uruguay. Questo dimostra che la diaspora ha aiutato l&#8217;economia globale per il paese di origine. Per l&#8217;Uruguay e l&#8217;Italia, queste connessioni della diaspora sono importanti per le loro economie.<\/p>\n<p><img decoding=\"async\" src=\"https:\/\/upload.wikimedia.org\/wikipedia\/commons\/thumb\/d\/da\/Terra1913.jpg\/220px-Terra1913.jpg\" alt=\"Gabriel Terra - Wikipedia\" \/>\u00a0<em>Gabriel Terra, Presidente dell&#8217;Uruguay 1931-1938<\/em><\/p>\n<h3 style=\"text-align: center\">DOpo La prima Guerra Mondiale<\/h3>\n<p>Dopo questo periodo, la quantit\u00e0 di immigrati \u00e8 diminuita. Il presidente, Gabriel Terra, ha creato leggi contro l\u2019immigrazione (Cohens, 241). Terra era un politico con idee fasciste, quindi lui ha creato leggi contro ebrei e comunisti dall&#8217;Europa (Santiago, 432). C&#8217;\u00e8 stato un movimento contro l&#8217;immigrazione nel governo, e il paese \u00e8 andato in una direzione pi\u00f9 conservatrice sotto Gabriel Terra. L&#8217;Uruguay prima di questo ha promulgato altre leggi come queste, contro l&#8217;immigrazione non europea, che ha reso pi\u00f9 difficile l&#8217;immigrazione da Africa, il Medio-Oriente, e l&#8217;Asia. A questo punto, c&#8217;\u00e8 stato anche un sentimento antisemita nel governo, ma gli ebrei sono venuti lo stesso nell&#8217;Uruguay. Nonostante le leggi ostili, gli ebrei dovevano scappare dall&#8217;Europa in quel periodo, e circa 10.000 sono andati nell&#8217;Uruguay per trovare la sicurezza (Cohens, 241). Ma a questo punto, l&#8217;immigrazione verso il Sud America ha iniziato a rallentare.<\/p>\n<p style=\"text-align: left\"><img loading=\"lazy\" decoding=\"async\" class=\"\" src=\"https:\/\/www.armytimes.com\/resizer\/DTg6oMjmmqR1w7Xe__llSHKRE2Y=\/800x0\/filters:quality(100)\/arc-anglerfish-arc2-prod-mco.s3.amazonaws.com\/public\/DNXCNEXKQRFLZFGQO257CYDNYI.jpg\" alt=\"Four days in December: Germany's path to war with the US\" width=\"304\" height=\"227\" \/>\u00a0 \u00a0 \u00a0 \u00a0 \u00a0 \u00a0 \u00a0 \u00a0 \u00a0 \u00a0 \u00a0 \u00a0 \u00a0 \u00a0 \u00a0 \u00a0 \u00a0 \u00a0 \u00a0 \u00a0 \u00a0 \u00a0 \u00a0 \u00a0 \u00a0 \u00a0 \u00a0 \u00a0 \u00a0 \u00a0 \u00a0 \u00a0 \u00a0 \u00a0 \u00a0 \u00a0 \u00a0 \u00a0 \u00a0 \u00a0 \u00a0 \u00a0 \u00a0 \u00a0 \u00a0 \u00a0 \u00a0 <img decoding=\"async\" src=\"https:\/\/upload.wikimedia.org\/wikipedia\/commons\/thumb\/6\/6f\/Creciente_del_59_en_Rinc%C3%B3n_del_Bonete_1959_Dique_Margen_Izquierda.jpg\/300px-Creciente_del_59_en_Rinc%C3%B3n_del_Bonete_1959_Dique_Margen_Izquierda.jpg\" alt=\"Rinc\u00f3n del Bonete Lake - Wikipedia\" \/><\/p>\n<p><em>Mussolini e Hitler\u00a0 \u00a0 \u00a0 \u00a0 \u00a0 \u00a0 \u00a0 \u00a0 \u00a0 \u00a0 \u00a0 \u00a0 \u00a0 \u00a0 \u00a0 \u00a0 \u00a0 \u00a0 \u00a0 \u00a0 \u00a0 \u00a0 \u00a0 \u00a0 \u00a0 \u00a0 \u00a0 \u00a0 \u00a0 \u00a0 \u00a0 \u00a0 \u00a0 \u00a0 \u00a0 \u00a0 \u00a0 \u00a0 \u00a0 \u00a0 \u00a0 \u00a0 \u00a0 \u00a0 \u00a0 \u00a0 \u00a0 \u00a0 \u00a0 \u00a0 \u00a0 \u00a0 \u00a0 \u00a0 \u00a0 \u00a0 \u00a0 \u00a0 \u00a0 \u00a0 \u00a0 \u00a0 \u00a0 \u00a0 \u00a0 \u00a0 \u00a0 \u00a0 \u00a0 \u00a0 \u00a0 \u00a0 \u00a0 \u00a0 \u00a0 \u00a0 \u00a0 \u00a0 \u00a0 \u00a0 \u00a0 \u00a0 \u00a0 \u00a0 \u00a0 Rincon Del Bonete Lago<\/em><\/p>\n<p>Ciononostante, gli italiani e il governo dell&#8217;Uruguay aveva ancora una connessione con l&#8217;Italia durante il periodo del Fascismo. Gabriel Terra e Hitler e Mussolini sono stati alleati nella politica intrernazionale. L\u2019Uruguay \u00e8 stato a quel tempo un esempio di cultura italiana e autoritarismo nel Sud America, almeno Mussolini e i politici dell&#8217;Uruguay hanno pensato cos\u00ec. I fascisti hanno provato a espandersi nel Sud America attraverso l&#8217;Uruguay. Gabriel Terra ha ricevuto soldi da Hitler e Mussolini per costruire la diga pi\u00f9 grande nel Sud America:<\/p>\n<p>&nbsp;<\/p>\n<p style=\"text-align: center\">&#8220;En el 1935, habiendo creado un estado autoritario, Terra mostr\u00f3 su cercan\u00eda a las ideas filo-fascistas rompiendo relaciones diplom\u00e1ticas con la URSS y con la Rep\u00fablica Espa\u00f1ola y estableciendo estrechos v\u00ednculos con la Italia de Mussolini y la Alemania de Hitler, de quien obtuvo recursos para la construcci\u00f3n de la represa del Rinc\u00f3n del Bonete&#8221; (Carusi, 179).<\/p>\n<p>Quindi, Terra ha stretto un&#8217;alleanza con Mussolini, che ha considerato l&#8217;Uruguay un paese &#8220;italiano&#8221;. I governi fascisti volevano usare l\u2019Uruguay come un punto forte per diffondere il Fascismo sul continente, specificamente il fascismo italiano e l&#8217;identit\u00e0 italiana:<\/p>\n<p>&nbsp;<\/p>\n<p style=\"text-align: center\">&#8220;Con este fin, desde junio a agosto de 1937, Federzoni viajaba en Sudam\u00e9rica; las memorias de este viaje14 fueron enviadas a Mussolini el 30 de octubre de 193715 y contienen en ellas significativas reflexiones del presidente del Senado acerca de la estrategia para expandir la influencia fascista en Am\u00e9rica Latina. Federzoni mostraba un particular optimismo en relaci\u00f3n all&#8217;Uruguay, pa\u00eds que consideraba ya profundamente fascista e imaginaba una estrategia per transformar el peque\u00f1o Estado rioplatense en un verdadero representante de la Italia fascista en Am\u00e9rica Latina.&#8221; (Carusi, 180).<\/p>\n<p>Ma con la caduta del fascismo in Europa, l&#8217;Uruguay non era pi\u00f9 punto forte del fascismo nel Sud America, anche se c&#8217;\u00e8 stato un periodo di dittatura militare con Gabriel Terra, il fascismo non era tanto forte.<\/p>\n<h3 style=\"text-align: center\">La cultura<\/h3>\n<p>Gli immigrati italiani anche hanno influenzato anche la cultura dell&#8217;Uruguay: L&#8217;arte, il diritto, la scienza, il cibo, il teatro, tutto \u00e8 diverso grazie all&#8217;Italia. Il teatro ha usato molte tradizioni italiane, e storie, e infatti molti autori nell&#8217;Uruguay hanno scritto in italiano direttamente (Zannier, 54). Inoltre, il diritto dell&#8217;Uruguay ha preso tanto dall&#8217;Italia, e molti pensieri del diritto hanno usato idee dall&#8217;italia,<\/p>\n<p>&nbsp;<\/p>\n<p>&#8220;Quasi tutti i cultori di diritto uruguaiani risentono, in differente misura, l&#8217;influenza di questi pensatori i cui trattati costituiscono sempre per essi lettura obbligatoria.&#8221; (Zannier, 56-57).<\/p>\n<p>Anche la scienza dell&#8217;Uruguay ha preso tanto dall&#8217;Italia, perch\u00e9 la sua fondazione \u00e8 stata aiutata dagli scienziati italiani (Zannier, 59). Anche il cibo, naturalmente:<\/p>\n<p>&nbsp;<\/p>\n<p style=\"text-align: center\">&#8220;And of course local gastronomy was also influenced: we have the traditional pizza, and also faina (made of chick-pea flour) and polenta (hot or fried cornmeal cooked in the Italian style)&#8221; (Arocena).<\/p>\n<p>\u00a0La cultura dell&#8217;Uruguay a ogni livello ha qualcosa dall&#8217;Italia, dal cibo al lessico dello spagnolo dell&#8217;Uruguay.<\/p>\n<p><img loading=\"lazy\" decoding=\"async\" class=\"\" src=\"https:\/\/www.recipezazz.com\/media\/photos\/photos\/5\/7\/0\/9\/5\/faina-chickpea-flatbread-uruguay-57095_640x480_10794d8b.jpg\" alt=\"Faina Chickpea Flatbread Uruguay Recipe - Recipezazz.com\" width=\"312\" height=\"234\" \/>\u00a0<em>Faina dell&#8217;Uruguay\u00a0 \u00a0 \u00a0 \u00a0 \u00a0 \u00a0 \u00a0 \u00a0 \u00a0 \u00a0 Polenta dell&#8217;Uruguay\u00a0 \u00a0 <img loading=\"lazy\" decoding=\"async\" class=\"\" src=\"https:\/\/imagesvc.meredithcorp.io\/v3\/mm\/image?url=https%3A%2F%2Fstatic.onecms.io%2Fwp-content%2Fuploads%2Fsites%2F43%2F2019%2F06%2Fcreamy-polenta-with-beef-sauce.jpg\" alt=\"How to Make Perfect Polenta Recipe - Allrecipes.com | Allrecipes\" width=\"341\" height=\"244\" \/><\/em><\/p>\n<h3 style=\"text-align: center\">L&#8217;Uruguay di Oggi<\/h3>\n<p>Dopo la Seconda Guerra Mondiale, la quantit\u00e0 di immigrati \u00e8 diminuita in generale. Infatti, durante la seconda met\u00e0 del secolo, pi\u00f9 persone sono emigrate dall&#8217;Uruguay di quante sono venute nel paese,<\/p>\n<p style=\"text-align: center\">&#8220;Like Argentina and southern Brazil, Uruguay has historically been an important receptor of European immigrant waves. But during the second half of the 20th century it turned into a net exporter of its population. Though the dominant phenomenon from Independence until the mid-20th century was immigration, various testimonies have indicated a movement of population, beginning early on, toward Argentina and Brazil.&#8221; (Pellegrino, 14)<\/p>\n<p>\u00a0 \u00a0 \u00a0Quindi, il paese si \u00e8 trasformato da un importatore a un esportatore di persone. Come l&#8217;Italia, l\u2019Uruguay ha iniziato una diaspora nel suo paese. La maggioranza di immigrati in Uruguay recentemente, \u00e8 uruguaiana, tornano dall&#8217;estero con l\u2019istruzione ricevuta in altri paesi (Montevideo portal). Come sempre, l&#8217;Uruguay \u00e8 un ambiente buono per gli immigrati che sono istruiti e con capacit\u00e0 tecniche. L&#8217;Uruguay offre posizioni e servizi agli immigrati, quindi il paese \u00e8 un posto buono. La emigrazione e immigrazione dell&#8217;Uruguay \u00e8 come la diaspora dell&#8217;Italia dove gli immigrati creano le connessioni globali. Gli immigrati possono ritornare ai paesi d&#8217;origine con talenti e soldi dagli altri paesi, e creano un &#8220;network&#8221;. Per esempio, ci sono organizzazioni per trovare e collegare immigrati italiani all&#8217;estero:<\/p>\n<p style=\"text-align: center\">&#8220;A very recent and original contribution is the Italian Patronatos, which are institutions funded directly from Italy geared to reestablishing contact with Italian migrants around the world. A director of one of these institutions explained why this initiative is taking place. There is now a new Italian offensive -to give it a name- in relation to their Diaspora. Now that Italy has solved its own economic problems, the authorities want to regain contact with their communities overseas. In Uruguay there are 7,000 Italians who were born in Italy but 100,000 Italians who were born in Uruguay. These Uruguayan-born Italians are the children of immigrants, and they have been applying on a massive scale to obtain Italian passports and nationality because this gives them the chance to migrate to Europe and, under European Union regulations, they are allowed to work not only in Italy but in other European countries too. Things have come full circle.&#8221;(Arocena).<\/p>\n<p>Quindi, ancora oggi la connessione tra l&#8217;Italia e l&#8217;Uruguay \u00e8 forte grazie agli immigrati.<\/p>\n<p style=\"text-align: center\"><img loading=\"lazy\" decoding=\"async\" class=\"\" src=\"https:\/\/upload.wikimedia.org\/wikipedia\/commons\/thumb\/f\/fd\/Uruguay_Regions_map.png\/1200px-Uruguay_Regions_map.png\" alt=\"Uruguay \u2013 Travel guide at Wikivoyage\" width=\"481\" height=\"553\" \/><\/p>\n<h1 style=\"text-align: center\">Conclusione<\/h1>\n<p>La diaspora Italiana ha cambiato l&#8217;Uruguay. Gli immigrati hanno portato la cultura e le idee dell&#8217;Italia nell&#8217;Uruguay. Da Garibaldi che ha aiutato con la formazione del paese, agli immigrati che hanno creato le comunit\u00e0 che sono diventate la fondazione per i sistemi sociali di oggi, ogni periodo storico del paese ha un pezzo dall&#8217;Italia. \u00c8 come l&#8217;Italia, l&#8217;Uruguay ha una diaspora sua, che crea connessioni nel mondo, e aiuta il suo sviluppo.<\/p>\n<p>&nbsp;<\/p>\n<p>&nbsp;<\/p>\n<p>&nbsp;<\/p>\n<h3 style=\"text-align: center\">Opere Citate<\/h3>\n<ol>\n<li style=\"font-weight: 400\"><span style=\"font-weight: 400\">Patat, Alejandro. <\/span><i><span style=\"font-weight: 400\">Vida Nueva; La lingua italiana in America Latina<\/span><\/i><span style=\"font-weight: 400\">. biemmegraf, 2012.<\/span><\/li>\n<li style=\"font-weight: 400\"><span style=\"font-weight: 400\">L<\/span><span style=\"font-weight: 400\">ongman, Addison W. <\/span><i><span style=\"font-weight: 400\">Garibaldi in Uruguay: A Reputation Reconsidered<\/span><\/i><span style=\"font-weight: 400\">. University oxford press.<\/span><\/li>\n<li style=\"font-weight: 400\"><span style=\"font-weight: 400\">Goebel, Michael. <\/span><i><span style=\"font-weight: 400\">GAUCHOS, GRINGOS AND GALLEGOS: THE ASSIMILATION OF ITALIAN AND SPANISH IMMIGRANTS IN THE MAKING OF MODERN URUGUAY 1880\u20131930<\/span><\/i><span style=\"font-weight: 400\">. University oxford press.<\/span><\/li>\n<li style=\"font-weight: 400\"><span style=\"font-weight: 400\">Zannier, Guido. &#8220;INFLUENZA ITALIANA NELLA CULTURA URUGUAIANA.&#8221; <\/span><i><span style=\"font-weight: 400\">Civitas<\/span><\/i><span style=\"font-weight: 400\">, vol. 38, no. 5<\/span><\/li>\n<li style=\"font-weight: 400\"><span style=\"font-weight: 400\">Arocena, Felipe. (2009). How Immigrants Have Shapped Uruguay. <\/span><i><span style=\"font-weight: 400\">Culturales<\/span><\/i><span style=\"font-weight: 400\">, <\/span><i><span style=\"font-weight: 400\">5<\/span><\/i><span style=\"font-weight: 400\">(9), 105-139. Recuperado en 06 de mayo de 2020, de <\/span><a href=\"http:\/\/www.scielo.org.mx\/scielo.php?script=sci_arttext&amp;pid=S1870-11912009000100005&amp;lng=es&amp;tlng=en\"><span style=\"font-weight: 400\">http:\/\/www.scielo.org.mx\/scielo.php?script=sci_arttext&amp;pid=S1870-11912009000100005&amp;lng=es&amp;tlng=en<\/span><\/a><span style=\"font-weight: 400\">.<\/span><\/li>\n<li style=\"font-weight: 400\"><span style=\"font-weight: 400\">Pellegrino, Adela. &#8220;Skilled Labour Migration from Developing Countries: Study on Argentina and Uruguay.&#8221; <\/span><i><span style=\"font-weight: 400\">International Migration Papers, International Labour office Geneva<\/span><\/i><span style=\"font-weight: 400\">.<\/span><\/li>\n<li style=\"font-weight: 400\"><a href=\"http:\/\/www.byterfly.eu\/islandora\/object\/librib:287495#page\/190\/mode\/2up\"><span style=\"font-weight: 400\">http:\/\/www.byterfly.eu\/islandora\/object\/librib:287495#page\/190\/mode\/2up<\/span><\/a><span style=\"font-weight: 400\">, L&#8217;emigrazione italiana e la formazione dell&#8217;Uruguay moderno,\u00a0<\/span><\/li>\n<li style=\"font-weight: 400\"><span style=\"font-weight: 400\">Anzilotti, Eugenio. &#8220;GL&#8217;ITALIANI NELL&#8217;URUGUAY.&#8221; <\/span><i><span style=\"font-weight: 400\">Pubblicazioni dell\u2019Universit\u00e0 Cattolica del Sacro Cuore<\/span><\/i><span style=\"font-weight: 400\">, vol. 57<\/span><\/li>\n<li style=\"font-weight: 400\"><span style=\"font-weight: 400\">Cohen, Susan Sarah, ed. <\/span><i><span style=\"font-weight: 400\">1999<\/span><\/i><span style=\"font-weight: 400\">. Vol. 15. Walter de Gruyter, 2013.<\/span><\/li>\n<li style=\"font-weight: 400\"><span style=\"font-weight: 400\">Carusi, Paolo. &#8220;EL FASCISMO EN URUGUAY. UN TESTIMONIO DE LUIGI FEDERZON.&#8221; <\/span><i><span style=\"font-weight: 400\">Historia actual online<\/span><\/i><span style=\"font-weight: 400\">, 2015<\/span><\/li>\n<\/ol>\n<p><span style=\"font-weight: 400\">\u00a0 \u00a0 \u00a0 \u00a0 \u00a0 \u00a0 \u00a0 11. &#8220;DE PUERTAS ABIERTAS Uruguay tiene 77 mil inmigrantes.&#8221; <\/span><i><span style=\"font-weight: 400\">Montevideo portal<\/span><\/i><span style=\"font-weight: 400\">, 2013, www.montevideo.com.uy\/Noticias\/Uruguay-tiene-77-mil-inmigrantes-uc203704<\/span><\/p>\n<p>12. <span style=\"font-weight: 400\">Santiago, S.. (2000). Uruguay in the times of Terra and the mass immigration of Spanish and Jewish refugees. 431-445. <\/span><\/p>\n","protected":false},"excerpt":{"rendered":"<p>L&#8217;Uruguay, Immigrazione, e la diaspora Di Sean Dowd Immigration and Uruguay<\/p>\n","protected":false},"author":4329,"featured_media":0,"parent":0,"menu_order":10,"comment_status":"closed","ping_status":"closed","template":"template-fullwidth.php","meta":{"footnotes":""},"class_list":["post-530","page","type-page","status-publish","hentry","post","no-featured-image"],"_links":{"self":[{"href":"https:\/\/blogs.dickinson.edu\/italian-diaspora\/wp-json\/wp\/v2\/pages\/530","targetHints":{"allow":["GET"]}}],"collection":[{"href":"https:\/\/blogs.dickinson.edu\/italian-diaspora\/wp-json\/wp\/v2\/pages"}],"about":[{"href":"https:\/\/blogs.dickinson.edu\/italian-diaspora\/wp-json\/wp\/v2\/types\/page"}],"author":[{"embeddable":true,"href":"https:\/\/blogs.dickinson.edu\/italian-diaspora\/wp-json\/wp\/v2\/users\/4329"}],"replies":[{"embeddable":true,"href":"https:\/\/blogs.dickinson.edu\/italian-diaspora\/wp-json\/wp\/v2\/comments?post=530"}],"version-history":[{"count":0,"href":"https:\/\/blogs.dickinson.edu\/italian-diaspora\/wp-json\/wp\/v2\/pages\/530\/revisions"}],"wp:attachment":[{"href":"https:\/\/blogs.dickinson.edu\/italian-diaspora\/wp-json\/wp\/v2\/media?parent=530"}],"curies":[{"name":"wp","href":"https:\/\/api.w.org\/{rel}","templated":true}]}}