{"id":498,"date":"2012-11-13T11:17:39","date_gmt":"2012-11-13T16:17:39","guid":{"rendered":"http:\/\/blogs.dickinson.edu\/lalc\/?page_id=498"},"modified":"2016-04-22T13:40:45","modified_gmt":"2016-04-22T17:40:45","slug":"faculty-publications","status":"publish","type":"page","link":"https:\/\/blogs.dickinson.edu\/lalc\/faculty\/faculty-publications\/","title":{"rendered":"Faculty Publications"},"content":{"rendered":"<h2>Marcelo\u00a0Borges<\/h2>\n<p><em>Book<\/em><\/p>\n<p><em>Chains of Gold: Portuguese Migration to Argentina in Transatlantic Perspective<\/em>. Leiden; Boston: Brill, 2009.<\/p>\n<p><a href=\"http:\/\/www.brill.nl\/default.aspx?partid=210&amp;pid=33669\">http:\/\/www.brill.nl\/default.aspx?partid=210&amp;pid=33669<\/a><\/p>\n<p><em>Journal issue\u00a0<\/em>(guest editor)<\/p>\n<p><em>Portuguese Studies Review<\/em>\u00a014, 2 (2006; released 2009). Special Issue: \u201cPortuguese Migrations in Comparison: Historical Patterns and Transnational Communities.\u201d<\/p>\n<p><a href=\"http:\/\/www.trentu.ca\/admin\/publications\/psr\/14_2.html\">http:\/\/www.trentu.ca\/admin\/publications\/psr\/14_2.html<\/a><\/p>\n<p><em>Video<\/em><\/p>\n<p><em>An Argentine Mosaic: Destino Patagonia<\/em>, 2009. Co-produced with Susan Rose. Bilingual documentary about the Argentine migration experience, focusing on the oral histories of migrants to the Patagonian town of Comodoro Rivadavia and its oil company towns.<\/p>\n<p><a href=\"http:\/\/www.youtube.com\/watch?v=0xIiTVJxTXs\">http:\/\/www.youtube.com\/watch?v=0xIiTVJxTXs<\/a><\/p>\n<p><em>Articles<\/em><\/p>\n<p><a href=\"http:\/\/www.observatorioemigracao.secomunidades.pt\/np4\/702.html\">http:\/\/www.observatorioemigracao.secomunidades.pt\/np4\/702.html<\/a><\/p>\n<p>\u201cMigra\u00e7\u00f5es portuguesas na Argentina: redes transatl\u00e2nticas e experi\u00eancias locais,\u201d in\u00a0<em>Do Fado ao Tango: Os Portugueses na Regi\u00e3o Platina<\/em>, edited by Helena Carreiras and Andr\u00e9s Malamud. Lisbon: Editora Mundos Socias, 2010, 15\u201341. [Portuguese translation of article published in\u00a0<em>Portuguese Studies Review<\/em>, 2009.]<\/p>\n<p>\u201cMuitas Am\u00e9ricas: padr\u00f5es de migra\u00e7\u00e3o transatl\u00e2ntica e escolha do destino no sul de Portugal (s\u00e9culos XIX e XX),\u201d\u00a0<em>Ler Hist\u00f3ria<\/em>\u00a059 (2009): 83\u2013104 [Portuguese translation of article published in\u00a0<em>Studi Migrazione<\/em>, 2003.]<\/p>\n<p>\u201cPortugiesische Arbeitswanderer in West-, Mittel- und Nordeuropa seit den 1950er Jahren (Beispiele Frankreich und Deutschland<em>)<\/em>,\u201d [Portuguese \u2018Guestworkers\u2019 in Northern, Central, and Western Europe since the 1950s]<em>,\u00a0<\/em>in\u00a0<em>Enzyklop\u00e4die Migration in Europa: vom 17. Jahrhundert bis zur Gegenwart,\u00a0<\/em>eds. Klaus Bade, Pieter Emmer, Leo Lucassen, and Jochen Otlmer. Paderborn: Sch\u00f6ningh; Munich: Wilhelm Fink, 2007, 891\u20136. (Forthcoming in English.)<\/p>\n<p>\u201cPortuguese Migrations in Argentina: Transatlantic Networks and Local Experiences,\u201d\u00a0<em>Portuguese Studies Review<\/em>\u00a014, 2 (2006; released 2009): 87\u2013123.<\/p>\n<p><a href=\"http:\/\/www.trentu.ca\/admin\/publications\/psr\/1420674.pdf\">http:\/\/www.trentu.ca\/admin\/publications\/psr\/1420674.pdf<\/a><\/p>\n<p>\u201cMigrations in Latin America: A Crosscultural Perspective,\u201d in \u201cReview Symposium: Cultures in Contact,\u201d\u00a0<em>International Review of \u00a0Social History<\/em>,\u00a0 49 (2004): 483\u201388.<\/p>\n<h2>Mariana Past<\/h2>\n<p>Publications:<\/p>\n<p>\u201cArticulating Haitian Conflicts in a New York City Basement: the Global Stakes of Frank\u00e9tienne\u2019s\u00a0<em>P\u00e8lin-t\u00e8t<\/em>,\u201d forthcoming in\u00a0<em>The Global South<\/em>, Special Issue on the Caribbean, Fall 2010.<\/p>\n<p>Critical review of\u00a0<em>A Rain of Words: A Bilingual Anthology of Women\u2019s Poetry in Francophone Africa<\/em>, Ed. Irene Assiba d\u2019Almeida, for\u00a0<em>Symposium<\/em>, Syracuse University (December 2010).<\/p>\n<p>\u201cPen as sword: Combating the historical record in Fignol\u00e9\u2019s\u00a0<em>Moi, Toussaint Louverture, avec la plume complice de l\u2019auteur,<\/em>\u201d forthcoming in the\u00a0<em>Journal of Haitian Studies<\/em>\u00a0(2010).<\/p>\n<p>\u201cRe-centering, and de-centering, Haiti: Depestre\u2019s\u00a0<em>Hadriana dans tous mes r\u00eaves,\u201d\u00a0<\/em>forthcoming in<em>\u00a0Del Caribe\u00a0<\/em>(2010).<\/p>\n<p>Critical review of\u00a0<em>Tree of Liberty: Cultural Legacies of the Haitian Revolution in the Atlantic World<\/em>, Ed. Doris Garraway, for\u00a0<em>Nouvelles \u00e9tudes francophones<\/em>\u00a024.1 (2009).<\/p>\n<p>Article on Haitian history, including Toussaint Louverture, for\u00a0<em>A Historical Companion to<\/em><\/p>\n<p><em>Postcolonial Literatures: Continental Europe and its Empires<\/em>, Edinburgh: Edinburgh University Press, 2008.<br \/>\nRecent papers presented:<\/p>\n<p>\u201cDiasporic Haitians as Agents of Change: the Global Stakes of Frankety\u00e8n\u2019s\u00a0<em>P\u00e8lin-t\u00e8t<\/em>.\u201d\u00a0 Brown University, 22nd<em>\u00a0Annual Haitian Studies Association Conference<\/em>, November 12, 2010.<\/p>\n<p>\u201cKrey\u00f2l Literature in Haiti and Beyond.\u201d Atlantic World Research Network conference at the University of North Carolina-Greensboro, October 7, 2010.<\/p>\n<p>\u00ab\u00a0What\u2019s in a name?\u00a0 Reading transformative farce in C\u00e9saire\u2019s\u00a0<em>La Trag\u00e9die du roi Christophe<\/em>\u00a0and Najman\u2019s \u00ab\u00a0Royal bonbon\u00a0\u00bb\u00a0\u00bb.\u00a0 American Comparative Literature Association.\u00a0 New Orleans, LA. April 2, 2010.<\/p>\n<p>\u201cProblematic Cartographies: Hispaniola, history and race in the work of A\u00edda Cartagena Portalat\u00edn.\u201d\u00a0 Invited lecturer at Duke University, Department of Romance Studies. April 3, 2009<\/p>\n<h2>J. Mark Ruhl<\/h2>\n<div><span style=\"font-family: 'Times New Roman', serif;font-size: medium\">\u201cHonduras: Fragile Democracy,\u201d in Howard J. Wiarda and Harvey F. Kline (eds.) <span style=\"text-decoration: underline\">Latin American Politics and Development<\/span>, 8<sup>th<\/sup> Edition (Boulder, CO: Westview Press, 2014), 417-428.\u00a0<\/span><\/div>\n<div><span style=\"font-family: 'Times New Roman', serif;font-size: medium\">\u00a0<\/span><\/div>\n<div><span style=\"font-family: 'Times New Roman', serif;font-size: medium\">\u201cDemilitarization after Central American Civil Wars,\u201d in Peter N. Sterns (ed.) <span style=\"text-decoration: underline\">Demilitarization in Contemporary World History<\/span> (Urbana, IL: University of Illinois Press, 2013), 216-245.\u00a0 Co-author with Philip J. Williams, University of Florida.<\/span><\/div>\n<div><span style=\"font-family: 'Times New Roman', serif;font-size: medium\">\u00a0<\/span><\/div>\n<div><span style=\"font-family: 'Times New Roman', serif;font-size: medium\">\u201cPost-Coup Honduras: The Limits of Stabilization.\u201d <span style=\"text-decoration: underline\">Security and Defense Studies Review<\/span> 13 (2012), 33-47.<\/span><\/div>\n<div><span style=\"font-family: 'Times New Roman', serif;font-size: medium\">\u00a0<\/span><\/div>\n<div><span style=\"font-family: 'Times New Roman', serif;font-size: medium\">\u201cPolitical Corruption in Central America: Assessment and Explanation.\u201d <span style=\"text-decoration: underline\">Latin American Politics and Society<\/span> 53, no.1 (Spring 2011), 33-58.<\/span><\/div>\n<div><span style=\"font-family: 'Times New Roman', serif;font-size: medium\">\u00a0<\/span><\/div>\n<div><span style=\"font-family: 'Times New Roman', serif;font-size: medium\">\u201cGuatemala: A Failing State?\u201d <span style=\"text-decoration: underline\">Western Hemisphere Security Analysis Center (WHEMSAC)<\/span> , Florida International University\/ U.S. Army Southern Command (SOUTHCOM) (July 2011), 29 pp.<\/span><\/div>\n<div><span style=\"font-family: 'Times New Roman', serif;font-size: medium\">\u00a0<\/span><\/div>\n<div><span style=\"font-family: 'Times New Roman', serif;font-size: medium\">\u201cHonduras Unravels.\u201d <span style=\"text-decoration: underline\">Journal of Democracy<\/span> 21, no. 2 (April 2010), pp. 93-107.<\/span><\/div>\n","protected":false},"excerpt":{"rendered":"<p>Marcelo\u00a0Borges Book Chains of Gold: Portuguese Migration to Argentina in Transatlantic Perspective. Leiden; Boston: Brill, 2009. http:\/\/www.brill.nl\/default.aspx?partid=210&amp;pid=33669 Journal issue\u00a0(guest editor) Portuguese Studies Review\u00a014, 2 (2006; released 2009). Special Issue: \u201cPortuguese Migrations in Comparison: Historical Patterns and Transnational Communities.\u201d http:\/\/www.trentu.ca\/admin\/publications\/psr\/14_2.html Video An Argentine Mosaic: Destino Patagonia, 2009. Co-produced with Susan Rose. Bilingual documentary about the Argentine [&hellip;]<\/p>\n","protected":false},"author":1509,"featured_media":0,"parent":839,"menu_order":0,"comment_status":"open","ping_status":"closed","template":"","meta":{"footnotes":""},"class_list":["post-498","page","type-page","status-publish","hentry","post-preview"],"_links":{"self":[{"href":"https:\/\/blogs.dickinson.edu\/lalc\/wp-json\/wp\/v2\/pages\/498","targetHints":{"allow":["GET"]}}],"collection":[{"href":"https:\/\/blogs.dickinson.edu\/lalc\/wp-json\/wp\/v2\/pages"}],"about":[{"href":"https:\/\/blogs.dickinson.edu\/lalc\/wp-json\/wp\/v2\/types\/page"}],"author":[{"embeddable":true,"href":"https:\/\/blogs.dickinson.edu\/lalc\/wp-json\/wp\/v2\/users\/1509"}],"replies":[{"embeddable":true,"href":"https:\/\/blogs.dickinson.edu\/lalc\/wp-json\/wp\/v2\/comments?post=498"}],"version-history":[{"count":0,"href":"https:\/\/blogs.dickinson.edu\/lalc\/wp-json\/wp\/v2\/pages\/498\/revisions"}],"up":[{"embeddable":true,"href":"https:\/\/blogs.dickinson.edu\/lalc\/wp-json\/wp\/v2\/pages\/839"}],"wp:attachment":[{"href":"https:\/\/blogs.dickinson.edu\/lalc\/wp-json\/wp\/v2\/media?parent=498"}],"curies":[{"name":"wp","href":"https:\/\/api.w.org\/{rel}","templated":true}]}}