{"id":543,"date":"2013-03-29T17:16:26","date_gmt":"2013-03-29T17:16:26","guid":{"rendered":"http:\/\/blogs.dickinson.edu\/mediterranean-migration\/?page_id=543"},"modified":"2014-01-28T15:31:06","modified_gmt":"2014-01-28T15:31:06","slug":"student-work","status":"publish","type":"page","link":"https:\/\/blogs.dickinson.edu\/mediterranean-migration\/student-work\/","title":{"rendered":"Student Work"},"content":{"rendered":"<p style=\"margin-bottom: 5px\"><strong><a href=\"http:\/\/www.youtube.com\/watch?v=pY1cRSazcQc\">Overview of the Mediterranean Migration Mosaic<\/a><\/strong><\/p>\n<p style=\"margin-bottom: 5px\"><strong><a title=\"Immigration as a Controversial Issue in the Media\" href=\"http:\/\/www.slideshare.net\/cscdickinson\/media-blogs\" target=\"_blank\">Immigration as a Controversial Issue in the Media<\/a> from <a href=\"http:\/\/www.slideshare.net\/cscdickinson\" target=\"_blank\">cscdickinson<\/a><\/strong><\/p>\n<p style=\"margin-bottom: 5px\"><a title=\"Identity Construction\" href=\"http:\/\/blogs.dickinson.edu\/mediterranean-migration\/?attachment_id=1015\">Identity Construction<\/a><\/p>\n<p style=\"margin-bottom: 5px\"><strong><a href=\"http:\/\/www.youtube.com\/watch?v=yGg1A-0pUzE\">Borders and Liberal Democracy<\/a><\/strong><\/p>\n<p style=\"margin-bottom: 5px\"><a href=\"http:\/\/blogs.dickinson.edu\/mediterranean-migration\/files\/2013\/03\/1MonkeysMoors.pdf\">Monkeys and Moors: Perceptions of Maghrebis in France and Spain<\/a><\/p>\n<p style=\"margin-bottom: 5px\"><a href=\"http:\/\/blogs.dickinson.edu\/mediterranean-migration\/files\/2013\/03\/3BuildingBridges.pdf\">Building Bridges: How NGOs Address Immigration in the Mediterranean Region<\/a><\/p>\n<p style=\"margin-bottom: 5px\"><a href=\"http:\/\/blogs.dickinson.edu\/mediterranean-migration\/files\/2013\/03\/4LiberteEgalite.pdf\">Libert\u00e9, \u00c9galit\u00e9, Sant\u00e9: l&#8217;immigr\u00e9 au sein du syst\u00e8me de sant\u00e9 en France<\/a><\/p>\n<p style=\"margin-bottom: 5px\"><a href=\"http:\/\/blogs.dickinson.edu\/mediterranean-migration\/files\/2013\/03\/5ParadoxGlobalization.pdf\">The Paradox of Globalization: Europe&#8217;s Border Control<\/a><\/p>\n<p style=\"margin-bottom: 5px\"><a href=\"http:\/\/blogs.dickinson.edu\/mediterranean-migration\/files\/2013\/03\/6EuropeSecurityPolicy.pdf\">Europe&#8217;s Security Policy: A Failed Endeavour<\/a><\/p>\n<p style=\"margin-bottom: 5px\"><a href=\"http:\/\/blogs.dickinson.edu\/mediterranean-migration\/files\/2013\/03\/7RemittancesEconomicGrowth.pdf\">Remittances and Economic Growth: Morocco in Context<\/a><\/p>\n<p style=\"margin-bottom: 5px\"><a href=\"http:\/\/blogs.dickinson.edu\/mediterranean-migration\/files\/2013\/03\/8MoroccoMiddleman.pdf\">Morocco as a Middleman<\/a><\/p>\n<p style=\"margin-bottom: 5px\"><a href=\"http:\/\/blogs.dickinson.edu\/mediterranean-migration\/files\/2013\/03\/9DemographicsMigration.pdf\">Demographics of Migration to France from Mid-Nineteenth Century to Present Day<\/a><\/p>\n<p style=\"margin-bottom: 5px\"><a href=\"http:\/\/blogs.dickinson.edu\/mediterranean-migration\/files\/2013\/03\/10MorocconStatsZha.pdf\">Moroccan Immigration to France<\/a><\/p>\n<p style=\"margin-bottom: 5px\"><a href=\"http:\/\/blogs.dickinson.edu\/mediterranean-migration\/files\/2013\/03\/11MoroccanStats.pdf\">Moroccan Immigration to France 2<\/a><\/p>\n<p style=\"margin-bottom: 5px\"><a href=\"http:\/\/blogs.dickinson.edu\/mediterranean-migration\/files\/2013\/07\/La-sante%CC%81-le-labour-et-la-xe%CC%81nophobie-The-Historical-and-Political-Machine-of-North-African-Immigration-to-FranceMeeks.pdf\">La Sant\u00e9, le Labour, et la X\u00e9nophobie<\/a><\/p>\n<p style=\"margin-bottom: 5px\"><a href=\"http:\/\/blogs.dickinson.edu\/mediterranean-migration\/files\/2013\/03\/MediterraneanMigrationFlier.pdf\">Flier for Student Presentation<\/a><\/p>\n<p style=\"margin-bottom: 5px\"><a href=\"http:\/\/blogs.dickinson.edu\/mediterranean-migration\/files\/2013\/03\/KilometerOrli.pdf\">14 Kilometers Poster<\/a><\/p>\n<p style=\"margin-bottom: 5px\"><a href=\"http:\/\/dh.dickinson.edu\/zhax\/\">Student&#8217;s Mediterranean Migration Website<\/a><\/p>\n","protected":false},"excerpt":{"rendered":"<p>Overview of the Mediterranean Migration Mosaic Immigration as a Controversial Issue in the Media from cscdickinson Identity Construction Borders and Liberal Democracy Monkeys and Moors: Perceptions of Maghrebis in France and Spain Building Bridges: How NGOs Address Immigration in the &hellip; <a href=\"https:\/\/blogs.dickinson.edu\/mediterranean-migration\/student-work\/\">Continue reading <span class=\"meta-nav\">&rarr;<\/span><\/a><\/p>\n","protected":false},"author":966,"featured_media":0,"parent":0,"menu_order":4,"comment_status":"open","ping_status":"closed","template":"","meta":{"footnotes":""},"class_list":["post-543","page","type-page","status-publish","hentry"],"_links":{"self":[{"href":"https:\/\/blogs.dickinson.edu\/mediterranean-migration\/wp-json\/wp\/v2\/pages\/543","targetHints":{"allow":["GET"]}}],"collection":[{"href":"https:\/\/blogs.dickinson.edu\/mediterranean-migration\/wp-json\/wp\/v2\/pages"}],"about":[{"href":"https:\/\/blogs.dickinson.edu\/mediterranean-migration\/wp-json\/wp\/v2\/types\/page"}],"author":[{"embeddable":true,"href":"https:\/\/blogs.dickinson.edu\/mediterranean-migration\/wp-json\/wp\/v2\/users\/966"}],"replies":[{"embeddable":true,"href":"https:\/\/blogs.dickinson.edu\/mediterranean-migration\/wp-json\/wp\/v2\/comments?post=543"}],"version-history":[{"count":0,"href":"https:\/\/blogs.dickinson.edu\/mediterranean-migration\/wp-json\/wp\/v2\/pages\/543\/revisions"}],"wp:attachment":[{"href":"https:\/\/blogs.dickinson.edu\/mediterranean-migration\/wp-json\/wp\/v2\/media?parent=543"}],"curies":[{"name":"wp","href":"https:\/\/api.w.org\/{rel}","templated":true}]}}