{"id":722,"date":"2013-04-11T14:54:57","date_gmt":"2013-04-11T14:54:57","guid":{"rendered":"http:\/\/blogs.dickinson.edu\/mediterranean-migration\/?page_id=722"},"modified":"2013-07-08T14:39:38","modified_gmt":"2013-07-08T14:39:38","slug":"media-resources","status":"publish","type":"page","link":"https:\/\/blogs.dickinson.edu\/mediterranean-migration\/media-resources\/","title":{"rendered":"Community Partners"},"content":{"rendered":"<p><strong>France<\/strong><br \/>\nCarole Michel<br \/>\nLaure Teuli\u00e8res<br \/>\nSlimane Touhami<br \/>\nSara Jabbar-Allen<br \/>\nSantiago Mendieta<br \/>\nAssociation Bell&#8217;Arc-en-ciel, Toulouse<br \/>\nDanielle Cabanis<br \/>\nJean-Paul Charpiot<br \/>\nViviane Bedou Houbaine<br \/>\nMr. Touna<br \/>\nFoyer Saint Sim\u00f3n<br \/>\nJean-Paul Nunzi, Mayor of Mossaic<br \/>\nAssociation Franco-Polonaise de Tarn-et-Garonne &#8211; <a href=\"http:\/\/polonia82.blogspot.com\">http:\/\/polonia82.blogspot.com<\/a><br \/>\nBernard Redon<br \/>\nMme. Redon<br \/>\nMary Castro<br \/>\nL. Colombi\u00e9<br \/>\nRenata Larnaudie<br \/>\nAbidi Abdelhak<br \/>\nJama El Messaoudi<br \/>\nAllouami Abdeslem<\/p>\n<p><strong>Morocco<\/strong><br \/>\nCenter for Cross Cultural Learning, Rabat &#8211; <a href=\"http:\/\/www.cccl.ma\">http:\/\/www.cccl.ma<\/a><br \/>\nNabil Akabli<br \/>\nTibari Bouasla<br \/>\nAbdelhay Moudden<br \/>\nNadir El Moumni<br \/>\nSoud Eddouada<br \/>\nCollectif de Communaut\u00e9s Subsahariens en Maroc, Rabat<br \/>\nAssociation Lumi\u00e8re sur l\u2019Emigration, Rabat &#8211; <a href=\"http:\/\/alecma-association.overblog.com\">http:\/\/alecma-association.overblog.com<\/a><br \/>\nAssociation Orient-Occident, Rabat &#8211; <a href=\"http:\/\/www.fondation.orient-occident.org\/-Rabat-\">http:\/\/www.fondation.orient-occident.org\/-Rabat-<\/a><br \/>\nNational Human Rights Council, Rabat &#8211; <a href=\"http:\/\/www.ccdh.org.ma\/?lang=en\">http:\/\/www.ccdh.org.ma\/?lang=en<\/a><br \/>\nMohamed Yatim, First Vice-president of the House of Representatives<br \/>\nFatna El K\u2019Hiel, Member of Parliament<br \/>\nEl Hait\u00e9 Hakima, Mouvement Populaire<br \/>\nBlessy<br \/>\nSeh Picas<br \/>\nPierre de la Grange<br \/>\nAssociation Touche pas \u00e0 mon enfant &#8211; <a href=\"http:\/\/www.touchepasamonenfant.com\">http:\/\/www.touchepasamonenfant.com<\/a><br \/>\nNajia Adib<br \/>\nSarah Jarfi<br \/>\nUniversity Moulay Ismail, Mekn\u00e8s<br \/>\nThe Bridge of Cultures\u2014Friendship Force, Azrou &#8211; <a href=\"http:\/\/friendshipforceclubofazrou.webs.com\">http:\/\/friendshipforceclubofazrou.webs.com<\/a><br \/>\nLotfi Lamrani<br \/>\nMounir Naili<br \/>\nKhalid Kamar<br \/>\nHoubaine Mimoun<br \/>\nMina Ahkim<br \/>\nNetwork of Co-Development Organizations Nador-Oujda-Valencia<br \/>\nBoard of the Commune of Fes<br \/>\nManos Solidarias, Diza, Martil, Tetouan<br \/>\nLidia Fern\u00e1ndez Fonfr\u00eda<br \/>\nMohamed<br \/>\nCentro Cultural Lerchundi, Martil, Tetouan &#8211; <a href=\"https:\/\/www.facebook.com\/pages\/Centro-Cultural-Lerchundi-Martil\/440750292659278\">https:\/\/www.facebook.com\/pages\/Centro-Cultural-Lerchundi-Martil\/440750292659278<\/a><\/p>\n<p><strong>Spain<\/strong><br \/>\nFernando Arcas Cubero<br \/>\nAsociaci\u00f3n Marroqu\u00ed para la Integraci\u00f3n de Inmigrantes, M\u00e1laga &#8211; <a href=\"http:\/\/www.asociacionmarroqui.com\">http:\/\/www.asociacionmarroqui.com<\/a><br \/>\nAhmed Khalifa<br \/>\nKarima Ouad<br \/>\nMovimiento contra la Intolerancia, M\u00e1laga &#8211; <a href=\"http:\/\/www.movimientocontralaintolerancia.com\">http:\/\/www.movimientocontralaintolerancia.com<\/a><br \/>\nValent\u00edn Gonz\u00e1lez<br \/>\nDaniel<br \/>\nAna<br \/>\nSeminario Interdisciplinar de Estudios sobre Inmigraci\u00f3n, Universidad de M\u00e1laga &#8211; <a href=\"http:\/\/www.siei.uma.es\">http:\/\/www.siei.uma.es<\/a><br \/>\nRafael Dur\u00e1n Mu\u00f1oz<br \/>\nMagdalena M. Mart\u00edn Mart\u00ednez<br \/>\nFrancisco Jos\u00e9 Calder\u00f3n V\u00e1zquez<br \/>\nINCIDE, Inclusi\u00f3n, Ciudan\u00eda, Diversidad y Educaci\u00f3n, M\u00e1laga &#8211; <a href=\"http:\/\/incide.org\">http:\/\/incide.org<\/a><br \/>\nCarmen Garc\u00eda N\u00fa\u00f1ez<br \/>\nJuli\u00e1n Rojas<br \/>\nAteneo de M\u00e1laga &#8211; <a href=\"http:\/\/www.ateneomalaga.es\">http:\/\/www.ateneomalaga.es<\/a><br \/>\nAlberto L\u00f3pez Gonz\u00e1lez<br \/>\nManuel Jim\u00e9nez Bravo<br \/>\nCentro de Estudios Hispano-Marroqu\u00ed, M\u00e1laga &#8211; <a href=\"http:\/\/www.centroehm.com\">http:\/\/www.centroehm.com<\/a><br \/>\nJos\u00e9 Dami\u00e1n Ruiz F\u00e1jula<br \/>\nJes\u00fas Rueda Solano<\/p>\n","protected":false},"excerpt":{"rendered":"<p>France Carole Michel Laure Teuli\u00e8res Slimane Touhami Sara Jabbar-Allen Santiago Mendieta Association Bell&#8217;Arc-en-ciel, Toulouse Danielle Cabanis Jean-Paul Charpiot Viviane Bedou Houbaine Mr. Touna Foyer Saint Sim\u00f3n Jean-Paul Nunzi, Mayor of Mossaic Association Franco-Polonaise de Tarn-et-Garonne &#8211; http:\/\/polonia82.blogspot.com Bernard Redon Mme. &hellip; <a href=\"https:\/\/blogs.dickinson.edu\/mediterranean-migration\/media-resources\/\">Continue reading <span class=\"meta-nav\">&rarr;<\/span><\/a><\/p>\n","protected":false},"author":1181,"featured_media":0,"parent":0,"menu_order":5,"comment_status":"open","ping_status":"closed","template":"","meta":{"footnotes":""},"class_list":["post-722","page","type-page","status-publish","hentry"],"_links":{"self":[{"href":"https:\/\/blogs.dickinson.edu\/mediterranean-migration\/wp-json\/wp\/v2\/pages\/722","targetHints":{"allow":["GET"]}}],"collection":[{"href":"https:\/\/blogs.dickinson.edu\/mediterranean-migration\/wp-json\/wp\/v2\/pages"}],"about":[{"href":"https:\/\/blogs.dickinson.edu\/mediterranean-migration\/wp-json\/wp\/v2\/types\/page"}],"author":[{"embeddable":true,"href":"https:\/\/blogs.dickinson.edu\/mediterranean-migration\/wp-json\/wp\/v2\/users\/1181"}],"replies":[{"embeddable":true,"href":"https:\/\/blogs.dickinson.edu\/mediterranean-migration\/wp-json\/wp\/v2\/comments?post=722"}],"version-history":[{"count":0,"href":"https:\/\/blogs.dickinson.edu\/mediterranean-migration\/wp-json\/wp\/v2\/pages\/722\/revisions"}],"wp:attachment":[{"href":"https:\/\/blogs.dickinson.edu\/mediterranean-migration\/wp-json\/wp\/v2\/media?parent=722"}],"curies":[{"name":"wp","href":"https:\/\/api.w.org\/{rel}","templated":true}]}}