{"id":12,"date":"2025-10-24T19:04:40","date_gmt":"2025-10-24T19:04:40","guid":{"rendered":"https:\/\/blogs.dickinson.edu\/rebeizm\/?page_id=12"},"modified":"2026-04-17T17:12:46","modified_gmt":"2026-04-17T17:12:46","slug":"appearances","status":"publish","type":"page","link":"https:\/\/blogs.dickinson.edu\/rebeizm\/appearances\/","title":{"rendered":"Media Appearance\/Mention"},"content":{"rendered":"<p>(Selected Interviews)<\/p>\n<ul>\n<li>Regular commentator on BBC News (Arabic) with Point of Discussion (Nuqtat Hewar):\u00a0 July 2024 \u2013 to present.<\/li>\n<li>Natasha Lennard, <a href=\"https:\/\/theintercept.com\/2026\/04\/16\/lebanon-ceasefire-israel-gaza\/\">&#8220;Israel will keep occupying Lebanon despite ceasfire,&#8221;<\/a>\u00a0<em>The Intercept<\/em>, April 2026.<\/li>\n<li>Newzroom Afrika, <a href=\"https:\/\/www.youtube.com\/watch?v=3iFLk7l418c\">&#8220;Gulf states take a &#8216;survival first&#8217; approach,&#8221;<\/a> April 2026.<\/li>\n<li>El Mercurio, \u201c<a href=\"\/Users\/mgreb\/Downloads\/13%2003%2026%20Libano.pdf\">Ataques entre Israel y Hezbol\u00e1 escalan conflicto en L\u00edbano, que se afianza como frente de guerra,\u201d<\/a> March 2026.<\/li>\n<li>Newzroom Afrika, <a href=\"https:\/\/www.youtube.com\/watch?v=0ZYbMup0r3A\">&#8220;Middle East conflict: Trump threatenes to intensify attacks,&#8221;<\/a> March 2026.<\/li>\n<li>Newzroom Afrika, <a href=\"https:\/\/www.youtube.com\/watch?v=O0__O1VbJKg\">&#8220;Middle East conflict intensifies,&#8221;<\/a> March 2026.<\/li>\n<li>MSN Portugal,<a href=\"https:\/\/www.msn.com\/pt-pt\/noticias\/ultimas\/comandante-da-guarda-revolucion%C3%A1ria-isl%C3%A2mica-e-conselheiro-do-l%C3%ADder-supremo-do-ir%C3%A3o-pode-ter-morrido\/ar-AA1XgnpT\"> &#8220;Comandante de Guarda Revolucion\u00e0ria Isl\u00e2mica e conselheiro do L\u00edder Supremo do Ir\u00e3o pode ter morrido,<\/a>&#8221; February 2026.<\/li>\n<li>Newzroom Afrika, <a href=\"https:\/\/www.youtube.com\/watch?v=63onOe7u0EE\">&#8220;Impact of Israel &#8211; Iran conflict on Africa,&#8221;<\/a> February 2026.<\/li>\n<li>France 24 Arabic, <a href=\"https:\/\/www.youtube.com\/watch?v=GlR9-7UqBCM\">&#8220;The Epstein Files,&#8221;<\/a> February 2026.<\/li>\n<li>France 24 Arabic, <a href=\"https:\/\/www.youtube.com\/watch?v=u9JMPg7Jh-k&amp;list=PLpxqjBds6YaPYa-wyyzq9wSerrOVjmv91&amp;index=7\">&#8220;Women, Victims of Trump&#8217;s Toxic Masculinity,&#8221;<\/a> January 2026.<\/li>\n<li>ABC Australia, The World Today, <a href=\"https:\/\/www.abc.net.au\/listen\/programs\/worldtoday\/10-dead-in-israeli-strike-on-gaza\/105529042?fbclid=IwY2xjawLrMJhleHRuA2FlbQIxMQABHmI0xF1Nm07Ugo3fft9OseoSwKOCJLbt6K3F94yBzJhPF84uvcCBPRlgaQfx_aem_k45hvz3FAUfdrQX5A_GlKw\">\u201c10 dead in Israeli strike on Gaza,\u201d<\/a> July 2025.<\/li>\n<li>ABC Australia, <a href=\"https:\/\/www.abc.net.au\/news\/2025-07-02\/iran-us-relationship-history\/105457754?fbclid=IwY2xjawLSUhNleHRuA2FlbQIxMQBicmlkETFNcWhWRGZFZ2MxTm1SRWtWAR5PJ5_gjHVd-vGcDicc_mY5GrIkXYBcAgcbb4Wme-qzTqxT5iWEFo8by3fGGQ_aem_NujI-jFMx90gnfe5ZtVCww\">\u201cHow 13 US presidents have managed the Iran relationship,\u201d<\/a> July 2025.<\/li>\n<li>Expresso, (interview on NY mayoral candidate Zohran Momdani\/in Portuguese), <a href=\"https:\/\/expresso.pt\/internacional\/eua\/2025-06-25-um-burrito-um-video-em-urdu-e-a-vitoria-contra-o-sistema-o-novo-rosto-da-esquerda-em-nova-iorque-e-como-uma-bebida-refrescante-no-calor-baf654b7\">\u201cUm burrito, um v\u00eddeo em urdu e a vit\u00f3ria contra o sistema: o novo rosto da esquerda em Nova Iorque \u201c\u00e9 como uma bebida refrescante no calor\u201d,<\/a> June 2025.<\/li>\n<li>Newzroom Afrika,<a href=\"https:\/\/www.youtube.com\/watch?v=1QUOcJndCcQ\"> \u201cIsrael, Iran declare truce,\u201d<\/a> June 2025.<\/li>\n<li>France 24 Arabic, <a href=\"https:\/\/www.youtube.com\/watch?v=F5-GXToG-Jk\">\u201cTrump\u2019s war on women,\u201d<\/a> March 2025.<\/li>\n<li>Newzroom Afrika, <a href=\"https:\/\/www.youtube.com\/watch?v=JEPaDUWHurk\">\u201cGaza ceasefire negotiations: Israeli delegation expected in Qatar,\u201d<\/a> March 2025.<\/li>\n<li>Voice of America, <a href=\"https:\/\/ir.voanews.com\/a\/7969463.html?fbclid=IwY2xjawIfHUlleHRuA2FlbQIxMQABHXtvwzg8CQtszoVmoL3wIuAxledDV2APKMTDCytsswSlVVmKnK2iWd_-ww_aem_R1kMVvWp7WFIMq-eQlW8Uw\">\u201cInterview with Mireille Rebeiz on the Future of Lebanon and the Influence of the Islamic Republic of Iran,\u201d<\/a> February 2025.<\/li>\n<li>South Africa Broadcasting Corporation, <a href=\"https:\/\/www.youtube.com\/watch?v=8pgO5LMfyu8\">\u201cIsrael-Hamas Ceasefire I The three-phase deal is set to begin on Sunday,\u201d<\/a> January 2025 .<\/li>\n<li>Newzroom Afrika,<a href=\"https:\/\/www.youtube.com\/watch?v=8rv1sEgreYY\"> \u201cRebeiz on ICC arrest warrant for Netanyahu,\u201d<\/a> November 2024.<\/li>\n<li>Mikhaila Frield, \u201cIsrael is trying to dismantle Hezbollah\u2019s leadership, but there\u2019s a big problem,\u201d <em>Business Insider,<\/em> October 2024.<\/li>\n<li>Jason Om, <a href=\"https:\/\/www.youtube.com\/watch?v=Yeb0d-Vr9l0\">\u201cIsrael continues to bombard Lebanon after Hassan Nasrallah\u2019s assassination,\u201d<\/a> <em>ABC News \u2013 Australia,<\/em> October 2024.<\/li>\n<li>South Africa Broadcasting Corporation, <a href=\"https:\/\/www.youtube.com\/watch?v=zaRYrYhzB7E\">\u201cMiddle East Conflict. Israeli forces enter southern Lebanon,\u201d<\/a> October 2024.<\/li>\n<li>Newzroom Afrika, <a href=\"https:\/\/www.youtube.com\/watch?app=desktop&amp;v=dAt9mZtNvZ4\">\u201cNetanyahu using conflict to prolong stay in office,\u201d<\/a> October 2024.<\/li>\n<li>ABC News \u2013 Australia, <a href=\"https:\/\/www.facebook.com\/watch\/?v=728861262770746\">\u201cFraught evacuation routes remain open for Lebanese fleeing war,\u201d<\/a> October 2024.<\/li>\n<li>C.J. Polychroniou, <a href=\"https:\/\/www.commondreams.org\/opinion\/iran-lebanon-israel-war\">\u201cIsrael Has Successfully Provoked Iran to Enter War,\u201d<\/a> <em>Commons Dreams,<\/em> October 2024.<\/li>\n<li>South Africa Broadcasting Corporation, <a href=\"https:\/\/www.youtube.com\/watch?v=dUsyfgkWmgo\">\u201cIsrael-Lebanon Conflict. Fears of an all-out war keep mounting,\u201d<\/a> September 2024.<\/li>\n<li>Berra Ince, <a href=\"https:\/\/www.trtworld.com\/magazine\/israels-history-of-invading-lebanon-a-bloody-saga-of-death-destruction-18212696\">\u201cIsrael\u2019s history of invading Lebanon a bloody saga of death, destruction,\u201d<\/a> <em>TRT World,<\/em> September 2024.<\/li>\n<li>ABC News \u2013 Australia, <a href=\"https:\/\/www.abc.net.au\/news\/2024-09-30\/regional-tensions-escalate-after-israel-attacks-in\/104412408\">\u201cRegional tensions in Middle East escalate after Israel attacks in Lebanon,\u201d<\/a> September 2024.<\/li>\n<li>Zaid Jilani, <a href=\"https:\/\/newlinesmag.com\/reportage\/once-popular-with-arabs-and-muslims-josh-shapiro-has-alienated-supporters-with-his-views-on-israel-palestine\/\">\u201cOnce Popular with Arabs and Muslims, Josh Shapiro Has Alienated Supporters with His Views on Israel-Palestine,\u201d<\/a> <em>New Lines Magazine<\/em>, August 2024.<\/li>\n<li>Zaid Jilani, <a href=\"https:\/\/www.theamericansaga.com\/p\/josh-shapiro-once-won-the-admiration\">\u201cJosh Shapiro Won the Admiration of This Arab American Community Leader. Then His Response to the War in Gaza Disappointed Her,\u201d<\/a> <em>The American Saga<\/em>, July 2024.<\/li>\n<li>Steve Walsh, <a href=\"https:\/\/www.npr.org\/2023\/10\/20\/1207367327\/marine-barracks-bombing-4-decades-ago-still-echoes-in-the-middle-east?fbclid=IwAR27IpBP3CT_-JSgGtY8smoCtwVxDDga48Fn0BqxCiKDeTImKZbrRkSqo2s\">\u201cMarine Barracks Bombing 4 Decades Ago Still Echoes in the Middle East,\u201d<\/a> <em>NPR,<\/em> October 2023.<\/li>\n<li>Lt. Col. Katie Crombe, <a href=\"https:\/\/www.mei.edu\/blog\/arab-women-break-boundaries-and-stereotypes-middle-eastern-militaries\">&#8220;Arab Women in the Military,&#8221;<\/a> <em>Middle East Institute,<\/em> March 2023.<\/li>\n<li>Point Foundation, <a href=\"https:\/\/pointfoundation.org\/community\/blog\/arab-american-heritage-2023\">&#8220;the Recognition of April as the Arab American Heritage Month,&#8221;<\/a> March 2023.<\/li>\n<li>Dr. Joyce Davis, Outreach and Opinion Editor \u2013 PennLive, <a href=\"https:\/\/mailchi.mp\/wacharrisburg.org\/rioting-in-lebanon-special-facebook-live-today-at-3-pm?fbclid=IwAR1S1s9UrkklFdBSLmulTib6ydutQ5ZeVyj3AS4msL7W9Bfdeajb0x3jNks\">\u201cRiots in Lebanon\u201d,<\/a> World Affairs Council of Harrisburg, August 2020.<\/li>\n<\/ul>\n<p>&nbsp;<\/p>\n<h3><strong>PODCASTS\u00a0<\/strong><\/h3>\n<ul>\n<li>Dr. Antonietta Elia, <a href=\"https:\/\/www.youtube.com\/watch?v=3yf6RjkHybQ\">\u201cHuman Rights Violations in Iran,\u201d<\/a> <em>Tuesdays Against Execution Podcast,<\/em> October 2025.<\/li>\n<li>Dr. Wajih Guehria, <a href=\"https:\/\/www.youtube.com\/watch?v=NJkW8kgJ9Gg\">\u201cLiban &amp; Hizbollah\u00a0: Le secret d\u2019une crise g\u00e9opolitique explosive d\u00e9voil\u00e9,\u201d<\/a> <em>Universit\u00e9 de Versailles St Quentin en Yvelines au Laboratoire Lacnad INALCO,<\/em> November 2024.<\/li>\n<li>Gemma Ware, <a href=\"https:\/\/theconversation.com\/what-israel-and-its-neighbours-want-now-as-all-out-war-looms-in-the-middle-east-podcast-240952\">\u201cWhat Israel and its neighbors want now as all-out war looms in the Middle East,\u201d<\/a> <em>The Conversation Weekly Podcast<\/em>, October 2024.<\/li>\n<li>Dr. Wajih Guehria, <a href=\"https:\/\/www.youtube.com\/watch?v=QoJCiBLEgno\">\u201cFrancophonie in Lebanon,\u201d<\/a> <em>Universit\u00e9 de Versailles St Quentin en Yvelines au Laboratoire Lacnad INALCO,<\/em> March 2023.<\/li>\n<\/ul>\n","protected":false},"excerpt":{"rendered":"<p>(Selected Interviews) Regular commentator on BBC News (Arabic) with Point of Discussion (Nuqtat Hewar):\u00a0 July 2024 \u2013 to present. Natasha Lennard, &#8220;Israel will keep occupying Lebanon despite ceasfire,&#8221;\u00a0The Intercept, April 2026. Newzroom Afrika, &#8220;Gulf states take a &#8216;survival first&#8217; approach,&#8221; April 2026. El Mercurio, \u201cAtaques entre Israel y Hezbol\u00e1 escalan conflicto en L\u00edbano, que se [&hellip;]<\/p>\n","protected":false},"author":126,"featured_media":0,"parent":0,"menu_order":0,"comment_status":"closed","ping_status":"closed","template":"","meta":{"footnotes":""},"class_list":["post-12","page","type-page","status-publish","hentry","post-preview"],"_links":{"self":[{"href":"https:\/\/blogs.dickinson.edu\/rebeizm\/wp-json\/wp\/v2\/pages\/12","targetHints":{"allow":["GET"]}}],"collection":[{"href":"https:\/\/blogs.dickinson.edu\/rebeizm\/wp-json\/wp\/v2\/pages"}],"about":[{"href":"https:\/\/blogs.dickinson.edu\/rebeizm\/wp-json\/wp\/v2\/types\/page"}],"author":[{"embeddable":true,"href":"https:\/\/blogs.dickinson.edu\/rebeizm\/wp-json\/wp\/v2\/users\/126"}],"replies":[{"embeddable":true,"href":"https:\/\/blogs.dickinson.edu\/rebeizm\/wp-json\/wp\/v2\/comments?post=12"}],"version-history":[{"count":5,"href":"https:\/\/blogs.dickinson.edu\/rebeizm\/wp-json\/wp\/v2\/pages\/12\/revisions"}],"predecessor-version":[{"id":167,"href":"https:\/\/blogs.dickinson.edu\/rebeizm\/wp-json\/wp\/v2\/pages\/12\/revisions\/167"}],"wp:attachment":[{"href":"https:\/\/blogs.dickinson.edu\/rebeizm\/wp-json\/wp\/v2\/media?parent=12"}],"curies":[{"name":"wp","href":"https:\/\/api.w.org\/{rel}","templated":true}]}}