{"id":8,"date":"2025-10-24T19:04:18","date_gmt":"2025-10-24T19:04:18","guid":{"rendered":"https:\/\/blogs.dickinson.edu\/rebeizm\/?page_id=8"},"modified":"2026-04-09T19:51:50","modified_gmt":"2026-04-09T19:51:50","slug":"research","status":"publish","type":"page","link":"https:\/\/blogs.dickinson.edu\/rebeizm\/research\/","title":{"rendered":"Peer Reviewed Publications"},"content":{"rendered":"<p><strong>Monographs<\/strong><\/p>\n<p><em>Remembering the Beirut Veterans<\/em>. Work in Progress, 2027.<\/p>\n<p><em>The Anthem Handbook of War, Violence, and Memory.\u00a0<\/em>Co-Edited with Catriona Pennell. Anthem Press, 2027.<\/p>\n<p><a href=\"https:\/\/edinburghuniversitypress.com\/book-hezbollah-in-international-law.html\"><em>Hezbollah in International Law.<\/em> <\/a>Edinburgh University Press, 2026.<\/p>\n<p><a href=\"https:\/\/edinburghuniversitypress.com\/book-gendering-civil-war.html\"><em>Gendering Civil War: Francophone Women\u2019s Writing in Lebanon<\/em>.<\/a> Edinburgh University Press, 2022. \u00a0Nominated for the John Leonard Prize \u2013 the National Book Critics Circle Awards.<\/p>\n<p><strong>Book Chapters<\/strong><\/p>\n<p>\u201cInterview with War Photojournalist George Azar.\u201d <em>The Companion to Arab American Literature<\/em>, edited by Pauline Kaldas, Lisa Suhair Majaj, Carol W. N. Fadda, Routledge. Forthcoming, 2026.<\/p>\n<p>\u201cFeedback or Expressions of Bias\u201d in <em>Book Five &#8211; Antiracist Teaching &amp; Learning<\/em>. The Antiracist Development Institute. University of California Press. Forthcoming, 2026.<\/p>\n<p>\u201cDo I look White to You?\u201d <em>Introduction to Women\u2019s, Gender, and Sexuality Studies. Interdisciplinary and Intersectional Approaches, <\/em>edited by L.Ayu Saraswati, Barbara L. Shaw, Heather Rellihan, Oxford University Press (2026): 379-383.<\/p>\n<p><strong>Articles in Law <\/strong><\/p>\n<p>\u201cWhat We Legally Choose to Remember: Hezbollah &amp; Memory Laws in Lebanon,\u201d Work in Progress, 2026.<\/p>\n<p><a href=\"https:\/\/djilp.org\/tag\/issue-531\/\">\u201cAmnesty Law and The State\u2019s Obligation to Prosecute Serious Crimes: The Case of Lebanon,\u201d<\/a> <em>Denver Journal of International Law and Policy<\/em>, vol. 53, no.1, 2025, pp. 75-107.<\/p>\n<p><a href=\"https:\/\/insight.dickinsonlaw.psu.edu\/dlr\/vol128\/iss1\/5\/\">\u201cThe Israel \u2013 Lebanon Maritime Border Agreement and the Issue of Statehood: Does Lebanon Recognize the State of Israel?\u201d<\/a> <em>Dickinson Law Review<\/em>, vol. 128, no.1, 2023, pp. 197-231.<\/p>\n<p><strong>Articles in Literature <\/strong><\/p>\n<p>\u201cThe Funny Girl in <em>Le Piano Oriental.<\/em>\u201d <em>Women in French Studies \u201cTu es dr\u00f4le pour une fille: Funny Women in French from The Salon to Youtube,\u201d<\/em> vol 10, 2024 Special Issue, pp. 181-191. <em>\u00a0<\/em><\/p>\n<p>\u201cLa Multiplicit\u00e9 des Voix Narratives ou le Jeu Narratif dans <em>Sitt Marie Rose<\/em>.\u201d <em>Trasparenze<\/em>, vol. 3, 2018, pp. 39-52.<\/p>\n<p>\u201cZahra, A Shattered Body and Voice from Lebanon.\u201d <em>Pivot, a Journal of Interdisciplinary Studies &amp; Thought<\/em>, vol. 6, no. 1, 2017, pp. 120-140.<\/p>\n<p>\u201cShame, Guilt and Silence in Wahiba Khiari\u2019s <em>Nos Silences. <\/em>\u201c<em>The Journal of Literature and Trauma Studies<\/em>, vol. 5, no. 1, 2016, pp. 21-39.<\/p>\n<p>\u201cBerkane ou le D\u00e9racinement dans l\u2019Hybridit\u00e9 Identitaire.\u201d<em> New Readings<\/em>, vol. 14, 2014, pp. 31-41.<\/p>\n<p>\u201c\u00a0<em>Kiffe Kiffe Demain<\/em>\u00a0: Humour et Culture Am\u00e9ricaine, les Rem\u00e8des d\u2019une Jeune Fille Issue de l\u2019Immigration Maghr\u00e9bine en France.\u201d Les Femmes de l\u2019Immigration, XIXe \u2013 XXe si\u00e8cles, special issue of <em>Revue Migrance<\/em>, no. 42, 2014, \u00a0pp. 237-246. <em>\u00a0<\/em><\/p>\n<p>\u201c<em>Le Ch\u00e2timent des Hypocrites<\/em> de Le\u00efla Marouane\u00a0: Une Sexualit\u00e9 Mal V\u00e9cue.\u201d <em>The South Carolina Modern Language Review<\/em>, vol. 11, no. 1, 2012.<\/p>\n<p>\u201cL\u2019Effacement du Je F\u00e9minin dans \u201cLa femme en morceaux\u201d et <em>Le Ch\u00e2timent des Hypocrites.\u201d<\/em> <em>Expressions Maghr\u00e9bines<\/em>, vol. 11, no. 1, 2012, pp. 229-241.<\/p>\n<p><strong>Book Reviews <\/strong><\/p>\n<p><em>Contested Belonging: Druze Identity, Zionism, and the Struggle Over Historical Narrative, <\/em>by Firro, Kais<em>. <\/em>Journal of Druze Studies, vol. 2, 2025, pp. 9-11.<\/p>\n<p><em>Algerian Imprints. Ethical Space in the Work of Assia Djebar and H\u00e9l\u00e8ne Cixous<\/em>, by Brigitte Weltman \u2013 Aron. <em>Irish Journal of French Studies<\/em>, vol. 18, 2018, pp. 221-223.<\/p>\n<p><em>Muslim Women in French Cinema. Voices of Maghrebi Migrants in France<\/em> by Leslie Kealhofer-Kemp. <em>Irish Journal of French Studies, <\/em>vol. 17, 2017, pp. 195-196.<\/p>\n<p><em>Rebelles et Criminelles Chez Les \u00c9crivaines d\u2019Expression Fran\u00e7aise<\/em> by Fr\u00e9d\u00e9rique Chevillot &amp; Colette Trout (Dir). <em>Irish Journal of French Studies,<\/em> vol. 16, 2016, pp. 239-241.<\/p>\n<p><em>The Female Suffering Body: Illness and Disability in Modern Arabic Literature (Gender, Culture, and Politics in the Middle East)<\/em>, by Abir Hamdar. <em>The British Journal of Middle Eastern Studies<\/em>, vol. 43, no. 4, 2016, pp. 684-686.<\/p>\n<p><em>Aventures et Exp\u00e9riences Litt\u00e9raires. Ecritures des Femmes en France au D\u00e9but du Vingt-et-Uni\u00e8me Si\u00e8cle<\/em>, by Amaleena Daml\u00e9 &amp; Gill Rye (Dir). <em>Irish Journal of French Studies<\/em>, vol. 15, 2015, pp. 133-134.<\/p>\n<p><em>T\u00e9moignages Fictionnels au F\u00e9minin\u00a0: Une R\u00e9\u00e9criture des Blancs de la Guerre Civile Alg\u00e9rienne, <\/em>by N\u00e9vine El Nossery. <em>Irish Journal of French Studies<\/em>, vol. 13, 2013, pp. 178-179.<\/p>\n","protected":false},"excerpt":{"rendered":"<p>Monographs Remembering the Beirut Veterans. Work in Progress, 2027. The Anthem Handbook of War, Violence, and Memory.\u00a0Co-Edited with Catriona Pennell. Anthem Press, 2027. Hezbollah in International Law. Edinburgh University Press, 2026. Gendering Civil War: Francophone Women\u2019s Writing in Lebanon. Edinburgh University Press, 2022. \u00a0Nominated for the John Leonard Prize \u2013 the National Book Critics Circle [&hellip;]<\/p>\n","protected":false},"author":126,"featured_media":0,"parent":0,"menu_order":0,"comment_status":"closed","ping_status":"closed","template":"","meta":{"footnotes":""},"class_list":["post-8","page","type-page","status-publish","hentry","post-preview"],"_links":{"self":[{"href":"https:\/\/blogs.dickinson.edu\/rebeizm\/wp-json\/wp\/v2\/pages\/8","targetHints":{"allow":["GET"]}}],"collection":[{"href":"https:\/\/blogs.dickinson.edu\/rebeizm\/wp-json\/wp\/v2\/pages"}],"about":[{"href":"https:\/\/blogs.dickinson.edu\/rebeizm\/wp-json\/wp\/v2\/types\/page"}],"author":[{"embeddable":true,"href":"https:\/\/blogs.dickinson.edu\/rebeizm\/wp-json\/wp\/v2\/users\/126"}],"replies":[{"embeddable":true,"href":"https:\/\/blogs.dickinson.edu\/rebeizm\/wp-json\/wp\/v2\/comments?post=8"}],"version-history":[{"count":5,"href":"https:\/\/blogs.dickinson.edu\/rebeizm\/wp-json\/wp\/v2\/pages\/8\/revisions"}],"predecessor-version":[{"id":164,"href":"https:\/\/blogs.dickinson.edu\/rebeizm\/wp-json\/wp\/v2\/pages\/8\/revisions\/164"}],"wp:attachment":[{"href":"https:\/\/blogs.dickinson.edu\/rebeizm\/wp-json\/wp\/v2\/media?parent=8"}],"curies":[{"name":"wp","href":"https:\/\/api.w.org\/{rel}","templated":true}]}}