{"id":13,"date":"2015-01-13T16:40:15","date_gmt":"2015-01-13T16:40:15","guid":{"rendered":"http:\/\/blogs.dickinson.edu\/spanbusiness-spr15\/?page_id=13"},"modified":"2015-01-19T14:05:39","modified_gmt":"2015-01-19T14:05:39","slug":"exito","status":"publish","type":"page","link":"https:\/\/blogs.dickinson.edu\/spanbusiness-spr15\/exito\/","title":{"rendered":"\u00a1Exito!"},"content":{"rendered":"<div id=\"post-1\" class=\"post\">\n<h2><a title=\"Permanent Link to \u00a1\u00c9xito!\" href=\"http:\/\/blogs.dickinson.edu\/spanbusiness-spr15\/2015\/01\/09\/exito-mundial\/\" rel=\"bookmark\">\u00a1\u00c9xito!<\/a><\/h2>\n<p><small>January 9, 2015<\/small><\/p>\n<div class=\"entry\">\n<p>Bienvenidos al <a href=\"http:\/\/blogs.dickinson.edu\/\">Dickinson Blog<\/a> para la clase de espa\u00f1ol, SPAN238.<\/p>\n<p><a href=\"http:\/\/blogs.dickinson.edu\/spanbusiness-spr15\/files\/2015\/01\/negocios-21.jpg\"><img loading=\"lazy\" decoding=\"async\" class=\"alignnone wp-image-18\" src=\"http:\/\/blogs.dickinson.edu\/spanbusiness-spr15\/files\/2015\/01\/negocios-21-300x210.jpg\" alt=\"\u00a1Exito Comercial!\" width=\"217\" height=\"152\" srcset=\"https:\/\/blogs.dickinson.edu\/spanbusiness-spr15\/files\/2015\/01\/negocios-21-300x210.jpg 300w, https:\/\/blogs.dickinson.edu\/spanbusiness-spr15\/files\/2015\/01\/negocios-21-1024x718.jpg 1024w\" sizes=\"auto, (max-width: 217px) 100vw, 217px\" \/><\/a><\/p>\n<p>Este blog est\u00e1 dedicado a los estudiantes de la clase de espa\u00f1ol para negocios y ser\u00e1 un lugar donde escribir\u00e1n observaciones, reflexiones y cr\u00edtica sobre noticias de inter\u00e9s relacionadas con el mundo de los negocios en el contexto hispano. Un lugar de encuentro para mantener un di\u00e1logo con los blogs de sus compa\u00f1eros.<\/p>\n<\/div>\n<p class=\"postmetadata\"><img decoding=\"async\" src=\"http:\/\/blogs.dickinson.edu\/spanbusiness-spr15\/wp-content\/themes\/contempt\/images\/blog\/speech_bubble.gif\" alt=\"\" \/> <a title=\"Comment on \u00a1\u00c9xito!\" href=\"http:\/\/blogs.dickinson.edu\/spanbusiness-spr15\/2015\/01\/09\/exito-mundial\/#respond\">No Comments \u00bb<\/a> | <img decoding=\"async\" src=\"http:\/\/blogs.dickinson.edu\/spanbusiness-spr15\/wp-content\/themes\/contempt\/images\/blog\/documents.gif\" alt=\"\" \/> <a href=\"http:\/\/blogs.dickinson.edu\/spanbusiness-spr15\/category\/uncategorized\/\" rel=\"category tag\">Uncategorized<\/a> | <img decoding=\"async\" src=\"http:\/\/blogs.dickinson.edu\/spanbusiness-spr15\/wp-content\/themes\/contempt\/images\/blog\/permalink.gif\" alt=\"\" \/> <a title=\"Permanent Link to \u00a1\u00c9xito!\" href=\"http:\/\/blogs.dickinson.edu\/spanbusiness-spr15\/2015\/01\/09\/exito-mundial\/\" rel=\"bookmark\">Permalink<\/a><br \/>\n<img decoding=\"async\" src=\"http:\/\/blogs.dickinson.edu\/spanbusiness-spr15\/wp-content\/themes\/contempt\/images\/blog\/figure_ver1.gif\" alt=\"\" \/> Posted by arnedoa<\/p>\n<\/div>\n","protected":false},"excerpt":{"rendered":"<p>\u00a1\u00c9xito! January 9, 2015 Bienvenidos al Dickinson Blog para la clase de espa\u00f1ol, SPAN238. Este blog est\u00e1 dedicado a los estudiantes de la clase de espa\u00f1ol para negocios y ser\u00e1 un lugar donde escribir\u00e1n observaciones, reflexiones y cr\u00edtica sobre noticias de inter\u00e9s relacionadas con el mundo de los negocios en el contexto hispano. Un lugar [&hellip;]<\/p>\n","protected":false},"author":1345,"featured_media":0,"parent":0,"menu_order":0,"comment_status":"open","ping_status":"closed","template":"","meta":{"footnotes":""},"class_list":["post-13","page","type-page","status-publish","hentry"],"_links":{"self":[{"href":"https:\/\/blogs.dickinson.edu\/spanbusiness-spr15\/wp-json\/wp\/v2\/pages\/13","targetHints":{"allow":["GET"]}}],"collection":[{"href":"https:\/\/blogs.dickinson.edu\/spanbusiness-spr15\/wp-json\/wp\/v2\/pages"}],"about":[{"href":"https:\/\/blogs.dickinson.edu\/spanbusiness-spr15\/wp-json\/wp\/v2\/types\/page"}],"author":[{"embeddable":true,"href":"https:\/\/blogs.dickinson.edu\/spanbusiness-spr15\/wp-json\/wp\/v2\/users\/1345"}],"replies":[{"embeddable":true,"href":"https:\/\/blogs.dickinson.edu\/spanbusiness-spr15\/wp-json\/wp\/v2\/comments?post=13"}],"version-history":[{"count":0,"href":"https:\/\/blogs.dickinson.edu\/spanbusiness-spr15\/wp-json\/wp\/v2\/pages\/13\/revisions"}],"wp:attachment":[{"href":"https:\/\/blogs.dickinson.edu\/spanbusiness-spr15\/wp-json\/wp\/v2\/media?parent=13"}],"curies":[{"name":"wp","href":"https:\/\/api.w.org\/{rel}","templated":true}]}}