{"id":24,"date":"2019-01-18T19:47:39","date_gmt":"2019-01-18T19:47:39","guid":{"rendered":"http:\/\/blogs.dickinson.edu\/spanbusiness2019\/?page_id=24"},"modified":"2019-01-18T20:02:05","modified_gmt":"2019-01-18T20:02:05","slug":"ejemplos","status":"publish","type":"page","link":"https:\/\/blogs.dickinson.edu\/spanbusiness2019\/ejemplos\/","title":{"rendered":"Ejemplos"},"content":{"rendered":"<p><a href=\"http:\/\/blogs.dickinson.edu\/spanbusiness-spr15\/files\/2015\/01\/us-cuba-cc-reader.jpg\"><img loading=\"lazy\" decoding=\"async\" class=\" size-medium wp-image-445 aligncenter\" src=\"http:\/\/blogs.dickinson.edu\/spanbusiness-spr15\/files\/2015\/01\/us-cuba-cc-reader-244x300.jpg\" alt=\"us-cuba-cc-reader\" width=\"244\" height=\"300\" \/><\/a><\/p>\n<p>En el art\u00edculo de <a href=\"http:\/\/dinero.univision.com\/economia-y-negocios\/noticias-economicas\/article\/2015-01-23\/mastercard-levanta-bloqueo-a-operaciones-en-cuba-con-tarjetas-emitidas-en-eeuu?ftloc=channel1460:wcmWidgetUimHulkCollection\">Univisi\u00f3n: Dinero \u201cMastercard levanta bloqueo a operaciones en Cuba con tarjetas emitidas en EEUU<\/a>,\u201d discute los efectos econ\u00f3micos de los avances recientes entre los Estados Unidos de Am\u00e9rica y Cuba. El Departamento del Tesoro estadounidense ha dicho que normalizar\u00e1n sus relaciones bilaterales entre los EUA y Cuba. Hace cincuenta a\u00f1os que los EUA y Cuba no tienen relaciones buenas. Por lo contrario, tuvieron cincuenta a\u00f1os de <strong>distanciamiento. <\/strong>Las reglas nuevas permiten que las <strong>tarjetas emitidas <\/strong>en los EUA de Mastercard puedan ser usadas en Cuba por las personas estadounidenses que visitan familiares en Cuba o visitan con <strong>prop\u00f3sitos autorizados <\/strong>como los prop\u00f3sitos educacionales.<\/p>\n<p>As\u00ed que, el turismo general todav\u00eda est\u00e1 prohibido por el embargo debido al distanciamiento por tantos a\u00f1os. No obstante, hay mucha esperanza que estos avances econ\u00f3micos puedan mejorar la econom\u00eda de Cuba. Posiblemente, despu\u00e9s de Mastercard, m\u00e1s compa\u00f1\u00edas van a permitir sus negocios en Cuba. Si ocurre, creo que se ayudar\u00e1n ambos las compa\u00f1\u00edas y la gente de Cuba, porque podr\u00e1n participar m\u00e1s en la econom\u00eda global. Si el embargo si se deja de prohibir el turismo, creo que la econom\u00eda de Cuba mejorar\u00e1 mucho, porque a muchas personas les encanta viajar a lugares tropicales. Tambi\u00e9n, la gente de Cuba podr\u00e1 viajar m\u00e1s, y posiblemente viajar\u00e1n aqu\u00ed a los EUA para la universidad y para trabajar aqu\u00ed en esta econom\u00eda. As\u00ed que, creo que el avance de los dos pa\u00edses, y el comienzo de las relaciones econ\u00f3micas (y no distanciamiento), ser\u00e1n beneficios por la econom\u00eda de Cuba, y de los EUA.<\/p>\n<p>&nbsp;<\/p>\n<p>Vocabulario nuevo:<\/p>\n<p><strong>distanciamiento: estrangement<\/strong><\/p>\n<p><strong>tarjetas emitidas: cards issued<\/strong><\/p>\n<p><strong>prop\u00f3sitos autorizados: authorized purposes<\/strong><\/p>\n<p>&nbsp;<\/p>\n<p>Preguntas:<\/p>\n<p>\u00bfPiensa que m\u00e1s compa\u00f1\u00edas de los EUA van a permitir sus negocios en Cuba?<\/p>\n<p>En su opini\u00f3n, \u00bfcuales son las ventajas del fin del distanciamiento econ\u00f3mico entre los EUA y Cuba? \u00bfHay desventajas?<\/p>\n<p>\u00bfCree que las relaciones entre los EUA y Cuba continuar\u00e1n a mejorar? \u00bfQu\u00e9 necesitan hacer los cubanos en los pr\u00f3ximos a\u00f1os para mejorar las relaciones y posiblemente disolver todo el distanciamiento?<\/p>\n<p>&nbsp;<\/p>\n<p><a href=\"http:\/\/www.creditcards.com\/credit-card-news\/images\/us-cuba-cc-reader.jpg\">Cr\u00e9dito del foto<\/a><\/p>\n<p><img loading=\"lazy\" decoding=\"async\" class=\"alignnone wp-image-27 size-large\" src=\"http:\/\/blogs.dickinson.edu\/spanbusiness2019\/files\/2019\/01\/Screen-Shot-2019-01-18-at-2.57.27-PM-669x1024.png\" alt=\"comments\" width=\"669\" height=\"1024\" srcset=\"https:\/\/blogs.dickinson.edu\/spanbusiness2019\/files\/2019\/01\/Screen-Shot-2019-01-18-at-2.57.27-PM-669x1024.png 669w, https:\/\/blogs.dickinson.edu\/spanbusiness2019\/files\/2019\/01\/Screen-Shot-2019-01-18-at-2.57.27-PM-196x300.png 196w, https:\/\/blogs.dickinson.edu\/spanbusiness2019\/files\/2019\/01\/Screen-Shot-2019-01-18-at-2.57.27-PM-768x1175.png 768w, https:\/\/blogs.dickinson.edu\/spanbusiness2019\/files\/2019\/01\/Screen-Shot-2019-01-18-at-2.57.27-PM.png 974w\" sizes=\"auto, (max-width: 669px) 100vw, 669px\" \/><\/p>\n","protected":false},"excerpt":{"rendered":"<p>En el art\u00edculo de Univisi\u00f3n: Dinero \u201cMastercard levanta bloqueo a operaciones en Cuba con tarjetas emitidas en EEUU,\u201d discute los efectos econ\u00f3micos de los avances recientes entre los Estados Unidos de Am\u00e9rica y Cuba. El Departamento del Tesoro estadounidense ha &hellip; <a href=\"https:\/\/blogs.dickinson.edu\/spanbusiness2019\/ejemplos\/\">Continue reading <span class=\"meta-nav\">&rarr;<\/span><\/a><\/p>\n","protected":false},"author":1345,"featured_media":0,"parent":0,"menu_order":0,"comment_status":"closed","ping_status":"closed","template":"","meta":{"footnotes":""},"class_list":["post-24","page","type-page","status-publish","hentry"],"_links":{"self":[{"href":"https:\/\/blogs.dickinson.edu\/spanbusiness2019\/wp-json\/wp\/v2\/pages\/24","targetHints":{"allow":["GET"]}}],"collection":[{"href":"https:\/\/blogs.dickinson.edu\/spanbusiness2019\/wp-json\/wp\/v2\/pages"}],"about":[{"href":"https:\/\/blogs.dickinson.edu\/spanbusiness2019\/wp-json\/wp\/v2\/types\/page"}],"author":[{"embeddable":true,"href":"https:\/\/blogs.dickinson.edu\/spanbusiness2019\/wp-json\/wp\/v2\/users\/1345"}],"replies":[{"embeddable":true,"href":"https:\/\/blogs.dickinson.edu\/spanbusiness2019\/wp-json\/wp\/v2\/comments?post=24"}],"version-history":[{"count":0,"href":"https:\/\/blogs.dickinson.edu\/spanbusiness2019\/wp-json\/wp\/v2\/pages\/24\/revisions"}],"wp:attachment":[{"href":"https:\/\/blogs.dickinson.edu\/spanbusiness2019\/wp-json\/wp\/v2\/media?parent=24"}],"curies":[{"name":"wp","href":"https:\/\/api.w.org\/{rel}","templated":true}]}}