{"id":31,"date":"2019-01-18T20:09:27","date_gmt":"2019-01-18T20:09:27","guid":{"rendered":"http:\/\/blogs.dickinson.edu\/spanbusiness2019\/?page_id=31"},"modified":"2019-01-18T20:09:27","modified_gmt":"2019-01-18T20:09:27","slug":"ejemplo-2","status":"publish","type":"page","link":"https:\/\/blogs.dickinson.edu\/spanbusiness2019\/ejemplo-2\/","title":{"rendered":"ejemplo 2"},"content":{"rendered":"<h3><strong>La comunidad hispana de EE.UU. pronto ser\u00e1 la novena econom\u00eda del mundo<\/strong><\/h3>\n<p>&nbsp;<\/p>\n<p>Este art\u00edculo discute el hecho de que los hispanos tienen el mayor poder <strong>adquisitivo\u00a0<\/strong>que muchos otros grupos \u00e9tnicos en los estados unidos. Tambi\u00e9n, ellos pronto van a representar la novena econom\u00eda del mundo. Hay 52 millones personas de origen hispano que viven en los EE.UU, y esta poblaci\u00f3n representa 16.7% de la poblaci\u00f3n total del pa\u00eds. Varios expertos creen que el crecimiento demogr\u00e1fico enorme y el poder\u00a0<strong>adquisitivo\u00a0<\/strong>de la poblaci\u00f3n hispana dan un papel clave en el presente y el futuro de la comunidad hispana, nuestra naci\u00f3n, y en los negocios internacionales.<\/p>\n<p>El articulo me interesa particularmente porque se enfoca en una nueva idea de econom\u00eda para los EE.UU. Si el poder <strong>adquisitivo\u00a0<\/strong>de los hispanos est\u00e1 creciendo, las oportunidades para hispanos en el mundo de negocios estadounidense tambi\u00e9n est\u00e1 creciendo. Hay hechos concretos que muestran el movimiento de un econom\u00eda dominada por los blancos en los EE.UU. a una econom\u00eda m\u00e1s global y integrada.<\/p>\n<p>\u00bfEn tu opini\u00f3n, que papel tiene\u00a0que el\u00a0debate de\u00a0inmigrantes de M\u00e9xico en el discusi\u00f3n de esta &#8220;novena econom\u00eda?&#8221; \u00bfCrees que el debate va a continuar si los hispanos siguen tener m\u00e1s poder adquisitivo?<\/p>\n<p><img loading=\"lazy\" decoding=\"async\" class=\"alignnone\" src=\"http:\/\/www.bls.gov\/spotlight\/2012\/hispanic_heritage\/images\/state_labor_force.png\" alt=\"\" width=\"326\" height=\"252\" \/><\/p>\n<p>Vocabulario nuevo:<\/p>\n<p><strong>(poder)\u00a0adquisitivo:\u00a0\u00a0<\/strong>purchasing power<\/p>\n<p>Article:<\/p>\n<p><a href=\"http:\/\/actualidad.rt.com\/economia\/view\/44834-La-comunidad-hispana-de-EE.-UU.-pronto-sera-novena-econom%C3%ADa-del-mundo\">http:\/\/actualidad.rt.com\/economia\/view\/44834-La-comunidad-hispana-de-EE.-UU.-pronto-sera-novena-econom%C3%ADa-del-mundo<\/a><\/p>\n<p><img loading=\"lazy\" decoding=\"async\" class=\"alignnone size-large wp-image-32\" src=\"http:\/\/blogs.dickinson.edu\/spanbusiness2019\/files\/2019\/01\/Screen-Shot-2019-01-18-at-3.07.53-PM-631x1024.png\" alt=\"comments\" width=\"631\" height=\"1024\" srcset=\"https:\/\/blogs.dickinson.edu\/spanbusiness2019\/files\/2019\/01\/Screen-Shot-2019-01-18-at-3.07.53-PM-631x1024.png 631w, https:\/\/blogs.dickinson.edu\/spanbusiness2019\/files\/2019\/01\/Screen-Shot-2019-01-18-at-3.07.53-PM-185x300.png 185w, https:\/\/blogs.dickinson.edu\/spanbusiness2019\/files\/2019\/01\/Screen-Shot-2019-01-18-at-3.07.53-PM-768x1247.png 768w, https:\/\/blogs.dickinson.edu\/spanbusiness2019\/files\/2019\/01\/Screen-Shot-2019-01-18-at-3.07.53-PM.png 934w\" sizes=\"auto, (max-width: 631px) 100vw, 631px\" \/><\/p>\n","protected":false},"excerpt":{"rendered":"<p>La comunidad hispana de EE.UU. pronto ser\u00e1 la novena econom\u00eda del mundo &nbsp; Este art\u00edculo discute el hecho de que los hispanos tienen el mayor poder adquisitivo\u00a0que muchos otros grupos \u00e9tnicos en los estados unidos. Tambi\u00e9n, ellos pronto van a &hellip; <a href=\"https:\/\/blogs.dickinson.edu\/spanbusiness2019\/ejemplo-2\/\">Continue reading <span class=\"meta-nav\">&rarr;<\/span><\/a><\/p>\n","protected":false},"author":1345,"featured_media":0,"parent":0,"menu_order":0,"comment_status":"closed","ping_status":"closed","template":"","meta":{"footnotes":""},"class_list":["post-31","page","type-page","status-publish","hentry"],"_links":{"self":[{"href":"https:\/\/blogs.dickinson.edu\/spanbusiness2019\/wp-json\/wp\/v2\/pages\/31","targetHints":{"allow":["GET"]}}],"collection":[{"href":"https:\/\/blogs.dickinson.edu\/spanbusiness2019\/wp-json\/wp\/v2\/pages"}],"about":[{"href":"https:\/\/blogs.dickinson.edu\/spanbusiness2019\/wp-json\/wp\/v2\/types\/page"}],"author":[{"embeddable":true,"href":"https:\/\/blogs.dickinson.edu\/spanbusiness2019\/wp-json\/wp\/v2\/users\/1345"}],"replies":[{"embeddable":true,"href":"https:\/\/blogs.dickinson.edu\/spanbusiness2019\/wp-json\/wp\/v2\/comments?post=31"}],"version-history":[{"count":0,"href":"https:\/\/blogs.dickinson.edu\/spanbusiness2019\/wp-json\/wp\/v2\/pages\/31\/revisions"}],"wp:attachment":[{"href":"https:\/\/blogs.dickinson.edu\/spanbusiness2019\/wp-json\/wp\/v2\/media?parent=31"}],"curies":[{"name":"wp","href":"https:\/\/api.w.org\/{rel}","templated":true}]}}