{"id":14,"date":"2020-01-17T16:57:07","date_gmt":"2020-01-17T16:57:07","guid":{"rendered":"http:\/\/blogs.dickinson.edu\/spanbusiness2020\/?page_id=14"},"modified":"2020-01-17T17:21:55","modified_gmt":"2020-01-17T17:21:55","slug":"ejemplo-2","status":"publish","type":"page","link":"https:\/\/blogs.dickinson.edu\/spanbusiness2020\/ejemplo-2\/","title":{"rendered":"Ejemplo 2"},"content":{"rendered":"<h1><strong>1. Limitaci\u00f3n de patinetes en Madrid<\/strong><\/h1>\n<p><a href=\"https:\/\/www.li.me\/blog\/electric-scooters-in-madrid-lime-brings-e-mobility-spanish-capital\"><img loading=\"lazy\" decoding=\"async\" class=\"alignnone wp-image-192\" src=\"http:\/\/blogs.dickinson.edu\/spanbusiness2019\/files\/2019\/01\/electric-scooters-in-madrid-1-200x300.jpg\" alt=\"\" width=\"187\" height=\"281\" \/><\/a><\/p>\n<p><a href=\"https:\/\/www.li.me\/blog\/electric-scooters-in-madrid-lime-brings-e-mobility-spanish-capital\">https:\/\/elpais.com\/ccaa\/2019\/01\/29\/madrid\/1548785678_847523.html<\/a><\/p>\n<p>Me interesa el art\u00edculo \u201cMadrid limitar\u00e1 a 10.000 el n\u00famero de patinetes de alquiler\u201d por Daniel G\u00f3mez en <em>El Pa\u00eds<\/em>, porque habla sobre la limitaci\u00f3n del n\u00famero de <strong>patinetes de alquiler<\/strong> en las calles en Madrid. Esto es un problema porque el gobierno alega que los patinetes de alquiler est\u00e1n atestando las calles y supuestamente est\u00e1n causando problemas. La <strong>delegada<\/strong> de Medio Ambiente y Movilidad de Ayuntamiento es la persona que quiere limitar el numero de patinetes de alquiler, sin embargo, yo pienso que los patinetes ayudan el medio ambiente.<\/p>\n<p>En este art\u00edculo no parece expresar que los patinetes son mejores para la econom\u00eda de Madrid y el medio ambiente. Es interesante que la delegada de Medio Ambiente y Movilidad de Ayuntamiento quiera cambiar el uso de estos patinetes porque son mejores para el medio ambiente que los coches. Las personas que est\u00e1n usando los patinetes de alquiler son turistas o personas sin sus propios coches. Cuando los turistas usan los patinetes, las empresas hace dinero y el Producto Interno Bruto aumenta. Hay empresas cuyas industrias son el alquiler de estos patinetes y si limitan el uso de sus patinetes, no ganar\u00e1n dinero. Esto puede causar problemas para las empresas y estas empresas necesitan ideas nuevas para ganar dinero o se enfrentar\u00e1n a consecuencias malas como el cierre de sus empresas. Tambi\u00e9n, el Producto Interno Bruto podr\u00eda caer.<\/p>\n<p>No s\u00e9 si la limitaci\u00f3n puede beneficiar a Madrid, pienso que no. Los patinetes son una gran manera para mejorar <strong>la huella de carbono<\/strong> que Madrid est\u00e1 causando para el medio ambiente. Lo que s\u00ed pienso que el gobierno necesita limitar el numero de patinetes porque 100.000 patinetes son demasiados patinetes. \u00bfHay un terreno intermedio para el gobierno, el medio ambiente y las empresas? Pienso que hay una manera en la que el gobierno puede mejorar las calles de Madrid sin deshacerse de todos los patinetes.<\/p>\n<p>Preguntas de discusi\u00f3n:<\/p>\n<p>\u00bfEstos patinetes ayudan al medio ambiente? \u00bf Madrid est\u00e1 cortando el n\u00famero de patinetes de alquiler por una cantidad significativa?<\/p>\n<p>\u00bf100.000 patinetes de alquiler son suficientes para la cantidad de turismo en Madrid y el n\u00famero de personas que usan patinetes cada d\u00eda?<\/p>\n<p>\u00bfQu\u00e9 otras opciones hay para viajar que son diferentes de coches y patinetes?<\/p>\n<p>Vocabulario nuevo:<\/p>\n<p><strong>patinetes de alquiler &#8211; rentable scooters<\/strong><\/p>\n<p><strong>la delegada &#8211; The delegate<\/strong><\/p>\n<p><strong>la huella de carbono &#8211; carbon footprint<\/strong><\/p>\n<p>&nbsp;<\/p>\n<h1>2.\u00a0 Operaciones bancarias<\/h1>\n<p><a href=\"http:\/\/blogs.dickinson.edu\/spanbusiness-spr15\/files\/2015\/01\/us-cuba-cc-reader.jpg\"><img loading=\"lazy\" decoding=\"async\" class=\" size-medium wp-image-445 aligncenter\" src=\"http:\/\/blogs.dickinson.edu\/spanbusiness-spr15\/files\/2015\/01\/us-cuba-cc-reader-244x300.jpg\" alt=\"us-cuba-cc-reader\" width=\"244\" height=\"300\" \/><\/a><\/p>\n<p>En el art\u00edculo de <a href=\"http:\/\/dinero.univision.com\/economia-y-negocios\/noticias-economicas\/article\/2015-01-23\/mastercard-levanta-bloqueo-a-operaciones-en-cuba-con-tarjetas-emitidas-en-eeuu?ftloc=channel1460:wcmWidgetUimHulkCollection\">Univisi\u00f3n: Dinero \u201cMastercard levanta bloqueo a operaciones en Cuba con tarjetas emitidas en EEUU<\/a>,\u201d discute los efectos econ\u00f3micos de los avances recientes entre los Estados Unidos de Am\u00e9rica y Cuba. El Departamento del Tesoro estadounidense ha dicho que normalizar\u00e1n sus relaciones bilaterales entre los EUA y Cuba. Hace cincuenta a\u00f1os que los EUA y Cuba no tienen relaciones buenas. Por lo contrario, tuvieron cincuenta a\u00f1os de <strong>distanciamiento. <\/strong>Las reglas nuevas permiten que las <strong>tarjetas emitidas <\/strong>en los EUA de Mastercard puedan ser usadas en Cuba por las personas estadounidenses que visitan familiares en Cuba o visitan con <strong>prop\u00f3sitos autorizados <\/strong>como los prop\u00f3sitos educacionales.<\/p>\n<p>As\u00ed que, el turismo general todav\u00eda est\u00e1 prohibido por el embargo debido al distanciamiento por tantos a\u00f1os. No obstante, hay mucha esperanza que estos avances econ\u00f3micos puedan mejorar la econom\u00eda de Cuba. Posiblemente, despu\u00e9s de Mastercard, m\u00e1s compa\u00f1\u00edas van a permitir sus negocios en Cuba. Si ocurre, creo que se ayudar\u00e1n ambos las compa\u00f1\u00edas y la gente de Cuba, porque podr\u00e1n participar m\u00e1s en la econom\u00eda global. Si el embargo si se deja de prohibir el turismo, creo que la econom\u00eda de Cuba mejorar\u00e1 mucho, porque a muchas personas les encanta viajar a lugares tropicales. Tambi\u00e9n, la gente de Cuba podr\u00e1 viajar m\u00e1s, y posiblemente viajar\u00e1n aqu\u00ed a los EUA para la universidad y para trabajar aqu\u00ed en esta econom\u00eda. As\u00ed que, creo que el avance de los dos pa\u00edses, y el comienzo de las relaciones econ\u00f3micas (y no distanciamiento), ser\u00e1n beneficios por la econom\u00eda de Cuba, y de los EUA.<\/p>\n<p>&nbsp;<\/p>\n<p>Vocabulario nuevo:<\/p>\n<p><strong>distanciamiento: estrangement<\/strong><\/p>\n<p><strong>tarjetas emitidas: cards issued<\/strong><\/p>\n<p><strong>prop\u00f3sitos autorizados: authorized purposes<\/strong><\/p>\n<p>&nbsp;<\/p>\n<p>Preguntas:<\/p>\n<p>\u00bfPiensa que m\u00e1s compa\u00f1\u00edas de los EUA van a permitir sus negocios en Cuba?<\/p>\n<p>En su opini\u00f3n, \u00bfcuales son las ventajas del fin del distanciamiento econ\u00f3mico entre los EUA y Cuba? \u00bfHay desventajas?<\/p>\n<p>\u00bfCree que las relaciones entre los EUA y Cuba continuar\u00e1n a mejorar? \u00bfQu\u00e9 necesitan hacer los cubanos en los pr\u00f3ximos a\u00f1os para mejorar las relaciones y posiblemente disolver todo el distanciamiento?<\/p>\n<p>&nbsp;<\/p>\n<p><a href=\"http:\/\/www.creditcards.com\/credit-card-news\/images\/us-cuba-cc-reader.jpg\">Cr\u00e9dito de la foto<\/a><\/p>\n<p><img decoding=\"async\" src=\"http:\/\/blogs.dickinson.edu\/spanbusiness2019\/files\/2019\/01\/Screen-Shot-2019-01-18-at-2.57.27-PM-669x1024.png\" alt=\"comments\" \/><\/p>\n","protected":false},"excerpt":{"rendered":"<p>1. Limitaci\u00f3n de patinetes en Madrid https:\/\/elpais.com\/ccaa\/2019\/01\/29\/madrid\/1548785678_847523.html Me interesa el art\u00edculo \u201cMadrid limitar\u00e1 a 10.000 el n\u00famero de patinetes de alquiler\u201d por Daniel G\u00f3mez en El Pa\u00eds, porque habla sobre la limitaci\u00f3n del n\u00famero de patinetes de alquiler en las &hellip; <a href=\"https:\/\/blogs.dickinson.edu\/spanbusiness2020\/ejemplo-2\/\">Continue reading <span class=\"meta-nav\">&rarr;<\/span><\/a><\/p>\n","protected":false},"author":1345,"featured_media":0,"parent":0,"menu_order":0,"comment_status":"closed","ping_status":"closed","template":"","meta":{"footnotes":""},"class_list":["post-14","page","type-page","status-publish","hentry"],"_links":{"self":[{"href":"https:\/\/blogs.dickinson.edu\/spanbusiness2020\/wp-json\/wp\/v2\/pages\/14","targetHints":{"allow":["GET"]}}],"collection":[{"href":"https:\/\/blogs.dickinson.edu\/spanbusiness2020\/wp-json\/wp\/v2\/pages"}],"about":[{"href":"https:\/\/blogs.dickinson.edu\/spanbusiness2020\/wp-json\/wp\/v2\/types\/page"}],"author":[{"embeddable":true,"href":"https:\/\/blogs.dickinson.edu\/spanbusiness2020\/wp-json\/wp\/v2\/users\/1345"}],"replies":[{"embeddable":true,"href":"https:\/\/blogs.dickinson.edu\/spanbusiness2020\/wp-json\/wp\/v2\/comments?post=14"}],"version-history":[{"count":0,"href":"https:\/\/blogs.dickinson.edu\/spanbusiness2020\/wp-json\/wp\/v2\/pages\/14\/revisions"}],"wp:attachment":[{"href":"https:\/\/blogs.dickinson.edu\/spanbusiness2020\/wp-json\/wp\/v2\/media?parent=14"}],"curies":[{"name":"wp","href":"https:\/\/api.w.org\/{rel}","templated":true}]}}