{"id":67,"date":"2016-01-26T12:41:13","date_gmt":"2016-01-26T16:41:13","guid":{"rendered":"http:\/\/blogs.dickinson.edu\/spanishbusiness2016\/?page_id=67"},"modified":"2016-01-26T15:33:12","modified_gmt":"2016-01-26T19:33:12","slug":"exito","status":"publish","type":"page","link":"https:\/\/blogs.dickinson.edu\/spanishbusiness2016\/exito\/","title":{"rendered":"\u00a1\u00c9xito!"},"content":{"rendered":"<div id=\"content\">\n<div id=\"content-main\">\n<div id=\"post-19\" class=\"post\">\n<div class=\"entry\">\n<p>Bienvenidos al <a href=\"http:\/\/blogs.dickinson.edu\/\" target=\"_blank\">blog de Dickinson College<\/a> en la clase de espa\u00f1ol para negocios: SPAN238-SP16.<\/p>\n<p><img loading=\"lazy\" decoding=\"async\" class=\"alignnone size-medium wp-image-12\" src=\"http:\/\/blogs.dickinson.edu\/spanishbusiness2016\/files\/2016\/01\/238-business-handshake-on-sky-background-2-300x200.jpg\" alt=\"238 business-handshake-on-sky-background\" width=\"300\" height=\"200\" srcset=\"https:\/\/blogs.dickinson.edu\/spanishbusiness2016\/files\/2016\/01\/238-business-handshake-on-sky-background-2-300x200.jpg 300w, https:\/\/blogs.dickinson.edu\/spanishbusiness2016\/files\/2016\/01\/238-business-handshake-on-sky-background-2-768x512.jpg 768w, https:\/\/blogs.dickinson.edu\/spanishbusiness2016\/files\/2016\/01\/238-business-handshake-on-sky-background-2.jpg 800w\" sizes=\"auto, (max-width: 300px) 100vw, 300px\" \/><\/p>\n<p>Este blog est\u00e1 dedicado a los estudiantes de la clase de espa\u00f1ol para negocios y ser\u00e1 un lugar donde escribir\u00e1n observaciones, reflexiones y cr\u00edtica sobre noticias de inter\u00e9s relacionadas con el mundo de los negocios en el contexto hispano. Un lugar de encuentro para mantener un di\u00e1logo con los blogs de sus compa\u00f1eros.<\/p>\n<\/div>\n<\/div>\n<\/div>\n<\/div>\n","protected":false},"excerpt":{"rendered":"<p>Bienvenidos al blog de Dickinson College en la clase de espa\u00f1ol para negocios: SPAN238-SP16. Este blog est\u00e1 dedicado a los estudiantes de la clase de espa\u00f1ol para negocios y ser\u00e1 un lugar donde escribir\u00e1n observaciones, reflexiones y cr\u00edtica sobre noticias &hellip; <a href=\"https:\/\/blogs.dickinson.edu\/spanishbusiness2016\/exito\/\">Continue reading <span class=\"meta-nav\">&rarr;<\/span><\/a><\/p>\n","protected":false},"author":1345,"featured_media":0,"parent":0,"menu_order":0,"comment_status":"open","ping_status":"closed","template":"","meta":{"footnotes":""},"class_list":["post-67","page","type-page","status-publish","hentry"],"_links":{"self":[{"href":"https:\/\/blogs.dickinson.edu\/spanishbusiness2016\/wp-json\/wp\/v2\/pages\/67","targetHints":{"allow":["GET"]}}],"collection":[{"href":"https:\/\/blogs.dickinson.edu\/spanishbusiness2016\/wp-json\/wp\/v2\/pages"}],"about":[{"href":"https:\/\/blogs.dickinson.edu\/spanishbusiness2016\/wp-json\/wp\/v2\/types\/page"}],"author":[{"embeddable":true,"href":"https:\/\/blogs.dickinson.edu\/spanishbusiness2016\/wp-json\/wp\/v2\/users\/1345"}],"replies":[{"embeddable":true,"href":"https:\/\/blogs.dickinson.edu\/spanishbusiness2016\/wp-json\/wp\/v2\/comments?post=67"}],"version-history":[{"count":0,"href":"https:\/\/blogs.dickinson.edu\/spanishbusiness2016\/wp-json\/wp\/v2\/pages\/67\/revisions"}],"wp:attachment":[{"href":"https:\/\/blogs.dickinson.edu\/spanishbusiness2016\/wp-json\/wp\/v2\/media?parent=67"}],"curies":[{"name":"wp","href":"https:\/\/api.w.org\/{rel}","templated":true}]}}