{"id":14,"date":"2021-01-22T23:27:24","date_gmt":"2021-01-23T04:27:24","guid":{"rendered":"http:\/\/blogs.dickinson.edu\/spanishbusiness2021\/?page_id=14"},"modified":"2021-01-22T23:27:24","modified_gmt":"2021-01-23T04:27:24","slug":"ejemplo-3","status":"publish","type":"page","link":"https:\/\/blogs.dickinson.edu\/spanishbusiness2021\/ejemplo-3\/","title":{"rendered":"Ejemplo 3"},"content":{"rendered":"<p>El art\u00edculo, \u201c<strong>Comercio Internacional<\/strong> y contexto mundial: un mundo en cambio\u201d por Marcela Cristini, quien es la \u201cEconomista Senior de la Fundaci\u00f3n de Investigaciones Econ\u00f3micas Latinoamericanas (FIEL)\u201d, habla del comercio internacional y c\u00f3mo los pa\u00edses est\u00e1n cambiando sus <strong>estrategias internacionales<\/strong>. Comienza discutiendo las finanzas de Argentina, que \u201cpresent\u00f3 un <strong>d\u00e9ficit comercial<\/strong> r\u00e9cord (-USD 8471 millones, equivalente a 1,3% del PBI argentino)\u201d en 2017. En 2018, \u201c<strong>las exportaciones<\/strong> crecieron un 12,9% y <strong>las importaciones<\/strong>, un 21,3%\u201d, que es una buena noticia &#8211; las exportaciones est\u00e1n aumentando mientras las importaciones est\u00e1n disminuyendo &#8211; y una mala noticia &#8211; \u201cel saldo negativo del balance comercial de este per\u00edodo duplica al del a\u00f1o anterior\u201d.<\/p>\n<p>El art\u00edculo tambi\u00e9n habla sobre el comercio en un contexto global. <strong>La Organizaci\u00f3n Mundial del Comercio (OMC)<\/strong> predice \u201cun crecimiento del comercio internacional por encima del crecimiento del producto mundial (contin\u00faa <strong>la globalizaci\u00f3n<\/strong>)\u201d. <strong>El Fondo Monetario Internacional<\/strong> predice crecimiento econ\u00f3mico en pa\u00edses latinoamericanos, espec\u00edficamente M\u00e9xico, otros pa\u00edses de Am\u00e9rica Central, Brasil, Argentina, Colombia y Per\u00fa. Algunas de los cambios en las estrategias internacionales incluyen la doctrina del \u201cAmericaFirst\u201d en los Estados Unidos, el apoyo de los <strong>mecanismos multilaterales del comercio<\/strong> y la OMC por la Uni\u00f3n Europea y el objetivo de China de la modernizaci\u00f3n complete de su econom\u00eda.<\/p>\n<p>Este art\u00edculo destaca la importancia de estar conectado con pa\u00edses de todo el mundo. Creo que el comercio es esencial para tener una econom\u00eda exitosa y pr\u00f3spera, pero necesita hacerse correctamente. Si las importaciones son significativamente m\u00e1s altas que las exportaciones, no es buena para el pa\u00eds. Los pa\u00edses necesitan encontrar la mejor balanza comercial para s\u00ed mismos y comprender el contenido de su econom\u00eda, si es exportando materias primas o mercader\u00eda manufacturada. Pero, en el mundo en que vivimos hoy en d\u00eda, no puede tener \u00e9xito en los negocios sin trabajar con otros pa\u00edses.<\/p>\n<p>\u00bfCree que los cambios en la estrategia de esos pa\u00edses ayudar\u00e1n o perjudicar\u00e1n la econom\u00eda de Argentina en el futuro?<\/p>\n<p><a href=\"https:\/\/www.netnews.com.ar\/nota\/1886-Comercio-Internacional-y-contexto-mundial-un-mundo-en-cambio\">https:\/\/www.netnews.com.ar\/nota\/1886-Comercio-Internacional-y-contexto-mundial-un-mundo-en-cambio<\/a><\/p>\n<p>Vocabulario<\/p>\n<ul>\n<li><strong>Comercio internacional<\/strong>: international trade<\/li>\n<li><strong>Estrategias internacionales<\/strong>: international strategies<\/li>\n<li><strong>d\u00e9ficit comercial:\u00a0<\/strong>trade deficit<\/li>\n<li><strong>las exportaciones:\u00a0<\/strong>exports<\/li>\n<li><strong>las importaciones:\u00a0<\/strong>imports<\/li>\n<li><strong>La Organizaci\u00f3n Mundial del Comercio (OMC):\u00a0<\/strong>World Trade Agreement (WTO)<\/li>\n<li><strong>la globalizaci\u00f3n: <\/strong>globalization<\/li>\n<li><strong>El Fondo Monetario Internacional: <\/strong>International Monetary Fund<\/li>\n<li><strong>mecanismos multilaterales del comercio:\u00a0<\/strong>multilateral trade mechanisms<\/li>\n<\/ul>\n<p>&nbsp;<\/p>\n<p><img loading=\"lazy\" decoding=\"async\" class=\"alignnone size-medium wp-image-272\" src=\"http:\/\/blogs.dickinson.edu\/spanbusiness2020\/files\/2020\/01\/WTO-300x200.jpg\" alt=\"\" width=\"300\" height=\"200\" \/><\/p>\n","protected":false},"excerpt":{"rendered":"<p>El art\u00edculo, \u201cComercio Internacional y contexto mundial: un mundo en cambio\u201d por Marcela Cristini, quien es la \u201cEconomista Senior de la Fundaci\u00f3n de Investigaciones Econ\u00f3micas Latinoamericanas (FIEL)\u201d, habla del comercio internacional y c\u00f3mo los pa\u00edses est\u00e1n cambiando sus estrategias internacionales. Comienza discutiendo las finanzas de Argentina, que \u201cpresent\u00f3 un d\u00e9ficit comercial r\u00e9cord (-USD 8471 millones, [&hellip;]<\/p>\n","protected":false},"author":1345,"featured_media":0,"parent":0,"menu_order":0,"comment_status":"closed","ping_status":"closed","template":"","meta":{"footnotes":""},"class_list":["post-14","page","type-page","status-publish","hentry"],"_links":{"self":[{"href":"https:\/\/blogs.dickinson.edu\/spanishbusiness2021\/wp-json\/wp\/v2\/pages\/14","targetHints":{"allow":["GET"]}}],"collection":[{"href":"https:\/\/blogs.dickinson.edu\/spanishbusiness2021\/wp-json\/wp\/v2\/pages"}],"about":[{"href":"https:\/\/blogs.dickinson.edu\/spanishbusiness2021\/wp-json\/wp\/v2\/types\/page"}],"author":[{"embeddable":true,"href":"https:\/\/blogs.dickinson.edu\/spanishbusiness2021\/wp-json\/wp\/v2\/users\/1345"}],"replies":[{"embeddable":true,"href":"https:\/\/blogs.dickinson.edu\/spanishbusiness2021\/wp-json\/wp\/v2\/comments?post=14"}],"version-history":[{"count":0,"href":"https:\/\/blogs.dickinson.edu\/spanishbusiness2021\/wp-json\/wp\/v2\/pages\/14\/revisions"}],"wp:attachment":[{"href":"https:\/\/blogs.dickinson.edu\/spanishbusiness2021\/wp-json\/wp\/v2\/media?parent=14"}],"curies":[{"name":"wp","href":"https:\/\/api.w.org\/{rel}","templated":true}]}}