{"id":2,"date":"2021-01-06T15:19:21","date_gmt":"2021-01-06T15:19:21","guid":{"rendered":"http:\/\/blogs.dickinson.edu\/spanishbusiness2021\/?page_id=2"},"modified":"2021-01-22T23:21:06","modified_gmt":"2021-01-23T04:21:06","slug":"sample-page","status":"publish","type":"page","link":"https:\/\/blogs.dickinson.edu\/spanishbusiness2021\/sample-page\/","title":{"rendered":"Sample Page"},"content":{"rendered":"<p>&nbsp;<\/p>\n<div id=\"post-478\" class=\"post\">\n<h2><a title=\"Permanent Link: La comunidad hispana de EE.UU. pronto ser\u00e1 la novena econom\u00eda del mundo\" href=\"http:\/\/blogs.dickinson.edu\/spanbusiness-spr15\/2015\/01\/30\/la-comunidad-hispana-de-ee-uu-pronto-sera-la-novena-economia-del-mundo-2\/\" rel=\"bookmark\">La comunidad hispana de EE.UU. pronto ser\u00e1 la novena econom\u00eda del mundo<\/a><\/h2>\n<div class=\"entry\">\n<p>Este art\u00edculo discute el hecho de que los hispanos tienen el mayor poder\u00a0<strong>adquisitivo\u00a0<\/strong>que muchos otros grupos \u00e9tnicos en los estados unidos. Tambi\u00e9n, ellos pronto van a representar la novena econom\u00eda del mundo. Hay 52 millones personas de origen hispano que viven en los EE.UU, y esta poblaci\u00f3n representa 16.7% de la poblaci\u00f3n total del pa\u00eds. Varios expertos creen que el crecimiento demogr\u00e1fico enorme y el poder\u00a0<strong>adquisitivo\u00a0<\/strong>de la poblaci\u00f3n hispana dan un papel clave en el presente y el futuro de la comunidad hispana, nuestra naci\u00f3n, y en los negocios internacionales.<\/p>\n<p>El articulo me interesa particularmente porque se enfoca en una nueva idea de econom\u00eda para los EE.UU. Si el poder\u00a0<strong>adquisitivo\u00a0<\/strong>de los hispanos est\u00e1 creciendo, las oportunidades para hispanos en el mundo de negocios estadounidense tambi\u00e9n est\u00e1 creciendo. Hay hechos concretos que muestran el movimiento de un econom\u00eda dominada por los blancos en los EE.UU. a una econom\u00eda m\u00e1s global y integrada.<\/p>\n<p>\u00bfEn tu opini\u00f3n, que papel tiene\u00a0que el\u00a0debate de\u00a0inmigrantes de M\u00e9xico en el discusi\u00f3n de esta \u201cnovena econom\u00eda?\u201d \u00bfCrees que el debate va a continuar si los hispanos siguen tener m\u00e1s poder adquisitivo?<\/p>\n<p><img loading=\"lazy\" decoding=\"async\" class=\"alignnone\" src=\"http:\/\/www.bls.gov\/spotlight\/2012\/hispanic_heritage\/images\/state_labor_force.png\" alt=\"\" width=\"326\" height=\"252\" \/><\/p>\n<p>Vocabulario nuevo:<\/p>\n<p><strong>(poder)\u00a0adquisitivo:\u00a0\u00a0<\/strong>purchasing power<\/p>\n<p>Article:<\/p>\n<p><a href=\"http:\/\/actualidad.rt.com\/economia\/view\/44834-La-comunidad-hispana-de-EE.-UU.-pronto-sera-novena-econom%C3%ADa-del-mundo\">http:\/\/actualidad.rt.com\/economia\/view\/44834-La-comunidad-hispana-de-EE.-UU.-pronto-sera-novena-econom%C3%ADa-del-mundo<\/a><\/p>\n<p class=\"postmetadata alt\"><small>This entry was posted on January 30, 2015 at 12:14 am and is filed under\u00a0<a href=\"http:\/\/blogs.dickinson.edu\/spanbusiness-spr15\/category\/blog-1\/\" rel=\"category tag\">Blog #1<\/a>. You can follow any responses to this entry through the\u00a0<a href=\"http:\/\/blogs.dickinson.edu\/spanbusiness-spr15\/2015\/01\/30\/la-comunidad-hispana-de-ee-uu-pronto-sera-la-novena-economia-del-mundo-2\/feed\/\">RSS 2.0<\/a>\u00a0feed. You can\u00a0<a href=\"http:\/\/blogs.dickinson.edu\/spanbusiness-spr15\/2015\/01\/30\/la-comunidad-hispana-de-ee-uu-pronto-sera-la-novena-economia-del-mundo-2\/#respond\">leave a response<\/a>, or\u00a0<a href=\"http:\/\/blogs.dickinson.edu\/spanbusiness-spr15\/2015\/01\/30\/la-comunidad-hispana-de-ee-uu-pronto-sera-la-novena-economia-del-mundo-2\/trackback\/\" rel=\"trackback\">trackback<\/a>\u00a0from your own site.\u00a0<a class=\"post-edit-link\" href=\"http:\/\/blogs.dickinson.edu\/spanbusiness-spr15\/wp-admin\/post.php?post=478&amp;action=edit\">Edit this entry.<\/a><\/small><\/p>\n<\/div>\n<\/div>\n<p>&nbsp;<\/p>\n<h3 id=\"comments\">6 Responses to \u201cLa comunidad hispana de EE.UU. pronto ser\u00e1 la novena econom\u00eda del mundo\u201d<\/h3>\n<ol class=\"commentlist\">\n<li id=\"comment-30\" class=\"alt\"><cite>\u00a0\u00a0menardc<\/cite>\u00a0Says:<br \/><small class=\"commentmetadata\"><a title=\"\" href=\"http:\/\/blogs.dickinson.edu\/spanbusiness-spr15\/2015\/01\/30\/la-comunidad-hispana-de-ee-uu-pronto-sera-la-novena-economia-del-mundo-2\/#comment-30\">January 30th, 2015 at 1:04 am<\/a>\u00a0\u00a0\u00a0<a class=\"comment-edit-link\" href=\"http:\/\/blogs.dickinson.edu\/spanbusiness-spr15\/wp-admin\/comment.php?action=editcomment&amp;c=30\">Edit<\/a><\/small>\n<p>Creo que, con todos los hispanos vienen a los Estados Unidos buscando trabajo, va a lastimar a su propia econom\u00eda en el largo plazo. Las empresas de Estados Unidos continuar\u00e1 trabajando en el extranjero porque es m\u00e1s barato y m\u00e1s eficiente en t\u00e9rminos de asignaci\u00f3n de recursos y tiempo. Aunque \u201coffshoring\u201d hace productos mucho m\u00e1s baratos y m\u00e1s conveniente para la clase baja, perjudica a su econom\u00eda con tener tan bajos salarios. Un ejemplo perfecto de esto es las maquiladoras.<\/p>\n<p>-Chris<\/p>\n<\/li>\n<li id=\"comment-33\"><cite>\u00a0\u00a0Stina N<\/cite>\u00a0Says:<br \/><small class=\"commentmetadata\"><a title=\"\" href=\"http:\/\/blogs.dickinson.edu\/spanbusiness-spr15\/2015\/01\/30\/la-comunidad-hispana-de-ee-uu-pronto-sera-la-novena-economia-del-mundo-2\/#comment-33\">January 30th, 2015 at 1:24 am<\/a>\u00a0\u00a0\u00a0<a class=\"comment-edit-link\" href=\"http:\/\/blogs.dickinson.edu\/spanbusiness-spr15\/wp-admin\/comment.php?action=editcomment&amp;c=33\">Edit<\/a><\/small>\n<p>Pienso que el debate sobre la inmigraci\u00f3n de los hispanos en los EE.UU. continuar\u00e1 en el futuro. Me parece que muchos americanos del norte tienen miedo de los inmigrantes hispanos porque aportan una diversidad cultural y ling\u00fc\u00edstica que los EE.UU. no hab\u00edan conocido antes. Los hispanos son el primer grupo \u00e9tnico en los EE.UU. que guarda su origen ling\u00fc\u00edstico. Tengo la impresi\u00f3n que en los Estados Unidos existe una ley t\u00e1cito que demanda de los inmigrantes una asimilaci\u00f3n al ingl\u00e9s, y, idealmente, una asimilaci\u00f3n cultural. Es importante que los EE.UU. no vean el crecimiento del poder econ\u00f3mico de los hispanos como amenaza, pero como una potencial que un pa\u00eds m\u00e1s diverso puede tener m\u00e1s \u00e9xito en la econom\u00eda global.<\/p>\n<\/li>\n<li id=\"comment-57\" class=\"alt\"><cite>\u00a0\u00a0ammermaa<\/cite>\u00a0Says:<br \/><small class=\"commentmetadata\"><a title=\"\" href=\"http:\/\/blogs.dickinson.edu\/spanbusiness-spr15\/2015\/01\/30\/la-comunidad-hispana-de-ee-uu-pronto-sera-la-novena-economia-del-mundo-2\/#comment-57\">January 30th, 2015 at 4:00 pm<\/a>\u00a0\u00a0\u00a0<a class=\"comment-edit-link\" href=\"http:\/\/blogs.dickinson.edu\/spanbusiness-spr15\/wp-admin\/comment.php?action=editcomment&amp;c=57\">Edit<\/a><\/small>\n<p>Creo que es interesante que tan potencia y poder escondida tiene la comunidad hispana. Son la comunidad que crece lo mas rapido y tienen mucho poder adquisitivo. Una problema es que son discriminados entonces no se ve el poder como debe ser. Por ejemplo, el tamano de la comunidad hispana es desproporcionado a los posiciones administrativas en los socios en los estados unidos.<\/p>\n<\/li>\n<li id=\"comment-72\"><cite>\u00a0\u00a0Sophia Breyfogle<\/cite>\u00a0Says:<br \/><small class=\"commentmetadata\"><a title=\"\" href=\"http:\/\/blogs.dickinson.edu\/spanbusiness-spr15\/2015\/01\/30\/la-comunidad-hispana-de-ee-uu-pronto-sera-la-novena-economia-del-mundo-2\/#comment-72\">January 31st, 2015 at 12:40 am<\/a>\u00a0\u00a0\u00a0<a class=\"comment-edit-link\" href=\"http:\/\/blogs.dickinson.edu\/spanbusiness-spr15\/wp-admin\/comment.php?action=editcomment&amp;c=72\">Edit<\/a><\/small>\n<p>Esta idea es muy interesante a mi porque inmigraci\u00f3n es un aspecto que implicar muchas enconomias. Estoy de acuerdo contigo en que las oportunidades para hispanos en el mundo de negocios estadounidense tambi\u00e9n est\u00e1 creciendo. Es un gran parte de la sociedad y negocios y pienso que es importante que nosotros consideran esta grupos de personas en industrias especialmente en sectores de trabajadores.<\/p>\n<\/li>\n<li id=\"comment-85\" class=\"alt\"><cite>\u00a0\u00a0Jennifer Shields<\/cite>\u00a0Says:<br \/><small class=\"commentmetadata\"><a title=\"\" href=\"http:\/\/blogs.dickinson.edu\/spanbusiness-spr15\/2015\/01\/30\/la-comunidad-hispana-de-ee-uu-pronto-sera-la-novena-economia-del-mundo-2\/#comment-85\">January 31st, 2015 at 4:02 am<\/a>\u00a0\u00a0\u00a0<a class=\"comment-edit-link\" href=\"http:\/\/blogs.dickinson.edu\/spanbusiness-spr15\/wp-admin\/comment.php?action=editcomment&amp;c=85\">Edit<\/a><\/small>\n<p>Pienso que esto discusi\u00f3n sobre el poder adquisitivo continuar\u00e1, pero no s\u00f3lo en el contexto de la comunidad hispana. S\u00ed, es verdad que la poblaci\u00f3n de los hispanos crecer\u00e1 y esta poblaci\u00f3n ten\u00eda m\u00e1s poder adquisitivo, pero no entiendo por qu\u00e9 esta situaci\u00f3n es un problema? Estados Unidos son un pa\u00eds de oportunidades y igualdad. En un mundo de globalizaci\u00f3n, es natural por el crecimiento de diversidad, y la diversidad es buena por la econom\u00eda.<\/p>\n<\/li>\n<li id=\"comment-94\"><cite>\u00a0\u00a0Alyssa Kanter<\/cite>\u00a0Says:<br \/><small class=\"commentmetadata\"><a title=\"\" href=\"http:\/\/blogs.dickinson.edu\/spanbusiness-spr15\/2015\/01\/30\/la-comunidad-hispana-de-ee-uu-pronto-sera-la-novena-economia-del-mundo-2\/#comment-94\">February 2nd, 2015 at 4:03 am<\/a>\u00a0\u00a0\u00a0<a class=\"comment-edit-link\" href=\"http:\/\/blogs.dickinson.edu\/spanbusiness-spr15\/wp-admin\/comment.php?action=editcomment&amp;c=94\">Edit<\/a><\/small>\n<p>En mi opini\u00f3n, este debate siempre va a hacer una conversaci\u00f3n, porque hay personas en los Estados Unidos que tienen opiniones muy fuerte sobre este t\u00f3pico. Pienso que este aspecto del debate es una t\u00e1ctica buena para la discusi\u00f3n, porque es un aspecto muy positivo que viene con los inmigrantes. Es un argumento bueno para las personas que defienden las inmigrantes que el resto de los Estados Unidos no puede negar.<\/p>\n<\/li>\n<\/ol>\n","protected":false},"excerpt":{"rendered":"<p>&nbsp; La comunidad hispana de EE.UU. pronto ser\u00e1 la novena econom\u00eda del mundo Este art\u00edculo discute el hecho de que los hispanos tienen el mayor poder\u00a0adquisitivo\u00a0que muchos otros grupos \u00e9tnicos en los estados unidos. Tambi\u00e9n, ellos pronto van a representar la novena econom\u00eda del mundo. Hay 52 millones personas de origen hispano que viven en [&hellip;]<\/p>\n","protected":false},"author":1345,"featured_media":0,"parent":0,"menu_order":0,"comment_status":"closed","ping_status":"open","template":"","meta":{"footnotes":""},"class_list":["post-2","page","type-page","status-publish","hentry"],"_links":{"self":[{"href":"https:\/\/blogs.dickinson.edu\/spanishbusiness2021\/wp-json\/wp\/v2\/pages\/2","targetHints":{"allow":["GET"]}}],"collection":[{"href":"https:\/\/blogs.dickinson.edu\/spanishbusiness2021\/wp-json\/wp\/v2\/pages"}],"about":[{"href":"https:\/\/blogs.dickinson.edu\/spanishbusiness2021\/wp-json\/wp\/v2\/types\/page"}],"author":[{"embeddable":true,"href":"https:\/\/blogs.dickinson.edu\/spanishbusiness2021\/wp-json\/wp\/v2\/users\/1345"}],"replies":[{"embeddable":true,"href":"https:\/\/blogs.dickinson.edu\/spanishbusiness2021\/wp-json\/wp\/v2\/comments?post=2"}],"version-history":[{"count":0,"href":"https:\/\/blogs.dickinson.edu\/spanishbusiness2021\/wp-json\/wp\/v2\/pages\/2\/revisions"}],"wp:attachment":[{"href":"https:\/\/blogs.dickinson.edu\/spanishbusiness2021\/wp-json\/wp\/v2\/media?parent=2"}],"curies":[{"name":"wp","href":"https:\/\/api.w.org\/{rel}","templated":true}]}}