{"id":125,"date":"2017-09-04T15:36:38","date_gmt":"2017-09-04T19:36:38","guid":{"rendered":"http:\/\/blogs.dickinson.edu\/spanishgastronomy2017\/?page_id=125"},"modified":"2017-09-04T15:36:38","modified_gmt":"2017-09-04T19:36:38","slug":"bienvenido-al-dickinson-blog-para-estudiantes-de-span-231-gastronomia-y-salud","status":"publish","type":"page","link":"https:\/\/blogs.dickinson.edu\/spanishgastronomy2017\/","title":{"rendered":"Bienvenido al Dickinson Blog para estudiantes de SPAN 231, Gastronom\u00eda y Salud."},"content":{"rendered":"<p>Este blog est\u00e1 dedicado a los estudiantes de espa\u00f1ol para la clase de <em>Gastronom\u00eda y Salud<\/em> y ser\u00e1 un lugar para escribir sus actividades con observaciones, reflexiones y cr\u00edtica. Colgar\u00e1n sus fotograf\u00edas y dialogar\u00e1n con sus compa\u00f1eros de clase y la profesora.<\/p>\n<p>\u00a1Buen provecho!<\/p>\n<p><img loading=\"lazy\" decoding=\"async\" class=\"alignnone size-medium wp-image-9\" src=\"http:\/\/blogs.dickinson.edu\/spanishgastronomy2017\/files\/2017\/08\/IMG_4993-225x300.jpg\" alt=\"\" width=\"225\" height=\"300\" \/>\u02c7<\/p>\n","protected":false},"excerpt":{"rendered":"<p>Este blog est\u00e1 dedicado a los estudiantes de espa\u00f1ol para la clase de Gastronom\u00eda y Salud y ser\u00e1 un lugar para escribir sus actividades con observaciones, reflexiones y cr\u00edtica. Colgar\u00e1n sus fotograf\u00edas y dialogar\u00e1n con sus compa\u00f1eros de clase y &hellip; <a href=\"https:\/\/blogs.dickinson.edu\/spanishgastronomy2017\/\">Continue reading <span class=\"meta-nav\">&rarr;<\/span><\/a><\/p>\n","protected":false},"author":1,"featured_media":0,"parent":0,"menu_order":0,"comment_status":"closed","ping_status":"closed","template":"","meta":{"footnotes":""},"class_list":["post-125","page","type-page","status-publish","hentry"],"_links":{"self":[{"href":"https:\/\/blogs.dickinson.edu\/spanishgastronomy2017\/wp-json\/wp\/v2\/pages\/125","targetHints":{"allow":["GET"]}}],"collection":[{"href":"https:\/\/blogs.dickinson.edu\/spanishgastronomy2017\/wp-json\/wp\/v2\/pages"}],"about":[{"href":"https:\/\/blogs.dickinson.edu\/spanishgastronomy2017\/wp-json\/wp\/v2\/types\/page"}],"author":[{"embeddable":true,"href":"https:\/\/blogs.dickinson.edu\/spanishgastronomy2017\/wp-json\/wp\/v2\/users\/1"}],"replies":[{"embeddable":true,"href":"https:\/\/blogs.dickinson.edu\/spanishgastronomy2017\/wp-json\/wp\/v2\/comments?post=125"}],"version-history":[{"count":0,"href":"https:\/\/blogs.dickinson.edu\/spanishgastronomy2017\/wp-json\/wp\/v2\/pages\/125\/revisions"}],"wp:attachment":[{"href":"https:\/\/blogs.dickinson.edu\/spanishgastronomy2017\/wp-json\/wp\/v2\/media?parent=125"}],"curies":[{"name":"wp","href":"https:\/\/api.w.org\/{rel}","templated":true}]}}