{"id":2,"date":"2021-01-06T15:23:14","date_gmt":"2021-01-06T15:23:14","guid":{"rendered":"http:\/\/blogs.dickinson.edu\/spanishgastronomy2021\/?page_id=2"},"modified":"2021-01-24T00:47:33","modified_gmt":"2021-01-24T05:47:33","slug":"sample-page","status":"publish","type":"page","link":"https:\/\/blogs.dickinson.edu\/spanishgastronomy2021\/sample-page\/","title":{"rendered":"\u00a1Mucho Gusto!"},"content":{"rendered":"<div class=\"title\">\n<h2>Bienvenido al Blog de Gastronom\u00eda y Salud.<\/h2>\n<\/div>\n<div class=\"page\">\n<p>Este blog est\u00e1 dedicado a los estudiantes de espa\u00f1ol para la clase de\u00a0<em>Gastronom\u00eda y Salud<\/em>\u00a0y ser\u00e1 un lugar para escribir sus actividades con observaciones, reflexiones y cr\u00edtica. Colgar\u00e1n sus fotograf\u00edas y dialogar\u00e1n con sus compa\u00f1eros de clase y la profesora.<\/p>\n<p>\u00a1Buen provecho!<\/p>\n<p><img loading=\"lazy\" decoding=\"async\" class=\"alignnone size-medium wp-image-9\" src=\"http:\/\/blogs.dickinson.edu\/spanishgastronomy2017\/files\/2017\/08\/IMG_4993-225x300.jpg\" alt=\"\" width=\"225\" height=\"300\" \/>\u02c7<\/p>\n<\/div>\n","protected":false},"excerpt":{"rendered":"<p>Bienvenido al Blog de Gastronom\u00eda y Salud. Este blog est\u00e1 dedicado a los estudiantes de espa\u00f1ol para la clase de\u00a0Gastronom\u00eda y Salud\u00a0y ser\u00e1 un lugar para escribir sus actividades con observaciones, reflexiones y cr\u00edtica. Colgar\u00e1n sus fotograf\u00edas y dialogar\u00e1n con sus compa\u00f1eros de clase y la profesora. \u00a1Buen provecho! \u02c7<\/p>\n","protected":false},"author":1345,"featured_media":0,"parent":0,"menu_order":0,"comment_status":"closed","ping_status":"open","template":"","meta":{"footnotes":""},"class_list":["post-2","page","type-page","status-publish","hentry"],"_links":{"self":[{"href":"https:\/\/blogs.dickinson.edu\/spanishgastronomy2021\/wp-json\/wp\/v2\/pages\/2","targetHints":{"allow":["GET"]}}],"collection":[{"href":"https:\/\/blogs.dickinson.edu\/spanishgastronomy2021\/wp-json\/wp\/v2\/pages"}],"about":[{"href":"https:\/\/blogs.dickinson.edu\/spanishgastronomy2021\/wp-json\/wp\/v2\/types\/page"}],"author":[{"embeddable":true,"href":"https:\/\/blogs.dickinson.edu\/spanishgastronomy2021\/wp-json\/wp\/v2\/users\/1345"}],"replies":[{"embeddable":true,"href":"https:\/\/blogs.dickinson.edu\/spanishgastronomy2021\/wp-json\/wp\/v2\/comments?post=2"}],"version-history":[{"count":0,"href":"https:\/\/blogs.dickinson.edu\/spanishgastronomy2021\/wp-json\/wp\/v2\/pages\/2\/revisions"}],"wp:attachment":[{"href":"https:\/\/blogs.dickinson.edu\/spanishgastronomy2021\/wp-json\/wp\/v2\/media?parent=2"}],"curies":[{"name":"wp","href":"https:\/\/api.w.org\/{rel}","templated":true}]}}