{"id":23,"date":"2021-01-24T00:38:09","date_gmt":"2021-01-24T05:38:09","guid":{"rendered":"http:\/\/blogs.dickinson.edu\/spanishgastronomy2021\/?page_id=23"},"modified":"2021-01-24T00:38:09","modified_gmt":"2021-01-24T05:38:09","slug":"ejemplo-2","status":"publish","type":"page","link":"https:\/\/blogs.dickinson.edu\/spanishgastronomy2021\/ejemplo-2\/","title":{"rendered":"Ejemplo 2"},"content":{"rendered":"<div id=\"post-262\" class=\"postwrapper wideposts\">\n<div class=\"post\">\n<div class=\"entry\">\n<p>Meddy Smith<\/p>\n<p>Profesora Arnedo-Aldrich<\/p>\n<p>Gastronom\u00eda y salud en el mundo hisp\u00e1nico<\/p>\n<p>7 Septiembre 2017<\/p>\n<p>El importancia del pur\u00e9 de manzana<\/p>\n<p>En mi estado de Maine, como otras estados y comarcas, hay las salsas familiares a la locaci\u00f3n geogr\u00e1fica y yo puedo ver los efectos de estas salsas y sus evoluciones dentro nuestra sociedad. El pur\u00e9 de la manzana es unas de estas salsas que he visto cambiar en mi vida. El pur\u00e9 ha cambiado de una receta que est\u00e1 cocinado en casa, a un producto empaquetado, endulzada en el mercado. Este cambio pueda representar y reflejar un cambio en nuestra sociedad para ser menos enfocando en la fuente de nuestra comida.<\/p>\n<p>Me crec\u00ed en una familia \u00edntima que le encanta cocinar juntos. Cen\u00e1bamos juntos siempre noche y cocin\u00e1bamos nuestras propias comidas todos los d\u00edas. Un alimento b\u00e1sico de nuestra cocina era el pur\u00e9 de la manzana en el oto\u00f1o. Como los olives de la mediterr\u00e1nea mencionado en\u00a0<em>Lo que hemos comido<\/em>, manzanas son muy importantes elementes culturales del noreste de los Estado Unidos. Mi familia hac\u00eda el pur\u00e9 de la manzana por mano con varias herramientas todos los oto\u00f1os y enlat\u00e1bamos la salsa para comer m\u00e1s tarde en el a\u00f1o. En este proceso, ir\u00edamos a uno de los huertos de manzana locales, poseen de mis vecinos, y recog\u00edamos manzanas para usar en la salsa. Eran eventos para la familia total.<\/p>\n<p>Hoy en d\u00eda, en contraste, mientras unas familias todav\u00eda recojan sus propias manzanas y hagan su propia pur\u00e9 de la manzana, creo que la mayor\u00eda de personas compran la salsa en los supermercados. Esta realidad es muy triste porque deja vida simple y rural y la reemplace con una vida menos conectar a la naturaleza y el proceso de comido. Como fue dicho en\u00a0<em>Lo que hemos comido<\/em>, \u201cla cocina ha deca\u00eddo en todas partes\u2026todo se ha industrializado\u201d(Pla 16). Pienso que es esencial ser conectado a nuestra comida y nuestra dieta para ser saludable, para permanecer conectado a nuestras familias, pero tambi\u00e9n para conservar la integridad de la comida produce por nuestra Tierra.<\/p>\n<p>&nbsp;<\/p>\n<p><u>Nuevo Lexico<\/u><\/p>\n<p>Empaquetar\u2014 en un paquete (como en el mercado)<\/p>\n<p>Desarrollo\u2014 evoluci\u00f3n<\/p>\n<p>Endulzada\u2014 muy dulce<\/p>\n<p>Pur\u00e9 de la manzana\u2014 la salsa hecho de manzanas<\/p>\n<p>Criarse\u2014 ser mayor<\/p>\n<p>Herramientas\u2014 tool<\/p>\n<p>Enlatar\u2014 poder algo en un frasco<\/p>\n<p>Frasco\u2014 un cont\u00e1iner peque\u00f1o<\/p>\n<p>Huerto\u2014 orchard<\/p>\n<p>&nbsp;<\/p>\n<p><u>Obras Citadas<\/u><\/p>\n<p>Pla, Josep. \u201cLo que hemos comido\u201d. Austral, 2013.<\/p>\n<\/div>\n<div class=\"entry-cat\">under:\u00a0<a href=\"http:\/\/blogs.dickinson.edu\/spanishgastronomy2017\/category\/blog-1\/\" rel=\"category tag\">Blog #1<\/a><\/div>\n<\/div>\n<div class=\"navigation\">\n<div class=\"alignleft\">\u00ab\u00a0<a href=\"http:\/\/blogs.dickinson.edu\/spanishgastronomy2017\/2017\/09\/07\/mi-cocina-familia\/\" rel=\"prev\">Mi cocina familia<\/a><\/div>\n<div class=\"alignright\"><a href=\"http:\/\/blogs.dickinson.edu\/spanishgastronomy2017\/2017\/09\/07\/265\/\" rel=\"next\">La alegr\u00eda de la simplicidad<\/a>\u00a0\u00bb<\/div>\n<\/div>\n<\/div>\n<div class=\"title\">\n<h2>RESPONSES &#8211;<\/h2>\n<\/div>\n<div id=\"comment-26\" class=\"archive\">\n<div class=\"entry\">\n<p>me gusta c\u00f3mo se centr\u00f3 en la compota de manzana y c\u00f3mo fue un recuerdo especial para usted y su familia. Tambi\u00e9n me gusta c\u00f3mo usted fue capaz de conectar que a la lectura. Estoy de acuerdo en que a veces hay que volver a la vida rural y simple. \u00a1gran trabajo!<\/p>\n<ul class=\"buttons\">\n<li><a class=\"comment-edit-link\" href=\"http:\/\/blogs.dickinson.edu\/spanishgastronomy2017\/wp-admin\/comment.php?action=editcomment&amp;c=26\">Edit Comment<\/a><\/li>\n<\/ul>\n<\/div>\n<div class=\"postinfo\">\n<p>\u00a0\u00a0 By:\u00a0<strong>greenf<\/strong>\u00a0on September 7, 2017<br \/>\nat 11:12 pm<\/p>\n<\/div>\n<\/div>\n<div id=\"comment-38\" class=\"archive\">\n<div class=\"entry\">\n<p>Pienso que es muy interesante que tu familia cocina juntos una salsa de manzanas. La salsa de manzanas es una cocina muy \u00fanica a preparar con otras personas. Yo no como esta salsa a menudo pero ahora a mi me gustar\u00eda preparar esta salsa con manzanas frescas.<\/p>\n<ul class=\"buttons\">\n<li><\/li>\n<\/ul>\n<\/div>\n<\/div>\n","protected":false},"excerpt":{"rendered":"<p>Meddy Smith Profesora Arnedo-Aldrich Gastronom\u00eda y salud en el mundo hisp\u00e1nico 7 Septiembre 2017 El importancia del pur\u00e9 de manzana En mi estado de Maine, como otras estados y comarcas, hay las salsas familiares a la locaci\u00f3n geogr\u00e1fica y yo puedo ver los efectos de estas salsas y sus evoluciones dentro nuestra sociedad. El pur\u00e9 [&hellip;]<\/p>\n","protected":false},"author":1345,"featured_media":0,"parent":0,"menu_order":0,"comment_status":"closed","ping_status":"closed","template":"","meta":{"footnotes":""},"class_list":["post-23","page","type-page","status-publish","hentry"],"_links":{"self":[{"href":"https:\/\/blogs.dickinson.edu\/spanishgastronomy2021\/wp-json\/wp\/v2\/pages\/23","targetHints":{"allow":["GET"]}}],"collection":[{"href":"https:\/\/blogs.dickinson.edu\/spanishgastronomy2021\/wp-json\/wp\/v2\/pages"}],"about":[{"href":"https:\/\/blogs.dickinson.edu\/spanishgastronomy2021\/wp-json\/wp\/v2\/types\/page"}],"author":[{"embeddable":true,"href":"https:\/\/blogs.dickinson.edu\/spanishgastronomy2021\/wp-json\/wp\/v2\/users\/1345"}],"replies":[{"embeddable":true,"href":"https:\/\/blogs.dickinson.edu\/spanishgastronomy2021\/wp-json\/wp\/v2\/comments?post=23"}],"version-history":[{"count":0,"href":"https:\/\/blogs.dickinson.edu\/spanishgastronomy2021\/wp-json\/wp\/v2\/pages\/23\/revisions"}],"wp:attachment":[{"href":"https:\/\/blogs.dickinson.edu\/spanishgastronomy2021\/wp-json\/wp\/v2\/media?parent=23"}],"curies":[{"name":"wp","href":"https:\/\/api.w.org\/{rel}","templated":true}]}}